{"id":211,"date":"2025-01-03T02:16:04","date_gmt":"2025-01-03T02:16:04","guid":{"rendered":"https:\/\/www.yishengpack.com\/?post_type=product&#038;p=211"},"modified":"2025-10-29T02:33:27","modified_gmt":"2025-10-29T02:33:27","slug":"custom-sandwich-packaging-box","status":"publish","type":"product","link":"https:\/\/www.yishengpack.com\/pt\/product\/custom-sandwich-packaging-box\/","title":{"rendered":"Caixa transparente personalizada para sandu\u00edches com tampa e compartimento"},"content":{"rendered":"<div class=\"wp-block-columns is-layout-flex wp-container-core-columns-is-layout-9d6595d7 wp-block-columns-is-layout-flex\">\n<div class=\"wp-block-column is-layout-flow wp-block-column-is-layout-flow\">\n<h3 class=\"wp-block-heading\">Caracter\u00edsticas da caixa de embalagem personalizada para sandu\u00edches<\/h3>\n\n\n\n<p><strong>Design personaliz\u00e1vel:<\/strong> Estas caixas personalizadas para embalagem de sandu\u00edches s\u00e3o concebidas para a sua marca, adicionando log\u00f3tipos, cores e designs personalizados.<\/p>\n\n\n\n<p><strong>Duas sec\u00e7\u00f5es separadas:<\/strong> Estas caixas com tampa transparente s\u00e3o feitas de cart\u00e3o laminado resistente \u00e0 gordura e material PET recicl\u00e1vel 100% seguro para alimentos, para maior durabilidade.<\/p>\n\n\n\n<p><strong>Material reutiliz\u00e1vel: <\/strong>As caixas personalizadas para embalagem de sandu\u00edches com tampas transparentes mant\u00eam os alimentos frescos e seguros. Elas ajudam a proteger os alimentos contra contaminantes externos.<\/p>\n\n\n\n<p><strong>Design de encaixe e ranhura:<\/strong> Certifique-se de que a caixa est\u00e1 bem fechada, facilitando o transporte. Al\u00e9m de um bom vedante e mecanismo de prote\u00e7\u00e3o, a integridade e higiene dos alimentos s\u00e3o preservadas.<\/p>\n\n\n\n<p><strong>Ampla aplicabilidade:<\/strong> Estas caixas personalizadas para embalagem de sandu\u00edches s\u00e3o perfeitas para restaurantes, delicatessens ou fornecedores de servi\u00e7os alimentares, para embalar sandu\u00edches de forma pr\u00e1tica e segura.<\/p>\n<\/div>\n\n\n\n<div class=\"wp-block-column is-layout-flow wp-block-column-is-layout-flow\">\n<figure class=\"wp-block-image size-full\"><img decoding=\"async\" width=\"800\" height=\"800\" src=\"https:\/\/www.yishengpack.com\/wp-content\/uploads\/2025\/01\/customized-sandwich-packaging-box-with-lid-clear-sandwich-boxes-with-compartments-5.webp\" alt=\"caixa-personalizada-para-sandu\u00edches-com-tampa-caixas-transparentes-para-sandu\u00edches-com-compartimentos (5)\" class=\"wp-image-216\" srcset=\"https:\/\/www.yishengpack.com\/wp-content\/uploads\/2025\/01\/customized-sandwich-packaging-box-with-lid-clear-sandwich-boxes-with-compartments-5.webp 800w, https:\/\/www.yishengpack.com\/wp-content\/uploads\/2025\/01\/customized-sandwich-packaging-box-with-lid-clear-sandwich-boxes-with-compartments-5-300x300.webp 300w, https:\/\/www.yishengpack.com\/wp-content\/uploads\/2025\/01\/customized-sandwich-packaging-box-with-lid-clear-sandwich-boxes-with-compartments-5-150x150.webp 150w, https:\/\/www.yishengpack.com\/wp-content\/uploads\/2025\/01\/customized-sandwich-packaging-box-with-lid-clear-sandwich-boxes-with-compartments-5-768x768.webp 768w, https:\/\/www.yishengpack.com\/wp-content\/uploads\/2025\/01\/customized-sandwich-packaging-box-with-lid-clear-sandwich-boxes-with-compartments-5-600x600.webp 600w, https:\/\/www.yishengpack.com\/wp-content\/uploads\/2025\/01\/customized-sandwich-packaging-box-with-lid-clear-sandwich-boxes-with-compartments-5-100x100.webp 100w\" sizes=\"(max-width: 800px) 100vw, 800px\" \/><\/figure>\n<\/div>\n<\/div>","protected":false},"excerpt":{"rendered":"<p>Bem-vindo \u00e0 compra das nossas caixas personalizadas para sandu\u00edches com tampas, concebidas para serem funcionais e elegantes para as suas necessidades de embalagem de alimentos. Fabricada em material PET dur\u00e1vel e de alta qualidade com uma tampa transparente, esta caixa para sandu\u00edches inclui 2 compartimentos para proporcionar uma forma organizada e segura de embalar os seus produtos para f\u00e1cil visualiza\u00e7\u00e3o, garantindo que os seus alimentos permane\u00e7am bonitos e frescos durante o transporte e evitando sujidades. Ideal para compras a granel.<\/p>\n<h2>Especifica\u00e7\u00f5es da caixa personalizada para embalagem de sandu\u00edches:<\/h2>\n<table width=\"528\">\n<tbody>\n<tr>\n<td width=\"215\">Fabricante:<\/td>\n<td colspan=\"2\" width=\"313\">Yisheng<\/td>\n<\/tr>\n<tr>\n<td>Modelo:<\/td>\n<td colspan=\"2\">H1014<\/td>\n<\/tr>\n<tr>\n<td>Material:\u00a0<\/td>\n<td colspan=\"2\">PET<\/td>\n<\/tr>\n<tr>\n<td>Cor:\u00a0<\/td>\n<td colspan=\"2\">Limpo<\/td>\n<\/tr>\n<tr>\n<td>Tamanho:\u00a0<\/td>\n<td colspan=\"2\" width=\"313\">12,5 cm \u00d7 11,5 cm \u00d7 14,5 cm<\/td>\n<\/tr>\n<tr>\n<td>Peso:\u00a0<\/td>\n<td colspan=\"2\">22,3 g\/unidade<\/td>\n<\/tr>\n<tr>\n<td>Forma:\u00a0<\/td>\n<td colspan=\"2\" width=\"313\">Ret\u00e2ngulo com compartimentos<\/td>\n<\/tr>\n<tr>\n<td>Embalagem:\u00a0<\/td>\n<td colspan=\"2\">50 unidades\/saco<\/td>\n<\/tr>\n<tr>\n<td>MOQ:\u00a0<\/td>\n<td colspan=\"2\">1200 unidades<\/td>\n<\/tr>\n<tr>\n<td>OEM&amp;ODM:\u00a0<\/td>\n<td colspan=\"2\">Personalizado, bem-vindo OEM&amp;ODM<\/td>\n<\/tr>\n<tr>\n<td>Amostra\uff1a<\/td>\n<td colspan=\"2\">10 unidades de amostra gr\u00e1tis podem ser solicitadas<\/td>\n<\/tr>\n<\/tbody>\n<\/table>","protected":false},"featured_media":217,"comment_status":"closed","ping_status":"closed","template":"","meta":{"_acf_changed":false},"box-type":[61],"product_brand":[],"product_cat":[30,21,33,45],"product_tag":[],"class_list":{"0":"post-211","1":"product","2":"type-product","3":"status-publish","4":"has-post-thumbnail","6":"box-type-custom-two-piece-boxes","7":"product_cat-cake-containers-wholesale","8":"product_cat-plastic-cake-containers-wholesale","9":"product_cat-food-packaging-boxes-wholesale","10":"product_cat-bulk-disposable-food-containers","12":"first","13":"instock","14":"shipping-taxable","15":"product-type-simple"},"acf":[],"_links":{"self":[{"href":"https:\/\/www.yishengpack.com\/pt\/wp-json\/wp\/v2\/product\/211","targetHints":{"allow":["GET"]}}],"collection":[{"href":"https:\/\/www.yishengpack.com\/pt\/wp-json\/wp\/v2\/product"}],"about":[{"href":"https:\/\/www.yishengpack.com\/pt\/wp-json\/wp\/v2\/types\/product"}],"replies":[{"embeddable":true,"href":"https:\/\/www.yishengpack.com\/pt\/wp-json\/wp\/v2\/comments?post=211"}],"wp:featuredmedia":[{"embeddable":true,"href":"https:\/\/www.yishengpack.com\/pt\/wp-json\/wp\/v2\/media\/217"}],"wp:attachment":[{"href":"https:\/\/www.yishengpack.com\/pt\/wp-json\/wp\/v2\/media?parent=211"}],"wp:term":[{"taxonomy":"box-type","embeddable":true,"href":"https:\/\/www.yishengpack.com\/pt\/wp-json\/wp\/v2\/box-type?post=211"},{"taxonomy":"product_brand","embeddable":true,"href":"https:\/\/www.yishengpack.com\/pt\/wp-json\/wp\/v2\/product_brand?post=211"},{"taxonomy":"product_cat","embeddable":true,"href":"https:\/\/www.yishengpack.com\/pt\/wp-json\/wp\/v2\/product_cat?post=211"},{"taxonomy":"product_tag","embeddable":true,"href":"https:\/\/www.yishengpack.com\/pt\/wp-json\/wp\/v2\/product_tag?post=211"}],"curies":[{"name":"wp","href":"https:\/\/api.w.org\/{rel}","templated":true}]}}