{"id":203,"date":"2025-01-02T10:05:14","date_gmt":"2025-01-02T10:05:14","guid":{"rendered":"https:\/\/www.yishengpack.com\/?post_type=product&#038;p=203"},"modified":"2025-10-29T01:40:38","modified_gmt":"2025-10-29T01:40:38","slug":"roll-cake-boxes-wholesale","status":"publish","type":"product","link":"https:\/\/www.yishengpack.com\/pt\/product\/roll-cake-boxes-wholesale\/","title":{"rendered":"Caixas de bolo de rolo por atacado, caixas su\u00ed\u00e7as individuais de c\u00fapula clara"},"content":{"rendered":"<div class=\"wp-block-columns is-layout-flex wp-container-core-columns-is-layout-9d6595d7 wp-block-columns-is-layout-flex\">\n<div class=\"wp-block-column is-layout-flow wp-block-column-is-layout-flow\">\n<h3 class=\"wp-block-heading\">Caracter\u00edsticas das caixas para bolos enrolados por grosso<\/h3>\n\n\n\n<p><strong>Estabilidade melhorada: <\/strong>A parte inferior da caixa de rolos su\u00ed\u00e7os por grosso \u00e9 recuada para se adaptar \u00e0 forma do alimento. Isto permite que o rolo su\u00ed\u00e7o permane\u00e7a no lugar, reduzindo incidentes de danos ou deforma\u00e7\u00f5es durante o transporte ou armazenamento.<\/p>\n\n\n\n<p><strong>Design antiembaciamento: <\/strong>O uso de material antiemba\u00e7ante na tampa transparente das caixas para bolos enrolados vendidas por atacado manter\u00e1 a transpar\u00eancia mesmo ap\u00f3s um longo per\u00edodo de armazenamento, permitindo que a beleza do bolo su\u00ed\u00e7o seja exibida.<\/p>\n\n\n\n<p><strong>Porta-cart\u00f5es personalizado:<\/strong> As nossas caixas para bolos enrolados por grosso podem ser equipadas com um suporte para cart\u00f5es personalizado, adequado para imprimir log\u00f3tipos de marcas, informa\u00e7\u00f5es sobre produtos, promo\u00e7\u00f5es ou mensagens especiais.<\/p>\n\n\n\n<p><strong>Design individual:<\/strong> Os designs individuais da caixa para rolos su\u00ed\u00e7os por grosso garantem que cada bolo tenha um armazenamento independente para evitar colis\u00f5es ou danos a qualquer um dos bolos.<\/p>\n\n\n\n<p><strong>Resistente e dur\u00e1vel:<\/strong> O pl\u00e1stico utilizado na fabrica\u00e7\u00e3o das caixas para bolos enrolados por grosso oferece um suporte resistente, sendo assim, n\u00e3o se danifica durante o transporte ou armazenamento.<\/p>\n\n\n\n<p><strong>Amplamente aplic\u00e1vel: <\/strong>As nossas caixas para bolos enrolados por grosso s\u00e3o adequadas para retalho, restaurantes, pastelarias e eventos, podendo satisfazer as necessidades de diferentes ocasi\u00f5es.<\/p>\n<\/div>\n\n\n\n<div class=\"wp-block-column is-layout-flow wp-block-column-is-layout-flow\">\n<figure class=\"wp-block-image size-full\"><img decoding=\"async\" width=\"800\" height=\"800\" src=\"https:\/\/www.yishengpack.com\/wp-content\/uploads\/2025\/01\/Roll-Cake-Boxes-Wholesale-Clear-Dome-Individual-Swiss-Roll-Packaging-Boxes.webp\" alt=\"Caixas para bolos em rolo Caixas de embalagem de rolos su\u00ed\u00e7os individuais com c\u00fapula transparente por atacado\" class=\"wp-image-210\" srcset=\"https:\/\/www.yishengpack.com\/wp-content\/uploads\/2025\/01\/Roll-Cake-Boxes-Wholesale-Clear-Dome-Individual-Swiss-Roll-Packaging-Boxes.webp 800w, https:\/\/www.yishengpack.com\/wp-content\/uploads\/2025\/01\/Roll-Cake-Boxes-Wholesale-Clear-Dome-Individual-Swiss-Roll-Packaging-Boxes-300x300.webp 300w, https:\/\/www.yishengpack.com\/wp-content\/uploads\/2025\/01\/Roll-Cake-Boxes-Wholesale-Clear-Dome-Individual-Swiss-Roll-Packaging-Boxes-150x150.webp 150w, https:\/\/www.yishengpack.com\/wp-content\/uploads\/2025\/01\/Roll-Cake-Boxes-Wholesale-Clear-Dome-Individual-Swiss-Roll-Packaging-Boxes-768x768.webp 768w, https:\/\/www.yishengpack.com\/wp-content\/uploads\/2025\/01\/Roll-Cake-Boxes-Wholesale-Clear-Dome-Individual-Swiss-Roll-Packaging-Boxes-600x600.webp 600w, https:\/\/www.yishengpack.com\/wp-content\/uploads\/2025\/01\/Roll-Cake-Boxes-Wholesale-Clear-Dome-Individual-Swiss-Roll-Packaging-Boxes-100x100.webp 100w\" sizes=\"(max-width: 800px) 100vw, 800px\" \/><\/figure>\n<\/div>\n<\/div>","protected":false},"excerpt":{"rendered":"<p>A Yisheng fornece estas caixas para bolos enrolados por grosso, com uma tampa transparente em forma de c\u00fapula concebida para bolos enrolados su\u00ed\u00e7os individuais. Estas caixas para bolos s\u00e3o fabricadas em PET de qualidade alimentar. Esta embalagem transparente resistente e antiemba\u00e7ante garante que os seus bolos tenham um aspeto fant\u00e1stico e concebemos a base para manter os bolos enrolados su\u00ed\u00e7os no lugar e evitar que escorreguem. Estas caixas s\u00e3o ideais para padarias, eventos ou retalho.<\/p>\n<h2>Caixas de bolo em rolo Especifica\u00e7\u00f5es:<\/h2>\n<table width=\"528\">\n<tbody>\n<tr>\n<td width=\"215\">Fabricante:<\/td>\n<td colspan=\"2\" width=\"313\">Yisheng<\/td>\n<\/tr>\n<tr>\n<td>Modelo:<\/td>\n<td colspan=\"2\">H591-J<\/td>\n<\/tr>\n<tr>\n<td>Material:\u00a0<\/td>\n<td colspan=\"2\">PET<\/td>\n<\/tr>\n<tr>\n<td>Cor:\u00a0<\/td>\n<td colspan=\"2\">Branco<\/td>\n<\/tr>\n<tr>\n<td>Tamanho:\u00a0<\/td>\n<td colspan=\"2\" width=\"313\">9cm*7cm*7cm<\/td>\n<\/tr>\n<tr>\n<td>Peso:\u00a0<\/td>\n<td colspan=\"2\">12g\/pc<\/td>\n<\/tr>\n<tr>\n<td>Forma:\u00a0<\/td>\n<td colspan=\"2\">Arco<\/td>\n<\/tr>\n<tr>\n<td>Embalagem:\u00a0<\/td>\n<td colspan=\"2\">50 unidades\/saco<\/td>\n<\/tr>\n<tr>\n<td>MOQ:\u00a0<\/td>\n<td colspan=\"2\">1000pcs<\/td>\n<\/tr>\n<tr>\n<td>OEM&amp;ODM:\u00a0<\/td>\n<td colspan=\"2\">Personalizado, bem-vindo OEM&amp;ODM<\/td>\n<\/tr>\n<tr>\n<td>Amostra\uff1a<\/td>\n<td colspan=\"2\">10 unidades de amostra gr\u00e1tis podem ser solicitadas<\/td>\n<\/tr>\n<\/tbody>\n<\/table>","protected":false},"featured_media":206,"comment_status":"closed","ping_status":"closed","template":"","meta":{"_acf_changed":false},"box-type":[61],"product_brand":[],"product_cat":[30,21],"product_tag":[],"class_list":{"0":"post-203","1":"product","2":"type-product","3":"status-publish","4":"has-post-thumbnail","6":"box-type-custom-two-piece-boxes","7":"product_cat-cake-containers-wholesale","8":"product_cat-plastic-cake-containers-wholesale","10":"first","11":"instock","12":"shipping-taxable","13":"product-type-simple"},"acf":[],"_links":{"self":[{"href":"https:\/\/www.yishengpack.com\/pt\/wp-json\/wp\/v2\/product\/203","targetHints":{"allow":["GET"]}}],"collection":[{"href":"https:\/\/www.yishengpack.com\/pt\/wp-json\/wp\/v2\/product"}],"about":[{"href":"https:\/\/www.yishengpack.com\/pt\/wp-json\/wp\/v2\/types\/product"}],"replies":[{"embeddable":true,"href":"https:\/\/www.yishengpack.com\/pt\/wp-json\/wp\/v2\/comments?post=203"}],"wp:featuredmedia":[{"embeddable":true,"href":"https:\/\/www.yishengpack.com\/pt\/wp-json\/wp\/v2\/media\/206"}],"wp:attachment":[{"href":"https:\/\/www.yishengpack.com\/pt\/wp-json\/wp\/v2\/media?parent=203"}],"wp:term":[{"taxonomy":"box-type","embeddable":true,"href":"https:\/\/www.yishengpack.com\/pt\/wp-json\/wp\/v2\/box-type?post=203"},{"taxonomy":"product_brand","embeddable":true,"href":"https:\/\/www.yishengpack.com\/pt\/wp-json\/wp\/v2\/product_brand?post=203"},{"taxonomy":"product_cat","embeddable":true,"href":"https:\/\/www.yishengpack.com\/pt\/wp-json\/wp\/v2\/product_cat?post=203"},{"taxonomy":"product_tag","embeddable":true,"href":"https:\/\/www.yishengpack.com\/pt\/wp-json\/wp\/v2\/product_tag?post=203"}],"curies":[{"name":"wp","href":"https:\/\/api.w.org\/{rel}","templated":true}]}}