{"id":2003,"date":"2025-09-13T07:56:44","date_gmt":"2025-09-13T07:56:44","guid":{"rendered":"https:\/\/www.yishengpack.com\/?post_type=product&#038;p=2003"},"modified":"2025-09-13T07:56:47","modified_gmt":"2025-09-13T07:56:47","slug":"bulk-mailer-boxes","status":"publish","type":"product","link":"https:\/\/www.yishengpack.com\/pt\/product\/bulk-mailer-boxes\/","title":{"rendered":"Caixas de correio a granel de f\u00e1brica, caixas de envio impressas personalizadas"},"content":{"rendered":"<div class=\"wp-block-columns is-layout-flex wp-container-core-columns-is-layout-9d6595d7 wp-block-columns-is-layout-flex\">\n<div class=\"wp-block-column is-layout-flow wp-block-column-is-layout-flow\">\n<h3 class=\"wp-block-heading\">Carater\u00edsticas das caixas de correio em massa<\/h3>\n\n\n\n<p><strong>Conveni\u00eancia de envio plano:<\/strong> Estas caixas de correio a granel t\u00eam um design de envio plano. Podem ser expedidas planas, o que permite poupar muito espa\u00e7o e custos de expedi\u00e7\u00e3o. S\u00e3o ideais para envios a granel e envios internacionais de artigos como sapatos, roupas, meias e cosm\u00e9ticos.<\/p>\n\n\n\n<p><strong>Vers\u00e1til para uma variedade de produtos:<\/strong> Quer se trate de sapatos, vestu\u00e1rio, meias ou cosm\u00e9ticos, estas caixas de correio impressas personalizadas com diferentes designs podem satisfazer uma variedade de necessidades de embalagem. S\u00e3o perfeitas para presentes, embalagens de acess\u00f3rios, embalagens de vestu\u00e1rio e embalagens de retalho de luxo.<\/p>\n\n\n\n<p><strong>Inser\u00e7\u00f5es personalizadas para seguran\u00e7a:<\/strong> A nossa f\u00e1brica fornece caixas de correio a granel que permitem inser\u00e7\u00f5es personalizadas, que s\u00e3o feitas de materiais como cart\u00e3o ou flocagem. Estas inser\u00e7\u00f5es podem ser moldadas e dimensionadas para se adaptarem exatamente aos seus produtos, mantidas em seguran\u00e7a e protegidas durante o transporte.<\/p>\n\n\n\n<p><strong>Constru\u00e7\u00e3o em cart\u00e3o resistente: <\/strong>Estas caixas de transporte impressas personalizadas s\u00e3o feitas de cart\u00e3o cinzento pesado ou cart\u00e3o de qualidade superior, r\u00edgido e resistente \u00e0 press\u00e3o. Oferecem uma forte prote\u00e7\u00e3o aos seus produtos, quer sejam expedidos ou expostos.<\/p>\n\n\n\n<p><strong>Personaliza\u00e7\u00e3o totalmente alinhada com a marca: <\/strong>As caixas de correio a granel podem ser totalmente personalizadas. Pode ajustar o tamanho, a cor e utilizar acabamentos de superf\u00edcie como a estampagem em folha, a lamina\u00e7\u00e3o ou o UV direto. A impress\u00e3o art\u00edstica tamb\u00e9m \u00e9 uma op\u00e7\u00e3o, para que as caixas possam corresponder perfeitamente \u00e0 imagem da sua marca e \u00e0s prefer\u00eancias do mercado.<\/p>\n<\/div>\n\n\n\n<div class=\"wp-block-column is-layout-flow wp-block-column-is-layout-flow\">\n<figure class=\"wp-block-image size-full\"><img decoding=\"async\" width=\"1328\" height=\"1328\" src=\"https:\/\/www.yishengpack.com\/wp-content\/uploads\/2025\/09\/Bulk-Hot-selling-Mailer-Boxes-Custom-Print-Logo-and-Pattern-Packaging-Shipping-Box-2.webp\" alt=\"caixas de correio a granel de f\u00e1brica-custom-printed-shipping-boxes-2\" class=\"wp-image-2006\" srcset=\"https:\/\/www.yishengpack.com\/wp-content\/uploads\/2025\/09\/Bulk-Hot-selling-Mailer-Boxes-Custom-Print-Logo-and-Pattern-Packaging-Shipping-Box-2.webp 1328w, https:\/\/www.yishengpack.com\/wp-content\/uploads\/2025\/09\/Bulk-Hot-selling-Mailer-Boxes-Custom-Print-Logo-and-Pattern-Packaging-Shipping-Box-2-300x300.webp 300w, https:\/\/www.yishengpack.com\/wp-content\/uploads\/2025\/09\/Bulk-Hot-selling-Mailer-Boxes-Custom-Print-Logo-and-Pattern-Packaging-Shipping-Box-2-150x150.webp 150w, https:\/\/www.yishengpack.com\/wp-content\/uploads\/2025\/09\/Bulk-Hot-selling-Mailer-Boxes-Custom-Print-Logo-and-Pattern-Packaging-Shipping-Box-2-768x768.webp 768w, https:\/\/www.yishengpack.com\/wp-content\/uploads\/2025\/09\/Bulk-Hot-selling-Mailer-Boxes-Custom-Print-Logo-and-Pattern-Packaging-Shipping-Box-2-12x12.webp 12w, https:\/\/www.yishengpack.com\/wp-content\/uploads\/2025\/09\/Bulk-Hot-selling-Mailer-Boxes-Custom-Print-Logo-and-Pattern-Packaging-Shipping-Box-2-1200x1200.webp 1200w, https:\/\/www.yishengpack.com\/wp-content\/uploads\/2025\/09\/Bulk-Hot-selling-Mailer-Boxes-Custom-Print-Logo-and-Pattern-Packaging-Shipping-Box-2-600x600.webp 600w, https:\/\/www.yishengpack.com\/wp-content\/uploads\/2025\/09\/Bulk-Hot-selling-Mailer-Boxes-Custom-Print-Logo-and-Pattern-Packaging-Shipping-Box-2-100x100.webp 100w\" sizes=\"(max-width: 1328px) 100vw, 1328px\" \/><\/figure>\n<\/div>\n<\/div>\n\n\n\n<p><\/p>","protected":false},"excerpt":{"rendered":"<p>Bem-vindo a comprar as nossas caixas de correio a granel. As nossas caixas de envio r\u00edgidas e impressas \u00e0 medida s\u00e3o fornecidas em v\u00e1rias cores atractivas, oferecendo designs visualmente apelativos que s\u00e3o altamente convenientes para os requisitos de envio e embalagem. Isto garante que os seus produtos est\u00e3o bem protegidos e com uma apresenta\u00e7\u00e3o excelente durante o transporte. <br \/>Yisheng \u00e9 o seu parceiro profissional de caixas de embalagem de papel personalizadas - onde integramos uma estrutura \u00fanica, artesanato refinado e fabrico adapt\u00e1vel para ajudar a sua empresa a destacar-se no campo do correio e da embalagem.<\/p>\n<h2>Destaques das caixas de correio a granel<\/h2>\n<ul>\n<li>Possibilidade de personaliza\u00e7\u00e3o completa<\/li>\n<li>Materiais \u00e0 prova de \u00e1gua<\/li>\n<li>Artesanato duradouro<\/li>\n<li>V\u00e1rios tamanhos de caixas<\/li>\n<li>Op\u00e7\u00f5es de cores m\u00faltiplas<\/li>\n<li>Constru\u00e7\u00e3o robusta<\/li>\n<li>Utiliza\u00e7\u00e3o c\u00f3moda<\/li>\n<\/ul>\n<p>&nbsp;<\/p>","protected":false},"featured_media":2005,"comment_status":"closed","ping_status":"closed","template":"","meta":{"_acf_changed":false},"box-type":[55,59],"product_brand":[],"product_cat":[46,19,65,40,39],"product_tag":[],"class_list":{"0":"post-2003","1":"product","2":"type-product","3":"status-publish","4":"has-post-thumbnail","6":"box-type-custom-foldable-boxes","7":"box-type-custom-mailer-boxes","8":"product_cat-wholesale-paper-boxes","9":"product_cat-luxury-gift-boxes-wholesale","10":"product_cat-custom-cosmetic-boxes","11":"product_cat-custom-jewelry-boxes","12":"product_cat-custom-perfume-boxes","14":"first","15":"instock","16":"shipping-taxable","17":"product-type-simple"},"acf":[],"_links":{"self":[{"href":"https:\/\/www.yishengpack.com\/pt\/wp-json\/wp\/v2\/product\/2003","targetHints":{"allow":["GET"]}}],"collection":[{"href":"https:\/\/www.yishengpack.com\/pt\/wp-json\/wp\/v2\/product"}],"about":[{"href":"https:\/\/www.yishengpack.com\/pt\/wp-json\/wp\/v2\/types\/product"}],"replies":[{"embeddable":true,"href":"https:\/\/www.yishengpack.com\/pt\/wp-json\/wp\/v2\/comments?post=2003"}],"wp:featuredmedia":[{"embeddable":true,"href":"https:\/\/www.yishengpack.com\/pt\/wp-json\/wp\/v2\/media\/2005"}],"wp:attachment":[{"href":"https:\/\/www.yishengpack.com\/pt\/wp-json\/wp\/v2\/media?parent=2003"}],"wp:term":[{"taxonomy":"box-type","embeddable":true,"href":"https:\/\/www.yishengpack.com\/pt\/wp-json\/wp\/v2\/box-type?post=2003"},{"taxonomy":"product_brand","embeddable":true,"href":"https:\/\/www.yishengpack.com\/pt\/wp-json\/wp\/v2\/product_brand?post=2003"},{"taxonomy":"product_cat","embeddable":true,"href":"https:\/\/www.yishengpack.com\/pt\/wp-json\/wp\/v2\/product_cat?post=2003"},{"taxonomy":"product_tag","embeddable":true,"href":"https:\/\/www.yishengpack.com\/pt\/wp-json\/wp\/v2\/product_tag?post=2003"}],"curies":[{"name":"wp","href":"https:\/\/api.w.org\/{rel}","templated":true}]}}