{"id":193,"date":"2025-01-02T08:55:39","date_gmt":"2025-01-02T08:55:39","guid":{"rendered":"https:\/\/www.yishengpack.com\/?post_type=product&#038;p=193"},"modified":"2025-10-29T02:20:30","modified_gmt":"2025-10-29T02:20:30","slug":"bulk-plastic-cupcake-containers","status":"publish","type":"product","link":"https:\/\/www.yishengpack.com\/pt\/product\/bulk-plastic-cupcake-containers\/","title":{"rendered":"Recipientes de pl\u00e1stico para cupcakes a granel com tampas em c\u00fapula em embalagens de 2 unidades"},"content":{"rendered":"<div class=\"wp-block-columns is-layout-flex wp-container-core-columns-is-layout-9d6595d7 wp-block-columns-is-layout-flex\">\n<div class=\"wp-block-column is-layout-flow wp-block-column-is-layout-flow\">\n<h3 class=\"wp-block-heading\">Carater\u00edsticas dos recipientes para cupcakes de pl\u00e1stico a granel<\/h3>\n\n\n\n<p><strong>Design da tampa em c\u00fapula transparente:<\/strong> Estes recipientes de pl\u00e1stico para cupcakes a granel proporcionam uma boa visibilidade do produto e tornam os cupcakes mais atractivos.<\/p>\n\n\n\n<p><strong>Espa\u00e7o extra:<\/strong> Estes recipientes de pl\u00e1stico para cupcakes a granel com um design em forma de c\u00fapula proporcionam muito espa\u00e7o para decora\u00e7\u00f5es de topo, como creme de manteiga, frutas ou outras decora\u00e7\u00f5es.<\/p>\n\n\n\n<p><strong>F\u00e1cil de empilhar e armazenar:<\/strong> Esta caixa de sobremesas com 2 compartimentos \u00e9 optimizada para uma f\u00e1cil arruma\u00e7\u00e3o e exposi\u00e7\u00e3o, poupando espa\u00e7o de armazenamento.<\/p>\n\n\n\n<p><strong>Bem vedado:<\/strong> No transporte, a estrutura r\u00edgida e a tampa apertada podem evitar a colis\u00e3o e a extrus\u00e3o dos cupcakes para que permane\u00e7am intactos.<\/p>\n\n\n\n<p><strong>Adequado para m\u00faltiplas utiliza\u00e7\u00f5es: <\/strong>Os recipientes para cupcakes de pl\u00e1stico a granel s\u00e3o vendidos por atacado, desde fins comerciais at\u00e9 \u00e0 utiliza\u00e7\u00e3o individual, seja em padarias, caf\u00e9s ou mesmo em reuni\u00f5es familiares; estes recipientes adaptam-se perfeitamente a v\u00e1rias necessidades.<\/p>\n\n\n\n<p><strong>Design de separa\u00e7\u00e3o circular dupla: <\/strong>Existem \u00e1reas circulares duplas marcadas no fundo de cada recipiente para garantir que cada cupcake \u00e9 colocado individualmente no seu interior com a sua forma e estrutura intactas.<\/p>\n<\/div>\n\n\n\n<div class=\"wp-block-column is-layout-flow wp-block-column-is-layout-flow\">\n<figure class=\"wp-block-image size-full\"><img decoding=\"async\" width=\"800\" height=\"800\" src=\"https:\/\/www.yishengpack.com\/wp-content\/uploads\/2025\/01\/Bulk-Plastic-Cupcake-Containers-with-Clear-Dome-Lids-in-2-Packs-7.webp\" alt=\"Recipientes de pl\u00e1stico para cupcakes a granel com tampas de c\u00fapula transparentes em embalagens de 2 unidades (7)\" class=\"wp-image-201\" srcset=\"https:\/\/www.yishengpack.com\/wp-content\/uploads\/2025\/01\/Bulk-Plastic-Cupcake-Containers-with-Clear-Dome-Lids-in-2-Packs-7.webp 800w, https:\/\/www.yishengpack.com\/wp-content\/uploads\/2025\/01\/Bulk-Plastic-Cupcake-Containers-with-Clear-Dome-Lids-in-2-Packs-7-300x300.webp 300w, https:\/\/www.yishengpack.com\/wp-content\/uploads\/2025\/01\/Bulk-Plastic-Cupcake-Containers-with-Clear-Dome-Lids-in-2-Packs-7-150x150.webp 150w, https:\/\/www.yishengpack.com\/wp-content\/uploads\/2025\/01\/Bulk-Plastic-Cupcake-Containers-with-Clear-Dome-Lids-in-2-Packs-7-768x768.webp 768w, https:\/\/www.yishengpack.com\/wp-content\/uploads\/2025\/01\/Bulk-Plastic-Cupcake-Containers-with-Clear-Dome-Lids-in-2-Packs-7-600x600.webp 600w, https:\/\/www.yishengpack.com\/wp-content\/uploads\/2025\/01\/Bulk-Plastic-Cupcake-Containers-with-Clear-Dome-Lids-in-2-Packs-7-100x100.webp 100w\" sizes=\"(max-width: 800px) 100vw, 800px\" \/><\/figure>\n<\/div>\n<\/div>","protected":false},"excerpt":{"rendered":"<p>Estes recipientes para cupcakes de pl\u00e1stico a granel de 2 unidades com tampas transparentes em forma de c\u00fapula s\u00e3o uma solu\u00e7\u00e3o de embalagem de alta qualidade concebida para vendas a granel ou festas em casa, padarias, caf\u00e9s e muito mais. Cada caixa cont\u00e9m duas caixas individuais de cupcake, o que \u00e9 econ\u00f3mico e pr\u00e1tico, e garante que os cupcakes s\u00e3o seguros e n\u00e3o danificados. Bem-vindo a contactar a Yisheng!<\/p>\n<h2>Recipientes de pl\u00e1stico para cupcakes a granel Especifica\u00e7\u00f5es:<\/h2>\n<table width=\"528\">\n<tbody>\n<tr>\n<td width=\"215\">Fabricante:<\/td>\n<td colspan=\"2\" width=\"313\">Yisheng<\/td>\n<\/tr>\n<tr>\n<td>Modelo:<\/td>\n<td colspan=\"2\">H141<\/td>\n<\/tr>\n<tr>\n<td>Material:\u00a0<\/td>\n<td colspan=\"2\">PET<\/td>\n<\/tr>\n<tr>\n<td>Cor:\u00a0<\/td>\n<td colspan=\"2\">Branco, preto<\/td>\n<\/tr>\n<tr>\n<td>Tamanho:\u00a0<\/td>\n<td colspan=\"2\" width=\"313\">16cm\u21799cm\u21796,5cm<\/td>\n<\/tr>\n<tr>\n<td>Peso:\u00a0<\/td>\n<td colspan=\"2\">16,6g\/pc<\/td>\n<\/tr>\n<tr>\n<td>Forma:\u00a0<\/td>\n<td colspan=\"2\">Ret\u00e2ngulo<\/td>\n<\/tr>\n<tr>\n<td>Embalagem:\u00a0<\/td>\n<td colspan=\"2\">50 unidades\/saco<\/td>\n<\/tr>\n<tr>\n<td>MOQ:\u00a0<\/td>\n<td colspan=\"2\">1200 unidades<\/td>\n<\/tr>\n<tr>\n<td>OEM&amp;ODM:\u00a0<\/td>\n<td colspan=\"2\">Personalizado, bem-vindo OEM&amp;ODM<\/td>\n<\/tr>\n<tr>\n<td>Amostra\uff1a<\/td>\n<td colspan=\"2\">10 unidades de amostra gr\u00e1tis podem ser solicitadas<\/td>\n<\/tr>\n<\/tbody>\n<\/table>\n<p>&nbsp;<\/p>","protected":false},"featured_media":198,"comment_status":"closed","ping_status":"closed","template":"","meta":{"_acf_changed":false},"box-type":[61],"product_brand":[],"product_cat":[30,21],"product_tag":[],"class_list":{"0":"post-193","1":"product","2":"type-product","3":"status-publish","4":"has-post-thumbnail","6":"box-type-custom-two-piece-boxes","7":"product_cat-cake-containers-wholesale","8":"product_cat-plastic-cake-containers-wholesale","10":"first","11":"instock","12":"shipping-taxable","13":"product-type-simple"},"acf":[],"_links":{"self":[{"href":"https:\/\/www.yishengpack.com\/pt\/wp-json\/wp\/v2\/product\/193","targetHints":{"allow":["GET"]}}],"collection":[{"href":"https:\/\/www.yishengpack.com\/pt\/wp-json\/wp\/v2\/product"}],"about":[{"href":"https:\/\/www.yishengpack.com\/pt\/wp-json\/wp\/v2\/types\/product"}],"replies":[{"embeddable":true,"href":"https:\/\/www.yishengpack.com\/pt\/wp-json\/wp\/v2\/comments?post=193"}],"wp:featuredmedia":[{"embeddable":true,"href":"https:\/\/www.yishengpack.com\/pt\/wp-json\/wp\/v2\/media\/198"}],"wp:attachment":[{"href":"https:\/\/www.yishengpack.com\/pt\/wp-json\/wp\/v2\/media?parent=193"}],"wp:term":[{"taxonomy":"box-type","embeddable":true,"href":"https:\/\/www.yishengpack.com\/pt\/wp-json\/wp\/v2\/box-type?post=193"},{"taxonomy":"product_brand","embeddable":true,"href":"https:\/\/www.yishengpack.com\/pt\/wp-json\/wp\/v2\/product_brand?post=193"},{"taxonomy":"product_cat","embeddable":true,"href":"https:\/\/www.yishengpack.com\/pt\/wp-json\/wp\/v2\/product_cat?post=193"},{"taxonomy":"product_tag","embeddable":true,"href":"https:\/\/www.yishengpack.com\/pt\/wp-json\/wp\/v2\/product_tag?post=193"}],"curies":[{"name":"wp","href":"https:\/\/api.w.org\/{rel}","templated":true}]}}