{"id":1928,"date":"2025-09-13T02:27:06","date_gmt":"2025-09-13T02:27:06","guid":{"rendered":"https:\/\/www.yishengpack.com\/?post_type=product&#038;p=1928"},"modified":"2025-09-13T02:27:08","modified_gmt":"2025-09-13T02:27:08","slug":"wholesale-paper-boxes","status":"publish","type":"product","link":"https:\/\/www.yishengpack.com\/pt\/product\/wholesale-paper-boxes\/","title":{"rendered":"Caixas de papel ecol\u00f3gicas por atacado com tampa transparente para alimentos"},"content":{"rendered":"<div class=\"wp-block-columns is-layout-flex wp-container-core-columns-is-layout-9d6595d7 wp-block-columns-is-layout-flex\">\n<div class=\"wp-block-column is-layout-flow wp-block-column-is-layout-flow\">\n<h3 class=\"wp-block-heading\">Carater\u00edsticas das caixas de papel por atacado com tampa<\/h3>\n\n\n\n<p><strong>Tampa transparente Design do ecr\u00e3:<\/strong> As caixas de papel ecol\u00f3gicas para venda por grosso t\u00eam uma tampa transparente, permitindo uma f\u00e1cil exposi\u00e7\u00e3o de alimentos como sandes, bolos e pastelaria no interior, o que \u00e9 perfeito para atrair clientes.<\/p>\n\n\n\n<p><strong>Constru\u00e7\u00e3o ecol\u00f3gica segura para alimentos:<\/strong> \u00c9 utilizado material seguro para alimentos para construir as caixas de papel ecol\u00f3gicas por grosso. \u00c9 ideal para guardar v\u00e1rios alimentos, como hamb\u00fargueres, frango frito, batatas fritas, p\u00e3o e bolos, e \u00e9 seguro para alimentos.<\/p>\n\n\n\n<p><strong>Empilh\u00e1vel para poupar espa\u00e7o: <\/strong>As caixas de charcutaria por grosso s\u00e3o empilh\u00e1veis. Isto permite conservar o espa\u00e7o ao armazen\u00e1-las e envi\u00e1-las, permitindo uma gest\u00e3o f\u00e1cil do invent\u00e1rio e da entrega.<\/p>\n\n\n\n<p><strong>Op\u00e7\u00f5es de cores brilhantes:<\/strong> As caixas de papel por grosso com tampas transparentes est\u00e3o dispon\u00edveis em muitas cores vivas. Estas cores tornam a caixa apelativa, ideal para embalar g\u00e9neros aliment\u00edcios e fazer uma apresenta\u00e7\u00e3o geral atraente.<\/p>\n\n\n\n<p><strong>Totalmente comercializ\u00e1vel: <\/strong>As caixas de charcutaria por grosso s\u00e3o totalmente personaliz\u00e1veis em termos de tamanho, cor, padr\u00f5es, log\u00f3tipo e acabamentos de superf\u00edcie. Isto torna-as capazes de satisfazer as diferentes necessidades de marca de diferentes empresas alimentares.<\/p>\n<\/div>\n\n\n\n<div class=\"wp-block-column is-layout-flow wp-block-column-is-layout-flow\">\n<figure class=\"wp-block-image size-full\"><img decoding=\"async\" width=\"1328\" height=\"1328\" src=\"https:\/\/www.yishengpack.com\/wp-content\/uploads\/2025\/09\/Custom-Eco-friendly-Paper-Boxes-Wholesale-Sandwich-Burger-Take-Away-Paper-Boxes-2.webp\" alt=\"caixas de papel ecol\u00f3gicas com tampa transparente para alimentos-2\" class=\"wp-image-1945\" srcset=\"https:\/\/www.yishengpack.com\/wp-content\/uploads\/2025\/09\/Custom-Eco-friendly-Paper-Boxes-Wholesale-Sandwich-Burger-Take-Away-Paper-Boxes-2.webp 1328w, https:\/\/www.yishengpack.com\/wp-content\/uploads\/2025\/09\/Custom-Eco-friendly-Paper-Boxes-Wholesale-Sandwich-Burger-Take-Away-Paper-Boxes-2-300x300.webp 300w, https:\/\/www.yishengpack.com\/wp-content\/uploads\/2025\/09\/Custom-Eco-friendly-Paper-Boxes-Wholesale-Sandwich-Burger-Take-Away-Paper-Boxes-2-150x150.webp 150w, https:\/\/www.yishengpack.com\/wp-content\/uploads\/2025\/09\/Custom-Eco-friendly-Paper-Boxes-Wholesale-Sandwich-Burger-Take-Away-Paper-Boxes-2-768x768.webp 768w, https:\/\/www.yishengpack.com\/wp-content\/uploads\/2025\/09\/Custom-Eco-friendly-Paper-Boxes-Wholesale-Sandwich-Burger-Take-Away-Paper-Boxes-2-12x12.webp 12w, https:\/\/www.yishengpack.com\/wp-content\/uploads\/2025\/09\/Custom-Eco-friendly-Paper-Boxes-Wholesale-Sandwich-Burger-Take-Away-Paper-Boxes-2-1200x1200.webp 1200w, https:\/\/www.yishengpack.com\/wp-content\/uploads\/2025\/09\/Custom-Eco-friendly-Paper-Boxes-Wholesale-Sandwich-Burger-Take-Away-Paper-Boxes-2-600x600.webp 600w, https:\/\/www.yishengpack.com\/wp-content\/uploads\/2025\/09\/Custom-Eco-friendly-Paper-Boxes-Wholesale-Sandwich-Burger-Take-Away-Paper-Boxes-2-100x100.webp 100w\" sizes=\"(max-width: 1328px) 100vw, 1328px\" \/><\/figure>\n<\/div>\n<\/div>\n\n\n\n<p><\/p>","protected":false},"excerpt":{"rendered":"<p>Bem-vindo a comprar as nossas caixas de papel por grosso com tampas transparentes. Descubra as nossas caixas de papel por atacado com tampas transparentes em v\u00e1rias cores, perfeitas para embalar frango frito, hamb\u00fargueres, batatas fritas, p\u00e3o, bolos e muito mais. As nossas caixas para takeout personalizadas s\u00e3o feitas de materiais ecol\u00f3gicos e apresentam um design pr\u00e1tico. Desde o tamanho, cores e log\u00f3tipo at\u00e9 \u00e0 inser\u00e7\u00e3o, s\u00e3o totalmente personaliz\u00e1veis para corresponder \u00e0 sua marca. Deixe-nos ajudar os seus produtos alimentares a destacarem-se de forma bonita e sustent\u00e1vel.<\/p>\n<h2>Destaques das caixas de papel ecol\u00f3gicas por grosso<\/h2>\n<ul>\n<li>Personaliza\u00e7\u00e3o total permitida<\/li>\n<li>Materiais amigos do ambiente<\/li>\n<li>Artesanato s\u00f3lido<\/li>\n<li>V\u00e1rios tipos de caixas<\/li>\n<li>Sele\u00e7\u00e3o de cores vibrantes<\/li>\n<li>Embalagem pr\u00e1tica<\/li>\n<\/ul>\n<p>&nbsp;<\/p>\n<p>&nbsp;<\/p>","protected":false},"featured_media":1944,"comment_status":"closed","ping_status":"closed","template":"","meta":{"_acf_changed":false},"box-type":[64],"product_brand":[],"product_cat":[46,30,31,21,32,33,44,45],"product_tag":[],"class_list":{"0":"post-1928","1":"product","2":"type-product","3":"status-publish","4":"has-post-thumbnail","6":"box-type-custom-clear-lid-paper-boxes","7":"product_cat-wholesale-paper-boxes","8":"product_cat-cake-containers-wholesale","9":"product_cat-wholesale-charcuterie-boxes","10":"product_cat-plastic-cake-containers-wholesale","11":"product_cat-bakery-packaging-wholesale","12":"product_cat-food-packaging-boxes-wholesale","13":"product_cat-custom-snack-box","14":"product_cat-bulk-disposable-food-containers","16":"first","17":"instock","18":"shipping-taxable","19":"product-type-simple"},"acf":[],"_links":{"self":[{"href":"https:\/\/www.yishengpack.com\/pt\/wp-json\/wp\/v2\/product\/1928","targetHints":{"allow":["GET"]}}],"collection":[{"href":"https:\/\/www.yishengpack.com\/pt\/wp-json\/wp\/v2\/product"}],"about":[{"href":"https:\/\/www.yishengpack.com\/pt\/wp-json\/wp\/v2\/types\/product"}],"replies":[{"embeddable":true,"href":"https:\/\/www.yishengpack.com\/pt\/wp-json\/wp\/v2\/comments?post=1928"}],"wp:featuredmedia":[{"embeddable":true,"href":"https:\/\/www.yishengpack.com\/pt\/wp-json\/wp\/v2\/media\/1944"}],"wp:attachment":[{"href":"https:\/\/www.yishengpack.com\/pt\/wp-json\/wp\/v2\/media?parent=1928"}],"wp:term":[{"taxonomy":"box-type","embeddable":true,"href":"https:\/\/www.yishengpack.com\/pt\/wp-json\/wp\/v2\/box-type?post=1928"},{"taxonomy":"product_brand","embeddable":true,"href":"https:\/\/www.yishengpack.com\/pt\/wp-json\/wp\/v2\/product_brand?post=1928"},{"taxonomy":"product_cat","embeddable":true,"href":"https:\/\/www.yishengpack.com\/pt\/wp-json\/wp\/v2\/product_cat?post=1928"},{"taxonomy":"product_tag","embeddable":true,"href":"https:\/\/www.yishengpack.com\/pt\/wp-json\/wp\/v2\/product_tag?post=1928"}],"curies":[{"name":"wp","href":"https:\/\/api.w.org\/{rel}","templated":true}]}}