{"id":185,"date":"2025-01-02T06:50:04","date_gmt":"2025-01-02T06:50:04","guid":{"rendered":"https:\/\/www.yishengpack.com\/?post_type=product&#038;p=185"},"modified":"2025-10-29T02:17:26","modified_gmt":"2025-10-29T02:17:26","slug":"mini-cake-box-in-bulk","status":"publish","type":"product","link":"https:\/\/www.yishengpack.com\/pt\/product\/mini-cake-box-in-bulk\/","title":{"rendered":"Caixa para mini bolos a granel Caixas para bolos em pl\u00e1stico branco com garfos"},"content":{"rendered":"<div class=\"wp-block-columns is-layout-flex wp-container-core-columns-is-layout-9d6595d7 wp-block-columns-is-layout-flex\">\n<div class=\"wp-block-column is-layout-flow wp-block-column-is-layout-flow\">\n<h3 class=\"wp-block-heading\">Carater\u00edsticas da Caixa para Mini Bolo a granel<\/h3>\n\n\n\n<p><strong>Material de qualidade superior:<\/strong> Esta caixa para mini bolos a granel \u00e9 feita de pl\u00e1stico PET branco dur\u00e1vel e seguro para alimentos.<\/p>\n\n\n\n<p><strong>Porta-garfos incorporado:<\/strong> Esta mini caixa para bolos a granel inclui um local seguro para o garfo, perfeito para utiliza\u00e7\u00e3o em viagem, f\u00e1cil de utilizar e poupa tempo e esfor\u00e7o.<\/p>\n\n\n\n<p><strong>Polivalente:<\/strong> Esta caixa para mini bolos a granel \u00e9 adequada para mini bolos, sobremesas, pastelaria e snacks.<\/p>\n\n\n\n<p><strong>Est\u00e1vel: <\/strong>O design arredondado evita o deslizamento e mant\u00e9m o bolo no lugar, assegurando que se mant\u00e9m intacto durante o transporte e o armazenamento.<\/p>\n\n\n\n<p><strong>Design anti-embaciamento: <\/strong>A carater\u00edstica \u00fanica anti-embaciamento garante que o interior da caixa se mant\u00e9m limpo e transparente e que o aspeto do bolo \u00e9 claramente vis\u00edvel.<\/p>\n\n\n\n<p><strong>Desenho de autocolantes: <\/strong>Cada caixa vem com um autocolante personaliz\u00e1vel para acrescentar um elemento personalizado \u00e0 marca e melhorar a est\u00e9tica e o profissionalismo da embalagem.<\/p>\n<\/div>\n\n\n\n<div class=\"wp-block-column is-layout-flow wp-block-column-is-layout-flow\">\n<figure class=\"wp-block-image size-full\"><img decoding=\"async\" width=\"800\" height=\"800\" src=\"https:\/\/www.yishengpack.com\/wp-content\/uploads\/2025\/01\/Mini-Cake-Box-in-Bulk-White-Plastic-Cake-Boxes-with-Forks.webp\" alt=\"Caixa para mini bolos a granel Caixas para bolos em pl\u00e1stico branco com garfos\" class=\"wp-image-192\" srcset=\"https:\/\/www.yishengpack.com\/wp-content\/uploads\/2025\/01\/Mini-Cake-Box-in-Bulk-White-Plastic-Cake-Boxes-with-Forks.webp 800w, https:\/\/www.yishengpack.com\/wp-content\/uploads\/2025\/01\/Mini-Cake-Box-in-Bulk-White-Plastic-Cake-Boxes-with-Forks-300x300.webp 300w, https:\/\/www.yishengpack.com\/wp-content\/uploads\/2025\/01\/Mini-Cake-Box-in-Bulk-White-Plastic-Cake-Boxes-with-Forks-150x150.webp 150w, https:\/\/www.yishengpack.com\/wp-content\/uploads\/2025\/01\/Mini-Cake-Box-in-Bulk-White-Plastic-Cake-Boxes-with-Forks-768x768.webp 768w, https:\/\/www.yishengpack.com\/wp-content\/uploads\/2025\/01\/Mini-Cake-Box-in-Bulk-White-Plastic-Cake-Boxes-with-Forks-600x600.webp 600w, https:\/\/www.yishengpack.com\/wp-content\/uploads\/2025\/01\/Mini-Cake-Box-in-Bulk-White-Plastic-Cake-Boxes-with-Forks-100x100.webp 100w\" sizes=\"(max-width: 800px) 100vw, 800px\" \/><\/figure>\n<\/div>\n<\/div>","protected":false},"excerpt":{"rendered":"<p>A nossa caixa de pl\u00e1stico branca para mini bolos a granel com garfos \u00e9 uma solu\u00e7\u00e3o de embalagem pr\u00e1tica e elegante para sobremesas individuais e cupcakes. Com uma base redonda texturada para manter os bolos est\u00e1veis e um suporte de garfo incorporado para maior facilidade de utiliza\u00e7\u00e3o, estas caixas para bolos s\u00e3o perfeitas para padarias, caf\u00e9s e servi\u00e7os de catering.<\/p>\n<h2>Caixa para mini bolos a granel Especifica\u00e7\u00f5es:<\/h2>\n<table width=\"528\">\n<tbody>\n<tr>\n<td width=\"215\">Fabricante:<\/td>\n<td colspan=\"2\" width=\"313\">Yisheng<\/td>\n<\/tr>\n<tr>\n<td>Modelo:<\/td>\n<td colspan=\"2\">J022<\/td>\n<\/tr>\n<tr>\n<td>Material:\u00a0<\/td>\n<td colspan=\"2\">PET<\/td>\n<\/tr>\n<tr>\n<td>Cor:\u00a0<\/td>\n<td colspan=\"2\">Branco<\/td>\n<\/tr>\n<tr>\n<td>Tamanho:\u00a0<\/td>\n<td colspan=\"2\" width=\"313\">14cm\u00d712,8cm\u00d77,5cm<\/td>\n<\/tr>\n<tr>\n<td>Peso:\u00a0<\/td>\n<td colspan=\"2\">28,2g\/pc<\/td>\n<\/tr>\n<tr>\n<td>Forma:\u00a0<\/td>\n<td colspan=\"2\">Base quadrada e redonda<\/td>\n<\/tr>\n<tr>\n<td>Embalagem:\u00a0<\/td>\n<td colspan=\"2\">50 unidades\/saco<\/td>\n<\/tr>\n<tr>\n<td>MOQ:\u00a0<\/td>\n<td colspan=\"2\">1000pcs<\/td>\n<\/tr>\n<tr>\n<td>OEM&amp;ODM:\u00a0<\/td>\n<td colspan=\"2\">Personalizado, bem-vindo OEM&amp;ODM<\/td>\n<\/tr>\n<tr>\n<td>Amostra\uff1a<\/td>\n<td colspan=\"2\">10 unidades de amostra gr\u00e1tis podem ser solicitadas<\/td>\n<\/tr>\n<\/tbody>\n<\/table>","protected":false},"featured_media":191,"comment_status":"closed","ping_status":"closed","template":"","meta":{"_acf_changed":false},"box-type":[61],"product_brand":[],"product_cat":[21,30],"product_tag":[],"class_list":{"0":"post-185","1":"product","2":"type-product","3":"status-publish","4":"has-post-thumbnail","6":"box-type-custom-two-piece-boxes","7":"product_cat-plastic-cake-containers-wholesale","8":"product_cat-cake-containers-wholesale","10":"first","11":"instock","12":"shipping-taxable","13":"product-type-simple"},"acf":[],"_links":{"self":[{"href":"https:\/\/www.yishengpack.com\/pt\/wp-json\/wp\/v2\/product\/185","targetHints":{"allow":["GET"]}}],"collection":[{"href":"https:\/\/www.yishengpack.com\/pt\/wp-json\/wp\/v2\/product"}],"about":[{"href":"https:\/\/www.yishengpack.com\/pt\/wp-json\/wp\/v2\/types\/product"}],"replies":[{"embeddable":true,"href":"https:\/\/www.yishengpack.com\/pt\/wp-json\/wp\/v2\/comments?post=185"}],"wp:featuredmedia":[{"embeddable":true,"href":"https:\/\/www.yishengpack.com\/pt\/wp-json\/wp\/v2\/media\/191"}],"wp:attachment":[{"href":"https:\/\/www.yishengpack.com\/pt\/wp-json\/wp\/v2\/media?parent=185"}],"wp:term":[{"taxonomy":"box-type","embeddable":true,"href":"https:\/\/www.yishengpack.com\/pt\/wp-json\/wp\/v2\/box-type?post=185"},{"taxonomy":"product_brand","embeddable":true,"href":"https:\/\/www.yishengpack.com\/pt\/wp-json\/wp\/v2\/product_brand?post=185"},{"taxonomy":"product_cat","embeddable":true,"href":"https:\/\/www.yishengpack.com\/pt\/wp-json\/wp\/v2\/product_cat?post=185"},{"taxonomy":"product_tag","embeddable":true,"href":"https:\/\/www.yishengpack.com\/pt\/wp-json\/wp\/v2\/product_tag?post=185"}],"curies":[{"name":"wp","href":"https:\/\/api.w.org\/{rel}","templated":true}]}}