{"id":1845,"date":"2025-09-11T09:56:18","date_gmt":"2025-09-11T09:56:18","guid":{"rendered":"https:\/\/www.yishengpack.com\/?post_type=product&#038;p=1845"},"modified":"2025-09-11T09:56:22","modified_gmt":"2025-09-11T09:56:22","slug":"wholesale-drawer-boxes","status":"publish","type":"product","link":"https:\/\/www.yishengpack.com\/pt\/product\/wholesale-drawer-boxes\/","title":{"rendered":"Caixas de gaveta por atacado, caixas de presente personalizadas a granel para roupas"},"content":{"rendered":"<div class=\"wp-block-columns is-layout-flex wp-container-core-columns-is-layout-9d6595d7 wp-block-columns-is-layout-flex\">\n<div class=\"wp-block-column is-layout-flow wp-block-column-is-layout-flow\">\n<h3 class=\"wp-block-heading\">Carater\u00edsticas das caixas de gavetas por atacado<\/h3>\n\n\n\n<p><strong>Gaveta lisa - Abertura de estilo:<\/strong> A caixa de gaveta personalizada adopta um design tipo gaveta, permitindo uma a\u00e7\u00e3o de abertura suave e pr\u00e1tica. \u00c9 perfeita para proporcionar uma experi\u00eancia de desembalagem elegante ao retirar artigos como roupa, sapatos ou cosm\u00e9ticos.<\/p>\n\n\n\n<p><strong>Espa\u00e7o interior vers\u00e1til para v\u00e1rios objectos: <\/strong>Estas caixas de gavetas por atacado t\u00eam um amplo espa\u00e7o interior que pode conter roupa, sapatos, meias, cosm\u00e9ticos, j\u00f3ias e muito mais. E tamb\u00e9m pode personalizar as inser\u00e7\u00f5es para se adaptarem melhor a diferentes artigos.<\/p>\n\n\n\n<p><strong>Estrutura forte para prote\u00e7\u00e3o:<\/strong> As caixas de gavetas para venda por grosso t\u00eam uma estrutura forte que pode proteger os conte\u00fados no interior, como j\u00f3ias delicadas, maquilhagem ou vestu\u00e1rio, de modo a que sejam mantidos em boas condi\u00e7\u00f5es quando armazenados ou enviados.<\/p>\n\n\n\n<p><strong>Op\u00e7\u00f5es de cores refinadas para distin\u00e7\u00e3o: <\/strong>As caixas de gavetas por atacado oferecem uma gama de op\u00e7\u00f5es de cores sofisticadas, por exemplo, borgonha escura ou verde menta p\u00e1lido podem fazer com que a caixa se destaque visualmente, adequada para a embalagem de produtos de alta qualidade, como cosm\u00e9ticos ou j\u00f3ias caras.<\/p>\n\n\n\n<p><strong>Totalmente comercializ\u00e1vel: <\/strong>A caixa de gaveta \u00e9 totalmente personaliz\u00e1vel em termos de tamanho, cor, padr\u00e3o, log\u00f3tipo, acabamento da superf\u00edcie e constru\u00e7\u00e3o interna. \u00c9 ideal para satisfazer diferentes requisitos de marca para diferentes produtos, como marcas de moda ou marcas de cosm\u00e9ticos.<\/p>\n<\/div>\n\n\n\n<div class=\"wp-block-column is-layout-flow wp-block-column-is-layout-flow\">\n<figure class=\"wp-block-image size-full\"><img decoding=\"async\" width=\"1328\" height=\"1328\" src=\"https:\/\/www.yishengpack.com\/wp-content\/uploads\/2025\/09\/Wholesale-Bulk-Custom-Storage-Drawer-Boxes-Hot-Sale-Gift-Packaging-Boxes-for-Clothes-and-Shoes-2.webp\" alt=\"caixas de gavetas a granel - caixas de oferta personalizadas para roupa - 2\" class=\"wp-image-1847\" srcset=\"https:\/\/www.yishengpack.com\/wp-content\/uploads\/2025\/09\/Wholesale-Bulk-Custom-Storage-Drawer-Boxes-Hot-Sale-Gift-Packaging-Boxes-for-Clothes-and-Shoes-2.webp 1328w, https:\/\/www.yishengpack.com\/wp-content\/uploads\/2025\/09\/Wholesale-Bulk-Custom-Storage-Drawer-Boxes-Hot-Sale-Gift-Packaging-Boxes-for-Clothes-and-Shoes-2-300x300.webp 300w, https:\/\/www.yishengpack.com\/wp-content\/uploads\/2025\/09\/Wholesale-Bulk-Custom-Storage-Drawer-Boxes-Hot-Sale-Gift-Packaging-Boxes-for-Clothes-and-Shoes-2-150x150.webp 150w, https:\/\/www.yishengpack.com\/wp-content\/uploads\/2025\/09\/Wholesale-Bulk-Custom-Storage-Drawer-Boxes-Hot-Sale-Gift-Packaging-Boxes-for-Clothes-and-Shoes-2-768x768.webp 768w, https:\/\/www.yishengpack.com\/wp-content\/uploads\/2025\/09\/Wholesale-Bulk-Custom-Storage-Drawer-Boxes-Hot-Sale-Gift-Packaging-Boxes-for-Clothes-and-Shoes-2-12x12.webp 12w, https:\/\/www.yishengpack.com\/wp-content\/uploads\/2025\/09\/Wholesale-Bulk-Custom-Storage-Drawer-Boxes-Hot-Sale-Gift-Packaging-Boxes-for-Clothes-and-Shoes-2-1200x1200.webp 1200w, https:\/\/www.yishengpack.com\/wp-content\/uploads\/2025\/09\/Wholesale-Bulk-Custom-Storage-Drawer-Boxes-Hot-Sale-Gift-Packaging-Boxes-for-Clothes-and-Shoes-2-600x600.webp 600w, https:\/\/www.yishengpack.com\/wp-content\/uploads\/2025\/09\/Wholesale-Bulk-Custom-Storage-Drawer-Boxes-Hot-Sale-Gift-Packaging-Boxes-for-Clothes-and-Shoes-2-100x100.webp 100w\" sizes=\"(max-width: 1328px) 100vw, 1328px\" \/><\/figure>\n<\/div>\n<\/div>\n\n\n\n<p><\/p>","protected":false},"excerpt":{"rendered":"<p>Bem-vindo a comprar as nossas caixas de gavetas personalizadas. As nossas caixas de gaveta por atacado com pegas de fita numa variedade de cores deslumbrantes s\u00e3o perfeitas para embalar uma variedade de produtos. Com a op\u00e7\u00e3o de gaveta de deslizamento suave, misturam luxo e comodidade. Desde o tamanho, cores e log\u00f3tipo at\u00e9 \u00e0s inser\u00e7\u00f5es internas, s\u00e3o totalmente personaliz\u00e1veis para corresponder \u00e0 sua marca. Deixe-nos ajudar os seus produtos a destacarem-se de forma bonita e eficiente.<\/p>\n<h2>Destaques das caixas de gavetas por atacado<\/h2>\n<ul>\n<li>Ideal para roupa, sapatos, j\u00f3ias, cosm\u00e9ticos, etc<\/li>\n<li>Liso - Design de gaveta deslizante<\/li>\n<li>Personaliza\u00e7\u00e3o total dispon\u00edvel<\/li>\n<li>V\u00e1rios tipos de caixas<\/li>\n<li>V\u00e1rias selec\u00e7\u00f5es de cores<\/li>\n<li>Impress\u00e3o sofisticada<\/li>\n<\/ul>\n<p>&nbsp;<\/p>\n<p>&nbsp;<\/p>\n<p>&nbsp;<\/p>","protected":false},"featured_media":1846,"comment_status":"closed","ping_status":"closed","template":"","meta":{"_acf_changed":false},"box-type":[47],"product_brand":[],"product_cat":[19,65,40,39,46],"product_tag":[],"class_list":{"0":"post-1845","1":"product","2":"type-product","3":"status-publish","4":"has-post-thumbnail","6":"box-type-custom-drawer-boxes","7":"product_cat-luxury-gift-boxes-wholesale","8":"product_cat-custom-cosmetic-boxes","9":"product_cat-custom-jewelry-boxes","10":"product_cat-custom-perfume-boxes","11":"product_cat-wholesale-paper-boxes","13":"first","14":"instock","15":"shipping-taxable","16":"product-type-simple"},"acf":[],"_links":{"self":[{"href":"https:\/\/www.yishengpack.com\/pt\/wp-json\/wp\/v2\/product\/1845","targetHints":{"allow":["GET"]}}],"collection":[{"href":"https:\/\/www.yishengpack.com\/pt\/wp-json\/wp\/v2\/product"}],"about":[{"href":"https:\/\/www.yishengpack.com\/pt\/wp-json\/wp\/v2\/types\/product"}],"replies":[{"embeddable":true,"href":"https:\/\/www.yishengpack.com\/pt\/wp-json\/wp\/v2\/comments?post=1845"}],"wp:featuredmedia":[{"embeddable":true,"href":"https:\/\/www.yishengpack.com\/pt\/wp-json\/wp\/v2\/media\/1846"}],"wp:attachment":[{"href":"https:\/\/www.yishengpack.com\/pt\/wp-json\/wp\/v2\/media?parent=1845"}],"wp:term":[{"taxonomy":"box-type","embeddable":true,"href":"https:\/\/www.yishengpack.com\/pt\/wp-json\/wp\/v2\/box-type?post=1845"},{"taxonomy":"product_brand","embeddable":true,"href":"https:\/\/www.yishengpack.com\/pt\/wp-json\/wp\/v2\/product_brand?post=1845"},{"taxonomy":"product_cat","embeddable":true,"href":"https:\/\/www.yishengpack.com\/pt\/wp-json\/wp\/v2\/product_cat?post=1845"},{"taxonomy":"product_tag","embeddable":true,"href":"https:\/\/www.yishengpack.com\/pt\/wp-json\/wp\/v2\/product_tag?post=1845"}],"curies":[{"name":"wp","href":"https:\/\/api.w.org\/{rel}","templated":true}]}}