{"id":1827,"date":"2025-09-04T10:05:19","date_gmt":"2025-09-04T10:05:19","guid":{"rendered":"https:\/\/www.yishengpack.com\/?post_type=product&#038;p=1827"},"modified":"2025-09-04T10:39:45","modified_gmt":"2025-09-04T10:39:45","slug":"cosmetic-gift-boxes-wholesale","status":"publish","type":"product","link":"https:\/\/www.yishengpack.com\/pt\/product\/cosmetic-gift-boxes-wholesale\/","title":{"rendered":"Caixas para oferta de cosm\u00e9ticos por atacado com fecho dobr\u00e1vel magn\u00e9tico"},"content":{"rendered":"<div class=\"wp-block-columns is-layout-flex wp-container-core-columns-is-layout-9d6595d7 wp-block-columns-is-layout-flex\">\n<div class=\"wp-block-column is-layout-flow wp-block-column-is-layout-flow\">\n<h3 class=\"wp-block-heading\">Carater\u00edsticas das caixas de oferta de cosm\u00e9ticos por atacado<\/h3>\n\n\n\n<p><strong>Totalmente personaliz\u00e1vel para empresas de cosm\u00e9ticos:<\/strong> Estas caixas de oferta de cosm\u00e9ticos por atacado s\u00e3o totalmente personaliz\u00e1veis em todos os aspectos para a sua empresa, desde o tamanho e cor da caixa at\u00e9 aos padr\u00f5es, disposi\u00e7\u00e3o interna e acabamentos de superf\u00edcie como estampagem em folha, relevo ou UV pontual para corresponder exatamente \u00e0 apar\u00eancia da sua empresa de cosm\u00e9ticos.<\/p>\n\n\n\n<p><strong>Fecho magn\u00e9tico dobr\u00e1vel:<\/strong> As nossas caixas de oferta de cosm\u00e9ticos por atacado t\u00eam fecho magn\u00e9tico com uma estrutura dobr\u00e1vel para criar uma experi\u00eancia de desembalagem sem fric\u00e7\u00e3o, ideal para guardar cosm\u00e9ticos como batons, sombras e produtos de cuidados da pele.<\/p>\n\n\n\n<p><strong>Versatilidade em armazenamento m\u00faltiplo:<\/strong> A caixa magn\u00e9tica personalizada tem divis\u00f3rias amov\u00edveis e as v\u00e1rias configura\u00e7\u00f5es acomodam v\u00e1rios cosm\u00e9ticos ou pequenos produtos de beleza de forma elegante e moderna.<\/p>\n\n\n\n<p><strong>Aspeto luxuoso com acabamentos personalizados:<\/strong> Estas caixas de oferta de cosm\u00e9ticos por atacado v\u00eam com detalhes em folha, log\u00f3tipos em relevo, lamina\u00e7\u00e3o mate ou brilhante, ou acabamentos de textura personalizados para proporcionar um acabamento premium \u00e0 apresenta\u00e7\u00e3o de cosm\u00e9ticos da sua marca.<\/p>\n\n\n\n<p><strong>Design duradouro e f\u00e1cil de oferecer:<\/strong> Estas caixas de oferta de cosm\u00e9ticos por atacado s\u00e3o feitas de cart\u00e3o cinzento dur\u00e1vel e revestidas com papel revestido de alta qualidade. Oferece aos cosm\u00e9ticos uma prote\u00e7\u00e3o robusta, bem como um aspeto elegante que \u00e9 perfeito para embalagens de cosm\u00e9ticos de luxo.<\/p>\n<\/div>\n\n\n\n<div class=\"wp-block-column is-layout-flow wp-block-column-is-layout-flow\">\n<figure class=\"wp-block-image size-full\"><img decoding=\"async\" width=\"1328\" height=\"1328\" src=\"https:\/\/www.yishengpack.com\/wp-content\/uploads\/2025\/09\/Custom-Cosmetic-Gift-Box-with-Foldable-and-Magnetic-Folding-Closure-Wholesale-Magnetic-Cosmetic-Boxes-3.webp\" alt=\"caixas de oferta de cosm\u00e9ticos - venda por grosso - com fecho dobr\u00e1vel magn\u00e9tico - 3\" class=\"wp-image-1839\" srcset=\"https:\/\/www.yishengpack.com\/wp-content\/uploads\/2025\/09\/Custom-Cosmetic-Gift-Box-with-Foldable-and-Magnetic-Folding-Closure-Wholesale-Magnetic-Cosmetic-Boxes-3.webp 1328w, https:\/\/www.yishengpack.com\/wp-content\/uploads\/2025\/09\/Custom-Cosmetic-Gift-Box-with-Foldable-and-Magnetic-Folding-Closure-Wholesale-Magnetic-Cosmetic-Boxes-3-300x300.webp 300w, https:\/\/www.yishengpack.com\/wp-content\/uploads\/2025\/09\/Custom-Cosmetic-Gift-Box-with-Foldable-and-Magnetic-Folding-Closure-Wholesale-Magnetic-Cosmetic-Boxes-3-150x150.webp 150w, https:\/\/www.yishengpack.com\/wp-content\/uploads\/2025\/09\/Custom-Cosmetic-Gift-Box-with-Foldable-and-Magnetic-Folding-Closure-Wholesale-Magnetic-Cosmetic-Boxes-3-768x768.webp 768w, https:\/\/www.yishengpack.com\/wp-content\/uploads\/2025\/09\/Custom-Cosmetic-Gift-Box-with-Foldable-and-Magnetic-Folding-Closure-Wholesale-Magnetic-Cosmetic-Boxes-3-12x12.webp 12w, https:\/\/www.yishengpack.com\/wp-content\/uploads\/2025\/09\/Custom-Cosmetic-Gift-Box-with-Foldable-and-Magnetic-Folding-Closure-Wholesale-Magnetic-Cosmetic-Boxes-3-1200x1200.webp 1200w, https:\/\/www.yishengpack.com\/wp-content\/uploads\/2025\/09\/Custom-Cosmetic-Gift-Box-with-Foldable-and-Magnetic-Folding-Closure-Wholesale-Magnetic-Cosmetic-Boxes-3-600x600.webp 600w, https:\/\/www.yishengpack.com\/wp-content\/uploads\/2025\/09\/Custom-Cosmetic-Gift-Box-with-Foldable-and-Magnetic-Folding-Closure-Wholesale-Magnetic-Cosmetic-Boxes-3-100x100.webp 100w\" sizes=\"(max-width: 1328px) 100vw, 1328px\" \/><\/figure>\n<\/div>\n<\/div>\n\n\n\n<p><\/p>","protected":false},"excerpt":{"rendered":"<p>Bem-vindo a comprar as nossas caixas de oferta de cosm\u00e9ticos por grosso. Perfeitas para cosm\u00e9ticos topo de gama, como conjuntos de cuidados da pele e kits de maquilhagem, estas caixas magn\u00e9ticas personalizadas oferecem um selo magn\u00e9tico seguro. Est\u00e3o dispon\u00edveis em cores elegantes como o borgonha rico e o verde menta fresco. Podem ser adicionadas melhorias como a estampagem opcional em folha e o relevo para elevar a sensa\u00e7\u00e3o de luxo. Todas as carater\u00edsticas acima referidas podem ser personalizadas de acordo com as necessidades da sua empresa, o que proporciona aos seus clientes uma experi\u00eancia de desembrulhar inesquec\u00edvel.<\/p>\n<h2>Destaques das caixas magn\u00e9ticas personalizadas<\/h2>\n<ul>\n<li>Perfeito para arruma\u00e7\u00e3o de cosm\u00e9ticos<\/li>\n<li>Fecho magn\u00e9tico para uma selagem segura<\/li>\n<li>Totalmente personaliz\u00e1vel<\/li>\n<li>V\u00e1rios tipos de caixas<\/li>\n<li>Op\u00e7\u00f5es de cores vibrantes<\/li>\n<li>Impress\u00e3o art\u00edstica<\/li>\n<\/ul>\n<p>&nbsp;<\/p>\n<p>&nbsp;<\/p>","protected":false},"featured_media":1837,"comment_status":"closed","ping_status":"closed","template":"","meta":{"_acf_changed":false},"box-type":[55,54],"product_brand":[],"product_cat":[19,65],"product_tag":[],"class_list":{"0":"post-1827","1":"product","2":"type-product","3":"status-publish","4":"has-post-thumbnail","6":"box-type-custom-foldable-boxes","7":"box-type-custom-magnetic-closure-boxes","8":"product_cat-luxury-gift-boxes-wholesale","9":"product_cat-custom-cosmetic-boxes","11":"first","12":"instock","13":"shipping-taxable","14":"product-type-simple"},"acf":[],"_links":{"self":[{"href":"https:\/\/www.yishengpack.com\/pt\/wp-json\/wp\/v2\/product\/1827","targetHints":{"allow":["GET"]}}],"collection":[{"href":"https:\/\/www.yishengpack.com\/pt\/wp-json\/wp\/v2\/product"}],"about":[{"href":"https:\/\/www.yishengpack.com\/pt\/wp-json\/wp\/v2\/types\/product"}],"replies":[{"embeddable":true,"href":"https:\/\/www.yishengpack.com\/pt\/wp-json\/wp\/v2\/comments?post=1827"}],"wp:featuredmedia":[{"embeddable":true,"href":"https:\/\/www.yishengpack.com\/pt\/wp-json\/wp\/v2\/media\/1837"}],"wp:attachment":[{"href":"https:\/\/www.yishengpack.com\/pt\/wp-json\/wp\/v2\/media?parent=1827"}],"wp:term":[{"taxonomy":"box-type","embeddable":true,"href":"https:\/\/www.yishengpack.com\/pt\/wp-json\/wp\/v2\/box-type?post=1827"},{"taxonomy":"product_brand","embeddable":true,"href":"https:\/\/www.yishengpack.com\/pt\/wp-json\/wp\/v2\/product_brand?post=1827"},{"taxonomy":"product_cat","embeddable":true,"href":"https:\/\/www.yishengpack.com\/pt\/wp-json\/wp\/v2\/product_cat?post=1827"},{"taxonomy":"product_tag","embeddable":true,"href":"https:\/\/www.yishengpack.com\/pt\/wp-json\/wp\/v2\/product_tag?post=1827"}],"curies":[{"name":"wp","href":"https:\/\/api.w.org\/{rel}","templated":true}]}}