{"id":171,"date":"2025-01-20T01:19:11","date_gmt":"2025-01-20T01:19:11","guid":{"rendered":"https:\/\/www.yishengpack.com\/?post_type=product&#038;p=171"},"modified":"2025-12-13T06:53:48","modified_gmt":"2025-12-13T06:53:48","slug":"rectangular-plastic-box-wholesale","status":"publish","type":"product","link":"https:\/\/www.yishengpack.com\/pt\/product\/rectangular-plastic-box-wholesale\/","title":{"rendered":"Caixa de pl\u00e1stico retangular premium por atacado, caixas de sushi PET"},"content":{"rendered":"<div class=\"wp-block-columns is-layout-flex wp-container-core-columns-is-layout-9d6595d7 wp-block-columns-is-layout-flex\">\n<div class=\"wp-block-column is-layout-flow wp-block-column-is-layout-flow\">\n<h3 class=\"wp-block-heading\">Carater\u00edsticas da Caixa Pl\u00e1stica Retangular por atacado<\/h3>\n\n\n\n<p><strong>Material: <\/strong>Esta caixa de pl\u00e1stico retangular para venda por grosso \u00e9 feita de pl\u00e1stico PET de alta qualidade para maior resist\u00eancia e clareza, pelo que n\u00e3o se pode partir.<\/p>\n\n\n\n<p><strong>Transparente na conce\u00e7\u00e3o:<\/strong> A superf\u00edcie transparente da caixa de pl\u00e1stico retangular para venda por grosso permite uma vis\u00e3o clara do conte\u00fado e um valor acrescentado na apresenta\u00e7\u00e3o do produto.<\/p>\n\n\n\n<p><strong>Resistente \u00e0 humidade e ao nevoeiro:<\/strong> Muito eficaz na preven\u00e7\u00e3o da condensa\u00e7\u00e3o do vapor de \u00e1gua, mantendo assim os alimentos no interior da caixa frescos e secos.<\/p>\n\n\n\n<p><strong>Design retangular: <\/strong>O design retangular proporciona um espa\u00e7o de armazenamento espa\u00e7oso para produtos de v\u00e1rios tamanhos, que \u00e9 f\u00e1cil de empilhar e deslocar.<\/p>\n\n\n\n<p><strong>Multifuncional: <\/strong>Esta caixa de pl\u00e1stico retangular para venda por grosso \u00e9 perfeita para bolos, sushi, sobremesas e outros produtos alimentares.<\/p>\n\n\n\n<p><strong>Forte: <\/strong>Esta caixa de pl\u00e1stico retangular por atacado \u00e9 altamente resistente a fissuras para um transporte e armazenamento seguros.<\/p>\n<\/div>\n\n\n\n<div class=\"wp-block-column is-layout-flow wp-block-column-is-layout-flow\">\n<figure class=\"wp-block-image size-full\"><img decoding=\"async\" width=\"750\" height=\"580\" src=\"https:\/\/www.yishengpack.com\/wp-content\/uploads\/2025\/01\/Rectangular-Plastic-Box-Wholesale-PET-Cake-Containers-Sushi-Boxes-6.webp\" alt=\"Caixa de pl\u00e1stico retangular Recipientes para bolos PET por atacado Caixas para sushi (6)\" class=\"wp-image-177\" srcset=\"https:\/\/www.yishengpack.com\/wp-content\/uploads\/2025\/01\/Rectangular-Plastic-Box-Wholesale-PET-Cake-Containers-Sushi-Boxes-6.webp 750w, https:\/\/www.yishengpack.com\/wp-content\/uploads\/2025\/01\/Rectangular-Plastic-Box-Wholesale-PET-Cake-Containers-Sushi-Boxes-6-300x232.webp 300w, https:\/\/www.yishengpack.com\/wp-content\/uploads\/2025\/01\/Rectangular-Plastic-Box-Wholesale-PET-Cake-Containers-Sushi-Boxes-6-600x464.webp 600w\" sizes=\"(max-width: 750px) 100vw, 750px\" \/><\/figure>\n<\/div>\n<\/div>\n\n\n\n<p><\/p>","protected":false},"excerpt":{"rendered":"<p>A caixa de pl\u00e1stico retangular da Yisheng por atacado oferece solu\u00e7\u00f5es de embalagem vers\u00e1teis e de alta qualidade para garantir a frescura e a visibilidade de v\u00e1rios produtos. Feitas de pl\u00e1stico PET dur\u00e1vel, estas caixas s\u00e3o anti-embaciamento, proporcionando uma visibilidade clara, protegendo o conte\u00fado da humidade. S\u00e3o perfeitas para bolos, sushi, pastelaria e outros artigos delicados para utiliza\u00e7\u00e3o a retalho e por grosso.<\/p>\n<h2>Caixa de pl\u00e1stico retangular Especifica\u00e7\u00f5es:<\/h2>\n<table width=\"528\">\n<tbody>\n<tr>\n<td width=\"215\">Fabricante:<\/td>\n<td colspan=\"2\" width=\"313\">Yisheng<\/td>\n<\/tr>\n<tr>\n<td>Modelo:<\/td>\n<td colspan=\"2\">H7<\/td>\n<\/tr>\n<tr>\n<td>Material:\u00a0<\/td>\n<td colspan=\"2\">PET<\/td>\n<\/tr>\n<tr>\n<td>Cor:\u00a0<\/td>\n<td colspan=\"2\">Preto, Branco<\/td>\n<\/tr>\n<tr>\n<td>Tamanho:\u00a0<\/td>\n<td colspan=\"2\" width=\"313\">20cm\u217912cm\u21796,5cm<\/td>\n<\/tr>\n<tr>\n<td>Peso:\u00a0<\/td>\n<td colspan=\"2\">31,4g\/pc<\/td>\n<\/tr>\n<tr>\n<td>Forma:\u00a0<\/td>\n<td colspan=\"2\">Ret\u00e2ngulo<\/td>\n<\/tr>\n<tr>\n<td>Embalagem:\u00a0<\/td>\n<td colspan=\"2\">100 unidades\/saco<\/td>\n<\/tr>\n<tr>\n<td>MOQ:\u00a0<\/td>\n<td colspan=\"2\">800 unidades<\/td>\n<\/tr>\n<tr>\n<td>OEM&amp;ODM:\u00a0<\/td>\n<td colspan=\"2\">Personalizado, bem-vindo OEM&amp;ODM<\/td>\n<\/tr>\n<tr>\n<td>Amostra\uff1a<\/td>\n<td colspan=\"2\">10 unidades de amostra gr\u00e1tis podem ser solicitadas<\/td>\n<\/tr>\n<\/tbody>\n<\/table>\n<p>&nbsp;<\/p>\n<p><script src=\"chrome-extension:\/\/fpelahbljekknahkcaegamhcndkfpfnc\/iFrame.js\" type=\"text\/javascript\"><\/script><\/p>","protected":false},"featured_media":174,"comment_status":"closed","ping_status":"closed","template":"","meta":{"_acf_changed":false},"box-type":[64,61],"product_brand":[],"product_cat":[21,46,30,33,45],"product_tag":[],"class_list":{"0":"post-171","1":"product","2":"type-product","3":"status-publish","4":"has-post-thumbnail","6":"box-type-custom-clear-lid-paper-boxes","7":"box-type-custom-two-piece-boxes","8":"product_cat-plastic-cake-containers-wholesale","9":"product_cat-wholesale-paper-boxes","10":"product_cat-cake-containers-wholesale","11":"product_cat-food-packaging-boxes-wholesale","12":"product_cat-bulk-disposable-food-containers","14":"first","15":"instock","16":"shipping-taxable","17":"product-type-simple"},"acf":[],"_links":{"self":[{"href":"https:\/\/www.yishengpack.com\/pt\/wp-json\/wp\/v2\/product\/171","targetHints":{"allow":["GET"]}}],"collection":[{"href":"https:\/\/www.yishengpack.com\/pt\/wp-json\/wp\/v2\/product"}],"about":[{"href":"https:\/\/www.yishengpack.com\/pt\/wp-json\/wp\/v2\/types\/product"}],"replies":[{"embeddable":true,"href":"https:\/\/www.yishengpack.com\/pt\/wp-json\/wp\/v2\/comments?post=171"}],"wp:featuredmedia":[{"embeddable":true,"href":"https:\/\/www.yishengpack.com\/pt\/wp-json\/wp\/v2\/media\/174"}],"wp:attachment":[{"href":"https:\/\/www.yishengpack.com\/pt\/wp-json\/wp\/v2\/media?parent=171"}],"wp:term":[{"taxonomy":"box-type","embeddable":true,"href":"https:\/\/www.yishengpack.com\/pt\/wp-json\/wp\/v2\/box-type?post=171"},{"taxonomy":"product_brand","embeddable":true,"href":"https:\/\/www.yishengpack.com\/pt\/wp-json\/wp\/v2\/product_brand?post=171"},{"taxonomy":"product_cat","embeddable":true,"href":"https:\/\/www.yishengpack.com\/pt\/wp-json\/wp\/v2\/product_cat?post=171"},{"taxonomy":"product_tag","embeddable":true,"href":"https:\/\/www.yishengpack.com\/pt\/wp-json\/wp\/v2\/product_tag?post=171"}],"curies":[{"name":"wp","href":"https:\/\/api.w.org\/{rel}","templated":true}]}}