{"id":1642,"date":"2025-08-09T08:48:53","date_gmt":"2025-08-09T08:48:53","guid":{"rendered":"https:\/\/www.yishengpack.com\/?post_type=product&#038;p=1642"},"modified":"2025-08-09T11:15:06","modified_gmt":"2025-08-09T11:15:06","slug":"wholesale-folding-boxes","status":"publish","type":"product","link":"https:\/\/www.yishengpack.com\/pt\/product\/wholesale-folding-boxes\/","title":{"rendered":"Caixas dobr\u00e1veis por atacado, caixa de papel com tampa e base personalizadas com bandeja de inser\u00e7\u00e3o"},"content":{"rendered":"<div class=\"wp-block-columns is-layout-flex wp-container-core-columns-is-layout-9d6595d7 wp-block-columns-is-layout-flex\">\n<div class=\"wp-block-column is-layout-flow wp-block-column-is-layout-flow\">\n<h3 class=\"wp-block-heading\">Carater\u00edsticas das caixas dobr\u00e1veis por atacado<\/h3>\n\n\n\n<p><strong>Estrutura dobr\u00e1vel:<\/strong> Estas caixas dobr\u00e1veis para venda por grosso apresentam um design dobr\u00e1vel que pode ser enviado em formato plano, reduzindo consideravelmente o volume e os custos de transporte. Ideal para encomendas a granel e envios internacionais.<\/p>\n\n\n\n<p><strong>Est\u00e1 dispon\u00edvel uma variedade de modelos de caixas:<\/strong> Oferecemos caixas de papel com tampa e base personalizadas e caixas extra\u00edveis elegantes para satisfazer as necessidades de embalagem de diversos produtos. Perfeitas para presentes, acess\u00f3rios, vestu\u00e1rio e embalagens de retalho de qualidade superior.<\/p>\n\n\n\n<p><strong>Inser\u00e7\u00f5es a personalizar:<\/strong> Estas caixas dobr\u00e1veis por atacado podem personalizar as inser\u00e7\u00f5es (feitas de cart\u00e3o, flocagem e outras) de acordo com a forma e o tamanho do seu produto, mantendo e protegendo-o de forma segura.<\/p>\n\n\n\n<p><strong>Cart\u00e3o refor\u00e7ado:<\/strong> Estas caixas dobr\u00e1veis para venda por grosso s\u00e3o feitas de cart\u00e3o cinzento pesado ou cart\u00e3o de qualidade superior; a caixa \u00e9 r\u00edgida e resistente \u00e0 press\u00e3o, protegendo os seus produtos durante o envio e a exposi\u00e7\u00e3o.<\/p>\n\n\n\n<p><strong>Totalmente personaliz\u00e1vel:<\/strong> A caixa de papel com tampa e base personalizadas e intemporais est\u00e1 dispon\u00edvel para personaliza\u00e7\u00e3o total: tamanho, cor, acabamento de superf\u00edcie (estampagem de folha met\u00e1lica, lamina\u00e7\u00e3o, UV direta, etc.) e impress\u00e3o de arte-final para se alinhar com a sua marca e prefer\u00eancias de mercado.<\/p>\n<\/div>\n\n\n\n<div class=\"wp-block-column is-layout-flow wp-block-column-is-layout-flow\">\n<figure class=\"wp-block-image size-full\"><img decoding=\"async\" width=\"2355\" height=\"2355\" src=\"https:\/\/www.yishengpack.com\/wp-content\/uploads\/2025\/07\/Wholesale-Foldable-Clothing-Dessert-Cookies-Chocolate-Lid-and-Base-Gift-Box-with-Lid-Customized-Insert-Tray4.webp\" alt=\"caixas de dobragem por atacado-customized-lid-and-base-paper-box-with-insert-tray-4\" class=\"wp-image-1646\" srcset=\"https:\/\/www.yishengpack.com\/wp-content\/uploads\/2025\/07\/Wholesale-Foldable-Clothing-Dessert-Cookies-Chocolate-Lid-and-Base-Gift-Box-with-Lid-Customized-Insert-Tray4.webp 2355w, https:\/\/www.yishengpack.com\/wp-content\/uploads\/2025\/07\/Wholesale-Foldable-Clothing-Dessert-Cookies-Chocolate-Lid-and-Base-Gift-Box-with-Lid-Customized-Insert-Tray4-300x300.webp 300w, https:\/\/www.yishengpack.com\/wp-content\/uploads\/2025\/07\/Wholesale-Foldable-Clothing-Dessert-Cookies-Chocolate-Lid-and-Base-Gift-Box-with-Lid-Customized-Insert-Tray4-150x150.webp 150w, https:\/\/www.yishengpack.com\/wp-content\/uploads\/2025\/07\/Wholesale-Foldable-Clothing-Dessert-Cookies-Chocolate-Lid-and-Base-Gift-Box-with-Lid-Customized-Insert-Tray4-768x768.webp 768w, https:\/\/www.yishengpack.com\/wp-content\/uploads\/2025\/07\/Wholesale-Foldable-Clothing-Dessert-Cookies-Chocolate-Lid-and-Base-Gift-Box-with-Lid-Customized-Insert-Tray4-12x12.webp 12w, https:\/\/www.yishengpack.com\/wp-content\/uploads\/2025\/07\/Wholesale-Foldable-Clothing-Dessert-Cookies-Chocolate-Lid-and-Base-Gift-Box-with-Lid-Customized-Insert-Tray4-1200x1200.webp 1200w, https:\/\/www.yishengpack.com\/wp-content\/uploads\/2025\/07\/Wholesale-Foldable-Clothing-Dessert-Cookies-Chocolate-Lid-and-Base-Gift-Box-with-Lid-Customized-Insert-Tray4-600x600.webp 600w, https:\/\/www.yishengpack.com\/wp-content\/uploads\/2025\/07\/Wholesale-Foldable-Clothing-Dessert-Cookies-Chocolate-Lid-and-Base-Gift-Box-with-Lid-Customized-Insert-Tray4-100x100.webp 100w\" sizes=\"(max-width: 2355px) 100vw, 2355px\" \/><\/figure>\n<\/div>\n<\/div>\n\n\n\n<p><\/p>","protected":false},"excerpt":{"rendered":"<p>Bem-vindo a comprar as nossas caixas dobr\u00e1veis por atacado. Nossa caixa de presente r\u00edgida dobr\u00e1vel \u00e9 um tom rosa blush macio com tampa cl\u00e1ssica e constru\u00e7\u00e3o de base, tanto est\u00e9tica quanto conveniente para as necessidades contempor\u00e2neas de embalagem. Yisheng \u00e9 o seu parceiro profissional de embalagens de papel personalizado - onde integramos estrutura inteligente, artesanato refinado e fabrica\u00e7\u00e3o adapt\u00e1vel para ajudar seu neg\u00f3cio a se destacar.<\/p>\n<h2>Destaques das caixas dobr\u00e1veis por atacado<\/h2>\n<ul>\n<li>Personaliza\u00e7\u00e3o total<\/li>\n<li>Materiais de alta qualidade<\/li>\n<li>Impress\u00e3o requintada<\/li>\n<li>V\u00e1rios tipos de caixas<\/li>\n<li>Cores vivas<\/li>\n<li>Servi\u00e7o OEM&amp;ODM<\/li>\n<\/ul>\n<p>\n<script src=\"chrome-extension:\/\/fpelahbljekknahkcaegamhcndkfpfnc\/iFrame.js\" type=\"text\/javascript\"><\/script><\/p>","protected":false},"featured_media":1643,"comment_status":"closed","ping_status":"closed","template":"","meta":{"_acf_changed":false},"box-type":[47,55,57],"product_brand":[],"product_cat":[30,19,41,40,46],"product_tag":[],"class_list":{"0":"post-1642","1":"product","2":"type-product","3":"status-publish","4":"has-post-thumbnail","6":"box-type-custom-drawer-boxes","7":"box-type-custom-foldable-boxes","8":"box-type-custom-rigid-box-with-lid","9":"product_cat-cake-containers-wholesale","10":"product_cat-luxury-gift-boxes-wholesale","11":"product_cat-candy-gift-boxes-wholesale","12":"product_cat-custom-jewelry-boxes","13":"product_cat-wholesale-paper-boxes","15":"first","16":"instock","17":"shipping-taxable","18":"product-type-simple"},"acf":[],"_links":{"self":[{"href":"https:\/\/www.yishengpack.com\/pt\/wp-json\/wp\/v2\/product\/1642","targetHints":{"allow":["GET"]}}],"collection":[{"href":"https:\/\/www.yishengpack.com\/pt\/wp-json\/wp\/v2\/product"}],"about":[{"href":"https:\/\/www.yishengpack.com\/pt\/wp-json\/wp\/v2\/types\/product"}],"replies":[{"embeddable":true,"href":"https:\/\/www.yishengpack.com\/pt\/wp-json\/wp\/v2\/comments?post=1642"}],"wp:featuredmedia":[{"embeddable":true,"href":"https:\/\/www.yishengpack.com\/pt\/wp-json\/wp\/v2\/media\/1643"}],"wp:attachment":[{"href":"https:\/\/www.yishengpack.com\/pt\/wp-json\/wp\/v2\/media?parent=1642"}],"wp:term":[{"taxonomy":"box-type","embeddable":true,"href":"https:\/\/www.yishengpack.com\/pt\/wp-json\/wp\/v2\/box-type?post=1642"},{"taxonomy":"product_brand","embeddable":true,"href":"https:\/\/www.yishengpack.com\/pt\/wp-json\/wp\/v2\/product_brand?post=1642"},{"taxonomy":"product_cat","embeddable":true,"href":"https:\/\/www.yishengpack.com\/pt\/wp-json\/wp\/v2\/product_cat?post=1642"},{"taxonomy":"product_tag","embeddable":true,"href":"https:\/\/www.yishengpack.com\/pt\/wp-json\/wp\/v2\/product_tag?post=1642"}],"curies":[{"name":"wp","href":"https:\/\/api.w.org\/{rel}","templated":true}]}}