{"id":1632,"date":"2025-07-04T10:43:37","date_gmt":"2025-07-04T10:43:37","guid":{"rendered":"https:\/\/www.yishengpack.com\/?post_type=product&#038;p=1632"},"modified":"2025-08-09T11:16:35","modified_gmt":"2025-08-09T11:16:35","slug":"custom-luxury-rigid-boxes","status":"publish","type":"product","link":"https:\/\/www.yishengpack.com\/pt\/product\/custom-luxury-rigid-boxes\/","title":{"rendered":"Caixas r\u00edgidas de luxo personalizadas em verde azeitona, caixa de presente em relevo por atacado com saco de al\u00e7a"},"content":{"rendered":"<div class=\"wp-block-columns is-layout-flex wp-container-core-columns-is-layout-9d6595d7 wp-block-columns-is-layout-flex\">\n<div class=\"wp-block-column is-layout-flow wp-block-column-is-layout-flow\">\n<h3 class=\"wp-block-heading\">Carater\u00edsticas das caixas r\u00edgidas de luxo personalizadas<\/h3>\n\n\n\n<p><strong>Bonita cor de dois tons: <\/strong>Com as suas belas cores de laranja vibrante e verde azeitona, estas caixas r\u00edgidas de luxo personalizadas criam um belo efeito de dois tons que grita sofistica\u00e7\u00e3o e eleg\u00e2ncia.<\/p>\n\n\n\n<p><strong>Tampa de luxo com relevo:<\/strong> A tampa desta caixa de oferta grossista apresenta um relevo mais fino que lhe confere um efeito textural e um toque de luxo.<\/p>\n\n\n\n<p><strong>Compartimento de grelha amov\u00edvel: <\/strong>As divis\u00f3rias amov\u00edveis destas caixas r\u00edgidas de luxo personalizadas tornam a caixa ideal para v\u00e1rios conjuntos de oferta, como snacks, doces ou acess\u00f3rios.<\/p>\n\n\n\n<p><strong>Inclui saco de oferta a condizer:<\/strong> A caixa de oferta por grosso \u00e9 fornecida com um saco de oferta a condizer, o que a torna uma experi\u00eancia homog\u00e9nea e de excel\u00eancia para abrir a caixa e oferecer.<\/p>\n\n\n\n<p><strong>Servi\u00e7o totalmente personaliz\u00e1vel<\/strong>: O servi\u00e7o fornece tamanhos, cores, padr\u00f5es, log\u00f3tipos e materiais personalizados para responder a diferentes necessidades de marca.<\/p>\n<\/div>\n\n\n\n<div class=\"wp-block-column is-layout-flow wp-block-column-is-layout-flow\">\n<figure class=\"wp-block-image size-full\"><img decoding=\"async\" width=\"2676\" height=\"2676\" src=\"https:\/\/www.yishengpack.com\/wp-content\/uploads\/2025\/07\/Wholesale-Luxury-Classic-Customized-Embossed-Rigid-Gift-Box-with-Compartments-Olive-Green-Packaging-with-Handle-Bag-Foil-Stamping8.webp\" alt=\"caixas r\u00edgidas personalizadas de luxo em verde-oliva com relevo para prendas - venda por grosso - 8\" class=\"wp-image-1640\" srcset=\"https:\/\/www.yishengpack.com\/wp-content\/uploads\/2025\/07\/Wholesale-Luxury-Classic-Customized-Embossed-Rigid-Gift-Box-with-Compartments-Olive-Green-Packaging-with-Handle-Bag-Foil-Stamping8.webp 2676w, https:\/\/www.yishengpack.com\/wp-content\/uploads\/2025\/07\/Wholesale-Luxury-Classic-Customized-Embossed-Rigid-Gift-Box-with-Compartments-Olive-Green-Packaging-with-Handle-Bag-Foil-Stamping8-300x300.webp 300w, https:\/\/www.yishengpack.com\/wp-content\/uploads\/2025\/07\/Wholesale-Luxury-Classic-Customized-Embossed-Rigid-Gift-Box-with-Compartments-Olive-Green-Packaging-with-Handle-Bag-Foil-Stamping8-150x150.webp 150w, https:\/\/www.yishengpack.com\/wp-content\/uploads\/2025\/07\/Wholesale-Luxury-Classic-Customized-Embossed-Rigid-Gift-Box-with-Compartments-Olive-Green-Packaging-with-Handle-Bag-Foil-Stamping8-768x768.webp 768w, https:\/\/www.yishengpack.com\/wp-content\/uploads\/2025\/07\/Wholesale-Luxury-Classic-Customized-Embossed-Rigid-Gift-Box-with-Compartments-Olive-Green-Packaging-with-Handle-Bag-Foil-Stamping8-12x12.webp 12w, https:\/\/www.yishengpack.com\/wp-content\/uploads\/2025\/07\/Wholesale-Luxury-Classic-Customized-Embossed-Rigid-Gift-Box-with-Compartments-Olive-Green-Packaging-with-Handle-Bag-Foil-Stamping8-1200x1200.webp 1200w, https:\/\/www.yishengpack.com\/wp-content\/uploads\/2025\/07\/Wholesale-Luxury-Classic-Customized-Embossed-Rigid-Gift-Box-with-Compartments-Olive-Green-Packaging-with-Handle-Bag-Foil-Stamping8-600x600.webp 600w, https:\/\/www.yishengpack.com\/wp-content\/uploads\/2025\/07\/Wholesale-Luxury-Classic-Customized-Embossed-Rigid-Gift-Box-with-Compartments-Olive-Green-Packaging-with-Handle-Bag-Foil-Stamping8-100x100.webp 100w\" sizes=\"(max-width: 2676px) 100vw, 2676px\" \/><\/figure>\n<\/div>\n<\/div>\n\n\n\n<p><\/p>","protected":false},"excerpt":{"rendered":"<p>Bem-vindo ao comprar as nossas caixas r\u00edgidas de luxo personalizadas. Esta encantadora cole\u00e7\u00e3o de caixas de oferta apresenta um topo verde azeitona em relevo e um fundo laranja brilhante com divis\u00f3rias em grelha amov\u00edveis, ideais para guardar guloseimas, ch\u00e1s ou acess\u00f3rios. Com um saco de papel a condizer e constru\u00edda em cart\u00e3o r\u00edgido de alta qualidade, real\u00e7a a est\u00e9tica com funcionalidade.<\/p>\n<h2>Caixas r\u00edgidas de luxo personalizadas Especifica\u00e7\u00f5es:<\/h2>\n<table width=\"528\">\n<tbody>\n<tr>\n<td width=\"215\">Fabricante:<\/td>\n<td colspan=\"2\" width=\"313\">Yisheng<\/td>\n<\/tr>\n<tr>\n<td>Conce\u00e7\u00e3o:<\/td>\n<td colspan=\"2\">Caixas de oferta r\u00edgidas<\/td>\n<\/tr>\n<tr>\n<td>Material:\u00a0<\/td>\n<td colspan=\"2\">Cart\u00e3o e papel de arte<\/td>\n<\/tr>\n<tr>\n<td>Cor:\u00a0<\/td>\n<td colspan=\"2\">Impress\u00e3o em offset a 4 cores CMYK<\/td>\n<\/tr>\n<tr>\n<td>Tamanho:\u00a0<\/td>\n<td colspan=\"2\" width=\"313\">Aceita\u00e7\u00e3o personalizada<\/td>\n<\/tr>\n<tr>\n<td>Utiliza\u00e7\u00e3o geral:<\/td>\n<td colspan=\"2\" width=\"313\">Guloseimas, ch\u00e1s, pastelaria, biscoitos, etc.<\/td>\n<\/tr>\n<tr>\n<td>Forma:\u00a0<\/td>\n<td colspan=\"2\" width=\"313\">Ret\u00e2ngulo e personalizado<\/td>\n<\/tr>\n<tr>\n<td>Log\u00f3tipo:\u00a0<\/td>\n<td colspan=\"2\">Aceitar impress\u00e3o de log\u00f3tipo personalizado<\/td>\n<\/tr>\n<tr>\n<td>MOQ:\u00a0<\/td>\n<td colspan=\"2\">1000pcs<\/td>\n<\/tr>\n<tr>\n<td>OEM E ODM\uff1a<\/td>\n<td colspan=\"2\">Personalizado, bem-vindo OEM e ODM<\/td>\n<\/tr>\n<tr>\n<td>Amostra\uff1a<\/td>\n<td colspan=\"2\">5 pe\u00e7as de amostras gr\u00e1tis podem ser solicitadas<\/td>\n<\/tr>\n<\/tbody>\n<\/table>\n<p>\n<script src=\"chrome-extension:\/\/fpelahbljekknahkcaegamhcndkfpfnc\/iFrame.js\" type=\"text\/javascript\"><\/script><\/p>","protected":false},"featured_media":1633,"comment_status":"closed","ping_status":"closed","template":"","meta":{"_acf_changed":false},"box-type":[53,57],"product_brand":[],"product_cat":[19,41,40,34,37],"product_tag":[],"class_list":{"0":"post-1632","1":"product","2":"type-product","3":"status-publish","4":"has-post-thumbnail","6":"box-type-custom-ribbon-handle-paper-bag","7":"box-type-custom-rigid-box-with-lid","8":"product_cat-luxury-gift-boxes-wholesale","9":"product_cat-candy-gift-boxes-wholesale","10":"product_cat-custom-jewelry-boxes","11":"product_cat-paper-bags-wholesale","12":"product_cat-paper-gift-bags-bulk","14":"first","15":"instock","16":"shipping-taxable","17":"product-type-simple"},"acf":[],"_links":{"self":[{"href":"https:\/\/www.yishengpack.com\/pt\/wp-json\/wp\/v2\/product\/1632","targetHints":{"allow":["GET"]}}],"collection":[{"href":"https:\/\/www.yishengpack.com\/pt\/wp-json\/wp\/v2\/product"}],"about":[{"href":"https:\/\/www.yishengpack.com\/pt\/wp-json\/wp\/v2\/types\/product"}],"replies":[{"embeddable":true,"href":"https:\/\/www.yishengpack.com\/pt\/wp-json\/wp\/v2\/comments?post=1632"}],"wp:featuredmedia":[{"embeddable":true,"href":"https:\/\/www.yishengpack.com\/pt\/wp-json\/wp\/v2\/media\/1633"}],"wp:attachment":[{"href":"https:\/\/www.yishengpack.com\/pt\/wp-json\/wp\/v2\/media?parent=1632"}],"wp:term":[{"taxonomy":"box-type","embeddable":true,"href":"https:\/\/www.yishengpack.com\/pt\/wp-json\/wp\/v2\/box-type?post=1632"},{"taxonomy":"product_brand","embeddable":true,"href":"https:\/\/www.yishengpack.com\/pt\/wp-json\/wp\/v2\/product_brand?post=1632"},{"taxonomy":"product_cat","embeddable":true,"href":"https:\/\/www.yishengpack.com\/pt\/wp-json\/wp\/v2\/product_cat?post=1632"},{"taxonomy":"product_tag","embeddable":true,"href":"https:\/\/www.yishengpack.com\/pt\/wp-json\/wp\/v2\/product_tag?post=1632"}],"curies":[{"name":"wp","href":"https:\/\/api.w.org\/{rel}","templated":true}]}}