{"id":1610,"date":"2025-07-04T10:39:29","date_gmt":"2025-07-04T10:39:29","guid":{"rendered":"https:\/\/www.yishengpack.com\/?post_type=product&#038;p=1610"},"modified":"2025-08-09T11:17:30","modified_gmt":"2025-08-09T11:17:30","slug":"luxury-bulk-magnetic-gift-boxes","status":"publish","type":"product","link":"https:\/\/www.yishengpack.com\/pt\/product\/luxury-bulk-magnetic-gift-boxes\/","title":{"rendered":"Caixas magn\u00e9ticas de luxo para presentes a granel, caixa r\u00edgida personalizada dobr\u00e1vel branca com estampagem em folha de ouro"},"content":{"rendered":"<div class=\"wp-block-columns is-layout-flex wp-container-core-columns-is-layout-9d6595d7 wp-block-columns-is-layout-flex\">\n<div class=\"wp-block-column is-layout-flow wp-block-column-is-layout-flow\">\n<h3 class=\"wp-block-heading\">Carater\u00edsticas das caixas magn\u00e9ticas de luxo para prendas a granel<\/h3>\n\n\n\n<p><strong>Design dobr\u00e1vel que poupa espa\u00e7o:<\/strong> A caixa r\u00edgida foi especialmente concebida para se dobrar completamente plana, ideal para poupar espa\u00e7o de armazenamento e minimizar os custos de envio, perfeita para o com\u00e9rcio eletr\u00f3nico, bem como para encomendas de embalagens a granel.<\/p>\n\n\n\n<p><strong>Fecho magn\u00e9tico seguro: <\/strong>As nossas caixas magn\u00e9ticas para presentes a granel est\u00e3o equipadas com abas magn\u00e9ticas ocultas, fechando a caixa de forma segura, proporcionando uma experi\u00eancia de desembalagem de qualidade e protegendo o conte\u00fado no interior.<\/p>\n\n\n\n<p><strong>Processo de estampagem a quente: <\/strong>A caixa r\u00edgida personalizada \u00e9 uma caixa branca simples com letras ou desenhos dourados em hot stamping que real\u00e7am um toque de luxo.<\/p>\n\n\n\n<p><strong>Superf\u00edcie e log\u00f3tipo totalmente personaliz\u00e1veis:<\/strong> As nossas caixas magn\u00e9ticas para presentes a granel est\u00e3o abertas para impress\u00e3o personalizada, estampagem a quente, estampagem em relevo e outros tratamentos, que proporcionam uma adapta\u00e7\u00e3o ideal para embalagens de presentes topo de gama em marcas de moda, beleza e estilo de vida.<\/p>\n<\/div>\n\n\n\n<div class=\"wp-block-column is-layout-flow wp-block-column-is-layout-flow\">\n<figure class=\"wp-block-image size-full\"><img decoding=\"async\" width=\"3024\" height=\"3024\" src=\"https:\/\/www.yishengpack.com\/wp-content\/uploads\/2025\/06\/Wholesale-Premium-Luxury-Elegant-White-Foldable-Rigid-Gold-Foil-Stamping-Magnetic-Box-with-Handles-for-Jewelry-Clothing-Gift1.webp\" alt=\"Caixa magn\u00e9tica com al\u00e7as para j\u00f3ias, roupas e presentes 1\" class=\"wp-image-1611\" srcset=\"https:\/\/www.yishengpack.com\/wp-content\/uploads\/2025\/06\/Wholesale-Premium-Luxury-Elegant-White-Foldable-Rigid-Gold-Foil-Stamping-Magnetic-Box-with-Handles-for-Jewelry-Clothing-Gift1.webp 3024w, https:\/\/www.yishengpack.com\/wp-content\/uploads\/2025\/06\/Wholesale-Premium-Luxury-Elegant-White-Foldable-Rigid-Gold-Foil-Stamping-Magnetic-Box-with-Handles-for-Jewelry-Clothing-Gift1-300x300.webp 300w, https:\/\/www.yishengpack.com\/wp-content\/uploads\/2025\/06\/Wholesale-Premium-Luxury-Elegant-White-Foldable-Rigid-Gold-Foil-Stamping-Magnetic-Box-with-Handles-for-Jewelry-Clothing-Gift1-150x150.webp 150w, https:\/\/www.yishengpack.com\/wp-content\/uploads\/2025\/06\/Wholesale-Premium-Luxury-Elegant-White-Foldable-Rigid-Gold-Foil-Stamping-Magnetic-Box-with-Handles-for-Jewelry-Clothing-Gift1-768x768.webp 768w, https:\/\/www.yishengpack.com\/wp-content\/uploads\/2025\/06\/Wholesale-Premium-Luxury-Elegant-White-Foldable-Rigid-Gold-Foil-Stamping-Magnetic-Box-with-Handles-for-Jewelry-Clothing-Gift1-12x12.webp 12w, https:\/\/www.yishengpack.com\/wp-content\/uploads\/2025\/06\/Wholesale-Premium-Luxury-Elegant-White-Foldable-Rigid-Gold-Foil-Stamping-Magnetic-Box-with-Handles-for-Jewelry-Clothing-Gift1-1200x1200.webp 1200w, https:\/\/www.yishengpack.com\/wp-content\/uploads\/2025\/06\/Wholesale-Premium-Luxury-Elegant-White-Foldable-Rigid-Gold-Foil-Stamping-Magnetic-Box-with-Handles-for-Jewelry-Clothing-Gift1-600x600.webp 600w, https:\/\/www.yishengpack.com\/wp-content\/uploads\/2025\/06\/Wholesale-Premium-Luxury-Elegant-White-Foldable-Rigid-Gold-Foil-Stamping-Magnetic-Box-with-Handles-for-Jewelry-Clothing-Gift1-100x100.webp 100w\" sizes=\"(max-width: 3024px) 100vw, 3024px\" \/><\/figure>\n<\/div>\n<\/div>\n\n\n\n<p><\/p>","protected":false},"excerpt":{"rendered":"<p>Bem-vindo a comprar as nossas caixas magn\u00e9ticas para presentes a granel. Estas luxuosas caixas de oferta r\u00edgidas dobr\u00e1veis magn\u00e9ticas brancas com estampagem em folha de ouro oferecem uma solu\u00e7\u00e3o de embalagem elegante e econ\u00f3mica em termos de espa\u00e7o. A sua estrutura dobr\u00e1vel poupa espa\u00e7o de armazenamento e custos de envio, enquanto o log\u00f3tipo personaliz\u00e1vel e o acabamento da superf\u00edcie elevam a apresenta\u00e7\u00e3o da sua marca. Ideal para embalagens de luxo, desde vestu\u00e1rio a cosm\u00e9ticos.<\/p>\n<h2>Caixas de presente magn\u00e9ticas de luxo a granel Especifica\u00e7\u00f5es:<\/h2>\n<table width=\"528\">\n<tbody>\n<tr>\n<td width=\"215\">Fabricante:<\/td>\n<td colspan=\"2\" width=\"313\">Yisheng<\/td>\n<\/tr>\n<tr>\n<td>Conce\u00e7\u00e3o:<\/td>\n<td colspan=\"2\">Caixas magn\u00e9ticas<\/td>\n<\/tr>\n<tr>\n<td>Material:\u00a0<\/td>\n<td colspan=\"2\">Cart\u00e3o e papel de arte<\/td>\n<\/tr>\n<tr>\n<td>Cor:\u00a0<\/td>\n<td colspan=\"2\">Impress\u00e3o em offset a 4 cores CMYK<\/td>\n<\/tr>\n<tr>\n<td>Tamanho:\u00a0<\/td>\n<td colspan=\"2\" width=\"313\">Tamanho opcional para as suas necessidades<\/td>\n<\/tr>\n<tr>\n<td>Utiliza\u00e7\u00e3o geral:<\/td>\n<td colspan=\"2\" width=\"313\">Perfumes, j\u00f3ias, rel\u00f3gios, flores, etc.<\/td>\n<\/tr>\n<tr>\n<td>Forma:\u00a0<\/td>\n<td colspan=\"2\" width=\"313\">Ret\u00e2ngulo e personalizado<\/td>\n<\/tr>\n<tr>\n<td>Log\u00f3tipo:\u00a0<\/td>\n<td colspan=\"2\">Aceitar impress\u00e3o de log\u00f3tipo personalizado<\/td>\n<\/tr>\n<tr>\n<td>MOQ:\u00a0<\/td>\n<td colspan=\"2\">1000pcs<\/td>\n<\/tr>\n<tr>\n<td>OEM E ODM\uff1a<\/td>\n<td colspan=\"2\">Personalizado, bem-vindo OEM e ODM<\/td>\n<\/tr>\n<tr>\n<td>Amostra\uff1a<\/td>\n<td colspan=\"2\">5 pe\u00e7as de amostras gr\u00e1tis podem ser solicitadas<\/td>\n<\/tr>\n<\/tbody>\n<\/table>\n<p>\n<script src=\"chrome-extension:\/\/fpelahbljekknahkcaegamhcndkfpfnc\/iFrame.js\" type=\"text\/javascript\"><\/script><\/p>","protected":false},"featured_media":1612,"comment_status":"closed","ping_status":"closed","template":"","meta":{"_acf_changed":false},"box-type":[55,54],"product_brand":[],"product_cat":[19,40,39],"product_tag":[],"class_list":{"0":"post-1610","1":"product","2":"type-product","3":"status-publish","4":"has-post-thumbnail","6":"box-type-custom-foldable-boxes","7":"box-type-custom-magnetic-closure-boxes","8":"product_cat-luxury-gift-boxes-wholesale","9":"product_cat-custom-jewelry-boxes","10":"product_cat-custom-perfume-boxes","12":"first","13":"instock","14":"shipping-taxable","15":"product-type-simple"},"acf":[],"_links":{"self":[{"href":"https:\/\/www.yishengpack.com\/pt\/wp-json\/wp\/v2\/product\/1610","targetHints":{"allow":["GET"]}}],"collection":[{"href":"https:\/\/www.yishengpack.com\/pt\/wp-json\/wp\/v2\/product"}],"about":[{"href":"https:\/\/www.yishengpack.com\/pt\/wp-json\/wp\/v2\/types\/product"}],"replies":[{"embeddable":true,"href":"https:\/\/www.yishengpack.com\/pt\/wp-json\/wp\/v2\/comments?post=1610"}],"wp:featuredmedia":[{"embeddable":true,"href":"https:\/\/www.yishengpack.com\/pt\/wp-json\/wp\/v2\/media\/1612"}],"wp:attachment":[{"href":"https:\/\/www.yishengpack.com\/pt\/wp-json\/wp\/v2\/media?parent=1610"}],"wp:term":[{"taxonomy":"box-type","embeddable":true,"href":"https:\/\/www.yishengpack.com\/pt\/wp-json\/wp\/v2\/box-type?post=1610"},{"taxonomy":"product_brand","embeddable":true,"href":"https:\/\/www.yishengpack.com\/pt\/wp-json\/wp\/v2\/product_brand?post=1610"},{"taxonomy":"product_cat","embeddable":true,"href":"https:\/\/www.yishengpack.com\/pt\/wp-json\/wp\/v2\/product_cat?post=1610"},{"taxonomy":"product_tag","embeddable":true,"href":"https:\/\/www.yishengpack.com\/pt\/wp-json\/wp\/v2\/product_tag?post=1610"}],"curies":[{"name":"wp","href":"https:\/\/api.w.org\/{rel}","templated":true}]}}