{"id":1565,"date":"2025-06-05T10:28:02","date_gmt":"2025-06-05T10:28:02","guid":{"rendered":"https:\/\/www.yishengpack.com\/?post_type=product&#038;p=1565"},"modified":"2025-08-11T02:47:52","modified_gmt":"2025-08-11T02:47:52","slug":"paper-gift-bags-in-bulk","status":"publish","type":"product","link":"https:\/\/www.yishengpack.com\/pt\/product\/paper-gift-bags-in-bulk\/","title":{"rendered":"Sacos de oferta de papel texturado de luxo a granel com fecho de fita, caixas de j\u00f3ias coordenadas"},"content":{"rendered":"<div class=\"wp-block-columns is-layout-flex wp-container-core-columns-is-layout-9d6595d7 wp-block-columns-is-layout-flex\">\n<div class=\"wp-block-column is-layout-flow wp-block-column-is-layout-flow\">\n<h3 class=\"wp-block-heading\">Carater\u00edsticas dos sacos de oferta de papel de luxo a granel<\/h3>\n\n\n\n<p><strong>Fecho com la\u00e7o de fita e pega recortada:<\/strong> A pega recortada especial do saco de oferta personalizado e o fecho com la\u00e7o de fita de cetim oferecem decora\u00e7\u00e3o e funcionalidade. A fita de cetim d\u00e1 um toque final suave e sofisticado - ideal para utilizar como presente para j\u00f3ias, cosm\u00e9ticos ou acess\u00f3rios sofisticados.<\/p>\n\n\n\n<p><strong>Constru\u00e7\u00e3o r\u00edgida com fundo dobr\u00e1vel: <\/strong>Os nossos sacos de papel para oferta a granel s\u00e3o feitos de cart\u00e3o de qualidade e resistente. O saco \u00e9 r\u00edgido para proteger os seus produtos, enquanto o fundo dobr\u00e1vel permite poupar custos e espa\u00e7o no transporte e armazenamento.<\/p>\n\n\n\n<p><strong>Op\u00e7\u00f5es de design personalizado: <\/strong>Este saco de papel personalizado \u00e9 concebido de acordo com a identidade da sua marca. Escolha entre uma vasta gama de cores, texturas de superf\u00edcie (mate, com relevo, com gr\u00e3o de couro, etc.), fitas de al\u00e7a e impress\u00e3o personalizada do log\u00f3tipo.<\/p>\n\n\n\n<p><strong>Conjunto de caixa de oferta dispon\u00edvel: <\/strong>Para uma experi\u00eancia de desembalagem completa e coesa, os nossos sacos de oferta de papel a granel podem ser combinados com uma caixa de j\u00f3ias r\u00edgida personalizada que cabe no interior. Em conjunto, o conjunto eleva a apresenta\u00e7\u00e3o do produto a um novo patamar - ideal para embalar colares, brincos ou outros produtos de luxo, o que o torna uma escolha atenciosa para a venda a retalho de luxo e brindes promocionais.<\/p>\n\n\n\n<p><strong>Ideal para oferta de j\u00f3ias, beleza e boutique:<\/strong> Os nossos sacos de papel para oferta a granel t\u00eam muitas finalidades. Podem ser utilizados para diferentes artigos, incluindo j\u00f3ias, produtos de beleza e acess\u00f3rios de moda. Podem ser utilizados em boutiques, como lembran\u00e7as de casamento, durante o Natal e em muitas outras ocasi\u00f5es para oferecer presentes, devido ao seu aspeto sofisticado e ao seu design bem pensado.<\/p>\n<\/div>\n\n\n\n<div class=\"wp-block-column is-layout-flow wp-block-column-is-layout-flow\">\n<figure class=\"wp-block-image size-full\"><img decoding=\"async\" width=\"800\" height=\"800\" src=\"https:\/\/www.yishengpack.com\/wp-content\/uploads\/2025\/06\/Wholesale-Luxury-Textured-Paper-Gift-Bags-with-Ribbon-Closure-\u2013-Foldable-Design-with-Coordinated-Jewelry-Boxes7.webp\" alt=\"sacos-presente de papel texturizado de luxo a granel com fecho de fita e caixas de j\u00f3ias coordenadas - 7\" class=\"wp-image-1572\" srcset=\"https:\/\/www.yishengpack.com\/wp-content\/uploads\/2025\/06\/Wholesale-Luxury-Textured-Paper-Gift-Bags-with-Ribbon-Closure-\u2013-Foldable-Design-with-Coordinated-Jewelry-Boxes7.webp 800w, https:\/\/www.yishengpack.com\/wp-content\/uploads\/2025\/06\/Wholesale-Luxury-Textured-Paper-Gift-Bags-with-Ribbon-Closure-\u2013-Foldable-Design-with-Coordinated-Jewelry-Boxes7-300x300.webp 300w, https:\/\/www.yishengpack.com\/wp-content\/uploads\/2025\/06\/Wholesale-Luxury-Textured-Paper-Gift-Bags-with-Ribbon-Closure-\u2013-Foldable-Design-with-Coordinated-Jewelry-Boxes7-150x150.webp 150w, https:\/\/www.yishengpack.com\/wp-content\/uploads\/2025\/06\/Wholesale-Luxury-Textured-Paper-Gift-Bags-with-Ribbon-Closure-\u2013-Foldable-Design-with-Coordinated-Jewelry-Boxes7-768x768.webp 768w, https:\/\/www.yishengpack.com\/wp-content\/uploads\/2025\/06\/Wholesale-Luxury-Textured-Paper-Gift-Bags-with-Ribbon-Closure-\u2013-Foldable-Design-with-Coordinated-Jewelry-Boxes7-12x12.webp 12w, https:\/\/www.yishengpack.com\/wp-content\/uploads\/2025\/06\/Wholesale-Luxury-Textured-Paper-Gift-Bags-with-Ribbon-Closure-\u2013-Foldable-Design-with-Coordinated-Jewelry-Boxes7-600x600.webp 600w, https:\/\/www.yishengpack.com\/wp-content\/uploads\/2025\/06\/Wholesale-Luxury-Textured-Paper-Gift-Bags-with-Ribbon-Closure-\u2013-Foldable-Design-with-Coordinated-Jewelry-Boxes7-100x100.webp 100w\" sizes=\"(max-width: 800px) 100vw, 800px\" \/><\/figure>\n<\/div>\n<\/div>\n\n\n\n<p><\/p>","protected":false},"excerpt":{"rendered":"<p>Bem-vindo ao comprar o nosso saco de oferta personalizado. Os nossos sacos de oferta de papel a granel com uma pega cortada e fecho de fita - sem necessidade de \u00edmanes. Dobr\u00e1veis, personaliz\u00e1veis e dispon\u00edveis com caixas de j\u00f3ias a condizer. Fabricado pela Yisheng, um fornecedor profissional de embalagens de papel que oferece personaliza\u00e7\u00e3o OEM \/ ODM completa para atender \u00e0s suas necessidades de marca.<\/p>\n<h2>Sacos de papel para oferta a granel Especifica\u00e7\u00f5es:<\/h2>\n<table width=\"528\">\n<tbody>\n<tr>\n<td width=\"215\">Fabricante:<\/td>\n<td colspan=\"2\" width=\"313\">Yisheng<\/td>\n<\/tr>\n<tr>\n<td>Conce\u00e7\u00e3o:<\/td>\n<td colspan=\"2\">Sacos dobr\u00e1veis<\/td>\n<\/tr>\n<tr>\n<td>Material:\u00a0<\/td>\n<td colspan=\"2\">Cart\u00e3o e papel de arte<\/td>\n<\/tr>\n<tr>\n<td>Cor:\u00a0<\/td>\n<td colspan=\"2\">Impress\u00e3o em offset a 4 cores CMYK<\/td>\n<\/tr>\n<tr>\n<td>Tamanho:\u00a0<\/td>\n<td colspan=\"2\" width=\"313\">Aceita\u00e7\u00e3o personalizada<\/td>\n<\/tr>\n<tr>\n<td>Utiliza\u00e7\u00e3o geral:<\/td>\n<td colspan=\"2\" width=\"313\">Brincos, colares, an\u00e9is, pulseiras, prendas de casamento, etc.<\/td>\n<\/tr>\n<tr>\n<td>Forma:\u00a0<\/td>\n<td colspan=\"2\" width=\"313\">Ret\u00e2ngulo e personalizado<\/td>\n<\/tr>\n<tr>\n<td>Log\u00f3tipo:\u00a0<\/td>\n<td colspan=\"2\">Aceitar impress\u00e3o de log\u00f3tipo personalizado<\/td>\n<\/tr>\n<tr>\n<td>MOQ:\u00a0<\/td>\n<td colspan=\"2\">1000pcs<\/td>\n<\/tr>\n<tr>\n<td>OEM E ODM\uff1a<\/td>\n<td colspan=\"2\">Personalizado, bem-vindo OEM e ODM<\/td>\n<\/tr>\n<tr>\n<td>Amostra\uff1a<\/td>\n<td colspan=\"2\">5 pe\u00e7as de amostras gr\u00e1tis podem ser solicitadas<\/td>\n<\/tr>\n<\/tbody>\n<\/table>\n<p>\n<script src=\"chrome-extension:\/\/fpelahbljekknahkcaegamhcndkfpfnc\/iFrame.js\" type=\"text\/javascript\"><\/script><\/p>","protected":false},"featured_media":1566,"comment_status":"closed","ping_status":"closed","template":"","meta":{"_acf_changed":false},"box-type":[53],"product_brand":[],"product_cat":[34,37],"product_tag":[],"class_list":{"0":"post-1565","1":"product","2":"type-product","3":"status-publish","4":"has-post-thumbnail","6":"box-type-custom-ribbon-handle-paper-bag","7":"product_cat-paper-bags-wholesale","8":"product_cat-paper-gift-bags-bulk","10":"first","11":"instock","12":"shipping-taxable","13":"product-type-simple"},"acf":[],"_links":{"self":[{"href":"https:\/\/www.yishengpack.com\/pt\/wp-json\/wp\/v2\/product\/1565","targetHints":{"allow":["GET"]}}],"collection":[{"href":"https:\/\/www.yishengpack.com\/pt\/wp-json\/wp\/v2\/product"}],"about":[{"href":"https:\/\/www.yishengpack.com\/pt\/wp-json\/wp\/v2\/types\/product"}],"replies":[{"embeddable":true,"href":"https:\/\/www.yishengpack.com\/pt\/wp-json\/wp\/v2\/comments?post=1565"}],"wp:featuredmedia":[{"embeddable":true,"href":"https:\/\/www.yishengpack.com\/pt\/wp-json\/wp\/v2\/media\/1566"}],"wp:attachment":[{"href":"https:\/\/www.yishengpack.com\/pt\/wp-json\/wp\/v2\/media?parent=1565"}],"wp:term":[{"taxonomy":"box-type","embeddable":true,"href":"https:\/\/www.yishengpack.com\/pt\/wp-json\/wp\/v2\/box-type?post=1565"},{"taxonomy":"product_brand","embeddable":true,"href":"https:\/\/www.yishengpack.com\/pt\/wp-json\/wp\/v2\/product_brand?post=1565"},{"taxonomy":"product_cat","embeddable":true,"href":"https:\/\/www.yishengpack.com\/pt\/wp-json\/wp\/v2\/product_cat?post=1565"},{"taxonomy":"product_tag","embeddable":true,"href":"https:\/\/www.yishengpack.com\/pt\/wp-json\/wp\/v2\/product_tag?post=1565"}],"curies":[{"name":"wp","href":"https:\/\/api.w.org\/{rel}","templated":true}]}}