{"id":1534,"date":"2025-05-29T09:41:10","date_gmt":"2025-05-29T09:41:10","guid":{"rendered":"https:\/\/www.yishengpack.com\/?post_type=product&#038;p=1534"},"modified":"2025-09-13T06:29:17","modified_gmt":"2025-09-13T06:29:17","slug":"custom-rigid-packaging-boxes","status":"publish","type":"product","link":"https:\/\/www.yishengpack.com\/pt\/product\/custom-rigid-packaging-boxes\/","title":{"rendered":"Caixas de embalagem r\u00edgidas personalizadas de luxo com pega e fecho"},"content":{"rendered":"<div class=\"wp-block-columns is-layout-flex wp-container-core-columns-is-layout-9d6595d7 wp-block-columns-is-layout-flex\">\n<div class=\"wp-block-column is-layout-flow wp-block-column-is-layout-flow\">\n<h3 class=\"wp-block-heading\">Carater\u00edsticas das caixas de embalagem r\u00edgidas personalizadas<\/h3>\n\n\n\n<p><strong>Tampa flip elegante com fecho de metal seguro:<\/strong> O design flip-top das caixas de embalagem r\u00edgida personalizadas permite uma abertura f\u00e1cil, mantendo um perfil limpo e elegante. O fecho de metal dourado vintage proporciona um fecho seguro e fi\u00e1vel, aumentando a funcionalidade e a decad\u00eancia.<\/p>\n\n\n\n<p><strong>Pega dourada rica com fita de seda ornamental: <\/strong>Estas caixas de presente de papel a granel t\u00eam uma pega met\u00e1lica robusta que oferece mobilidade e qualidade de topo de gama, e a adi\u00e7\u00e3o do la\u00e7o de seda acrescenta ao aspeto geral uma sensa\u00e7\u00e3o de opul\u00eancia - perfeita para apresenta\u00e7\u00f5es de presentes de luxo e afins.<\/p>\n\n\n\n<p><strong>Constru\u00e7\u00e3o r\u00edgida de qualidade superior com padr\u00e3o em relevo:<\/strong> As caixas de embalagem r\u00edgida personalizadas s\u00e3o constru\u00eddas a partir de cart\u00e3o r\u00edgido de primeira qualidade; a pr\u00f3pria caixa \u00e9 robusta e s\u00f3lida. O exterior \u00e9 revestido com papel especial texturado com um elegante desenho de flores em estilo barroco, proporcionando um acabamento t\u00e1til de qualidade superior.<\/p>\n\n\n\n<p><strong>Estrutura interior com v\u00e1rios compartimentos para conjuntos de oferta:<\/strong> As caixas de embalagem r\u00edgida personalizadas s\u00e3o concebidas com um tabuleiro interior e v\u00e1rios compartimentos. A caixa \u00e9 mais adequada para conjuntos de oferta, tais como produtos para a pele, sabonetes, velas ou conjuntos de ch\u00e1 e \u00e9, por conseguinte, uma obra-prima de funcionalidade e beleza.<\/p>\n\n\n\n<p><strong>Design totalmente personaliz\u00e1vel em termos de cor, tamanho e log\u00f3tipo: <\/strong>As nossas caixas de papel para oferta por atacado s\u00e3o completamente personaliz\u00e1veis: escolha entre diferentes tamanhos de caixa, cores, configura\u00e7\u00e3o interior, acabamentos de superf\u00edcie (estampagem em folha, grava\u00e7\u00e3o em relevo, UV pontual) e coloca\u00e7\u00e3o do log\u00f3tipo para se adequar exatamente \u00e0 imagem da sua marca.<\/p>\n<\/div>\n\n\n\n<div class=\"wp-block-column is-layout-flow wp-block-column-is-layout-flow\">\n<figure class=\"wp-block-image size-full\"><img decoding=\"async\" width=\"720\" height=\"720\" src=\"https:\/\/www.yishengpack.com\/wp-content\/uploads\/2025\/05\/Wholesale-Luxury-Custom-Printed-Decorative-Flip-Top-Rigid-Gift-Paper-Boxes-with-Handle-and-Lock-for-Wedding-Party-or-Accessories-Packaging7.webp\" alt=\"caixas de embalagem r\u00edgidas personalizadas com pega e fechadura-caixas de oferta de papel de luxo-venda por grosso-7\" class=\"wp-image-1541\" srcset=\"https:\/\/www.yishengpack.com\/wp-content\/uploads\/2025\/05\/Wholesale-Luxury-Custom-Printed-Decorative-Flip-Top-Rigid-Gift-Paper-Boxes-with-Handle-and-Lock-for-Wedding-Party-or-Accessories-Packaging7.webp 720w, https:\/\/www.yishengpack.com\/wp-content\/uploads\/2025\/05\/Wholesale-Luxury-Custom-Printed-Decorative-Flip-Top-Rigid-Gift-Paper-Boxes-with-Handle-and-Lock-for-Wedding-Party-or-Accessories-Packaging7-300x300.webp 300w, https:\/\/www.yishengpack.com\/wp-content\/uploads\/2025\/05\/Wholesale-Luxury-Custom-Printed-Decorative-Flip-Top-Rigid-Gift-Paper-Boxes-with-Handle-and-Lock-for-Wedding-Party-or-Accessories-Packaging7-150x150.webp 150w, https:\/\/www.yishengpack.com\/wp-content\/uploads\/2025\/05\/Wholesale-Luxury-Custom-Printed-Decorative-Flip-Top-Rigid-Gift-Paper-Boxes-with-Handle-and-Lock-for-Wedding-Party-or-Accessories-Packaging7-12x12.webp 12w, https:\/\/www.yishengpack.com\/wp-content\/uploads\/2025\/05\/Wholesale-Luxury-Custom-Printed-Decorative-Flip-Top-Rigid-Gift-Paper-Boxes-with-Handle-and-Lock-for-Wedding-Party-or-Accessories-Packaging7-600x600.webp 600w, https:\/\/www.yishengpack.com\/wp-content\/uploads\/2025\/05\/Wholesale-Luxury-Custom-Printed-Decorative-Flip-Top-Rigid-Gift-Paper-Boxes-with-Handle-and-Lock-for-Wedding-Party-or-Accessories-Packaging7-100x100.webp 100w\" sizes=\"(max-width: 720px) 100vw, 720px\" \/><\/figure>\n<\/div>\n<\/div>\n\n\n\n<p><\/p>","protected":false},"excerpt":{"rendered":"<p>Bem-vindo a comprar as nossas caixas de embalagem r\u00edgidas personalizadas. Estas caixas de papel para oferta por grosso conciliam a funcionalidade com um design requintado. Do fundo r\u00edgido \u00e0 cobertura exterior em relevo, todos os pormenores falam de alta qualidade. Ideal para embalar conjuntos de cuidados para a pele, doces de boutique, conjuntos de velas perfumadas e outros bens, n\u00e3o s\u00f3 protege o produto como tamb\u00e9m aumenta o valor percebido.<\/p>\n<h2>Destaques das caixas de embalagem r\u00edgidas personalizadas<\/h2>\n<ul>\n<li>Personaliza\u00e7\u00e3o total<\/li>\n<li>Materiais de alta qualidade<\/li>\n<li>Impress\u00e3o requintada<\/li>\n<li>V\u00e1rios tamanhos de caixas<\/li>\n<li>Op\u00e7\u00f5es de cores m\u00faltiplas<\/li>\n<li>Constru\u00e7\u00e3o robusta<\/li>\n<li>Bloqueio de seguran\u00e7a<\/li>\n<\/ul>","protected":false},"featured_media":1535,"comment_status":"closed","ping_status":"closed","template":"","meta":{"_acf_changed":false},"box-type":[54],"product_brand":[],"product_cat":[19,41,39],"product_tag":[],"class_list":{"0":"post-1534","1":"product","2":"type-product","3":"status-publish","4":"has-post-thumbnail","6":"box-type-custom-magnetic-closure-boxes","7":"product_cat-luxury-gift-boxes-wholesale","8":"product_cat-candy-gift-boxes-wholesale","9":"product_cat-custom-perfume-boxes","11":"first","12":"instock","13":"shipping-taxable","14":"product-type-simple"},"acf":[],"_links":{"self":[{"href":"https:\/\/www.yishengpack.com\/pt\/wp-json\/wp\/v2\/product\/1534","targetHints":{"allow":["GET"]}}],"collection":[{"href":"https:\/\/www.yishengpack.com\/pt\/wp-json\/wp\/v2\/product"}],"about":[{"href":"https:\/\/www.yishengpack.com\/pt\/wp-json\/wp\/v2\/types\/product"}],"replies":[{"embeddable":true,"href":"https:\/\/www.yishengpack.com\/pt\/wp-json\/wp\/v2\/comments?post=1534"}],"wp:featuredmedia":[{"embeddable":true,"href":"https:\/\/www.yishengpack.com\/pt\/wp-json\/wp\/v2\/media\/1535"}],"wp:attachment":[{"href":"https:\/\/www.yishengpack.com\/pt\/wp-json\/wp\/v2\/media?parent=1534"}],"wp:term":[{"taxonomy":"box-type","embeddable":true,"href":"https:\/\/www.yishengpack.com\/pt\/wp-json\/wp\/v2\/box-type?post=1534"},{"taxonomy":"product_brand","embeddable":true,"href":"https:\/\/www.yishengpack.com\/pt\/wp-json\/wp\/v2\/product_brand?post=1534"},{"taxonomy":"product_cat","embeddable":true,"href":"https:\/\/www.yishengpack.com\/pt\/wp-json\/wp\/v2\/product_cat?post=1534"},{"taxonomy":"product_tag","embeddable":true,"href":"https:\/\/www.yishengpack.com\/pt\/wp-json\/wp\/v2\/product_tag?post=1534"}],"curies":[{"name":"wp","href":"https:\/\/api.w.org\/{rel}","templated":true}]}}