{"id":1523,"date":"2025-05-29T15:57:55","date_gmt":"2025-05-29T15:57:55","guid":{"rendered":"https:\/\/www.yishengpack.com\/?post_type=product&#038;p=1523"},"modified":"2025-09-13T06:42:34","modified_gmt":"2025-09-13T06:42:34","slug":"custom-magnetic-gift-boxes","status":"publish","type":"product","link":"https:\/\/www.yishengpack.com\/pt\/product\/custom-magnetic-gift-boxes\/","title":{"rendered":"Caixas de oferta magn\u00e9ticas personalizadas cl\u00e1ssicas com pega de couro, caixas de oferta de doces por atacado"},"content":{"rendered":"<div class=\"wp-block-columns is-layout-flex wp-container-core-columns-is-layout-9d6595d7 wp-block-columns-is-layout-flex\">\n<div class=\"wp-block-column is-layout-flow wp-block-column-is-layout-flow\">\n<h3 class=\"wp-block-heading\">Carater\u00edsticas das caixas de oferta magn\u00e9ticas personalizadas<\/h3>\n\n\n\n<p><strong>Fecho magn\u00e9tico de qualidade superior com pega em pele:<\/strong> As nossas caixas de oferta magn\u00e9ticas personalizadas possuem um forte \u00edman incorporado; a tampa flip-top abre e fecha facilmente, mantendo os seus produtos seguros e com uma apresenta\u00e7\u00e3o elegante. Com a pega de couro PU adicionada, n\u00e3o s\u00f3 a apar\u00eancia \u00e9 elevada, como tamb\u00e9m \u00e9 oferecida portabilidade, tornando-a ideal para presentes de luxo, casamentos e embalagens de retalho.<\/p>\n\n\n\n<p><strong>Constru\u00e7\u00e3o r\u00edgida e robusta com padr\u00e3o floral personalizado:<\/strong> Estas caixas de presente para doces por atacado s\u00e3o feitas de cart\u00e3o r\u00edgido e resistente; a constru\u00e7\u00e3o da caixa \u00e9 firme e dur\u00e1vel. O exterior \u00e9 embrulhado em papel especial texturado com impress\u00e3o floral de alta defini\u00e7\u00e3o, criando um design maduro de estilo vintage adequado para a apresenta\u00e7\u00e3o da marca ou embalagem de presente de alta qualidade.<\/p>\n\n\n\n<p><strong>Op\u00e7\u00f5es de personaliza\u00e7\u00e3o total - Tamanho, cor, acabamento: <\/strong>Tudo o que diz respeito a estas caixas magn\u00e9ticas para presentes personalizadas \u00e9 personaliz\u00e1vel para se adequar \u00e0 sua marca ou evento. Desde as dimens\u00f5es da caixa at\u00e9 ao tratamento de superf\u00edcie (lamina\u00e7\u00e3o mate\/brilhante, estampagem em folha, grava\u00e7\u00e3o em relevo, impress\u00e3o UV), bem como a cor da pega em pele e o estilo das ferragens, damos vida \u00e0 sua vis\u00e3o com precis\u00e3o.<\/p>\n\n\n\n<p><strong>Embalagem de luxo multiusos:<\/strong> Estas caixas magn\u00e9ticas personalizadas para presentes s\u00e3o perfeitas para embalar j\u00f3ias, perfumes, velas ou chocolates. Tamb\u00e9m \u00e9 muito utilizada como caixa de recorda\u00e7\u00f5es, caixa de lembran\u00e7as de casamento ou caixa de exposi\u00e7\u00e3o da marca. A sua constru\u00e7\u00e3o robusta e o seu design luxuoso asseguram que, depois de desembalada, \u00e9 tamb\u00e9m uma caixa reutiliz\u00e1vel para presentes ou para arruma\u00e7\u00e3o.<\/p>\n\n\n\n<p><strong>Artesanato ecol\u00f3gico e de luxo feito \u00e0 m\u00e3o:<\/strong> Estas caixas de oferta de doces para venda por grosso, em material recicl\u00e1vel e amigo do ambiente, s\u00e3o fabricadas com artesanato de alta qualidade. Cuidadosamente montadas para criar um acabamento perfeito e durabilidade estrutural, oferecem um valor ecol\u00f3gico e um atrativo visual de luxo.<\/p>\n<\/div>\n\n\n\n<div class=\"wp-block-column is-layout-flow wp-block-column-is-layout-flow\">\n<figure class=\"wp-block-image size-full\"><img decoding=\"async\" width=\"750\" height=\"750\" src=\"https:\/\/www.yishengpack.com\/wp-content\/uploads\/2025\/05\/Customized-Classic-Cube-Luxury-Card-Board-Wedding-Bridesmaid-Return-Gift-Flannel-Candy-Magnetic-Boxes-With-Leather-Handle2.webp\" alt=\"caixas de oferta magn\u00e9ticas personalizadas com pega em pele-caixas de oferta de rebu\u00e7ados- grossista-2\" class=\"wp-image-1526\" srcset=\"https:\/\/www.yishengpack.com\/wp-content\/uploads\/2025\/05\/Customized-Classic-Cube-Luxury-Card-Board-Wedding-Bridesmaid-Return-Gift-Flannel-Candy-Magnetic-Boxes-With-Leather-Handle2.webp 750w, https:\/\/www.yishengpack.com\/wp-content\/uploads\/2025\/05\/Customized-Classic-Cube-Luxury-Card-Board-Wedding-Bridesmaid-Return-Gift-Flannel-Candy-Magnetic-Boxes-With-Leather-Handle2-300x300.webp 300w, https:\/\/www.yishengpack.com\/wp-content\/uploads\/2025\/05\/Customized-Classic-Cube-Luxury-Card-Board-Wedding-Bridesmaid-Return-Gift-Flannel-Candy-Magnetic-Boxes-With-Leather-Handle2-150x150.webp 150w, https:\/\/www.yishengpack.com\/wp-content\/uploads\/2025\/05\/Customized-Classic-Cube-Luxury-Card-Board-Wedding-Bridesmaid-Return-Gift-Flannel-Candy-Magnetic-Boxes-With-Leather-Handle2-12x12.webp 12w, https:\/\/www.yishengpack.com\/wp-content\/uploads\/2025\/05\/Customized-Classic-Cube-Luxury-Card-Board-Wedding-Bridesmaid-Return-Gift-Flannel-Candy-Magnetic-Boxes-With-Leather-Handle2-600x600.webp 600w, https:\/\/www.yishengpack.com\/wp-content\/uploads\/2025\/05\/Customized-Classic-Cube-Luxury-Card-Board-Wedding-Bridesmaid-Return-Gift-Flannel-Candy-Magnetic-Boxes-With-Leather-Handle2-100x100.webp 100w\" sizes=\"(max-width: 750px) 100vw, 750px\" \/><\/figure>\n<\/div>\n<\/div>\n\n\n\n<p><\/p>","protected":false},"excerpt":{"rendered":"<p>Bem-vindo a comprar as nossas caixas magn\u00e9ticas para presentes personalizadas. Onde a eleg\u00e2ncia e a arte se encontram, est\u00e3o as nossas caixas de oferta de doces por atacado. Com uma base robusta e r\u00edgida, fecho magn\u00e9tico flip e pega em pele, proporciona funcionalidade e uma apresenta\u00e7\u00e3o luxuosa. Utilizada para embalar chocolates, fragr\u00e2ncias ou j\u00f3ias de luxo, esta caixa promete que o seu produto brilha com um sabor e qualidade intemporais.<\/p>\n<h2>Destaques das caixas de oferta magn\u00e9ticas personalizadas<\/h2>\n<ul>\n<li>Personaliza\u00e7\u00e3o total<\/li>\n<li>Materiais de alta qualidade<\/li>\n<li>Impress\u00e3o requintada<\/li>\n<li>V\u00e1rios tamanhos de caixas<\/li>\n<li>Op\u00e7\u00f5es de cores m\u00faltiplas<\/li>\n<li>Constru\u00e7\u00e3o robusta<\/li>\n<li>Fecho magn\u00e9tico<\/li>\n<li>Pega em pele<\/li>\n<\/ul>","protected":false},"featured_media":1525,"comment_status":"closed","ping_status":"closed","template":"","meta":{"_acf_changed":false},"box-type":[54],"product_brand":[],"product_cat":[19,41],"product_tag":[],"class_list":{"0":"post-1523","1":"product","2":"type-product","3":"status-publish","4":"has-post-thumbnail","6":"box-type-custom-magnetic-closure-boxes","7":"product_cat-luxury-gift-boxes-wholesale","8":"product_cat-candy-gift-boxes-wholesale","10":"first","11":"instock","12":"shipping-taxable","13":"product-type-simple"},"acf":[],"_links":{"self":[{"href":"https:\/\/www.yishengpack.com\/pt\/wp-json\/wp\/v2\/product\/1523","targetHints":{"allow":["GET"]}}],"collection":[{"href":"https:\/\/www.yishengpack.com\/pt\/wp-json\/wp\/v2\/product"}],"about":[{"href":"https:\/\/www.yishengpack.com\/pt\/wp-json\/wp\/v2\/types\/product"}],"replies":[{"embeddable":true,"href":"https:\/\/www.yishengpack.com\/pt\/wp-json\/wp\/v2\/comments?post=1523"}],"wp:featuredmedia":[{"embeddable":true,"href":"https:\/\/www.yishengpack.com\/pt\/wp-json\/wp\/v2\/media\/1525"}],"wp:attachment":[{"href":"https:\/\/www.yishengpack.com\/pt\/wp-json\/wp\/v2\/media?parent=1523"}],"wp:term":[{"taxonomy":"box-type","embeddable":true,"href":"https:\/\/www.yishengpack.com\/pt\/wp-json\/wp\/v2\/box-type?post=1523"},{"taxonomy":"product_brand","embeddable":true,"href":"https:\/\/www.yishengpack.com\/pt\/wp-json\/wp\/v2\/product_brand?post=1523"},{"taxonomy":"product_cat","embeddable":true,"href":"https:\/\/www.yishengpack.com\/pt\/wp-json\/wp\/v2\/product_cat?post=1523"},{"taxonomy":"product_tag","embeddable":true,"href":"https:\/\/www.yishengpack.com\/pt\/wp-json\/wp\/v2\/product_tag?post=1523"}],"curies":[{"name":"wp","href":"https:\/\/api.w.org\/{rel}","templated":true}]}}