{"id":1510,"date":"2025-06-05T10:06:05","date_gmt":"2025-06-05T10:06:05","guid":{"rendered":"https:\/\/www.yishengpack.com\/?post_type=product&#038;p=1510"},"modified":"2025-09-13T06:53:42","modified_gmt":"2025-09-13T06:53:42","slug":"custom-candy-gift-box","status":"publish","type":"product","link":"https:\/\/www.yishengpack.com\/pt\/product\/custom-candy-gift-box\/","title":{"rendered":"Caixa para oferta de doces personalizada com divis\u00f3rias amov\u00edveis e acabamento em folha, caixas magn\u00e9ticas para oferta por grosso"},"content":{"rendered":"<div class=\"wp-block-columns is-layout-flex wp-container-core-columns-is-layout-9d6595d7 wp-block-columns-is-layout-flex\">\n<div class=\"wp-block-column is-layout-flow wp-block-column-is-layout-flow\">\n<h3 class=\"wp-block-heading\">Carater\u00edsticas da caixa de oferta personalizada para doces<\/h3>\n\n\n\n<p><strong>Design totalmente personaliz\u00e1vel: <\/strong>Esta caixa de oferta personalizada para doces tem todos os pormenores da sua marca, desde o tamanho e a cor da caixa at\u00e9 ao padr\u00e3o, divis\u00f3rias interiores e acabamentos de superf\u00edcie como estampagem em folha, relevo ou UV.<\/p>\n\n\n\n<p><strong>Design de fecho magn\u00e9tico de qualidade superior:<\/strong> As caixas magn\u00e9ticas para presentes por grosso s\u00e3o dobr\u00e1veis, proporcionando uma experi\u00eancia de desembalagem de qualidade, ideal para oferecer chocolates, trufas e outros doces.<\/p>\n\n\n\n<p><strong>Compartimentos modulares com utiliza\u00e7\u00e3o vers\u00e1til: <\/strong>As caixas magn\u00e9ticas para presentes por atacado s\u00e3o divis\u00f3rias amov\u00edveis e reorganiz\u00e1veis para se adaptarem a v\u00e1rias configura\u00e7\u00f5es, para que v\u00e1rios doces ou pequenas iguarias possam ser facilmente alojados com estilo e organiza\u00e7\u00e3o.<\/p>\n\n\n\n<p><strong>Aspeto luxuoso com acabamentos de superf\u00edcie personalizados:<\/strong> Esta caixa de presente personalizada para doces \u00e9 fornecida com detalhes em folha de alum\u00ednio, log\u00f3tipos em relevo, lamina\u00e7\u00e3o mate ou brilhante ou acabamentos de textura personalizados para dar \u00e0 apresenta\u00e7\u00e3o da sua marca um aspeto luxuoso.<\/p>\n\n\n\n<p><strong>Constru\u00e7\u00e3o r\u00edgida dur\u00e1vel e adequada para prendas: <\/strong>Esta caixa de oferta personalizada para doces \u00e9 constru\u00edda com cart\u00e3o cinzento robusto e revestida com papel revestido de qualidade superior. Esta caixa combina uma forte prote\u00e7\u00e3o com um aspeto luxuoso, perfeita para embalagens de luxo.<\/p>\n<\/div>\n\n\n\n<div class=\"wp-block-column is-layout-flow wp-block-column-is-layout-flow\">\n<figure class=\"wp-block-image size-full\"><img decoding=\"async\" width=\"2892\" height=\"2892\" src=\"https:\/\/www.yishengpack.com\/wp-content\/uploads\/2025\/05\/Wholesale-Custom-Luxury-Magnetic-Confectionery-Chocolate-Rigid-Paper-Packaging-Gift-Box-with-Removable-Dividers-and-Foil-Finish10.webp\" alt=\"caixa de oferta personalizada para doces com divis\u00f3rias amov\u00edveis e acabamento em folha-10\" class=\"wp-image-1520\" srcset=\"https:\/\/www.yishengpack.com\/wp-content\/uploads\/2025\/05\/Wholesale-Custom-Luxury-Magnetic-Confectionery-Chocolate-Rigid-Paper-Packaging-Gift-Box-with-Removable-Dividers-and-Foil-Finish10.webp 2892w, https:\/\/www.yishengpack.com\/wp-content\/uploads\/2025\/05\/Wholesale-Custom-Luxury-Magnetic-Confectionery-Chocolate-Rigid-Paper-Packaging-Gift-Box-with-Removable-Dividers-and-Foil-Finish10-300x300.webp 300w, https:\/\/www.yishengpack.com\/wp-content\/uploads\/2025\/05\/Wholesale-Custom-Luxury-Magnetic-Confectionery-Chocolate-Rigid-Paper-Packaging-Gift-Box-with-Removable-Dividers-and-Foil-Finish10-150x150.webp 150w, https:\/\/www.yishengpack.com\/wp-content\/uploads\/2025\/05\/Wholesale-Custom-Luxury-Magnetic-Confectionery-Chocolate-Rigid-Paper-Packaging-Gift-Box-with-Removable-Dividers-and-Foil-Finish10-768x768.webp 768w, https:\/\/www.yishengpack.com\/wp-content\/uploads\/2025\/05\/Wholesale-Custom-Luxury-Magnetic-Confectionery-Chocolate-Rigid-Paper-Packaging-Gift-Box-with-Removable-Dividers-and-Foil-Finish10-12x12.webp 12w, https:\/\/www.yishengpack.com\/wp-content\/uploads\/2025\/05\/Wholesale-Custom-Luxury-Magnetic-Confectionery-Chocolate-Rigid-Paper-Packaging-Gift-Box-with-Removable-Dividers-and-Foil-Finish10-1200x1200.webp 1200w, https:\/\/www.yishengpack.com\/wp-content\/uploads\/2025\/05\/Wholesale-Custom-Luxury-Magnetic-Confectionery-Chocolate-Rigid-Paper-Packaging-Gift-Box-with-Removable-Dividers-and-Foil-Finish10-600x600.webp 600w, https:\/\/www.yishengpack.com\/wp-content\/uploads\/2025\/05\/Wholesale-Custom-Luxury-Magnetic-Confectionery-Chocolate-Rigid-Paper-Packaging-Gift-Box-with-Removable-Dividers-and-Foil-Finish10-100x100.webp 100w\" sizes=\"(max-width: 2892px) 100vw, 2892px\" \/><\/figure>\n<\/div>\n<\/div>\n\n\n\n<p><\/p>","protected":false},"excerpt":{"rendered":"<p>Bem-vindo a comprar a nossa caixa de presente personalizada para doces. Ideais para produtos de confeitaria de alta qualidade, como pepitas de chocolate e trufas, estas caixas magn\u00e9ticas para oferta por atacado oferecem um selo magn\u00e9tico limpo, divis\u00f3rias interiores amov\u00edveis e um acabamento vermelho de alta qualidade, melhorado com estampagem e relevo opcionais. Todas as carater\u00edsticas podem ser personalizadas de acordo com as especifica\u00e7\u00f5es da sua empresa, desde o tamanho, cor e configura\u00e7\u00e3o at\u00e9 \u00e0s inser\u00e7\u00f5es e tratamento de superf\u00edcie, o que proporciona aos seus clientes uma experi\u00eancia inesquec\u00edvel de desembalagem.<\/p>\n<h2>Destaques da caixa de oferta personalizada para doces<\/h2>\n<ul>\n<li>Personaliza\u00e7\u00e3o total<\/li>\n<li>Materiais de alta qualidade<\/li>\n<li>Impress\u00e3o requintada<\/li>\n<li>V\u00e1rios tamanhos de caixas<\/li>\n<li>Op\u00e7\u00f5es de cores m\u00faltiplas<\/li>\n<li>M\u00faltiplas op\u00e7\u00f5es de inser\u00e7\u00e3o<\/li>\n<li>Fecho magn\u00e9tico<\/li>\n<li>Servi\u00e7o OEM&amp;ODM<\/li>\n<\/ul>","protected":false},"featured_media":1511,"comment_status":"closed","ping_status":"closed","template":"","meta":{"_acf_changed":false},"box-type":[54],"product_brand":[],"product_cat":[19,41,46,33,44],"product_tag":[],"class_list":{"0":"post-1510","1":"product","2":"type-product","3":"status-publish","4":"has-post-thumbnail","6":"box-type-custom-magnetic-closure-boxes","7":"product_cat-luxury-gift-boxes-wholesale","8":"product_cat-candy-gift-boxes-wholesale","9":"product_cat-wholesale-paper-boxes","10":"product_cat-food-packaging-boxes-wholesale","11":"product_cat-custom-snack-box","13":"first","14":"instock","15":"shipping-taxable","16":"product-type-simple"},"acf":[],"_links":{"self":[{"href":"https:\/\/www.yishengpack.com\/pt\/wp-json\/wp\/v2\/product\/1510","targetHints":{"allow":["GET"]}}],"collection":[{"href":"https:\/\/www.yishengpack.com\/pt\/wp-json\/wp\/v2\/product"}],"about":[{"href":"https:\/\/www.yishengpack.com\/pt\/wp-json\/wp\/v2\/types\/product"}],"replies":[{"embeddable":true,"href":"https:\/\/www.yishengpack.com\/pt\/wp-json\/wp\/v2\/comments?post=1510"}],"wp:featuredmedia":[{"embeddable":true,"href":"https:\/\/www.yishengpack.com\/pt\/wp-json\/wp\/v2\/media\/1511"}],"wp:attachment":[{"href":"https:\/\/www.yishengpack.com\/pt\/wp-json\/wp\/v2\/media?parent=1510"}],"wp:term":[{"taxonomy":"box-type","embeddable":true,"href":"https:\/\/www.yishengpack.com\/pt\/wp-json\/wp\/v2\/box-type?post=1510"},{"taxonomy":"product_brand","embeddable":true,"href":"https:\/\/www.yishengpack.com\/pt\/wp-json\/wp\/v2\/product_brand?post=1510"},{"taxonomy":"product_cat","embeddable":true,"href":"https:\/\/www.yishengpack.com\/pt\/wp-json\/wp\/v2\/product_cat?post=1510"},{"taxonomy":"product_tag","embeddable":true,"href":"https:\/\/www.yishengpack.com\/pt\/wp-json\/wp\/v2\/product_tag?post=1510"}],"curies":[{"name":"wp","href":"https:\/\/api.w.org\/{rel}","templated":true}]}}