{"id":1501,"date":"2025-06-05T08:30:06","date_gmt":"2025-06-05T08:30:06","guid":{"rendered":"https:\/\/www.yishengpack.com\/?post_type=product&#038;p=1501"},"modified":"2025-09-13T06:46:53","modified_gmt":"2025-09-13T06:46:53","slug":"customized-chocolate-gift-boxes","status":"publish","type":"product","link":"https:\/\/www.yishengpack.com\/pt\/product\/customized-chocolate-gift-boxes\/","title":{"rendered":"Caixas de presente de chocolate personalizadas,Caixa magn\u00e9tica a granel 3\/6\/12 Pe\u00e7a"},"content":{"rendered":"<div class=\"wp-block-columns is-layout-flex wp-container-core-columns-is-layout-9d6595d7 wp-block-columns-is-layout-flex\">\n<div class=\"wp-block-column is-layout-flow wp-block-column-is-layout-flow\">\n<h3 class=\"wp-block-heading\">Carater\u00edsticas das caixas de oferta de chocolate personalizadas<\/h3>\n\n\n\n<p><strong>Tampa magn\u00e9tica luxuosa para um desempacotamento de alta qualidade:<\/strong> Estas caixas de oferta de chocolate personalizadas com uma tampa de fecho magn\u00e9tico rodam sem esfor\u00e7o e fecham de forma consistente, oferecendo uma experi\u00eancia de desembalagem de primeira qualidade para chocolates, doces ou j\u00f3ias.<\/p>\n\n\n\n<p><strong>A superf\u00edcie em relevo oferece requinte:<\/strong> As caixas magn\u00e9ticas para venda por grosso apresentam um padr\u00e3o em relevo que acrescenta um toque mais refinado ao aspeto geral, perfeito para posicionar o seu produto numa posi\u00e7\u00e3o de luxo e qualidade de presente.<\/p>\n\n\n\n<p><strong>Os compartimentos interiores mant\u00eam os chocolates arrumados e seguros:<\/strong> Estas caixas de presente personalizadas para chocolate t\u00eam grelhas interiores personalizadas que ajudam a organizar os chocolates, trufas ou outros doces de forma segura sem se deslocarem, garantindo uma apresenta\u00e7\u00e3o cuidada e um transporte seguro.<\/p>\n\n\n\n<p><strong>Op\u00e7\u00e3o de fita ou al\u00e7a para maior charme: <\/strong>As caixas magn\u00e9ticas para venda por grosso podem ser melhoradas com um la\u00e7o de fita com fio lateral ou uma pega de transporte, tornando-as mais elegantes para oferecer e pr\u00e1ticas para transportar.<\/p>\n\n\n\n<p><strong>Totalmente personaliz\u00e1vel para diversas necessidades de produtos: <\/strong>Estas caixas de oferta de chocolate personalizadas permitem personalizar o tamanho, a cor, o acabamento da superf\u00edcie (grava\u00e7\u00e3o em relevo, estampagem em folha, UV), o log\u00f3tipo e at\u00e9 o tipo de caixa (gaveta, flip, caixa com pega) - quer seja para chocolates ou j\u00f3ias.<\/p>\n<\/div>\n\n\n\n<div class=\"wp-block-column is-layout-flow wp-block-column-is-layout-flow\">\n<figure class=\"wp-block-image size-full\"><img decoding=\"async\" width=\"3024\" height=\"3026\" src=\"https:\/\/www.yishengpack.com\/wp-content\/uploads\/2025\/05\/Wholesale-Romantic-Customized-Embossing-Cardboard-3-6-12-Piece-Premium-Nut-Brittle-Truffle-Chocolate-Packaging-Magnetic-Closure-Boxes2.webp\" alt=\"caixas de oferta de chocolate personalizadas - caixas magn\u00e9ticas de venda por grosso - 3-6-12 pe\u00e7as - 2\" class=\"wp-image-1503\" srcset=\"https:\/\/www.yishengpack.com\/wp-content\/uploads\/2025\/05\/Wholesale-Romantic-Customized-Embossing-Cardboard-3-6-12-Piece-Premium-Nut-Brittle-Truffle-Chocolate-Packaging-Magnetic-Closure-Boxes2.webp 3024w, https:\/\/www.yishengpack.com\/wp-content\/uploads\/2025\/05\/Wholesale-Romantic-Customized-Embossing-Cardboard-3-6-12-Piece-Premium-Nut-Brittle-Truffle-Chocolate-Packaging-Magnetic-Closure-Boxes2-300x300.webp 300w, https:\/\/www.yishengpack.com\/wp-content\/uploads\/2025\/05\/Wholesale-Romantic-Customized-Embossing-Cardboard-3-6-12-Piece-Premium-Nut-Brittle-Truffle-Chocolate-Packaging-Magnetic-Closure-Boxes2-150x150.webp 150w, https:\/\/www.yishengpack.com\/wp-content\/uploads\/2025\/05\/Wholesale-Romantic-Customized-Embossing-Cardboard-3-6-12-Piece-Premium-Nut-Brittle-Truffle-Chocolate-Packaging-Magnetic-Closure-Boxes2-768x769.webp 768w, https:\/\/www.yishengpack.com\/wp-content\/uploads\/2025\/05\/Wholesale-Romantic-Customized-Embossing-Cardboard-3-6-12-Piece-Premium-Nut-Brittle-Truffle-Chocolate-Packaging-Magnetic-Closure-Boxes2-12x12.webp 12w, https:\/\/www.yishengpack.com\/wp-content\/uploads\/2025\/05\/Wholesale-Romantic-Customized-Embossing-Cardboard-3-6-12-Piece-Premium-Nut-Brittle-Truffle-Chocolate-Packaging-Magnetic-Closure-Boxes2-1200x1200.webp 1200w, https:\/\/www.yishengpack.com\/wp-content\/uploads\/2025\/05\/Wholesale-Romantic-Customized-Embossing-Cardboard-3-6-12-Piece-Premium-Nut-Brittle-Truffle-Chocolate-Packaging-Magnetic-Closure-Boxes2-600x600.webp 600w, https:\/\/www.yishengpack.com\/wp-content\/uploads\/2025\/05\/Wholesale-Romantic-Customized-Embossing-Cardboard-3-6-12-Piece-Premium-Nut-Brittle-Truffle-Chocolate-Packaging-Magnetic-Closure-Boxes2-100x100.webp 100w\" sizes=\"(max-width: 3024px) 100vw, 3024px\" \/><\/figure>\n<\/div>\n<\/div>\n\n\n\n<p><\/p>","protected":false},"excerpt":{"rendered":"<p>Bem-vindo a comprar as nossas caixas magn\u00e9ticas por atacado. Estas caixas de presente de chocolate personalizadas s\u00e3o concebidas para trufas, biscoitos e frutas cristalizadas. Com um fecho de aba magn\u00e9tica para garantir que os alimentos n\u00e3o se espalham durante o transporte. Uma op\u00e7\u00e3o de embalagem elegante e funcional para chocolates de luxo ou j\u00f3ias - totalmente personaliz\u00e1vel para refor\u00e7ar a sua marca e experi\u00eancia de presentear. \u00c9 perfeita para compras a granel e est\u00e1 dispon\u00edvel em v\u00e1rios tamanhos para se adaptar \u00e0s necessidades de embalagem de diferentes situa\u00e7\u00f5es.<\/p>\n<h2>Destaques das caixas de presente de chocolate personalizadas<\/h2>\n<ul>\n<li>Personaliza\u00e7\u00e3o total<\/li>\n<li>Materiais de alta qualidade<\/li>\n<li>Impress\u00e3o requintada<\/li>\n<li>V\u00e1rios tamanhos de caixas<\/li>\n<li>Constru\u00e7\u00e3o robusta<\/li>\n<li>Fecho magn\u00e9tico<\/li>\n<li>Servi\u00e7o OEM&amp;ODM<\/li>\n<\/ul>","protected":false},"featured_media":1502,"comment_status":"closed","ping_status":"closed","template":"","meta":{"_acf_changed":false},"box-type":[54],"product_brand":[],"product_cat":[19,41,33,44],"product_tag":[],"class_list":{"0":"post-1501","1":"product","2":"type-product","3":"status-publish","4":"has-post-thumbnail","6":"box-type-custom-magnetic-closure-boxes","7":"product_cat-luxury-gift-boxes-wholesale","8":"product_cat-candy-gift-boxes-wholesale","9":"product_cat-food-packaging-boxes-wholesale","10":"product_cat-custom-snack-box","12":"first","13":"instock","14":"shipping-taxable","15":"product-type-simple"},"acf":[],"_links":{"self":[{"href":"https:\/\/www.yishengpack.com\/pt\/wp-json\/wp\/v2\/product\/1501","targetHints":{"allow":["GET"]}}],"collection":[{"href":"https:\/\/www.yishengpack.com\/pt\/wp-json\/wp\/v2\/product"}],"about":[{"href":"https:\/\/www.yishengpack.com\/pt\/wp-json\/wp\/v2\/types\/product"}],"replies":[{"embeddable":true,"href":"https:\/\/www.yishengpack.com\/pt\/wp-json\/wp\/v2\/comments?post=1501"}],"wp:featuredmedia":[{"embeddable":true,"href":"https:\/\/www.yishengpack.com\/pt\/wp-json\/wp\/v2\/media\/1502"}],"wp:attachment":[{"href":"https:\/\/www.yishengpack.com\/pt\/wp-json\/wp\/v2\/media?parent=1501"}],"wp:term":[{"taxonomy":"box-type","embeddable":true,"href":"https:\/\/www.yishengpack.com\/pt\/wp-json\/wp\/v2\/box-type?post=1501"},{"taxonomy":"product_brand","embeddable":true,"href":"https:\/\/www.yishengpack.com\/pt\/wp-json\/wp\/v2\/product_brand?post=1501"},{"taxonomy":"product_cat","embeddable":true,"href":"https:\/\/www.yishengpack.com\/pt\/wp-json\/wp\/v2\/product_cat?post=1501"},{"taxonomy":"product_tag","embeddable":true,"href":"https:\/\/www.yishengpack.com\/pt\/wp-json\/wp\/v2\/product_tag?post=1501"}],"curies":[{"name":"wp","href":"https:\/\/api.w.org\/{rel}","templated":true}]}}