{"id":1457,"date":"2025-06-09T10:06:28","date_gmt":"2025-06-09T10:06:28","guid":{"rendered":"https:\/\/www.yishengpack.com\/?post_type=product&#038;p=1457"},"modified":"2025-09-06T02:16:13","modified_gmt":"2025-09-06T02:16:13","slug":"luxury-gift-boxes-wholesale","status":"publish","type":"product","link":"https:\/\/www.yishengpack.com\/pt\/product\/luxury-gift-boxes-wholesale\/","title":{"rendered":"Caixas de presente de luxo por atacado com tampa e fita, caixas r\u00edgidas personalizadas com design em relevo floral"},"content":{"rendered":"<div class=\"wp-block-columns is-layout-flex wp-container-core-columns-is-layout-9d6595d7 wp-block-columns-is-layout-flex\">\n<div class=\"wp-block-column is-layout-flow wp-block-column-is-layout-flow\">\n<h3 class=\"wp-block-heading\">Carater\u00edsticas das caixas de oferta de luxo por grosso<\/h3>\n\n\n\n<p><strong>Design floral elegante em relevo: <\/strong>As caixas de oferta de luxo para venda por grosso com tampa incluem um padr\u00e3o floral intrincado em relevo para um aspeto rico e luxuoso que melhora a apar\u00eancia e o toque.<\/p>\n\n\n\n<p><strong>Rosa suave com fita e etiqueta: <\/strong>Estas caixas de oferta personalizadas e robustas, de cor rosa claro, com um la\u00e7o de fita a condizer e uma etiqueta para pendurar, oferecem uma apresenta\u00e7\u00e3o elegante e feminina.<\/p>\n\n\n\n<p><strong>Estrutura cl\u00e1ssica r\u00edgida da tampa e da base:<\/strong> O design robusto da tampa e da base (caixa r\u00edgida) das caixas de oferta de luxo por atacado garante uma abertura f\u00e1cil, oferecendo uma experi\u00eancia de desembalagem de qualidade superior.<\/p>\n\n\n\n<p><strong>Totalmente personaliz\u00e1vel - Tamanho, cor e log\u00f3tipo: <\/strong>Estas caixas de oferta r\u00edgidas personalizadas est\u00e3o dispon\u00edveis em v\u00e1rios tamanhos com personaliza\u00e7\u00e3o total de cores, padr\u00f5es florais e impress\u00e3o de log\u00f3tipo para se adequarem \u00e0 sua marca e ocasi\u00e3o.<\/p>\n\n\n\n<p><strong>Vers\u00e1til para presentes, cosm\u00e9ticos, j\u00f3ias e muito mais:<\/strong> As caixas de presente de luxo por atacado s\u00e3o perfeitas para o Dia dos Namorados, Dia da M\u00e3e, anivers\u00e1rios, casamentos ou embalagens premium para cosm\u00e9ticos e j\u00f3ias.<\/p>\n<\/div>\n\n\n\n<div class=\"wp-block-column is-layout-flow wp-block-column-is-layout-flow\">\n<figure class=\"wp-block-image size-full\"><img decoding=\"async\" width=\"720\" height=\"720\" src=\"https:\/\/www.yishengpack.com\/wp-content\/uploads\/2025\/05\/Wholesale-Romantic-Customized-Color-Floral-Relief-Design-Embossed-Pink-Rigid-Gift-Paper-Boxes-with-Lid-and-Ribbon9.webp\" alt=\"caixas-de-presente-de-luxo-com-tampa-e-fita-custom-rigid-boxes-floral-relief-design-9\" class=\"wp-image-1466\" srcset=\"https:\/\/www.yishengpack.com\/wp-content\/uploads\/2025\/05\/Wholesale-Romantic-Customized-Color-Floral-Relief-Design-Embossed-Pink-Rigid-Gift-Paper-Boxes-with-Lid-and-Ribbon9.webp 720w, https:\/\/www.yishengpack.com\/wp-content\/uploads\/2025\/05\/Wholesale-Romantic-Customized-Color-Floral-Relief-Design-Embossed-Pink-Rigid-Gift-Paper-Boxes-with-Lid-and-Ribbon9-300x300.webp 300w, https:\/\/www.yishengpack.com\/wp-content\/uploads\/2025\/05\/Wholesale-Romantic-Customized-Color-Floral-Relief-Design-Embossed-Pink-Rigid-Gift-Paper-Boxes-with-Lid-and-Ribbon9-150x150.webp 150w, https:\/\/www.yishengpack.com\/wp-content\/uploads\/2025\/05\/Wholesale-Romantic-Customized-Color-Floral-Relief-Design-Embossed-Pink-Rigid-Gift-Paper-Boxes-with-Lid-and-Ribbon9-12x12.webp 12w, https:\/\/www.yishengpack.com\/wp-content\/uploads\/2025\/05\/Wholesale-Romantic-Customized-Color-Floral-Relief-Design-Embossed-Pink-Rigid-Gift-Paper-Boxes-with-Lid-and-Ribbon9-600x600.webp 600w, https:\/\/www.yishengpack.com\/wp-content\/uploads\/2025\/05\/Wholesale-Romantic-Customized-Color-Floral-Relief-Design-Embossed-Pink-Rigid-Gift-Paper-Boxes-with-Lid-and-Ribbon9-100x100.webp 100w\" sizes=\"(max-width: 720px) 100vw, 720px\" \/><\/figure>\n<\/div>\n<\/div>\n\n\n\n<p><\/p>","protected":false},"excerpt":{"rendered":"<p>Bem-vindo a comprar as nossas caixas de presente r\u00edgidas personalizadas. As nossas caixas de presente de luxo por atacado usam o processo de grava\u00e7\u00e3o para dar um toque luxuoso e sofisticado \u00e0 sua caixa de presente. Com a personaliza\u00e7\u00e3o do log\u00f3tipo impresso, o material de cart\u00e3o resistente e o design do compartimento tornam-na perfeita para embalar perfumes, j\u00f3ias e outros presentes de luxo. Como presente de empresa ou oferta de f\u00e9rias, esta caixa dar\u00e1 um toque especial aos seus presentes!<\/p>\n<h2>Caixas de presente de luxo por atacado Especifica\u00e7\u00f5es:<\/h2>\n<table width=\"528\">\n<tbody>\n<tr>\n<td width=\"215\">Fabricante:<\/td>\n<td colspan=\"2\" width=\"313\">Yisheng<\/td>\n<\/tr>\n<tr>\n<td>Conce\u00e7\u00e3o:<\/td>\n<td colspan=\"2\">Caixas de tampa e de base<\/td>\n<\/tr>\n<tr>\n<td>Material:\u00a0<\/td>\n<td colspan=\"2\">Cart\u00e3o e papel de arte<\/td>\n<\/tr>\n<tr>\n<td>Cor:\u00a0<\/td>\n<td colspan=\"2\">Impress\u00e3o em offset a 4 cores CMYK<\/td>\n<\/tr>\n<tr>\n<td>Tamanho:\u00a0<\/td>\n<td colspan=\"2\" width=\"313\">Tamanho opcional para as suas necessidades<\/td>\n<\/tr>\n<tr>\n<td>Utiliza\u00e7\u00e3o geral:<\/td>\n<td colspan=\"2\" width=\"313\">Perfumes, j\u00f3ias, rel\u00f3gios, flores, etc.<\/td>\n<\/tr>\n<tr>\n<td>Forma:\u00a0<\/td>\n<td colspan=\"2\" width=\"313\">Ret\u00e2ngulo e personalizado<\/td>\n<\/tr>\n<tr>\n<td>Log\u00f3tipo:\u00a0<\/td>\n<td colspan=\"2\">Aceitar impress\u00e3o de log\u00f3tipo personalizado<\/td>\n<\/tr>\n<tr>\n<td>MOQ:\u00a0<\/td>\n<td colspan=\"2\">1000pcs<\/td>\n<\/tr>\n<tr>\n<td>OEM E ODM\uff1a<\/td>\n<td colspan=\"2\">Personalizado, bem-vindo OEM e ODM<\/td>\n<\/tr>\n<tr>\n<td>Amostra\uff1a<\/td>\n<td colspan=\"2\">5 pe\u00e7as de amostras gr\u00e1tis podem ser solicitadas<\/td>\n<\/tr>\n<\/tbody>\n<\/table>\n<p><script src=\"chrome-extension:\/\/fpelahbljekknahkcaegamhcndkfpfnc\/iFrame.js\" type=\"text\/javascript\"><\/script><\/p>","protected":false},"featured_media":1458,"comment_status":"closed","ping_status":"closed","template":"","meta":{"_acf_changed":false},"box-type":[57],"product_brand":[],"product_cat":[19,40,39],"product_tag":[],"class_list":{"0":"post-1457","1":"product","2":"type-product","3":"status-publish","4":"has-post-thumbnail","6":"box-type-custom-rigid-box-with-lid","7":"product_cat-luxury-gift-boxes-wholesale","8":"product_cat-custom-jewelry-boxes","9":"product_cat-custom-perfume-boxes","11":"first","12":"instock","13":"shipping-taxable","14":"product-type-simple"},"acf":[],"_links":{"self":[{"href":"https:\/\/www.yishengpack.com\/pt\/wp-json\/wp\/v2\/product\/1457","targetHints":{"allow":["GET"]}}],"collection":[{"href":"https:\/\/www.yishengpack.com\/pt\/wp-json\/wp\/v2\/product"}],"about":[{"href":"https:\/\/www.yishengpack.com\/pt\/wp-json\/wp\/v2\/types\/product"}],"replies":[{"embeddable":true,"href":"https:\/\/www.yishengpack.com\/pt\/wp-json\/wp\/v2\/comments?post=1457"}],"wp:featuredmedia":[{"embeddable":true,"href":"https:\/\/www.yishengpack.com\/pt\/wp-json\/wp\/v2\/media\/1458"}],"wp:attachment":[{"href":"https:\/\/www.yishengpack.com\/pt\/wp-json\/wp\/v2\/media?parent=1457"}],"wp:term":[{"taxonomy":"box-type","embeddable":true,"href":"https:\/\/www.yishengpack.com\/pt\/wp-json\/wp\/v2\/box-type?post=1457"},{"taxonomy":"product_brand","embeddable":true,"href":"https:\/\/www.yishengpack.com\/pt\/wp-json\/wp\/v2\/product_brand?post=1457"},{"taxonomy":"product_cat","embeddable":true,"href":"https:\/\/www.yishengpack.com\/pt\/wp-json\/wp\/v2\/product_cat?post=1457"},{"taxonomy":"product_tag","embeddable":true,"href":"https:\/\/www.yishengpack.com\/pt\/wp-json\/wp\/v2\/product_tag?post=1457"}],"curies":[{"name":"wp","href":"https:\/\/api.w.org\/{rel}","templated":true}]}}