{"id":1436,"date":"2025-05-21T10:27:34","date_gmt":"2025-05-21T10:27:34","guid":{"rendered":"https:\/\/www.yishengpack.com\/?post_type=product&#038;p=1436"},"modified":"2025-09-13T03:56:57","modified_gmt":"2025-09-13T03:56:57","slug":"custom-folding-boxes","status":"publish","type":"product","link":"https:\/\/www.yishengpack.com\/pt\/product\/custom-folding-boxes\/","title":{"rendered":"Caixas dobr\u00e1veis personalizadas hologr\u00e1ficas, caixas de presente magn\u00e9ticas de luxo com arco-\u00edris por atacado"},"content":{"rendered":"<div class=\"wp-block-columns is-layout-flex wp-container-core-columns-is-layout-9d6595d7 wp-block-columns-is-layout-flex\">\n<div class=\"wp-block-column is-layout-flow wp-block-column-is-layout-flow\">\n<h3 class=\"wp-block-heading\">Carater\u00edsticas das caixas dobr\u00e1veis personalizadas hologr\u00e1ficas<\/h3>\n\n\n\n<p><strong>Acabamento iridescente deslumbrante:<\/strong> O efeito hologr\u00e1fico apelativo das caixas dobr\u00e1veis personalizadas com detalhes em arco-\u00edris acrescenta certamente um atrativo de primeira qualidade a qualquer presente ou produto.<\/p>\n\n\n\n<p><strong>Design dobr\u00e1vel que poupa espa\u00e7o:<\/strong> As nossas caixas magn\u00e9ticas para presentes s\u00e3o enviadas em formato plano para poupar espa\u00e7o e reduzir os custos de envio - r\u00e1pidas e f\u00e1ceis de montar com adesivos pr\u00e9-colados.<\/p>\n\n\n\n<p><strong>Fecho magn\u00e9tico: <\/strong>O fecho magn\u00e9tico destas caixas dobr\u00e1veis personalizadas inclui \u00edmanes fortes incorporados para um sistema de fecho elegante e seguro.<\/p>\n\n\n\n<p><strong>Constru\u00e7\u00e3o r\u00edgida de qualidade superior:<\/strong> As nossas caixas magn\u00e9ticas para presentes por atacado s\u00e3o feitas de cart\u00e3o de alta qualidade para proporcionar robustez e uma sensa\u00e7\u00e3o premium para cosm\u00e9ticos, j\u00f3ias ou presentes de Natal.<\/p>\n\n\n\n<p><strong>Op\u00e7\u00e3o amiga do ambiente:<\/strong> As nossas caixas dobr\u00e1veis personalizadas ajudam nas iniciativas de embalagem amigas do ambiente, utilizando materiais reutiliz\u00e1veis e recicl\u00e1veis.<\/p>\n<\/div>\n\n\n\n<div class=\"wp-block-column is-layout-flow wp-block-column-is-layout-flow\">\n<figure class=\"wp-block-image size-full\"><img decoding=\"async\" width=\"720\" height=\"720\" src=\"https:\/\/www.yishengpack.com\/wp-content\/uploads\/2025\/05\/Holographic-Magnetic-Gift-Box-with-Foldable-Rigid-Design-Luxury-Rainbow-Packaging-Boxes-for-Cosmetics-Jewelry-Party-Favors3.webp\" alt=\"caixas de dobragem personalizadas hologr\u00e1ficas-caixas de oferta magn\u00e9ticas-venda por grosso-1\" class=\"wp-image-1439\" srcset=\"https:\/\/www.yishengpack.com\/wp-content\/uploads\/2025\/05\/Holographic-Magnetic-Gift-Box-with-Foldable-Rigid-Design-Luxury-Rainbow-Packaging-Boxes-for-Cosmetics-Jewelry-Party-Favors3.webp 720w, https:\/\/www.yishengpack.com\/wp-content\/uploads\/2025\/05\/Holographic-Magnetic-Gift-Box-with-Foldable-Rigid-Design-Luxury-Rainbow-Packaging-Boxes-for-Cosmetics-Jewelry-Party-Favors3-300x300.webp 300w, https:\/\/www.yishengpack.com\/wp-content\/uploads\/2025\/05\/Holographic-Magnetic-Gift-Box-with-Foldable-Rigid-Design-Luxury-Rainbow-Packaging-Boxes-for-Cosmetics-Jewelry-Party-Favors3-150x150.webp 150w, https:\/\/www.yishengpack.com\/wp-content\/uploads\/2025\/05\/Holographic-Magnetic-Gift-Box-with-Foldable-Rigid-Design-Luxury-Rainbow-Packaging-Boxes-for-Cosmetics-Jewelry-Party-Favors3-12x12.webp 12w, https:\/\/www.yishengpack.com\/wp-content\/uploads\/2025\/05\/Holographic-Magnetic-Gift-Box-with-Foldable-Rigid-Design-Luxury-Rainbow-Packaging-Boxes-for-Cosmetics-Jewelry-Party-Favors3-600x600.webp 600w, https:\/\/www.yishengpack.com\/wp-content\/uploads\/2025\/05\/Holographic-Magnetic-Gift-Box-with-Foldable-Rigid-Design-Luxury-Rainbow-Packaging-Boxes-for-Cosmetics-Jewelry-Party-Favors3-100x100.webp 100w\" sizes=\"(max-width: 720px) 100vw, 720px\" \/><\/figure>\n<\/div>\n<\/div>\n\n\n\n<p><\/p>","protected":false},"excerpt":{"rendered":"<p>Bem-vindo a comprar as nossas caixas dobr\u00e1veis personalizadas. T\u00eam um maravilhoso acabamento arco-\u00edris e um design dobr\u00e1vel, ideal para a embalagem luxuosa de cosm\u00e9ticos, j\u00f3ias e lembran\u00e7as de festas. Dur\u00e1veis, elegantes e imprim\u00edveis com o seu log\u00f3tipo - perfeitas para elevar a apresenta\u00e7\u00e3o de qualquer marca.<\/p>\n<h2>Destaques das caixas dobr\u00e1veis personalizadas hologr\u00e1ficas<\/h2>\n<ul>\n<li>Possibilidade de personaliza\u00e7\u00e3o completa<\/li>\n<li>Materiais \u00e0 prova de \u00e1gua<\/li>\n<li>Artesanato duradouro<\/li>\n<li>V\u00e1rios tamanhos de caixas<\/li>\n<li>Op\u00e7\u00f5es de cores m\u00faltiplas<\/li>\n<li>Constru\u00e7\u00e3o robusta<\/li>\n<li>Utiliza\u00e7\u00e3o c\u00f3moda<\/li>\n<\/ul>\n<p>&nbsp;<\/p>\n<ul>\n<li>Personaliza\u00e7\u00e3o total<\/li>\n<li>Materiais de alta qualidade<\/li>\n<li>Impress\u00e3o requintada<\/li>\n<li>V\u00e1rios tamanhos de caixas<\/li>\n<li>Op\u00e7\u00f5es de cores m\u00faltiplas<\/li>\n<li>V\u00e1rios estilos de caixas<\/li>\n<li>Fecho magn\u00e9tico<\/li>\n<li>Efeitos laser coloridos<\/li>\n<li>Servi\u00e7o OEM&amp;ODM<\/li>\n<li>\u00a0<\/li>\n<\/ul>","protected":false},"featured_media":1437,"comment_status":"closed","ping_status":"closed","template":"","meta":{"_acf_changed":false},"box-type":[55,54],"product_brand":[],"product_cat":[19,40,39],"product_tag":[],"class_list":{"0":"post-1436","1":"product","2":"type-product","3":"status-publish","4":"has-post-thumbnail","6":"box-type-custom-foldable-boxes","7":"box-type-custom-magnetic-closure-boxes","8":"product_cat-luxury-gift-boxes-wholesale","9":"product_cat-custom-jewelry-boxes","10":"product_cat-custom-perfume-boxes","12":"first","13":"instock","14":"shipping-taxable","15":"product-type-simple"},"acf":[],"_links":{"self":[{"href":"https:\/\/www.yishengpack.com\/pt\/wp-json\/wp\/v2\/product\/1436","targetHints":{"allow":["GET"]}}],"collection":[{"href":"https:\/\/www.yishengpack.com\/pt\/wp-json\/wp\/v2\/product"}],"about":[{"href":"https:\/\/www.yishengpack.com\/pt\/wp-json\/wp\/v2\/types\/product"}],"replies":[{"embeddable":true,"href":"https:\/\/www.yishengpack.com\/pt\/wp-json\/wp\/v2\/comments?post=1436"}],"wp:featuredmedia":[{"embeddable":true,"href":"https:\/\/www.yishengpack.com\/pt\/wp-json\/wp\/v2\/media\/1437"}],"wp:attachment":[{"href":"https:\/\/www.yishengpack.com\/pt\/wp-json\/wp\/v2\/media?parent=1436"}],"wp:term":[{"taxonomy":"box-type","embeddable":true,"href":"https:\/\/www.yishengpack.com\/pt\/wp-json\/wp\/v2\/box-type?post=1436"},{"taxonomy":"product_brand","embeddable":true,"href":"https:\/\/www.yishengpack.com\/pt\/wp-json\/wp\/v2\/product_brand?post=1436"},{"taxonomy":"product_cat","embeddable":true,"href":"https:\/\/www.yishengpack.com\/pt\/wp-json\/wp\/v2\/product_cat?post=1436"},{"taxonomy":"product_tag","embeddable":true,"href":"https:\/\/www.yishengpack.com\/pt\/wp-json\/wp\/v2\/product_tag?post=1436"}],"curies":[{"name":"wp","href":"https:\/\/api.w.org\/{rel}","templated":true}]}}