{"id":1428,"date":"2025-05-21T10:02:19","date_gmt":"2025-05-21T10:02:19","guid":{"rendered":"https:\/\/www.yishengpack.com\/?post_type=product&#038;p=1428"},"modified":"2025-09-13T03:40:42","modified_gmt":"2025-09-13T03:40:42","slug":"rigid-boxes-wholesale","status":"publish","type":"product","link":"https:\/\/www.yishengpack.com\/pt\/product\/rigid-boxes-wholesale\/","title":{"rendered":"Caixas r\u00edgidas por atacado com tampa transparente, caixas de presente personalizadas e borla chinesa"},"content":{"rendered":"<div class=\"wp-block-columns is-layout-flex wp-container-core-columns-is-layout-9d6595d7 wp-block-columns-is-layout-flex\">\n<div class=\"wp-block-column is-layout-flow wp-block-column-is-layout-flow\">\n<h3 class=\"wp-block-heading\">Caracter\u00edsticas das caixas r\u00edgidas por grosso<\/h3>\n\n\n\n<p><strong>Design tradicional chin\u00eas:<\/strong> Estas caixas r\u00edgidas cheias de esp\u00edrito festivo, com um tema vermelho vivo com caligrafia, borlas e padr\u00f5es auspiciosos, expressam alegria e prosperidade. Perfeitas para o Ano Novo, casamentos e celebra\u00e7\u00f5es.<\/p>\n\n\n\n<p><strong>Totalmente personaliz\u00e1vel:<\/strong> As nossas caixas de presente personalizadas podem ser personalizadas em tamanho, cor, n\u00famero de compartimentos, design da superf\u00edcie e marca para se adequarem a qualquer ocasi\u00e3o festiva e satisfazerem todas as suas necessidades!<\/p>\n\n\n\n<p><strong>Disposi\u00e7\u00e3o dos compartimentos:<\/strong> Estas caixas r\u00edgidas por grosso s\u00e3o elegantes e pr\u00e1ticas. T\u00eam v\u00e1rias sec\u00e7\u00f5es internas ideais para doces, frutos secos, snacks ou pequenos presentes; perfeitas para presentes festivos.<\/p>\n\n\n\n<p><strong>Visor com tampa transparente: <\/strong>As nossas caixas de presente personalizadas t\u00eam uma apresenta\u00e7\u00e3o atraente. A tampa transparente em PET permite uma vis\u00e3o clara do interior, aumentando o apelo e a apresenta\u00e7\u00e3o do presente.<\/p>\n\n\n\n<p><strong>Material ecol\u00f3gico:<\/strong> Estas caixas r\u00edgidas s\u00e3o fabricadas em cart\u00e3o r\u00edgido recicl\u00e1vel, constituindo uma solu\u00e7\u00e3o de embalagem sustent\u00e1vel e elegante.<\/p>\n<\/div>\n\n\n\n<div class=\"wp-block-column is-layout-flow wp-block-column-is-layout-flow\">\n<figure class=\"wp-block-image size-full\"><img decoding=\"async\" width=\"3024\" height=\"3024\" src=\"https:\/\/www.yishengpack.com\/wp-content\/uploads\/2025\/05\/Wholesales-Chinese-Gift-Packaging-Boxes-with-Clear-Lid-Customized-Tassel-Compartments-for-Mid-Autumn-New-Year-Wedding-Holiday-Party-Favors4.webp\" alt=\"caixas-r\u00edgidas-por-atacado-com-tampa-transparente-4\" class=\"wp-image-1432\" srcset=\"https:\/\/www.yishengpack.com\/wp-content\/uploads\/2025\/05\/Wholesales-Chinese-Gift-Packaging-Boxes-with-Clear-Lid-Customized-Tassel-Compartments-for-Mid-Autumn-New-Year-Wedding-Holiday-Party-Favors4.webp 3024w, https:\/\/www.yishengpack.com\/wp-content\/uploads\/2025\/05\/Wholesales-Chinese-Gift-Packaging-Boxes-with-Clear-Lid-Customized-Tassel-Compartments-for-Mid-Autumn-New-Year-Wedding-Holiday-Party-Favors4-300x300.webp 300w, https:\/\/www.yishengpack.com\/wp-content\/uploads\/2025\/05\/Wholesales-Chinese-Gift-Packaging-Boxes-with-Clear-Lid-Customized-Tassel-Compartments-for-Mid-Autumn-New-Year-Wedding-Holiday-Party-Favors4-150x150.webp 150w, https:\/\/www.yishengpack.com\/wp-content\/uploads\/2025\/05\/Wholesales-Chinese-Gift-Packaging-Boxes-with-Clear-Lid-Customized-Tassel-Compartments-for-Mid-Autumn-New-Year-Wedding-Holiday-Party-Favors4-768x768.webp 768w, https:\/\/www.yishengpack.com\/wp-content\/uploads\/2025\/05\/Wholesales-Chinese-Gift-Packaging-Boxes-with-Clear-Lid-Customized-Tassel-Compartments-for-Mid-Autumn-New-Year-Wedding-Holiday-Party-Favors4-12x12.webp 12w, https:\/\/www.yishengpack.com\/wp-content\/uploads\/2025\/05\/Wholesales-Chinese-Gift-Packaging-Boxes-with-Clear-Lid-Customized-Tassel-Compartments-for-Mid-Autumn-New-Year-Wedding-Holiday-Party-Favors4-1200x1200.webp 1200w, https:\/\/www.yishengpack.com\/wp-content\/uploads\/2025\/05\/Wholesales-Chinese-Gift-Packaging-Boxes-with-Clear-Lid-Customized-Tassel-Compartments-for-Mid-Autumn-New-Year-Wedding-Holiday-Party-Favors4-600x600.webp 600w, https:\/\/www.yishengpack.com\/wp-content\/uploads\/2025\/05\/Wholesales-Chinese-Gift-Packaging-Boxes-with-Clear-Lid-Customized-Tassel-Compartments-for-Mid-Autumn-New-Year-Wedding-Holiday-Party-Favors4-100x100.webp 100w\" sizes=\"(max-width: 3024px) 100vw, 3024px\" \/><\/figure>\n<\/div>\n<\/div>\n\n\n\n<p><\/p>","protected":false},"excerpt":{"rendered":"<p>Bem-vindo \u00e0 compra por grosso das nossas caixas r\u00edgidas. Oferecemos caixas de presente personalizadas, concebidas para embalagens com v\u00e1rios compartimentos, combinando textura de alta qualidade e praticidade. Estrutura dobr\u00e1vel para f\u00e1cil armazenamento, materiais dur\u00e1veis para garantir um transporte seguro, suporte para uma variedade de artesanatos requintados e personaliza\u00e7\u00e3o, e ajuda \u00e0s marcas a criar uma embalagem de presente de Natal \u00fanica e inesquec\u00edvel!<\/p>\n<h2>Destaques das caixas r\u00edgidas por grosso<\/h2>\n<ul>\n<li>Personaliza\u00e7\u00e3o total<\/li>\n<li>Materiais de alta qualidade<\/li>\n<li>Impress\u00e3o requintada<\/li>\n<li>Constru\u00e7\u00e3o de caixas r\u00edgidas<\/li>\n<li>Design com tampa transparente<\/li>\n<li>Decora\u00e7\u00e3o com borlas chinesas<\/li>\n<li>Servi\u00e7o OEM&amp;ODM<\/li>\n<\/ul>\n<p>&nbsp;<\/p>","protected":false},"featured_media":1429,"comment_status":"closed","ping_status":"closed","template":"","meta":{"_acf_changed":false},"box-type":[64,61],"product_brand":[],"product_cat":[19,41,46,33,44],"product_tag":[],"class_list":{"0":"post-1428","1":"product","2":"type-product","3":"status-publish","4":"has-post-thumbnail","6":"box-type-custom-clear-lid-paper-boxes","7":"box-type-custom-two-piece-boxes","8":"product_cat-luxury-gift-boxes-wholesale","9":"product_cat-candy-gift-boxes-wholesale","10":"product_cat-wholesale-paper-boxes","11":"product_cat-food-packaging-boxes-wholesale","12":"product_cat-custom-snack-box","14":"first","15":"instock","16":"shipping-taxable","17":"product-type-simple"},"acf":[],"_links":{"self":[{"href":"https:\/\/www.yishengpack.com\/pt\/wp-json\/wp\/v2\/product\/1428","targetHints":{"allow":["GET"]}}],"collection":[{"href":"https:\/\/www.yishengpack.com\/pt\/wp-json\/wp\/v2\/product"}],"about":[{"href":"https:\/\/www.yishengpack.com\/pt\/wp-json\/wp\/v2\/types\/product"}],"replies":[{"embeddable":true,"href":"https:\/\/www.yishengpack.com\/pt\/wp-json\/wp\/v2\/comments?post=1428"}],"wp:featuredmedia":[{"embeddable":true,"href":"https:\/\/www.yishengpack.com\/pt\/wp-json\/wp\/v2\/media\/1429"}],"wp:attachment":[{"href":"https:\/\/www.yishengpack.com\/pt\/wp-json\/wp\/v2\/media?parent=1428"}],"wp:term":[{"taxonomy":"box-type","embeddable":true,"href":"https:\/\/www.yishengpack.com\/pt\/wp-json\/wp\/v2\/box-type?post=1428"},{"taxonomy":"product_brand","embeddable":true,"href":"https:\/\/www.yishengpack.com\/pt\/wp-json\/wp\/v2\/product_brand?post=1428"},{"taxonomy":"product_cat","embeddable":true,"href":"https:\/\/www.yishengpack.com\/pt\/wp-json\/wp\/v2\/product_cat?post=1428"},{"taxonomy":"product_tag","embeddable":true,"href":"https:\/\/www.yishengpack.com\/pt\/wp-json\/wp\/v2\/product_tag?post=1428"}],"curies":[{"name":"wp","href":"https:\/\/api.w.org\/{rel}","templated":true}]}}