{"id":1397,"date":"2025-05-14T02:05:00","date_gmt":"2025-05-14T02:05:00","guid":{"rendered":"https:\/\/www.yishengpack.com\/?post_type=product&#038;p=1397"},"modified":"2025-08-11T06:15:44","modified_gmt":"2025-08-11T06:15:44","slug":"custom-printed-wine-boxes","status":"publish","type":"product","link":"https:\/\/www.yishengpack.com\/pt\/product\/custom-printed-wine-boxes\/","title":{"rendered":"Caixas de vinho impressas personalizadas de luxo para licor de u\u00edsque e champanhe com sacos de al\u00e7a"},"content":{"rendered":"<div class=\"wp-block-columns is-layout-flex wp-container-core-columns-is-layout-9d6595d7 wp-block-columns-is-layout-flex\">\n<div class=\"wp-block-column is-layout-flow wp-block-column-is-layout-flow\">\n<h3 class=\"wp-block-heading\">Caracter\u00edsticas das caixas de vinho personalizadas<\/h3>\n\n\n\n<p><strong>Totalmente personaliz\u00e1vel em todos os detalhes: <\/strong>Estas caixas de vinho personalizadas s\u00e3o totalmente personaliz\u00e1veis em todos os aspetos internos, desde o tamanho, cor e estrutura da caixa at\u00e9 ao acabamento da impress\u00e3o, como relevo, UV e estampagem em folha met\u00e1lica. Perfeitas para branding.<\/p>\n\n\n\n<p><strong>Materiais seguros para alimentos e amigos do ambiente:<\/strong> Estas caixas de presente por grosso de qualidade premium s\u00e3o fabricadas com papel kraft e cart\u00e3o de alta qualidade, pr\u00f3prios para uso alimentar, que s\u00e3o recicl\u00e1veis e biodegrad\u00e1veis, tornando o produto final n\u00e3o s\u00f3 seguro, mas tamb\u00e9m amigo do ambiente.<\/p>\n\n\n\n<p><strong>Diferentes acabamentos de superf\u00edcie para uma sensa\u00e7\u00e3o de luxo: <\/strong>Estas caixas de vinho personalizadas incluem lamina\u00e7\u00e3o mate\/brilhante, folha de ouro, UV seletivo, relevo e grava\u00e7\u00e3o para proporcionar um valor visual e um toque adicionais \u00e0 sua embalagem.<\/p>\n\n\n\n<p><strong>Design robusto com tipos de abertura personalizados: <\/strong>Estas caixas de presente de luxo por grosso oferecem op\u00e7\u00f5es entre tipos de tampa dobr\u00e1vel, tipo gaveta, fecho magn\u00e9tico ou tampa articulada para proporcionar o m\u00e1ximo cuidado e conveni\u00eancia ao consumidor.<\/p>\n<\/div>\n\n\n\n<div class=\"wp-block-column is-layout-flow wp-block-column-is-layout-flow\">\n<figure class=\"wp-block-image size-full\"><img decoding=\"async\" width=\"632\" height=\"632\" src=\"https:\/\/www.yishengpack.com\/wp-content\/uploads\/2025\/05\/126.webp\" alt=\"caixas-de-vinho-luxuosas-personalizadas-com-al\u00e7a-e-bolsas-1\" class=\"wp-image-1407\" srcset=\"https:\/\/www.yishengpack.com\/wp-content\/uploads\/2025\/05\/126.webp 632w, https:\/\/www.yishengpack.com\/wp-content\/uploads\/2025\/05\/126-300x300.webp 300w, https:\/\/www.yishengpack.com\/wp-content\/uploads\/2025\/05\/126-150x150.webp 150w, https:\/\/www.yishengpack.com\/wp-content\/uploads\/2025\/05\/126-12x12.webp 12w, https:\/\/www.yishengpack.com\/wp-content\/uploads\/2025\/05\/126-600x600.webp 600w, https:\/\/www.yishengpack.com\/wp-content\/uploads\/2025\/05\/126-100x100.webp 100w\" sizes=\"(max-width: 632px) 100vw, 632px\" \/><\/figure>\n<\/div>\n<\/div>\n\n\n\n<p><\/p>","protected":false},"excerpt":{"rendered":"<p>Bem-vindo \u00e0 compra das nossas caixas de vinho personalizadas. Eleve o n\u00edvel dos seus presentes com estas caixas de vinho de luxo por grosso, com design de alta qualidade e uma ranhura de cart\u00e3o resistente para uma prote\u00e7\u00e3o ideal. Vinho, u\u00edsque ou bebidas espirituosas, a caixa n\u00e3o s\u00f3 confere um valor acrescentado \u00e0 apresenta\u00e7\u00e3o do seu presente, como tamb\u00e9m garante uma entrega segura. Reutiliz\u00e1vel e ecol\u00f3gica, \u00e9 perfeita para presentes de luxo, casamentos, presentes corporativos ou ocasi\u00f5es comemorativas.<\/p>\n<h2>Especifica\u00e7\u00f5es das caixas de vinho personalizadas:<\/h2>\n<table width=\"528\">\n<tbody>\n<tr>\n<td width=\"215\">Fabricante:<\/td>\n<td colspan=\"2\" width=\"313\">Yisheng<\/td>\n<\/tr>\n<tr>\n<td>Conce\u00e7\u00e3o:<\/td>\n<td colspan=\"2\">Caixas com tampa articulada<\/td>\n<\/tr>\n<tr>\n<td>Material:\u00a0<\/td>\n<td colspan=\"2\">Cart\u00e3o e papel de arte<\/td>\n<\/tr>\n<tr>\n<td>Cor:\u00a0<\/td>\n<td colspan=\"2\">Impress\u00e3o em offset a 4 cores CMYK<\/td>\n<\/tr>\n<tr>\n<td>Tamanho:\u00a0<\/td>\n<td colspan=\"2\" width=\"313\">Aceita\u00e7\u00e3o personalizada<\/td>\n<\/tr>\n<tr>\n<td>Utiliza\u00e7\u00e3o geral:<\/td>\n<td colspan=\"2\" width=\"313\">Vinho, u\u00edsque, conhaque, tequila, etc.<\/td>\n<\/tr>\n<tr>\n<td>Forma:\u00a0<\/td>\n<td colspan=\"2\" width=\"313\">Ret\u00e2ngulo e personalizado<\/td>\n<\/tr>\n<tr>\n<td>Log\u00f3tipo:\u00a0<\/td>\n<td colspan=\"2\">Personalizado<\/td>\n<\/tr>\n<tr>\n<td>MOQ:\u00a0<\/td>\n<td colspan=\"2\">1000pcs<\/td>\n<\/tr>\n<tr>\n<td>OEM E ODM\uff1a<\/td>\n<td colspan=\"2\">Personalizado, bem-vindo OEM e ODM<\/td>\n<\/tr>\n<tr>\n<td>Amostra\uff1a<\/td>\n<td colspan=\"2\">5 pe\u00e7as de amostras gr\u00e1tis podem ser solicitadas<\/td>\n<\/tr>\n<\/tbody>\n<\/table>\n<p>\n<script src=\"chrome-extension:\/\/fpelahbljekknahkcaegamhcndkfpfnc\/iFrame.js\" type=\"text\/javascript\"><\/script><\/p>","protected":false},"featured_media":1399,"comment_status":"closed","ping_status":"closed","template":"","meta":{"_acf_changed":false},"box-type":[52,48],"product_brand":[],"product_cat":[36,19,33,34,37],"product_tag":[],"class_list":{"0":"post-1397","1":"product","2":"type-product","3":"status-publish","4":"has-post-thumbnail","6":"box-type-custom-rope-handle-paper-bags","7":"box-type-custom-tuck-top-boxes","8":"product_cat-wine-boxes-wholesale","9":"product_cat-luxury-gift-boxes-wholesale","10":"product_cat-food-packaging-boxes-wholesale","11":"product_cat-paper-bags-wholesale","12":"product_cat-paper-gift-bags-bulk","14":"first","15":"instock","16":"shipping-taxable","17":"product-type-simple"},"acf":[],"_links":{"self":[{"href":"https:\/\/www.yishengpack.com\/pt\/wp-json\/wp\/v2\/product\/1397","targetHints":{"allow":["GET"]}}],"collection":[{"href":"https:\/\/www.yishengpack.com\/pt\/wp-json\/wp\/v2\/product"}],"about":[{"href":"https:\/\/www.yishengpack.com\/pt\/wp-json\/wp\/v2\/types\/product"}],"replies":[{"embeddable":true,"href":"https:\/\/www.yishengpack.com\/pt\/wp-json\/wp\/v2\/comments?post=1397"}],"wp:featuredmedia":[{"embeddable":true,"href":"https:\/\/www.yishengpack.com\/pt\/wp-json\/wp\/v2\/media\/1399"}],"wp:attachment":[{"href":"https:\/\/www.yishengpack.com\/pt\/wp-json\/wp\/v2\/media?parent=1397"}],"wp:term":[{"taxonomy":"box-type","embeddable":true,"href":"https:\/\/www.yishengpack.com\/pt\/wp-json\/wp\/v2\/box-type?post=1397"},{"taxonomy":"product_brand","embeddable":true,"href":"https:\/\/www.yishengpack.com\/pt\/wp-json\/wp\/v2\/product_brand?post=1397"},{"taxonomy":"product_cat","embeddable":true,"href":"https:\/\/www.yishengpack.com\/pt\/wp-json\/wp\/v2\/product_cat?post=1397"},{"taxonomy":"product_tag","embeddable":true,"href":"https:\/\/www.yishengpack.com\/pt\/wp-json\/wp\/v2\/product_tag?post=1397"}],"curies":[{"name":"wp","href":"https:\/\/api.w.org\/{rel}","templated":true}]}}