{"id":1372,"date":"2025-05-06T06:23:21","date_gmt":"2025-05-06T06:23:21","guid":{"rendered":"https:\/\/www.yishengpack.com\/?post_type=product&#038;p=1372"},"modified":"2025-08-11T06:16:22","modified_gmt":"2025-08-11T06:16:22","slug":"wine-gift-boxes-wholesale","status":"publish","type":"product","link":"https:\/\/www.yishengpack.com\/pt\/product\/wine-gift-boxes-wholesale\/","title":{"rendered":"Caixas de oferta de vinho de alta qualidade por atacado, caixas magn\u00e9ticas personalizadas para uma \u00fanica garrafa de vinho"},"content":{"rendered":"<div class=\"wp-block-columns is-layout-flex wp-container-core-columns-is-layout-9d6595d7 wp-block-columns-is-layout-flex\">\n<div class=\"wp-block-column is-layout-flow wp-block-column-is-layout-flow\">\n<h3 class=\"wp-block-heading\">Carater\u00edsticas das caixas de oferta de vinho por grosso<\/h3>\n\n\n\n<p><strong>Design magn\u00e9tico topo de gama:<\/strong> Estas caixas de oferta de vinho topo de gama por atacado adoptam uma estrutura de cobertura magn\u00e9tica, que abre suavemente e melhora a sensa\u00e7\u00e3o de cerim\u00f3nia de desembalagem. Amplamente utilizadas em caixas de presente para festivais, com\u00e9rcio eletr\u00f3nico e presentes personalizados para empresas<\/p>\n\n\n\n<p><strong>Uma variedade de personaliza\u00e7\u00f5es: <\/strong>Estas caixas de oferta de vinho topo de gama por atacado tamb\u00e9m podem ser totalmente personalizadas no que diz respeito ao tamanho, cor e disposi\u00e7\u00e3o, com op\u00e7\u00f5es potenciais que variam entre estampagem a quente, UV, serigrafia e relevo para transmitir a exclusividade da marca.<\/p>\n\n\n\n<p><strong>Estrutura est\u00e1vel:<\/strong> As nossas caixas magn\u00e9ticas personalizadas s\u00e3o constru\u00eddas com cart\u00e3o de alta gramagem para uma estrutura m\u00e1xima e prote\u00e7\u00e3o do produto durante o transporte e a armazenagem.<\/p>\n\n\n\n<p><strong>Design de caixa de presente de luxo: <\/strong>As nossas caixas magn\u00e9ticas personalizadas aumentam o valor da marca. Utilizando materiais ecol\u00f3gicos, a caixa mant\u00e9m um aspeto premium com uma estrutura r\u00edgida e elegante, aumentando o valor percebido dos produtos de gama m\u00e9dia a alta.<\/p>\n\n\n\n<p><strong>Desenvolvimento sustent\u00e1vel: <\/strong>Estas caixas de luxo para oferta de vinho por grosso s\u00e3o feitas de materiais biodegrad\u00e1veis, como cart\u00e3o reciclado, papel kraft ou cart\u00e3o ecol\u00f3gico, em conformidade com as tend\u00eancias globais de sustentabilidade e os requisitos do mercado da UE\/EUA.<\/p>\n<\/div>\n\n\n\n<div class=\"wp-block-column is-layout-flow wp-block-column-is-layout-flow\">\n<figure class=\"wp-block-image size-full\"><img decoding=\"async\" width=\"720\" height=\"720\" src=\"https:\/\/www.yishengpack.com\/wp-content\/uploads\/2025\/05\/Wholesale-High-end-Luxury-Customized-Paper-Cardboard-Single-Wine-Bottle-Magnetic-Container-Folding-Gift-Packaging-Box7.webp\" alt=\"high-end-wine-gift-boxes-wholesale-custom-magnetic-boxes-for-single-wine-bottle-1\" class=\"wp-image-1379\" srcset=\"https:\/\/www.yishengpack.com\/wp-content\/uploads\/2025\/05\/Wholesale-High-end-Luxury-Customized-Paper-Cardboard-Single-Wine-Bottle-Magnetic-Container-Folding-Gift-Packaging-Box7.webp 720w, https:\/\/www.yishengpack.com\/wp-content\/uploads\/2025\/05\/Wholesale-High-end-Luxury-Customized-Paper-Cardboard-Single-Wine-Bottle-Magnetic-Container-Folding-Gift-Packaging-Box7-300x300.webp 300w, https:\/\/www.yishengpack.com\/wp-content\/uploads\/2025\/05\/Wholesale-High-end-Luxury-Customized-Paper-Cardboard-Single-Wine-Bottle-Magnetic-Container-Folding-Gift-Packaging-Box7-150x150.webp 150w, https:\/\/www.yishengpack.com\/wp-content\/uploads\/2025\/05\/Wholesale-High-end-Luxury-Customized-Paper-Cardboard-Single-Wine-Bottle-Magnetic-Container-Folding-Gift-Packaging-Box7-12x12.webp 12w, https:\/\/www.yishengpack.com\/wp-content\/uploads\/2025\/05\/Wholesale-High-end-Luxury-Customized-Paper-Cardboard-Single-Wine-Bottle-Magnetic-Container-Folding-Gift-Packaging-Box7-600x600.webp 600w, https:\/\/www.yishengpack.com\/wp-content\/uploads\/2025\/05\/Wholesale-High-end-Luxury-Customized-Paper-Cardboard-Single-Wine-Bottle-Magnetic-Container-Folding-Gift-Packaging-Box7-100x100.webp 100w\" sizes=\"(max-width: 720px) 100vw, 720px\" \/><\/figure>\n<\/div>\n<\/div>\n\n\n\n<p><\/p>","protected":false},"excerpt":{"rendered":"<p>Bem-vindo ao comprar as nossas caixas magn\u00e9ticas personalizadas. Eleve a sua experi\u00eancia de oferta com estas caixas de oferta de vinho topo de gama por atacado que t\u00eam um design geom\u00e9trico elegante a preto e branco e uma inser\u00e7\u00e3o de espuma segura para a m\u00e1xima prote\u00e7\u00e3o. Vinho, u\u00edsque ou bebidas espirituosas, a caixa n\u00e3o s\u00f3 d\u00e1 ao seu presente um impulso extra de apresenta\u00e7\u00e3o, mas tamb\u00e9m garante uma entrega segura. Reutiliz\u00e1vel e amiga do ambiente, \u00e9 perfeita para presentes de luxo, casamentos, ofertas de empresas ou celebra\u00e7\u00f5es festivas.<\/p>\n<h2>Caixas de oferta de vinho por atacado Especifica\u00e7\u00f5es:<\/h2>\n<table width=\"528\">\n<tbody>\n<tr>\n<td width=\"215\">Fabricante:<\/td>\n<td colspan=\"2\" width=\"313\">Yisheng<\/td>\n<\/tr>\n<tr>\n<td>Conce\u00e7\u00e3o:<\/td>\n<td colspan=\"2\">Caixas magn\u00e9ticas<\/td>\n<\/tr>\n<tr>\n<td>Material:\u00a0<\/td>\n<td colspan=\"2\">Cart\u00e3o e papel de arte<\/td>\n<\/tr>\n<tr>\n<td>Cor:\u00a0<\/td>\n<td colspan=\"2\">Impress\u00e3o em offset a 4 cores CMYK<\/td>\n<\/tr>\n<tr>\n<td>Tamanho:\u00a0<\/td>\n<td colspan=\"2\" width=\"313\">Aceita\u00e7\u00e3o personalizada<\/td>\n<\/tr>\n<tr>\n<td>Utiliza\u00e7\u00e3o geral:<\/td>\n<td colspan=\"2\" width=\"313\">Vinho, u\u00edsque, conhaque, tequila, etc.<\/td>\n<\/tr>\n<tr>\n<td>Forma:\u00a0<\/td>\n<td colspan=\"2\" width=\"313\">Ret\u00e2ngulo e personalizado<\/td>\n<\/tr>\n<tr>\n<td>Log\u00f3tipo:\u00a0<\/td>\n<td colspan=\"2\">Personalizado<\/td>\n<\/tr>\n<tr>\n<td>MOQ:\u00a0<\/td>\n<td colspan=\"2\">1000pcs<\/td>\n<\/tr>\n<tr>\n<td>OEM E ODM\uff1a<\/td>\n<td colspan=\"2\">Personalizado, bem-vindo OEM e ODM<\/td>\n<\/tr>\n<tr>\n<td>Amostra\uff1a<\/td>\n<td colspan=\"2\">5 pe\u00e7as de amostras gr\u00e1tis podem ser solicitadas<\/td>\n<\/tr>\n<\/tbody>\n<\/table>\n<p>\n<script src=\"chrome-extension:\/\/fpelahbljekknahkcaegamhcndkfpfnc\/iFrame.js\" type=\"text\/javascript\"><\/script><\/p>","protected":false},"featured_media":1373,"comment_status":"closed","ping_status":"closed","template":"","meta":{"_acf_changed":false},"box-type":[54],"product_brand":[],"product_cat":[36,19],"product_tag":[],"class_list":{"0":"post-1372","1":"product","2":"type-product","3":"status-publish","4":"has-post-thumbnail","6":"box-type-custom-magnetic-closure-boxes","7":"product_cat-wine-boxes-wholesale","8":"product_cat-luxury-gift-boxes-wholesale","10":"first","11":"instock","12":"shipping-taxable","13":"product-type-simple"},"acf":[],"_links":{"self":[{"href":"https:\/\/www.yishengpack.com\/pt\/wp-json\/wp\/v2\/product\/1372","targetHints":{"allow":["GET"]}}],"collection":[{"href":"https:\/\/www.yishengpack.com\/pt\/wp-json\/wp\/v2\/product"}],"about":[{"href":"https:\/\/www.yishengpack.com\/pt\/wp-json\/wp\/v2\/types\/product"}],"replies":[{"embeddable":true,"href":"https:\/\/www.yishengpack.com\/pt\/wp-json\/wp\/v2\/comments?post=1372"}],"wp:featuredmedia":[{"embeddable":true,"href":"https:\/\/www.yishengpack.com\/pt\/wp-json\/wp\/v2\/media\/1373"}],"wp:attachment":[{"href":"https:\/\/www.yishengpack.com\/pt\/wp-json\/wp\/v2\/media?parent=1372"}],"wp:term":[{"taxonomy":"box-type","embeddable":true,"href":"https:\/\/www.yishengpack.com\/pt\/wp-json\/wp\/v2\/box-type?post=1372"},{"taxonomy":"product_brand","embeddable":true,"href":"https:\/\/www.yishengpack.com\/pt\/wp-json\/wp\/v2\/product_brand?post=1372"},{"taxonomy":"product_cat","embeddable":true,"href":"https:\/\/www.yishengpack.com\/pt\/wp-json\/wp\/v2\/product_cat?post=1372"},{"taxonomy":"product_tag","embeddable":true,"href":"https:\/\/www.yishengpack.com\/pt\/wp-json\/wp\/v2\/product_tag?post=1372"}],"curies":[{"name":"wp","href":"https:\/\/api.w.org\/{rel}","templated":true}]}}