{"id":1353,"date":"2025-04-27T10:36:55","date_gmt":"2025-04-27T10:36:55","guid":{"rendered":"https:\/\/www.yishengpack.com\/?post_type=product&#038;p=1353"},"modified":"2025-08-11T06:16:56","modified_gmt":"2025-08-11T06:16:56","slug":"custom-printed-gift-boxes","status":"publish","type":"product","link":"https:\/\/www.yishengpack.com\/pt\/product\/custom-printed-gift-boxes\/","title":{"rendered":"Caixas de presente impressas em folha de ouro, caixas de presente de chocolate personalizadas com compartimentos"},"content":{"rendered":"<div class=\"wp-block-columns is-layout-flex wp-container-core-columns-is-layout-9d6595d7 wp-block-columns-is-layout-flex\">\n<div class=\"wp-block-column is-layout-flow wp-block-column-is-layout-flow\">\n<h3 class=\"wp-block-heading\">Carater\u00edsticas das caixas de oferta impressas personalizadas<\/h3>\n\n\n\n<p><strong>Folha de ouro artesanal:<\/strong> Estas caixas de presente impressas personalizadas t\u00eam um design luxuoso em folha de ouro mate, que confere delicadeza e eleg\u00e2ncia \u00e0 caixa, e sofistica\u00e7\u00e3o para apresentar presentes de alta qualidade com uma beleza requintada.<\/p>\n\n\n\n<p><strong>Impress\u00e3o personalizada:<\/strong> Estas caixas de presente impressas personalizadas podem ser impressas com o log\u00f3tipo da sua marca, mensagem ou design exclusivo para oferecer uma experi\u00eancia de embalagem de presente personalizada.<\/p>\n\n\n\n<p><strong>Com design de compartimento:<\/strong> A nossa caixa de oferta de chocolate personalizada tem compartimentos, o que torna mais conveniente dispor os chocolates, os bolos, as t\u00e2maras e outras guloseimas de forma organizada para obter a apresenta\u00e7\u00e3o ideal da oferta.<\/p>\n\n\n\n<p><strong>Material de cart\u00e3o dur\u00e1vel:<\/strong> A nossa caixa de oferta de chocolate personalizada \u00e9 feita de cart\u00e3o de alta qualidade para que a caixa seja dur\u00e1vel e resistente e possa salvaguardar eficazmente o conte\u00fado no seu interior.<\/p>\n\n\n\n<p><strong>V\u00e1rios tamanhos dispon\u00edveis:<\/strong> As nossas caixas de oferta impressas personalizadas oferecem v\u00e1rias especifica\u00e7\u00f5es e tamanhos para satisfazer uma vasta gama de exig\u00eancias de embalagens de alimentos, desde bolachas, macarons, chocolates a frutas cristalizadas, fatias de frutas secas, etc., e podem ser alteradas de forma flex\u00edvel de acordo com diferentes ambientes empresariais.<\/p>\n<\/div>\n\n\n\n<div class=\"wp-block-column is-layout-flow wp-block-column-is-layout-flow\">\n<figure class=\"wp-block-image size-full\"><img decoding=\"async\" width=\"720\" height=\"720\" src=\"https:\/\/www.yishengpack.com\/wp-content\/uploads\/2025\/04\/Gold-Foil-Matt-Box-Manufacturer-Custom-Printed-Luxury-Cardboard-Pastry-Date-Chocolate-Gift-Packaging-Paper-Box-with-Compartments5.webp\" alt=\"caixas de oferta com impress\u00e3o personalizada em folha de ouro - caixas de oferta com chocolate a granel - 1\" class=\"wp-image-1358\" srcset=\"https:\/\/www.yishengpack.com\/wp-content\/uploads\/2025\/04\/Gold-Foil-Matt-Box-Manufacturer-Custom-Printed-Luxury-Cardboard-Pastry-Date-Chocolate-Gift-Packaging-Paper-Box-with-Compartments5.webp 720w, https:\/\/www.yishengpack.com\/wp-content\/uploads\/2025\/04\/Gold-Foil-Matt-Box-Manufacturer-Custom-Printed-Luxury-Cardboard-Pastry-Date-Chocolate-Gift-Packaging-Paper-Box-with-Compartments5-300x300.webp 300w, https:\/\/www.yishengpack.com\/wp-content\/uploads\/2025\/04\/Gold-Foil-Matt-Box-Manufacturer-Custom-Printed-Luxury-Cardboard-Pastry-Date-Chocolate-Gift-Packaging-Paper-Box-with-Compartments5-150x150.webp 150w, https:\/\/www.yishengpack.com\/wp-content\/uploads\/2025\/04\/Gold-Foil-Matt-Box-Manufacturer-Custom-Printed-Luxury-Cardboard-Pastry-Date-Chocolate-Gift-Packaging-Paper-Box-with-Compartments5-12x12.webp 12w, https:\/\/www.yishengpack.com\/wp-content\/uploads\/2025\/04\/Gold-Foil-Matt-Box-Manufacturer-Custom-Printed-Luxury-Cardboard-Pastry-Date-Chocolate-Gift-Packaging-Paper-Box-with-Compartments5-600x600.webp 600w, https:\/\/www.yishengpack.com\/wp-content\/uploads\/2025\/04\/Gold-Foil-Matt-Box-Manufacturer-Custom-Printed-Luxury-Cardboard-Pastry-Date-Chocolate-Gift-Packaging-Paper-Box-with-Compartments5-100x100.webp 100w\" sizes=\"(max-width: 720px) 100vw, 720px\" \/><\/figure>\n<\/div>\n<\/div>\n\n\n\n<p><\/p>","protected":false},"excerpt":{"rendered":"<p>Bem-vindo a comprar as nossas caixas de presente impressas personalizadas. As nossas caixas em folha de ouro mate conferem uma sensa\u00e7\u00e3o de luxo e sofistica\u00e7\u00e3o \u00e0 sua caixa de presente de chocolate personalizada. Ao personalizar o log\u00f3tipo impresso, o material de cart\u00e3o resistente e o design do compartimento tornam-na perfeita para embalar chocolates, pastelaria e outros presentes de alta qualidade. Quer se trate de um presente de empresa ou de um brinde festivo, esta caixa dar\u00e1 um charme \u00fanico aos seus presentes!<\/p>\n<h2>Caixas de presente impressas personalizadas Especifica\u00e7\u00f5es:<\/h2>\n<table width=\"528\">\n<tbody>\n<tr>\n<td width=\"215\">Fabricante:<\/td>\n<td colspan=\"2\" width=\"313\">Yisheng<\/td>\n<\/tr>\n<tr>\n<td>Conce\u00e7\u00e3o:<\/td>\n<td colspan=\"2\">Caixas superiores e inferiores<\/td>\n<\/tr>\n<tr>\n<td>Material:\u00a0<\/td>\n<td colspan=\"2\">Cart\u00e3o e papel de arte<\/td>\n<\/tr>\n<tr>\n<td>Cor:\u00a0<\/td>\n<td colspan=\"2\">Impress\u00e3o em offset a 4 cores CMYK<\/td>\n<\/tr>\n<tr>\n<td>Tamanho:\u00a0<\/td>\n<td colspan=\"2\" width=\"313\">Aceita\u00e7\u00e3o personalizada<\/td>\n<\/tr>\n<tr>\n<td>Utiliza\u00e7\u00e3o geral:<\/td>\n<td colspan=\"2\" width=\"313\">Trufas, sobremesas, pastelaria, bolachas, etc.<\/td>\n<\/tr>\n<tr>\n<td>Forma:\u00a0<\/td>\n<td colspan=\"2\" width=\"313\">Ret\u00e2ngulo e personalizado<\/td>\n<\/tr>\n<tr>\n<td>Log\u00f3tipo:\u00a0<\/td>\n<td colspan=\"2\">Personalizado<\/td>\n<\/tr>\n<tr>\n<td>MOQ:\u00a0<\/td>\n<td colspan=\"2\">1000pcs<\/td>\n<\/tr>\n<tr>\n<td>OEM E ODM\uff1a<\/td>\n<td colspan=\"2\">Personalizado, bem-vindo OEM e ODM<\/td>\n<\/tr>\n<tr>\n<td>Amostra\uff1a<\/td>\n<td colspan=\"2\">5 pe\u00e7as de amostras gr\u00e1tis podem ser solicitadas<\/td>\n<\/tr>\n<\/tbody>\n<\/table>\n<p>\n<script src=\"chrome-extension:\/\/fpelahbljekknahkcaegamhcndkfpfnc\/iFrame.js\" type=\"text\/javascript\"><\/script><\/p>","protected":false},"featured_media":1361,"comment_status":"closed","ping_status":"closed","template":"","meta":{"_acf_changed":false},"box-type":[57,61],"product_brand":[],"product_cat":[32,19,41,46],"product_tag":[],"class_list":{"0":"post-1353","1":"product","2":"type-product","3":"status-publish","4":"has-post-thumbnail","6":"box-type-custom-rigid-box-with-lid","7":"box-type-custom-two-piece-boxes","8":"product_cat-bakery-packaging-wholesale","9":"product_cat-luxury-gift-boxes-wholesale","10":"product_cat-candy-gift-boxes-wholesale","11":"product_cat-wholesale-paper-boxes","13":"first","14":"instock","15":"shipping-taxable","16":"product-type-simple"},"acf":[],"_links":{"self":[{"href":"https:\/\/www.yishengpack.com\/pt\/wp-json\/wp\/v2\/product\/1353","targetHints":{"allow":["GET"]}}],"collection":[{"href":"https:\/\/www.yishengpack.com\/pt\/wp-json\/wp\/v2\/product"}],"about":[{"href":"https:\/\/www.yishengpack.com\/pt\/wp-json\/wp\/v2\/types\/product"}],"replies":[{"embeddable":true,"href":"https:\/\/www.yishengpack.com\/pt\/wp-json\/wp\/v2\/comments?post=1353"}],"wp:featuredmedia":[{"embeddable":true,"href":"https:\/\/www.yishengpack.com\/pt\/wp-json\/wp\/v2\/media\/1361"}],"wp:attachment":[{"href":"https:\/\/www.yishengpack.com\/pt\/wp-json\/wp\/v2\/media?parent=1353"}],"wp:term":[{"taxonomy":"box-type","embeddable":true,"href":"https:\/\/www.yishengpack.com\/pt\/wp-json\/wp\/v2\/box-type?post=1353"},{"taxonomy":"product_brand","embeddable":true,"href":"https:\/\/www.yishengpack.com\/pt\/wp-json\/wp\/v2\/product_brand?post=1353"},{"taxonomy":"product_cat","embeddable":true,"href":"https:\/\/www.yishengpack.com\/pt\/wp-json\/wp\/v2\/product_cat?post=1353"},{"taxonomy":"product_tag","embeddable":true,"href":"https:\/\/www.yishengpack.com\/pt\/wp-json\/wp\/v2\/product_tag?post=1353"}],"curies":[{"name":"wp","href":"https:\/\/api.w.org\/{rel}","templated":true}]}}