{"id":1345,"date":"2025-04-27T09:49:52","date_gmt":"2025-04-27T09:49:52","guid":{"rendered":"https:\/\/www.yishengpack.com\/?post_type=product&#038;p=1345"},"modified":"2025-08-11T06:17:13","modified_gmt":"2025-08-11T06:17:13","slug":"custom-luxury-gift-boxes","status":"publish","type":"product","link":"https:\/\/www.yishengpack.com\/pt\/product\/custom-luxury-gift-boxes\/","title":{"rendered":"Caixas de presente de luxo personalizadas com log\u00f3tipo, caixas magn\u00e9ticas r\u00edgidas por atacado com divis\u00f3ria"},"content":{"rendered":"<div class=\"wp-block-columns is-layout-flex wp-container-core-columns-is-layout-9d6595d7 wp-block-columns-is-layout-flex\">\n<div class=\"wp-block-column is-layout-flow wp-block-column-is-layout-flow\">\n<h3 class=\"wp-block-heading\">Caracter\u00edsticas das caixas de presente de luxo personalizadas<\/h3>\n\n\n\n<p><strong>Design com divis\u00f3rias:<\/strong> As caixas de presente de luxo personalizadas podem ser personalizadas com um design de camada intermedi\u00e1ria no interior que pode impedir eficazmente a penetra\u00e7\u00e3o de gordura e humidade, manter o conte\u00fado, como frutas cristalizadas, chocolate e biscoitos, fresco e limpo, e evitar o contacto entre si.<\/p>\n\n\n\n<p><strong>Estrutura de papel refor\u00e7ado:<\/strong> As nossas caixas magn\u00e9ticas r\u00edgidas por grosso s\u00e3o feitas de cart\u00e3o de alta gramagem, altamente resistente \u00e0 press\u00e3o e adequado para transporte pesado e de longa dist\u00e2ncia. Entrega a granel sem preocupa\u00e7\u00f5es, adequada para supermercados, lojas de sobremesas, festas, presentes de Natal e outras ocasi\u00f5es.<\/p>\n\n\n\n<p><strong>Design de suc\u00e7\u00e3o magn\u00e9tica: <\/strong>As caixas de presente de luxo personalizadas s\u00e3o feitas com fechos magn\u00e9ticos de alta qualidade, abrem e fecham suavemente, real\u00e7ando a sensa\u00e7\u00e3o geral de classe da embalagem do presente. Assegurem que os alimentos na caixa n\u00e3o caem facilmente e que n\u00e3o h\u00e1 preocupa\u00e7\u00f5es durante o transporte.<\/p>\n\n\n\n<p><strong>V\u00e1rios tamanhos dispon\u00edveis:<\/strong> As nossas caixas de presente de luxo personalizadas oferecem uma variedade de especifica\u00e7\u00f5es e tamanhos para atender a v\u00e1rias necessidades de embalagem de alimentos, desde biscoitos, macarons, chocolates a frutas cristalizadas, fatias de frutas secas, etc., e podem se adaptar de forma flex\u00edvel a diferentes cen\u00e1rios de neg\u00f3cios.<\/p>\n\n\n\n<p><strong>Suporte para log\u00f3tipo personalizado: <\/strong>As nossas caixas magn\u00e9ticas r\u00edgidas por grosso podem imprimir log\u00f3tipos, padr\u00f5es e informa\u00e7\u00f5es exclusivas da marca, de acordo com as necessidades do cliente, para aumentar a notoriedade da marca, melhorar a impress\u00e3o dos clientes e ajudar no marketing da marca.<\/p>\n<\/div>\n\n\n\n<div class=\"wp-block-column is-layout-flow wp-block-column-is-layout-flow\">\n<figure class=\"wp-block-image size-full\"><img decoding=\"async\" width=\"640\" height=\"640\" src=\"https:\/\/www.yishengpack.com\/wp-content\/uploads\/2025\/04\/Custom-Logo-Luxury-Rectangular-Rigid-Paper-Dried-Fruit-Slices-Magnetic-Packaging-Boxes-with-Cover-Cookies-Candy-Box-with-Divider3.webp\" alt=\"caixas-de-presente-de-luxo-personalizadas-com-log\u00f3tipo-caixas-magn\u00e9ticas-r\u00edgidas-por-grossista-1\" class=\"wp-image-1348\" srcset=\"https:\/\/www.yishengpack.com\/wp-content\/uploads\/2025\/04\/Custom-Logo-Luxury-Rectangular-Rigid-Paper-Dried-Fruit-Slices-Magnetic-Packaging-Boxes-with-Cover-Cookies-Candy-Box-with-Divider3.webp 640w, https:\/\/www.yishengpack.com\/wp-content\/uploads\/2025\/04\/Custom-Logo-Luxury-Rectangular-Rigid-Paper-Dried-Fruit-Slices-Magnetic-Packaging-Boxes-with-Cover-Cookies-Candy-Box-with-Divider3-300x300.webp 300w, https:\/\/www.yishengpack.com\/wp-content\/uploads\/2025\/04\/Custom-Logo-Luxury-Rectangular-Rigid-Paper-Dried-Fruit-Slices-Magnetic-Packaging-Boxes-with-Cover-Cookies-Candy-Box-with-Divider3-150x150.webp 150w, https:\/\/www.yishengpack.com\/wp-content\/uploads\/2025\/04\/Custom-Logo-Luxury-Rectangular-Rigid-Paper-Dried-Fruit-Slices-Magnetic-Packaging-Boxes-with-Cover-Cookies-Candy-Box-with-Divider3-12x12.webp 12w, https:\/\/www.yishengpack.com\/wp-content\/uploads\/2025\/04\/Custom-Logo-Luxury-Rectangular-Rigid-Paper-Dried-Fruit-Slices-Magnetic-Packaging-Boxes-with-Cover-Cookies-Candy-Box-with-Divider3-600x600.webp 600w, https:\/\/www.yishengpack.com\/wp-content\/uploads\/2025\/04\/Custom-Logo-Luxury-Rectangular-Rigid-Paper-Dried-Fruit-Slices-Magnetic-Packaging-Boxes-with-Cover-Cookies-Candy-Box-with-Divider3-100x100.webp 100w\" sizes=\"(max-width: 640px) 100vw, 640px\" \/><\/figure>\n<\/div>\n<\/div>\n\n\n\n<p><\/p>","protected":false},"excerpt":{"rendered":"<p>Bem-vindo \u00e0 compra das nossas caixas de presente de luxo personalizadas. Estas caixas magn\u00e9ticas r\u00edgidas por grosso s\u00e3o concebidas para trufas, biscoitos e frutas cristalizadas. S\u00e3o feitas de material resistente, \u00e0 prova de \u00f3leo e \u00e0 prova de \u00e1gua, com um design de aba magn\u00e9tica para garantir que os alimentos n\u00e3o caiam durante o transporte. Suportam a personaliza\u00e7\u00e3o do log\u00f3tipo da marca para melhorar a imagem da marca, s\u00e3o adequadas para compras a granel e est\u00e3o dispon\u00edveis em v\u00e1rios tamanhos para atender \u00e0s necessidades de embalagem de v\u00e1rios cen\u00e1rios.<\/p>\n<h2>Especifica\u00e7\u00f5es das caixas de presente de luxo personalizadas:<\/h2>\n<table width=\"528\">\n<tbody>\n<tr>\n<td width=\"215\">Fabricante:<\/td>\n<td colspan=\"2\" width=\"313\">Yisheng<\/td>\n<\/tr>\n<tr>\n<td>Conce\u00e7\u00e3o:<\/td>\n<td colspan=\"2\">Caixas magn\u00e9ticas<\/td>\n<\/tr>\n<tr>\n<td>Material:\u00a0<\/td>\n<td colspan=\"2\">Cart\u00e3o e papel de arte<\/td>\n<\/tr>\n<tr>\n<td>Cor:\u00a0<\/td>\n<td colspan=\"2\">Impress\u00e3o em offset a 4 cores CMYK<\/td>\n<\/tr>\n<tr>\n<td>Tamanho:\u00a0<\/td>\n<td colspan=\"2\" width=\"313\">Aceita\u00e7\u00e3o personalizada<\/td>\n<\/tr>\n<tr>\n<td>Utiliza\u00e7\u00e3o geral:<\/td>\n<td colspan=\"2\" width=\"313\">Trufas, sobremesas, pastelaria, bolachas, etc.<\/td>\n<\/tr>\n<tr>\n<td>Forma:\u00a0<\/td>\n<td colspan=\"2\" width=\"313\">Ret\u00e2ngulo e personalizado<\/td>\n<\/tr>\n<tr>\n<td>Log\u00f3tipo:\u00a0<\/td>\n<td colspan=\"2\">Personalizado<\/td>\n<\/tr>\n<tr>\n<td>MOQ:\u00a0<\/td>\n<td colspan=\"2\">1000pcs<\/td>\n<\/tr>\n<tr>\n<td>OEM E ODM\uff1a<\/td>\n<td colspan=\"2\">Personalizado, bem-vindo OEM e ODM<\/td>\n<\/tr>\n<tr>\n<td>Amostra\uff1a<\/td>\n<td colspan=\"2\">5 pe\u00e7as de amostras gr\u00e1tis podem ser solicitadas<\/td>\n<\/tr>\n<\/tbody>\n<\/table>\n<p>\n<script src=\"chrome-extension:\/\/fpelahbljekknahkcaegamhcndkfpfnc\/iFrame.js\" type=\"text\/javascript\"><\/script><\/p>","protected":false},"featured_media":1347,"comment_status":"closed","ping_status":"closed","template":"","meta":{"_acf_changed":false},"box-type":[54],"product_brand":[],"product_cat":[19,41,46,33,44],"product_tag":[],"class_list":{"0":"post-1345","1":"product","2":"type-product","3":"status-publish","4":"has-post-thumbnail","6":"box-type-custom-magnetic-closure-boxes","7":"product_cat-luxury-gift-boxes-wholesale","8":"product_cat-candy-gift-boxes-wholesale","9":"product_cat-wholesale-paper-boxes","10":"product_cat-food-packaging-boxes-wholesale","11":"product_cat-custom-snack-box","13":"first","14":"instock","15":"shipping-taxable","16":"product-type-simple"},"acf":[],"_links":{"self":[{"href":"https:\/\/www.yishengpack.com\/pt\/wp-json\/wp\/v2\/product\/1345","targetHints":{"allow":["GET"]}}],"collection":[{"href":"https:\/\/www.yishengpack.com\/pt\/wp-json\/wp\/v2\/product"}],"about":[{"href":"https:\/\/www.yishengpack.com\/pt\/wp-json\/wp\/v2\/types\/product"}],"replies":[{"embeddable":true,"href":"https:\/\/www.yishengpack.com\/pt\/wp-json\/wp\/v2\/comments?post=1345"}],"wp:featuredmedia":[{"embeddable":true,"href":"https:\/\/www.yishengpack.com\/pt\/wp-json\/wp\/v2\/media\/1347"}],"wp:attachment":[{"href":"https:\/\/www.yishengpack.com\/pt\/wp-json\/wp\/v2\/media?parent=1345"}],"wp:term":[{"taxonomy":"box-type","embeddable":true,"href":"https:\/\/www.yishengpack.com\/pt\/wp-json\/wp\/v2\/box-type?post=1345"},{"taxonomy":"product_brand","embeddable":true,"href":"https:\/\/www.yishengpack.com\/pt\/wp-json\/wp\/v2\/product_brand?post=1345"},{"taxonomy":"product_cat","embeddable":true,"href":"https:\/\/www.yishengpack.com\/pt\/wp-json\/wp\/v2\/product_cat?post=1345"},{"taxonomy":"product_tag","embeddable":true,"href":"https:\/\/www.yishengpack.com\/pt\/wp-json\/wp\/v2\/product_tag?post=1345"}],"curies":[{"name":"wp","href":"https:\/\/api.w.org\/{rel}","templated":true}]}}