{"id":1297,"date":"2025-04-11T08:33:22","date_gmt":"2025-04-11T08:33:22","guid":{"rendered":"https:\/\/www.yishengpack.com\/?post_type=product&#038;p=1297"},"modified":"2025-08-11T06:32:30","modified_gmt":"2025-08-11T06:32:30","slug":"custom-magnetic-boxes","status":"publish","type":"product","link":"https:\/\/www.yishengpack.com\/pt\/product\/custom-magnetic-boxes\/","title":{"rendered":"Caixas magn\u00e9ticas personalizadas OEM\/ODM com forro, caixas de oferta de vinho por atacado"},"content":{"rendered":"<div class=\"wp-block-columns is-layout-flex wp-container-core-columns-is-layout-9d6595d7 wp-block-columns-is-layout-flex\">\n<div class=\"wp-block-column is-layout-flow wp-block-column-is-layout-flow\">\n<h3 class=\"wp-block-heading\">Carater\u00edsticas das caixas magn\u00e9ticas personalizadas<\/h3>\n\n\n\n<p><strong>Suporte \u00e0 personaliza\u00e7\u00e3o OEM\/ODM:<\/strong> Estas caixas magn\u00e9ticas personalizadas com forro oferecem uma gama completa de servi\u00e7os de personaliza\u00e7\u00e3o, incluindo tamanho, estrutura, cor, impress\u00e3o, forro e personaliza\u00e7\u00e3o do log\u00f3tipo, para satisfazer as necessidades \u00fanicas das marcas.<\/p>\n\n\n\n<p><strong>Fecho magn\u00e9tico de alta qualidade:<\/strong> Estas caixas para oferta de vinho por atacado adoptam uma estrutura de aba magn\u00e9tica, que abre suavemente e fecha com seguran\u00e7a, melhorando a experi\u00eancia de abertura e o grau de oferta.<\/p>\n\n\n\n<p><strong>V\u00e1rias op\u00e7\u00f5es de forro: <\/strong>Estas caixas de oferta de vinho por atacado t\u00eam um forro incorporado feito de espuma, veludo, EVA, papel e outros materiais, que podem proteger as garrafas de vinho em seguran\u00e7a e ter em conta a beleza e a praticidade.<\/p>\n\n\n\n<p><strong>Concebida para caixas de oferta de vinho:<\/strong> Estas caixas magn\u00e9ticas personalizadas com uma estrutura forrada s\u00e3o s\u00f3lidas e podem conter vinho tinto, sendo adequadas para presentes de alta qualidade, embalagens de f\u00e9rias ou com\u00e9rcio eletr\u00f3nico de vinhos.<\/p>\n\n\n\n<p><strong>Impress\u00e3o personalizada: <\/strong>Estas caixas magn\u00e9ticas personalizadas com linhas oferecem impress\u00e3o do log\u00f3tipo, estampagem a quente, grava\u00e7\u00e3o em relevo, UV, lamina\u00e7\u00e3o e outros processos personalizados, correspondendo perfeitamente \u00e0s necessidades visuais da marca.<\/p>\n<\/div>\n\n\n\n<div class=\"wp-block-column is-layout-flow wp-block-column-is-layout-flow\">\n<figure class=\"wp-block-image size-full\"><img decoding=\"async\" width=\"720\" height=\"720\" src=\"https:\/\/www.yishengpack.com\/wp-content\/uploads\/2025\/04\/oem-odm-custom-magnetic-boxes-with-lined-wine-gift-boxes-wholeslae-1.webp\" alt=\"oem-odm-custom-magnetic-boxes-with-lined-wine-gift-boxes-wholeslae-1\" class=\"wp-image-1305\" srcset=\"https:\/\/www.yishengpack.com\/wp-content\/uploads\/2025\/04\/oem-odm-custom-magnetic-boxes-with-lined-wine-gift-boxes-wholeslae-1.webp 720w, https:\/\/www.yishengpack.com\/wp-content\/uploads\/2025\/04\/oem-odm-custom-magnetic-boxes-with-lined-wine-gift-boxes-wholeslae-1-300x300.webp 300w, https:\/\/www.yishengpack.com\/wp-content\/uploads\/2025\/04\/oem-odm-custom-magnetic-boxes-with-lined-wine-gift-boxes-wholeslae-1-150x150.webp 150w, https:\/\/www.yishengpack.com\/wp-content\/uploads\/2025\/04\/oem-odm-custom-magnetic-boxes-with-lined-wine-gift-boxes-wholeslae-1-12x12.webp 12w, https:\/\/www.yishengpack.com\/wp-content\/uploads\/2025\/04\/oem-odm-custom-magnetic-boxes-with-lined-wine-gift-boxes-wholeslae-1-600x600.webp 600w, https:\/\/www.yishengpack.com\/wp-content\/uploads\/2025\/04\/oem-odm-custom-magnetic-boxes-with-lined-wine-gift-boxes-wholeslae-1-100x100.webp 100w\" sizes=\"(max-width: 720px) 100vw, 720px\" \/><\/figure>\n<\/div>\n<\/div>\n\n\n\n<p><\/p>","protected":false},"excerpt":{"rendered":"<p>Bem-vindo a comprar as nossas caixas magn\u00e9ticas personalizadas com forro, caixas de oferta de vinho profissionais por atacado, servi\u00e7o de apoio OEM\/ODM, estrutura robusta, forro opcional, concebidas para embalagens de oferta de vinho. Adequado para presentes de marca, vendas de com\u00e9rcio eletr\u00f3nico e cenas de embalagem de alta qualidade, fornecimento direto da f\u00e1brica e suporte para personaliza\u00e7\u00e3o a granel.<\/p>\n<h2>Caixas magn\u00e9ticas personalizadas Especifica\u00e7\u00e3o:<\/h2>\n<table width=\"554\">\n<tbody>\n<tr>\n<td width=\"215\">Fabricante:<\/td>\n<td colspan=\"2\" width=\"339\">Yisheng<\/td>\n<\/tr>\n<tr>\n<td>Estilo:<\/td>\n<td colspan=\"2\">Caixas magn\u00e9ticas<\/td>\n<\/tr>\n<tr>\n<td>Material:\u00a0<\/td>\n<td colspan=\"2\">Papel Kraft, cart\u00e3o canelado, cart\u00e3o de papel, papel de arte, etc<\/td>\n<\/tr>\n<tr>\n<td>Tamanho:<\/td>\n<td colspan=\"2\">Personalizado<\/td>\n<\/tr>\n<tr>\n<td>Cor:\u00a0<\/td>\n<td colspan=\"2\">Personalizado<\/td>\n<\/tr>\n<tr>\n<td>Forma:\u00a0<\/td>\n<td colspan=\"2\">Ret\u00e2ngulo, Personalizado<\/td>\n<\/tr>\n<tr>\n<td>MOQ:\u00a0<\/td>\n<td colspan=\"2\">1000pcs<\/td>\n<\/tr>\n<tr>\n<td>OEM&amp;ODM:\u00a0<\/td>\n<td colspan=\"2\">Personalizado, bem-vindo OEM&amp;ODM<\/td>\n<\/tr>\n<tr>\n<td>Aplica\u00e7\u00f5es:<\/td>\n<td colspan=\"2\">Presentes de marca, vendas por com\u00e9rcio eletr\u00f3nico e embalagens topo de gama<\/td>\n<\/tr>\n<\/tbody>\n<\/table>\n<p>&nbsp;<\/p>\n<p>\n<script src=\"chrome-extension:\/\/fpelahbljekknahkcaegamhcndkfpfnc\/iFrame.js\" type=\"text\/javascript\"><\/script><\/p>","protected":false},"featured_media":1306,"comment_status":"closed","ping_status":"closed","template":"","meta":{"_acf_changed":false},"box-type":[54],"product_brand":[],"product_cat":[19,36,46,33,43],"product_tag":[],"class_list":{"0":"post-1297","1":"product","2":"type-product","3":"status-publish","4":"has-post-thumbnail","6":"box-type-custom-magnetic-closure-boxes","7":"product_cat-luxury-gift-boxes-wholesale","8":"product_cat-wine-boxes-wholesale","9":"product_cat-wholesale-paper-boxes","10":"product_cat-food-packaging-boxes-wholesale","11":"product_cat-coffee-and-tea-packaging-boxes-wholesale","13":"first","14":"instock","15":"shipping-taxable","16":"product-type-simple"},"acf":[],"_links":{"self":[{"href":"https:\/\/www.yishengpack.com\/pt\/wp-json\/wp\/v2\/product\/1297","targetHints":{"allow":["GET"]}}],"collection":[{"href":"https:\/\/www.yishengpack.com\/pt\/wp-json\/wp\/v2\/product"}],"about":[{"href":"https:\/\/www.yishengpack.com\/pt\/wp-json\/wp\/v2\/types\/product"}],"replies":[{"embeddable":true,"href":"https:\/\/www.yishengpack.com\/pt\/wp-json\/wp\/v2\/comments?post=1297"}],"wp:featuredmedia":[{"embeddable":true,"href":"https:\/\/www.yishengpack.com\/pt\/wp-json\/wp\/v2\/media\/1306"}],"wp:attachment":[{"href":"https:\/\/www.yishengpack.com\/pt\/wp-json\/wp\/v2\/media?parent=1297"}],"wp:term":[{"taxonomy":"box-type","embeddable":true,"href":"https:\/\/www.yishengpack.com\/pt\/wp-json\/wp\/v2\/box-type?post=1297"},{"taxonomy":"product_brand","embeddable":true,"href":"https:\/\/www.yishengpack.com\/pt\/wp-json\/wp\/v2\/product_brand?post=1297"},{"taxonomy":"product_cat","embeddable":true,"href":"https:\/\/www.yishengpack.com\/pt\/wp-json\/wp\/v2\/product_cat?post=1297"},{"taxonomy":"product_tag","embeddable":true,"href":"https:\/\/www.yishengpack.com\/pt\/wp-json\/wp\/v2\/product_tag?post=1297"}],"curies":[{"name":"wp","href":"https:\/\/api.w.org\/{rel}","templated":true}]}}