{"id":1291,"date":"2025-04-11T06:56:36","date_gmt":"2025-04-11T06:56:36","guid":{"rendered":"https:\/\/www.yishengpack.com\/?post_type=product&#038;p=1291"},"modified":"2025-08-11T06:38:57","modified_gmt":"2025-08-11T06:38:57","slug":"custom-shoulder-rigid-boxes","status":"publish","type":"product","link":"https:\/\/www.yishengpack.com\/pt\/product\/custom-shoulder-rigid-boxes\/","title":{"rendered":"Caixas r\u00edgidas de ombro personalizadas diretas da f\u00e1brica por atacado, tamanhos personalizados, cores"},"content":{"rendered":"<div class=\"wp-block-columns is-layout-flex wp-container-core-columns-is-layout-9d6595d7 wp-block-columns-is-layout-flex\">\n<div class=\"wp-block-column is-layout-flow wp-block-column-is-layout-flow\">\n<h3 class=\"wp-block-heading\">Caracter\u00edsticas das caixas r\u00edgidas personalizadas para ombro<\/h3>\n\n\n\n<p><strong>Suporte \u00e0 personaliza\u00e7\u00e3o em tamanho real: <\/strong>Estas caixas r\u00edgidas por grosso suportam tamanhos personalizados para satisfazer diferentes necessidades de embalagem de produtos.<\/p>\n\n\n\n<p><strong>Op\u00e7\u00f5es variadas de acabamento de superf\u00edcie: <\/strong>As nossas caixas r\u00edgidas personalizadas com al\u00e7a podem ser selecionadas entre filme fosco, filme brilhante, estampagem a quente, UV, relevo, etc., para real\u00e7ar a textura da marca e o apelo visual.<\/p>\n\n\n\n<p><strong>Log\u00f3tipos e padr\u00f5es personaliz\u00e1veis da marca: <\/strong>As nossas caixas r\u00edgidas personalizadas para ombro suportam serigrafia, estampagem a quente, grava\u00e7\u00e3o em relevo e outros m\u00e9todos de apresenta\u00e7\u00e3o de log\u00f3tipos para criar uma imagem de marca exclusiva.<\/p>\n\n\n\n<p><strong>Est\u00e1vel e dur\u00e1vel: <\/strong>Estas caixas r\u00edgidas por grosso t\u00eam uma variedade de materiais \u00e0 escolha, utilizando cart\u00e3o cinzento de alta resist\u00eancia + papel art\u00edstico, papel especial, papel de couro, etc., com propriedades est\u00e9ticas e protetoras. N\u00e3o s\u00f3 melhoram a qualidade do produto, como tamb\u00e9m n\u00e3o s\u00e3o f\u00e1ceis de deformar, tornando o transporte mais seguro.<\/p>\n\n\n\n<p><strong>Fornecimento direto da f\u00e1brica: <\/strong>As nossas caixas r\u00edgidas personalizadas para ombro suportam a produ\u00e7\u00e3o em massa, com uma linha de produ\u00e7\u00e3o completa e um sistema de gest\u00e3o de qualidade, entrega est\u00e1vel e pre\u00e7o competitivo.<\/p>\n<\/div>\n\n\n\n<div class=\"wp-block-column is-layout-flow wp-block-column-is-layout-flow\">\n<figure class=\"wp-block-image size-full\"><img decoding=\"async\" width=\"600\" height=\"600\" src=\"https:\/\/www.yishengpack.com\/wp-content\/uploads\/2025\/04\/factory-direct-custom-shoulder-rigid-boxes-wholesale-custom-sizes-colors-4.webp\" alt=\"caixas r\u00edgidas com al\u00e7a personalizadas direto da f\u00e1brica, atacado, tamanhos e cores personalizados 4\" class=\"wp-image-1295\" srcset=\"https:\/\/www.yishengpack.com\/wp-content\/uploads\/2025\/04\/factory-direct-custom-shoulder-rigid-boxes-wholesale-custom-sizes-colors-4.webp 600w, https:\/\/www.yishengpack.com\/wp-content\/uploads\/2025\/04\/factory-direct-custom-shoulder-rigid-boxes-wholesale-custom-sizes-colors-4-300x300.webp 300w, https:\/\/www.yishengpack.com\/wp-content\/uploads\/2025\/04\/factory-direct-custom-shoulder-rigid-boxes-wholesale-custom-sizes-colors-4-150x150.webp 150w, https:\/\/www.yishengpack.com\/wp-content\/uploads\/2025\/04\/factory-direct-custom-shoulder-rigid-boxes-wholesale-custom-sizes-colors-4-12x12.webp 12w, https:\/\/www.yishengpack.com\/wp-content\/uploads\/2025\/04\/factory-direct-custom-shoulder-rigid-boxes-wholesale-custom-sizes-colors-4-100x100.webp 100w\" sizes=\"(max-width: 600px) 100vw, 600px\" \/><\/figure>\n<\/div>\n<\/div>\n\n\n\n<p><\/p>","protected":false},"excerpt":{"rendered":"<p>Bem-vindo a adquirir as nossas caixas r\u00edgidas personalizadas direto da f\u00e1brica para melhorar a apresenta\u00e7\u00e3o do seu produto. Concebidas para o retalho de luxo, conjuntos de oferta e embalagens promocionais, estas caixas s\u00e3o totalmente personaliz\u00e1veis em tamanho, cor, constru\u00e7\u00e3o e acabamento. Oferecemos uma ampla gama de op\u00e7\u00f5es de materiais e impress\u00e3o para apresentar a sua marca com eleg\u00e2ncia e precis\u00e3o. Perfeitas para marcas que procuram uma solu\u00e7\u00e3o de embalagem sofisticada, dur\u00e1vel e visualmente impressionante.<\/p>\n<h2>Especifica\u00e7\u00f5es das caixas r\u00edgidas personalizadas para ombro:<\/h2>\n<table width=\"554\">\n<tbody>\n<tr>\n<td width=\"215\">Fabricante:<\/td>\n<td colspan=\"2\" width=\"339\">Yisheng<\/td>\n<\/tr>\n<tr>\n<td>Estilo:<\/td>\n<td colspan=\"2\">Caixas r\u00edgidas<\/td>\n<\/tr>\n<tr>\n<td>Material:\u00a0<\/td>\n<td colspan=\"2\">Papel Kraft, cart\u00e3o canelado, cart\u00e3o de papel, papel de arte, etc<\/td>\n<\/tr>\n<tr>\n<td>Tamanho:<\/td>\n<td colspan=\"2\">Personalizado<\/td>\n<\/tr>\n<tr>\n<td>Cor:\u00a0<\/td>\n<td colspan=\"2\">Personalizado<\/td>\n<\/tr>\n<tr>\n<td>Forma:\u00a0<\/td>\n<td colspan=\"2\">Ret\u00e2ngulo, Personalizado<\/td>\n<\/tr>\n<tr>\n<td>MOQ:\u00a0<\/td>\n<td colspan=\"2\">1000pcs<\/td>\n<\/tr>\n<tr>\n<td>OEM&amp;ODM:\u00a0<\/td>\n<td colspan=\"2\">Personalizado, bem-vindo OEM&amp;ODM<\/td>\n<\/tr>\n<tr>\n<td>Aplica\u00e7\u00f5es:<\/td>\n<td colspan=\"2\">Embalagens para joias, amostras de cosm\u00e9ticos e produtos de beleza, sobremesas sofisticadas, caixas de ch\u00e1 para presente, etc.<\/td>\n<\/tr>\n<\/tbody>\n<\/table>\n<p>&nbsp;<\/p>\n<p>\n<script src=\"chrome-extension:\/\/fpelahbljekknahkcaegamhcndkfpfnc\/iFrame.js\" type=\"text\/javascript\"><\/script><\/p>","protected":false},"featured_media":1294,"comment_status":"closed","ping_status":"closed","template":"","meta":{"_acf_changed":false},"box-type":[57],"product_brand":[],"product_cat":[19,40],"product_tag":[],"class_list":{"0":"post-1291","1":"product","2":"type-product","3":"status-publish","4":"has-post-thumbnail","6":"box-type-custom-rigid-box-with-lid","7":"product_cat-luxury-gift-boxes-wholesale","8":"product_cat-custom-jewelry-boxes","10":"first","11":"instock","12":"shipping-taxable","13":"product-type-simple"},"acf":[],"_links":{"self":[{"href":"https:\/\/www.yishengpack.com\/pt\/wp-json\/wp\/v2\/product\/1291","targetHints":{"allow":["GET"]}}],"collection":[{"href":"https:\/\/www.yishengpack.com\/pt\/wp-json\/wp\/v2\/product"}],"about":[{"href":"https:\/\/www.yishengpack.com\/pt\/wp-json\/wp\/v2\/types\/product"}],"replies":[{"embeddable":true,"href":"https:\/\/www.yishengpack.com\/pt\/wp-json\/wp\/v2\/comments?post=1291"}],"wp:featuredmedia":[{"embeddable":true,"href":"https:\/\/www.yishengpack.com\/pt\/wp-json\/wp\/v2\/media\/1294"}],"wp:attachment":[{"href":"https:\/\/www.yishengpack.com\/pt\/wp-json\/wp\/v2\/media?parent=1291"}],"wp:term":[{"taxonomy":"box-type","embeddable":true,"href":"https:\/\/www.yishengpack.com\/pt\/wp-json\/wp\/v2\/box-type?post=1291"},{"taxonomy":"product_brand","embeddable":true,"href":"https:\/\/www.yishengpack.com\/pt\/wp-json\/wp\/v2\/product_brand?post=1291"},{"taxonomy":"product_cat","embeddable":true,"href":"https:\/\/www.yishengpack.com\/pt\/wp-json\/wp\/v2\/product_cat?post=1291"},{"taxonomy":"product_tag","embeddable":true,"href":"https:\/\/www.yishengpack.com\/pt\/wp-json\/wp\/v2\/product_tag?post=1291"}],"curies":[{"name":"wp","href":"https:\/\/api.w.org\/{rel}","templated":true}]}}