{"id":1284,"date":"2025-04-06T09:05:49","date_gmt":"2025-04-06T09:05:49","guid":{"rendered":"https:\/\/www.yishengpack.com\/?post_type=product&#038;p=1284"},"modified":"2025-08-11T06:48:48","modified_gmt":"2025-08-11T06:48:48","slug":"custom-sushi-boxes","status":"publish","type":"product","link":"https:\/\/www.yishengpack.com\/pt\/product\/custom-sushi-boxes\/","title":{"rendered":"Caixas dobr\u00e1veis personalizadas para sushi, caixas de embalagem de alimentos de v\u00e1rios tamanhos por atacado"},"content":{"rendered":"<div class=\"wp-block-columns is-layout-flex wp-container-core-columns-is-layout-9d6595d7 wp-block-columns-is-layout-flex\">\n<div class=\"wp-block-column is-layout-flow wp-block-column-is-layout-flow\">\n<h3 class=\"wp-block-heading\">Carater\u00edsticas das Caixas de Sushi Personalizadas<\/h3>\n\n\n\n<p><strong>Design dobr\u00e1vel:<\/strong> Estas caixas de sushi personalizadas poupam espa\u00e7o de transporte e armazenamento, e s\u00e3o convenientes para utiliza\u00e7\u00e3o em lotes e montagem r\u00e1pida.<\/p>\n\n\n\n<p><strong>Tamanhos dispon\u00edveis: <\/strong>Estas caixas de sushi personalizadas s\u00e3o adequadas para as necessidades de embalagem de sushi e comida para levar com especifica\u00e7\u00f5es variadas.<\/p>\n\n\n\n<p><strong>Impress\u00e3o personaliz\u00e1vel: <\/strong>As nossas caixas de embalagem para alimentos por atacado permitem a personaliza\u00e7\u00e3o exclusiva do log\u00f3tipo da marca, do design, da cor, etc., para um maior reconhecimento da marca.<\/p>\n\n\n\n<p><strong>Material de qualidade alimentar: <\/strong>Estas caixas de sushi personalizadas s\u00e3o seguras, ecol\u00f3gicas e inodoras, mantendo os alimentos frescos e limpos.<\/p>\n\n\n\n<p><strong>Perfeito para uma variedade de ocasi\u00f5es:<\/strong> As nossas caixas de embalagem de alimentos por atacado n\u00e3o s\u00e3o apenas perfeitas para sushi, mas tamb\u00e9m para bento, pastelaria e outros tipos de embalagens de alimentos.<\/p>\n<\/div>\n\n\n\n<div class=\"wp-block-column is-layout-flow wp-block-column-is-layout-flow\">\n<figure class=\"wp-block-image size-full\"><img decoding=\"async\" width=\"720\" height=\"720\" src=\"https:\/\/www.yishengpack.com\/wp-content\/uploads\/2025\/04\/foldable-custom-sushi-boxes-various-sizes-food-packaging-boxes-wholesale-1.webp\" alt=\"caixas de sushi dobr\u00e1veis e personalizadas - tamanhos variados - caixas de embalagem para alimentos - venda por grosso-1\" class=\"wp-image-1288\" srcset=\"https:\/\/www.yishengpack.com\/wp-content\/uploads\/2025\/04\/foldable-custom-sushi-boxes-various-sizes-food-packaging-boxes-wholesale-1.webp 720w, https:\/\/www.yishengpack.com\/wp-content\/uploads\/2025\/04\/foldable-custom-sushi-boxes-various-sizes-food-packaging-boxes-wholesale-1-300x300.webp 300w, https:\/\/www.yishengpack.com\/wp-content\/uploads\/2025\/04\/foldable-custom-sushi-boxes-various-sizes-food-packaging-boxes-wholesale-1-150x150.webp 150w, https:\/\/www.yishengpack.com\/wp-content\/uploads\/2025\/04\/foldable-custom-sushi-boxes-various-sizes-food-packaging-boxes-wholesale-1-12x12.webp 12w, https:\/\/www.yishengpack.com\/wp-content\/uploads\/2025\/04\/foldable-custom-sushi-boxes-various-sizes-food-packaging-boxes-wholesale-1-600x600.webp 600w, https:\/\/www.yishengpack.com\/wp-content\/uploads\/2025\/04\/foldable-custom-sushi-boxes-various-sizes-food-packaging-boxes-wholesale-1-100x100.webp 100w\" sizes=\"(max-width: 720px) 100vw, 720px\" \/><\/figure>\n<\/div>\n<\/div>\n\n\n\n<p><\/p>","protected":false},"excerpt":{"rendered":"<p>Bem-vindo \u00e0s nossas caixas de embalagem de alimentos por atacado. As caixas de sushi dobr\u00e1veis personalizadas s\u00e3o constru\u00eddas com material ecol\u00f3gico de qualidade alimentar, permitem v\u00e1rios tamanhos e personaliza\u00e7\u00e3o de impress\u00e3o privada, e s\u00e3o adequadas para sushi, bento e outros alimentos para levar. O design dobr\u00e1vel \u00e9 f\u00e1cil de armazenar e enviar e \u00e9 uma escolha adequada para marcas de catering para obter embalagens eficientes e promo\u00e7\u00e3o de marca.<\/p>\n<h2>Caixas de Sushi Personalizadas Especifica\u00e7\u00e3o:<\/h2>\n<table width=\"554\">\n<tbody>\n<tr>\n<td width=\"215\">Fabricante:<\/td>\n<td colspan=\"2\" width=\"339\">Yisheng<\/td>\n<\/tr>\n<tr>\n<td>Estilo:<\/td>\n<td colspan=\"2\">Caixas dobr\u00e1veis<\/td>\n<\/tr>\n<tr>\n<td>Material:\u00a0<\/td>\n<td colspan=\"2\">Papel Kraft, cart\u00e3o canelado, cart\u00e3o de papel, papel de arte, etc<\/td>\n<\/tr>\n<tr>\n<td>Tamanho:<\/td>\n<td colspan=\"2\">Personalizado<\/td>\n<\/tr>\n<tr>\n<td>Cor:\u00a0<\/td>\n<td colspan=\"2\">Personalizado<\/td>\n<\/tr>\n<tr>\n<td>Forma:\u00a0<\/td>\n<td colspan=\"2\">Ret\u00e2ngulo, Personalizado<\/td>\n<\/tr>\n<tr>\n<td>MOQ:\u00a0<\/td>\n<td colspan=\"2\">1000pcs<\/td>\n<\/tr>\n<tr>\n<td>OEM&amp;ODM:\u00a0<\/td>\n<td colspan=\"2\">Personalizado, bem-vindo OEM&amp;ODM<\/td>\n<\/tr>\n<tr>\n<td>Aplica\u00e7\u00f5es:<\/td>\n<td colspan=\"2\">Sushi e restaurantes japoneses, servi\u00e7os de bento para levar, \u00e1reas de charcutaria de supermercados, marcas de sobremesas e alimentos ligeiros, etc.<\/td>\n<\/tr>\n<\/tbody>\n<\/table>\n<p>\n<script src=\"chrome-extension:\/\/fpelahbljekknahkcaegamhcndkfpfnc\/iFrame.js\" type=\"text\/javascript\"><\/script><\/p>","protected":false},"featured_media":1289,"comment_status":"closed","ping_status":"closed","template":"","meta":{"_acf_changed":false},"box-type":[55,48],"product_brand":[],"product_cat":[33,46,45],"product_tag":[],"class_list":{"0":"post-1284","1":"product","2":"type-product","3":"status-publish","4":"has-post-thumbnail","6":"box-type-custom-foldable-boxes","7":"box-type-custom-tuck-top-boxes","8":"product_cat-food-packaging-boxes-wholesale","9":"product_cat-wholesale-paper-boxes","10":"product_cat-bulk-disposable-food-containers","12":"first","13":"instock","14":"shipping-taxable","15":"product-type-simple"},"acf":[],"_links":{"self":[{"href":"https:\/\/www.yishengpack.com\/pt\/wp-json\/wp\/v2\/product\/1284","targetHints":{"allow":["GET"]}}],"collection":[{"href":"https:\/\/www.yishengpack.com\/pt\/wp-json\/wp\/v2\/product"}],"about":[{"href":"https:\/\/www.yishengpack.com\/pt\/wp-json\/wp\/v2\/types\/product"}],"replies":[{"embeddable":true,"href":"https:\/\/www.yishengpack.com\/pt\/wp-json\/wp\/v2\/comments?post=1284"}],"wp:featuredmedia":[{"embeddable":true,"href":"https:\/\/www.yishengpack.com\/pt\/wp-json\/wp\/v2\/media\/1289"}],"wp:attachment":[{"href":"https:\/\/www.yishengpack.com\/pt\/wp-json\/wp\/v2\/media?parent=1284"}],"wp:term":[{"taxonomy":"box-type","embeddable":true,"href":"https:\/\/www.yishengpack.com\/pt\/wp-json\/wp\/v2\/box-type?post=1284"},{"taxonomy":"product_brand","embeddable":true,"href":"https:\/\/www.yishengpack.com\/pt\/wp-json\/wp\/v2\/product_brand?post=1284"},{"taxonomy":"product_cat","embeddable":true,"href":"https:\/\/www.yishengpack.com\/pt\/wp-json\/wp\/v2\/product_cat?post=1284"},{"taxonomy":"product_tag","embeddable":true,"href":"https:\/\/www.yishengpack.com\/pt\/wp-json\/wp\/v2\/product_tag?post=1284"}],"curies":[{"name":"wp","href":"https:\/\/api.w.org\/{rel}","templated":true}]}}