{"id":127,"date":"2024-12-25T10:26:44","date_gmt":"2024-12-25T10:26:44","guid":{"rendered":"https:\/\/www.yishengpack.com\/?post_type=product&#038;p=127"},"modified":"2025-10-29T01:42:55","modified_gmt":"2025-10-29T01:42:55","slug":"cake-slice-container-wholesale","status":"publish","type":"product","link":"https:\/\/www.yishengpack.com\/pt\/product\/cake-slice-container-wholesale\/","title":{"rendered":"Recipiente para fatias de bolo Caixa de embalagem triangular espessada por atacado"},"content":{"rendered":"<div class=\"wp-block-columns is-layout-flex wp-container-core-columns-is-layout-9d6595d7 wp-block-columns-is-layout-flex\">\n<div class=\"wp-block-column is-layout-flow wp-block-column-is-layout-flow\">\n<h3 class=\"wp-block-heading\">Caracter\u00edsticas do recipiente para fatias de bolo por grosso<\/h3>\n\n\n\n<p><strong>Tipo de espessamento: <\/strong>O recipiente para fatias de bolo vendido por grosso utiliza material espessante de primeira qualidade, o que torna a estrutura firme e evita que se deforme facilmente durante o transporte e armazenamento.<\/p>\n\n\n\n<p><strong>Design triangular: <\/strong>O recipiente para fatias de bolo por grosso tem um design triangular exclusivo, que al\u00e9m de bonito, tamb\u00e9m utiliza o espa\u00e7o de forma eficaz, sendo f\u00e1cil de transportar e guardar.<\/p>\n\n\n\n<p><strong>Design da baioneta:<\/strong> Ajuste perfeito, eficaz no isolamento e na preserva\u00e7\u00e3o da frescura.<\/p>\n\n\n\n<p><strong>Janela transparente: <\/strong>H\u00e1 uma janela de pl\u00e1stico transparente para que os consumidores possam ver o interior das belas fatias de bolo e aumentar o seu desejo de comprar.<\/p>\n\n\n\n<p><strong>Op\u00e7\u00f5es de tamanhos diferentes:<\/strong> O nosso recipiente para fatias de bolo por grosso est\u00e1 dispon\u00edvel nos tamanhos 6\u201c e 8\u201d para acomodar fatias de bolo de diferentes tamanhos.<\/p>\n\n\n\n<p><strong>Autocolantes personalizados:<\/strong> A nossa \u00e9 a maneira perfeita de encomendar autocolantes personalizados em v\u00e1rios estilos, com o log\u00f3tipo da sua marca, design especial ou texto para ajudar a sua marca.<\/p>\n<\/div>\n\n\n\n<div class=\"wp-block-column is-layout-flow wp-block-column-is-layout-flow\">\n<figure class=\"wp-block-image size-full\"><img decoding=\"async\" width=\"750\" height=\"1080\" src=\"https:\/\/www.yishengpack.com\/wp-content\/uploads\/2024\/12\/cake-slice-container-wholesale-1.webp\" alt=\"recipiente-para-fatias-de-bolo-atacado (1)\" class=\"wp-image-128\" srcset=\"https:\/\/www.yishengpack.com\/wp-content\/uploads\/2024\/12\/cake-slice-container-wholesale-1.webp 750w, https:\/\/www.yishengpack.com\/wp-content\/uploads\/2024\/12\/cake-slice-container-wholesale-1-208x300.webp 208w, https:\/\/www.yishengpack.com\/wp-content\/uploads\/2024\/12\/cake-slice-container-wholesale-1-600x864.webp 600w\" sizes=\"(max-width: 750px) 100vw, 750px\" \/><\/figure>\n<\/div>\n<\/div>","protected":false},"excerpt":{"rendered":"<p>O recipiente triangular para fatias de bolo \u00e9 fabricado em material PET ecol\u00f3gico, espesso, pr\u00e1tico e decorativo para os seus bolos de fatia \u00fanica, protegendo e apresentando o bolo com estilo. Temos recipientes de v\u00e1rios tamanhos e podemos personalizar a sua encomenda. Aceitamos as suas encomendas por grosso e contacte-nos para todas as suas necessidades.<\/p>\n<h2>Especifica\u00e7\u00f5es do recipiente para fatias de bolo:<\/h2>\n<table width=\"528\">\n<tbody>\n<tr>\n<td width=\"215\">Fabricante:<\/td>\n<td colspan=\"2\" width=\"313\">Yisheng<\/td>\n<\/tr>\n<tr>\n<td>Modelo:<\/td>\n<td colspan=\"2\">A02<\/td>\n<\/tr>\n<tr>\n<td>Material:\u00a0<\/td>\n<td colspan=\"2\">PET<\/td>\n<\/tr>\n<tr>\n<td>Cor:\u00a0<\/td>\n<td colspan=\"2\">Est\u00e3o dispon\u00edveis nas cores verde, rosa e preto.<\/td>\n<\/tr>\n<tr>\n<td rowspan=\"2\">Tamanho:\u00a0<\/td>\n<td colspan=\"2\" width=\"313\">13,2 cm \u00d7 9,8 cm \u00d7 6 cm<\/td>\n<\/tr>\n<tr>\n<td colspan=\"2\">14,3 cm \u00d7 10,8 cm \u00d7 7 cm<\/td>\n<\/tr>\n<tr>\n<td>Peso:\u00a0<\/td>\n<td colspan=\"2\">7 g\/unidade<\/td>\n<\/tr>\n<tr>\n<td>Forma:\u00a0<\/td>\n<td colspan=\"2\">Tri\u00e2ngulo<\/td>\n<\/tr>\n<tr>\n<td>Embalagem:\u00a0<\/td>\n<td colspan=\"2\">50 unidades\/saco<\/td>\n<\/tr>\n<tr>\n<td>MOQ:\u00a0<\/td>\n<td colspan=\"2\">3000 unidades<\/td>\n<\/tr>\n<tr>\n<td>OEM&amp;ODM:\u00a0<\/td>\n<td colspan=\"2\">Personalizado, bem-vindo OEM&amp;ODM<\/td>\n<\/tr>\n<tr>\n<td>Amostra\uff1a<\/td>\n<td colspan=\"2\">10 unidades de amostra gr\u00e1tis podem ser solicitadas<\/td>\n<\/tr>\n<\/tbody>\n<\/table>","protected":false},"featured_media":133,"comment_status":"closed","ping_status":"closed","template":"","meta":{"_acf_changed":false},"box-type":[61],"product_brand":[],"product_cat":[21,30],"product_tag":[],"class_list":{"0":"post-127","1":"product","2":"type-product","3":"status-publish","4":"has-post-thumbnail","6":"box-type-custom-two-piece-boxes","7":"product_cat-plastic-cake-containers-wholesale","8":"product_cat-cake-containers-wholesale","10":"first","11":"instock","12":"shipping-taxable","13":"product-type-simple"},"acf":[],"_links":{"self":[{"href":"https:\/\/www.yishengpack.com\/pt\/wp-json\/wp\/v2\/product\/127","targetHints":{"allow":["GET"]}}],"collection":[{"href":"https:\/\/www.yishengpack.com\/pt\/wp-json\/wp\/v2\/product"}],"about":[{"href":"https:\/\/www.yishengpack.com\/pt\/wp-json\/wp\/v2\/types\/product"}],"replies":[{"embeddable":true,"href":"https:\/\/www.yishengpack.com\/pt\/wp-json\/wp\/v2\/comments?post=127"}],"wp:featuredmedia":[{"embeddable":true,"href":"https:\/\/www.yishengpack.com\/pt\/wp-json\/wp\/v2\/media\/133"}],"wp:attachment":[{"href":"https:\/\/www.yishengpack.com\/pt\/wp-json\/wp\/v2\/media?parent=127"}],"wp:term":[{"taxonomy":"box-type","embeddable":true,"href":"https:\/\/www.yishengpack.com\/pt\/wp-json\/wp\/v2\/box-type?post=127"},{"taxonomy":"product_brand","embeddable":true,"href":"https:\/\/www.yishengpack.com\/pt\/wp-json\/wp\/v2\/product_brand?post=127"},{"taxonomy":"product_cat","embeddable":true,"href":"https:\/\/www.yishengpack.com\/pt\/wp-json\/wp\/v2\/product_cat?post=127"},{"taxonomy":"product_tag","embeddable":true,"href":"https:\/\/www.yishengpack.com\/pt\/wp-json\/wp\/v2\/product_tag?post=127"}],"curies":[{"name":"wp","href":"https:\/\/api.w.org\/{rel}","templated":true}]}}