{"id":1255,"date":"2025-03-28T06:08:47","date_gmt":"2025-03-28T06:08:47","guid":{"rendered":"https:\/\/www.yishengpack.com\/?post_type=product&#038;p=1255"},"modified":"2025-08-11T06:47:05","modified_gmt":"2025-08-11T06:47:05","slug":"custom-dount-box","status":"publish","type":"product","link":"https:\/\/www.yishengpack.com\/pt\/product\/custom-dount-box\/","title":{"rendered":"Caixa de sobremesa dobr\u00e1vel de cart\u00e3o ecol\u00f3gico Caixa de sobremesa personalizada por atacado"},"content":{"rendered":"<div class=\"wp-block-columns is-layout-flex wp-container-core-columns-is-layout-9d6595d7 wp-block-columns-is-layout-flex\">\n<div class=\"wp-block-column is-layout-flow wp-block-column-is-layout-flow\">\n<h3 class=\"wp-block-heading\">Carater\u00edsticas da caixa de donuts personalizada<\/h3>\n\n\n\n<p><strong>Ecol\u00f3gico e sustent\u00e1vel: <\/strong>Esta caixa personalizada \u00e9 feita de cart\u00e3o recicl\u00e1vel e ecol\u00f3gico, em conformidade com a tend\u00eancia das embalagens ecol\u00f3gicas, seguras e saud\u00e1veis.<\/p>\n\n\n\n<p><strong>Design dobr\u00e1vel e c\u00f3modo: <\/strong>A caixa de sobremesas com estrutura dobr\u00e1vel por atacado poupa espa\u00e7o de arruma\u00e7\u00e3o e \u00e9 f\u00e1cil de montar rapidamente.<\/p>\n\n\n\n<p><strong>Robusto e duradouro: <\/strong>A nossa caixa de sobremesa personalizada \u00e9 feita de cart\u00e3o mais grosso para garantir que as sobremesas n\u00e3o s\u00e3o facilmente deformadas ou danificadas durante o transporte.<\/p>\n\n\n\n<p><strong>Aplica\u00e7\u00e3o polivalente: <\/strong>Esta caixa de sobremesa whosale \u00e9 adequada para donuts, bolos, biscoitos e outras embalagens de sobremesa para satisfazer diferentes necessidades.<\/p>\n\n\n\n<p><strong>Fornecimento grossista personalizado: <\/strong>A caixa de montagem personalizada suporta tamanho, cor e impress\u00e3o de log\u00f3tipo personalizados para ajudar na promo\u00e7\u00e3o da marca, e \u00e9 adequada para compras de grandes quantidades.<\/p>\n<\/div>\n\n\n\n<div class=\"wp-block-column is-layout-flow wp-block-column-is-layout-flow\">\n<figure class=\"wp-block-image size-full\"><img decoding=\"async\" width=\"708\" height=\"708\" src=\"https:\/\/www.yishengpack.com\/wp-content\/uploads\/2025\/03\/custom-bakery-packaging-wholesale-cookie-boxes-donut-box-foldable-5.webp\" alt=\"caixa de montagem personalizada-caixa ecol\u00f3gica-cart\u00e3o dobr\u00e1vel-caixa de sobremesas-venda por grosso-1\" class=\"wp-image-1276\" srcset=\"https:\/\/www.yishengpack.com\/wp-content\/uploads\/2025\/03\/custom-bakery-packaging-wholesale-cookie-boxes-donut-box-foldable-5.webp 708w, https:\/\/www.yishengpack.com\/wp-content\/uploads\/2025\/03\/custom-bakery-packaging-wholesale-cookie-boxes-donut-box-foldable-5-300x300.webp 300w, https:\/\/www.yishengpack.com\/wp-content\/uploads\/2025\/03\/custom-bakery-packaging-wholesale-cookie-boxes-donut-box-foldable-5-150x150.webp 150w, https:\/\/www.yishengpack.com\/wp-content\/uploads\/2025\/03\/custom-bakery-packaging-wholesale-cookie-boxes-donut-box-foldable-5-12x12.webp 12w, https:\/\/www.yishengpack.com\/wp-content\/uploads\/2025\/03\/custom-bakery-packaging-wholesale-cookie-boxes-donut-box-foldable-5-600x600.webp 600w, https:\/\/www.yishengpack.com\/wp-content\/uploads\/2025\/03\/custom-bakery-packaging-wholesale-cookie-boxes-donut-box-foldable-5-100x100.webp 100w\" sizes=\"(max-width: 708px) 100vw, 708px\" \/><\/figure>\n<\/div>\n<\/div>\n\n\n\n<p><\/p>","protected":false},"excerpt":{"rendered":"<p>Bem-vindo a comprar a nossa caixa de sobremesa personalizada. Esta caixa de sobremesa dobr\u00e1vel ecol\u00f3gica \u00e9 feita de papel\u00e3o recicl\u00e1vel resistente e dur\u00e1vel para garantir o armazenamento e o transporte seguros de sobremesas. Suporta personaliza\u00e7\u00e3o a granel com v\u00e1rios estilos de impress\u00e3o, adequados para padarias, caf\u00e9s, retalhistas e promo\u00e7\u00e3o de marcas, ideais para embalagens ecol\u00f3gicas.<\/p>\n<h2>Caixa de donuts personalizada Especifica\u00e7\u00e3o:<\/h2>\n<table width=\"554\">\n<tbody>\n<tr>\n<td width=\"215\">Fabricante:<\/td>\n<td colspan=\"2\" width=\"339\">Yisheng<\/td>\n<\/tr>\n<tr>\n<td>Estilo:<\/td>\n<td colspan=\"2\">Caixas dobr\u00e1veis<\/td>\n<\/tr>\n<tr>\n<td>Material:<\/td>\n<td colspan=\"2\">Papel Kraft, cart\u00e3o canelado, cart\u00e3o branco, cart\u00e3o de papel, papel de arte, etc<\/td>\n<\/tr>\n<tr>\n<td>Tamanho:<\/td>\n<td colspan=\"2\">Personalizado<\/td>\n<\/tr>\n<tr>\n<td>Cor:<\/td>\n<td colspan=\"2\">Personalizado<\/td>\n<\/tr>\n<tr>\n<td>Forma:<\/td>\n<td colspan=\"2\">Ret\u00e2ngulo, Personalizado<\/td>\n<\/tr>\n<tr>\n<td>MOQ:<\/td>\n<td colspan=\"2\">1000pcs<\/td>\n<\/tr>\n<tr>\n<td>OEM&amp;ODM:<\/td>\n<td colspan=\"2\">Personalizado, bem-vindo OEM&amp;ODM<\/td>\n<\/tr>\n<tr>\n<td>Aplica\u00e7\u00f5es:<\/td>\n<td colspan=\"2\">Cafetaria, padaria, loja de sobremesas, embalagens para presentes de Natal, embalagens personalizadas para marcas<\/td>\n<\/tr>\n<\/tbody>\n<\/table>\n<p>\n<script src=\"chrome-extension:\/\/fpelahbljekknahkcaegamhcndkfpfnc\/iFrame.js\" type=\"text\/javascript\"><\/script><\/p>","protected":false},"featured_media":1272,"comment_status":"closed","ping_status":"closed","template":"","meta":{"_acf_changed":false},"box-type":[55,59],"product_brand":[],"product_cat":[32,46,33,44,45],"product_tag":[],"class_list":{"0":"post-1255","1":"product","2":"type-product","3":"status-publish","4":"has-post-thumbnail","6":"box-type-custom-foldable-boxes","7":"box-type-custom-mailer-boxes","8":"product_cat-bakery-packaging-wholesale","9":"product_cat-wholesale-paper-boxes","10":"product_cat-food-packaging-boxes-wholesale","11":"product_cat-custom-snack-box","12":"product_cat-bulk-disposable-food-containers","14":"first","15":"instock","16":"shipping-taxable","17":"product-type-simple"},"acf":[],"_links":{"self":[{"href":"https:\/\/www.yishengpack.com\/pt\/wp-json\/wp\/v2\/product\/1255","targetHints":{"allow":["GET"]}}],"collection":[{"href":"https:\/\/www.yishengpack.com\/pt\/wp-json\/wp\/v2\/product"}],"about":[{"href":"https:\/\/www.yishengpack.com\/pt\/wp-json\/wp\/v2\/types\/product"}],"replies":[{"embeddable":true,"href":"https:\/\/www.yishengpack.com\/pt\/wp-json\/wp\/v2\/comments?post=1255"}],"wp:featuredmedia":[{"embeddable":true,"href":"https:\/\/www.yishengpack.com\/pt\/wp-json\/wp\/v2\/media\/1272"}],"wp:attachment":[{"href":"https:\/\/www.yishengpack.com\/pt\/wp-json\/wp\/v2\/media?parent=1255"}],"wp:term":[{"taxonomy":"box-type","embeddable":true,"href":"https:\/\/www.yishengpack.com\/pt\/wp-json\/wp\/v2\/box-type?post=1255"},{"taxonomy":"product_brand","embeddable":true,"href":"https:\/\/www.yishengpack.com\/pt\/wp-json\/wp\/v2\/product_brand?post=1255"},{"taxonomy":"product_cat","embeddable":true,"href":"https:\/\/www.yishengpack.com\/pt\/wp-json\/wp\/v2\/product_cat?post=1255"},{"taxonomy":"product_tag","embeddable":true,"href":"https:\/\/www.yishengpack.com\/pt\/wp-json\/wp\/v2\/product_tag?post=1255"}],"curies":[{"name":"wp","href":"https:\/\/api.w.org\/{rel}","templated":true}]}}