{"id":1254,"date":"2025-03-28T03:40:54","date_gmt":"2025-03-28T03:40:54","guid":{"rendered":"https:\/\/www.yishengpack.com\/?post_type=product&#038;p=1254"},"modified":"2026-02-25T08:43:15","modified_gmt":"2026-02-25T08:43:15","slug":"custom-printed-paper-bags","status":"publish","type":"product","link":"https:\/\/www.yishengpack.com\/pt\/product\/custom-printed-paper-bags\/","title":{"rendered":"Sacos de papel impressos personalizados Sacos de papel com al\u00e7a cortada \u00e0 medida a granel"},"content":{"rendered":"<div class=\"wp-block-columns is-layout-flex wp-container-core-columns-is-layout-9d6595d7 wp-block-columns-is-layout-flex\">\n<div class=\"wp-block-column is-layout-flow wp-block-column-is-layout-flow\">\n<h3 class=\"wp-block-heading\">Caracter\u00edsticas dos sacos de papel personalizados<\/h3>\n\n\n\n<p><strong>Design de impress\u00e3o personalizado:<\/strong> Estes sacos de papel com al\u00e7a cortada a laser vendidos por grosso suportam a impress\u00e3o personalizada de log\u00f3tipos, padr\u00f5es e log\u00f3tipos de marcas para aumentar o efeito publicit\u00e1rio da marca.<\/p>\n\n\n\n<p><strong>Design da al\u00e7a cortada:<\/strong> Os nossos sacos de papel personalizados incluem designs modernos de al\u00e7as recortadas, que s\u00e3o confort\u00e1veis, pr\u00e1ticos e f\u00e1ceis de segurar.<\/p>\n\n\n\n<p><strong>Papel de qualidade premium: <\/strong>Os nossos sacos de papel personalizados s\u00e3o fabricados com papel ecol\u00f3gico de alta qualidade, dur\u00e1vel e resistente o suficiente para transportar cargas pesadas.<\/p>\n\n\n\n<p><strong>V\u00e1rios tamanhos: <\/strong>Estes sacos de papel por grosso est\u00e3o dispon\u00edveis em diferentes especifica\u00e7\u00f5es para atender a v\u00e1rias necessidades de embalagem e s\u00e3o adequados para a venda de uma grande variedade de produtos.<\/p>\n\n\n\n<p><strong>Fornecimento por grosso a granel:<\/strong> Os nossos sacos de papel personalizados s\u00e3o impressos em grandes quantidades para satisfazer as necessidades de embalagem de v\u00e1rios comerciantes e lojas de retalho, a fim de proporcionar um abastecimento eficiente.<\/p>\n<\/div>\n\n\n\n<div class=\"wp-block-column is-layout-flow wp-block-column-is-layout-flow\">\n<figure class=\"wp-block-image size-full\"><img decoding=\"async\" width=\"1000\" height=\"1000\" src=\"https:\/\/www.yishengpack.com\/wp-content\/uploads\/2025\/03\/custom-printed-paper-bags-die-cut-handle-paper-bags-wholesale-1_1.webp\" alt=\"sacos de papel personalizados - sacos de papel com al\u00e7a cortada - sacos de papel por grosso - 2\" class=\"wp-image-1257\" srcset=\"https:\/\/www.yishengpack.com\/wp-content\/uploads\/2025\/03\/custom-printed-paper-bags-die-cut-handle-paper-bags-wholesale-1_1.webp 1000w, https:\/\/www.yishengpack.com\/wp-content\/uploads\/2025\/03\/custom-printed-paper-bags-die-cut-handle-paper-bags-wholesale-1_1-300x300.webp 300w, https:\/\/www.yishengpack.com\/wp-content\/uploads\/2025\/03\/custom-printed-paper-bags-die-cut-handle-paper-bags-wholesale-1_1-150x150.webp 150w, https:\/\/www.yishengpack.com\/wp-content\/uploads\/2025\/03\/custom-printed-paper-bags-die-cut-handle-paper-bags-wholesale-1_1-768x768.webp 768w, https:\/\/www.yishengpack.com\/wp-content\/uploads\/2025\/03\/custom-printed-paper-bags-die-cut-handle-paper-bags-wholesale-1_1-12x12.webp 12w, https:\/\/www.yishengpack.com\/wp-content\/uploads\/2025\/03\/custom-printed-paper-bags-die-cut-handle-paper-bags-wholesale-1_1-600x600.webp 600w, https:\/\/www.yishengpack.com\/wp-content\/uploads\/2025\/03\/custom-printed-paper-bags-die-cut-handle-paper-bags-wholesale-1_1-100x100.webp 100w\" sizes=\"(max-width: 1000px) 100vw, 1000px\" \/><\/figure>\n<\/div>\n<\/div>\n\n\n\n<div class=\"wp-block-columns is-layout-flex wp-container-core-columns-is-layout-9d6595d7 wp-block-columns-is-layout-flex\">\n<div class=\"wp-block-column is-layout-flow wp-block-column-is-layout-flow\">\n<figure class=\"wp-block-image size-full\"><img decoding=\"async\" width=\"720\" height=\"720\" src=\"https:\/\/www.yishengpack.com\/wp-content\/uploads\/2025\/03\/custom-printed-paper-bags-die-cut-handle-paper-bags-wholesale-2.webp\" alt=\"sacos de papel impressos personalizados-sacos de papel com al\u00e7a cortada \u00e0 m\u00e1quina-venda por grosso-3\" class=\"wp-image-1258\" srcset=\"https:\/\/www.yishengpack.com\/wp-content\/uploads\/2025\/03\/custom-printed-paper-bags-die-cut-handle-paper-bags-wholesale-2.webp 720w, https:\/\/www.yishengpack.com\/wp-content\/uploads\/2025\/03\/custom-printed-paper-bags-die-cut-handle-paper-bags-wholesale-2-300x300.webp 300w, https:\/\/www.yishengpack.com\/wp-content\/uploads\/2025\/03\/custom-printed-paper-bags-die-cut-handle-paper-bags-wholesale-2-150x150.webp 150w, https:\/\/www.yishengpack.com\/wp-content\/uploads\/2025\/03\/custom-printed-paper-bags-die-cut-handle-paper-bags-wholesale-2-12x12.webp 12w, https:\/\/www.yishengpack.com\/wp-content\/uploads\/2025\/03\/custom-printed-paper-bags-die-cut-handle-paper-bags-wholesale-2-600x600.webp 600w, https:\/\/www.yishengpack.com\/wp-content\/uploads\/2025\/03\/custom-printed-paper-bags-die-cut-handle-paper-bags-wholesale-2-100x100.webp 100w\" sizes=\"(max-width: 720px) 100vw, 720px\" \/><\/figure>\n\n\n\n<div class=\"wp-block-buttons has-custom-font-size has-small-font-size is-content-justification-center is-layout-flex wp-container-core-buttons-is-layout-16018d1d wp-block-buttons-is-layout-flex\">\n<div class=\"wp-block-button has-custom-width wp-block-button__width-75\"><a class=\"wp-block-button__link has-background has-small-font-size has-custom-font-size wp-element-button\" href=\"https:\/\/www.yishengpack.com\/pt\/custom-printed-box\/\" style=\"background:linear-gradient(135deg,rgb(254,205,165) 0%,rgb(254,45,45) 0%,rgb(94,15,15) 0%,rgb(94,15,15) 100%)\" target=\"_blank\" rel=\"noreferrer noopener\"><strong>Explorar caixas impressas personalizadas<\/strong><\/a><\/div>\n<\/div>\n<\/div>\n\n\n\n<div class=\"wp-block-column is-layout-flow wp-block-column-is-layout-flow\">\n<figure class=\"wp-block-image size-full\"><img decoding=\"async\" width=\"1000\" height=\"1000\" src=\"https:\/\/www.yishengpack.com\/wp-content\/uploads\/2025\/03\/custom-printed-paper-bags-die-cut-handle-paper-bags-wholesale-1_1.webp\" alt=\"sacos de papel personalizados - sacos de papel com al\u00e7a cortada - sacos de papel por grosso - 2\" class=\"wp-image-1257\" srcset=\"https:\/\/www.yishengpack.com\/wp-content\/uploads\/2025\/03\/custom-printed-paper-bags-die-cut-handle-paper-bags-wholesale-1_1.webp 1000w, https:\/\/www.yishengpack.com\/wp-content\/uploads\/2025\/03\/custom-printed-paper-bags-die-cut-handle-paper-bags-wholesale-1_1-300x300.webp 300w, https:\/\/www.yishengpack.com\/wp-content\/uploads\/2025\/03\/custom-printed-paper-bags-die-cut-handle-paper-bags-wholesale-1_1-150x150.webp 150w, https:\/\/www.yishengpack.com\/wp-content\/uploads\/2025\/03\/custom-printed-paper-bags-die-cut-handle-paper-bags-wholesale-1_1-768x768.webp 768w, https:\/\/www.yishengpack.com\/wp-content\/uploads\/2025\/03\/custom-printed-paper-bags-die-cut-handle-paper-bags-wholesale-1_1-12x12.webp 12w, https:\/\/www.yishengpack.com\/wp-content\/uploads\/2025\/03\/custom-printed-paper-bags-die-cut-handle-paper-bags-wholesale-1_1-600x600.webp 600w, https:\/\/www.yishengpack.com\/wp-content\/uploads\/2025\/03\/custom-printed-paper-bags-die-cut-handle-paper-bags-wholesale-1_1-100x100.webp 100w\" sizes=\"(max-width: 1000px) 100vw, 1000px\" \/><\/figure>\n\n\n\n<div class=\"wp-block-buttons has-custom-font-size has-small-font-size is-content-justification-center is-layout-flex wp-container-core-buttons-is-layout-16018d1d wp-block-buttons-is-layout-flex\">\n<div class=\"wp-block-button has-custom-width wp-block-button__width-75\"><a class=\"wp-block-button__link has-background has-small-font-size has-custom-font-size wp-element-button\" href=\"https:\/\/www.yishengpack.com\/pt\/custom-product-boxes-types\/\" style=\"background:linear-gradient(135deg,rgb(254,205,165) 0%,rgb(254,45,45) 0%,rgb(94,15,15) 0%,rgb(94,15,15) 100%)\" target=\"_blank\" rel=\"noreferrer noopener\"><strong>Explore os tipos de caixas personalizadas<\/strong><\/a><\/div>\n<\/div>\n<\/div>\n<\/div>","protected":false},"excerpt":{"rendered":"<p>Bem-vindo a comprar estes sacos de papel personalizados. Os nossos sacos de papel por grosso t\u00eam um design com al\u00e7a cortada. S\u00e3o dur\u00e1veis e ecol\u00f3gicos e podem ser aplicados na embalagem de qualquer produto. Oferecemos uma variedade de tamanhos e impress\u00f5es, personaliza\u00e7\u00e3o em grandes quantidades para atender \u00e0s necessidades dos comerciantes e melhorar a imagem da marca e a experi\u00eancia do cliente tanto quanto poss\u00edvel.<\/p>\n<h2>Especifica\u00e7\u00f5es das sacolas de papel personalizadas:<\/h2>\n<table width=\"554\">\n<tbody>\n<tr>\n<td width=\"215\">Fabricante:<\/td>\n<td colspan=\"2\" width=\"339\">Yisheng<\/td>\n<\/tr>\n<tr>\n<td>Estilo:<\/td>\n<td colspan=\"2\">Saco de papel<\/td>\n<\/tr>\n<tr>\n<td>Material:\u00a0<\/td>\n<td colspan=\"2\">Papel Kraft, cart\u00e3o canelado, cart\u00e3o de papel, papel de arte, etc<\/td>\n<\/tr>\n<tr>\n<td>Cor:\u00a0<\/td>\n<td colspan=\"2\">Branco, Preto, Personalizado<\/td>\n<\/tr>\n<tr>\n<td>Tamanho:<\/td>\n<td colspan=\"2\">Personalizado<\/td>\n<\/tr>\n<tr>\n<td>MOQ:\u00a0<\/td>\n<td colspan=\"2\">1000pcs<\/td>\n<\/tr>\n<tr>\n<td>OEM&amp;ODM:\u00a0<\/td>\n<td colspan=\"2\">Personalizado, bem-vindo OEM&amp;ODM<\/td>\n<\/tr>\n<tr>\n<td>Aplica\u00e7\u00f5es:<\/td>\n<td colspan=\"2\">Lojas de retalho de marca, embalagens de presentes de alta qualidade, catering para takeaways e cafetarias, lembran\u00e7as para casamentos e festas<\/td>\n<\/tr>\n<\/tbody>\n<\/table>\n<p><script src=\"chrome-extension:\/\/fpelahbljekknahkcaegamhcndkfpfnc\/iFrame.js\" type=\"text\/javascript\"><\/script><\/p>\n<p><script src=\"chrome-extension:\/\/fpelahbljekknahkcaegamhcndkfpfnc\/iFrame.js\" type=\"text\/javascript\"><\/script><\/p>","protected":false},"featured_media":1256,"comment_status":"closed","ping_status":"closed","template":"","meta":{"_acf_changed":false},"box-type":[49],"product_brand":[],"product_cat":[34,37],"product_tag":[],"class_list":{"0":"post-1254","1":"product","2":"type-product","3":"status-publish","4":"has-post-thumbnail","6":"box-type-custom-die-cut-paper-bag","7":"product_cat-paper-bags-wholesale","8":"product_cat-paper-gift-bags-bulk","10":"first","11":"instock","12":"shipping-taxable","13":"product-type-simple"},"acf":[],"_links":{"self":[{"href":"https:\/\/www.yishengpack.com\/pt\/wp-json\/wp\/v2\/product\/1254","targetHints":{"allow":["GET"]}}],"collection":[{"href":"https:\/\/www.yishengpack.com\/pt\/wp-json\/wp\/v2\/product"}],"about":[{"href":"https:\/\/www.yishengpack.com\/pt\/wp-json\/wp\/v2\/types\/product"}],"replies":[{"embeddable":true,"href":"https:\/\/www.yishengpack.com\/pt\/wp-json\/wp\/v2\/comments?post=1254"}],"wp:featuredmedia":[{"embeddable":true,"href":"https:\/\/www.yishengpack.com\/pt\/wp-json\/wp\/v2\/media\/1256"}],"wp:attachment":[{"href":"https:\/\/www.yishengpack.com\/pt\/wp-json\/wp\/v2\/media?parent=1254"}],"wp:term":[{"taxonomy":"box-type","embeddable":true,"href":"https:\/\/www.yishengpack.com\/pt\/wp-json\/wp\/v2\/box-type?post=1254"},{"taxonomy":"product_brand","embeddable":true,"href":"https:\/\/www.yishengpack.com\/pt\/wp-json\/wp\/v2\/product_brand?post=1254"},{"taxonomy":"product_cat","embeddable":true,"href":"https:\/\/www.yishengpack.com\/pt\/wp-json\/wp\/v2\/product_cat?post=1254"},{"taxonomy":"product_tag","embeddable":true,"href":"https:\/\/www.yishengpack.com\/pt\/wp-json\/wp\/v2\/product_tag?post=1254"}],"curies":[{"name":"wp","href":"https:\/\/api.w.org\/{rel}","templated":true}]}}