{"id":1216,"date":"2025-03-14T08:23:00","date_gmt":"2025-03-14T08:23:00","guid":{"rendered":"https:\/\/www.yishengpack.com\/?post_type=product&#038;p=1216"},"modified":"2026-02-25T08:31:49","modified_gmt":"2026-02-25T08:31:49","slug":"custom-rigid-boxes","status":"publish","type":"product","link":"https:\/\/www.yishengpack.com\/pt\/product\/custom-rigid-boxes\/","title":{"rendered":"Caixas r\u00edgidas personalizadas, 8 caixas dobr\u00e1veis para bolos lunares por atacado"},"content":{"rendered":"<div class=\"wp-block-columns is-layout-flex wp-container-core-columns-is-layout-9d6595d7 wp-block-columns-is-layout-flex\">\n<div class=\"wp-block-column is-layout-flow wp-block-column-is-layout-flow\">\n<h3 class=\"wp-block-heading\">Carater\u00edsticas das caixas r\u00edgidas personalizadas<\/h3>\n\n\n\n<p><strong>Duradouro:<\/strong> Estas caixas de bolo da lua por atacado s\u00e3o feitas de material de cart\u00e3o cinzento de alta resist\u00eancia, com excelente prote\u00e7\u00e3o para manter os bolos da lua intactos durante o transporte e armazenamento.<\/p>\n\n\n\n<p><strong>Design dobr\u00e1vel: <\/strong>O design flex\u00edvel e dobr\u00e1vel das nossas caixas r\u00edgidas personalizadas permite poupar espa\u00e7o no armazenamento, reduzir as despesas de log\u00edstica e facilitar a montagem.<\/p>\n\n\n\n<p><strong>Artesanato requintado:<\/strong> Estas caixas de bolo lunar por atacado suportam artesanato de alta qualidade, como estampagem a quente, UV, relevo, etc., o que cria uma textura de presente luxuosa e aumenta o valor da marca.<\/p>\n\n\n\n<p><strong>Op\u00e7\u00f5es de capacidade m\u00faltipla: <\/strong>As nossas caixas r\u00edgidas personalizadas s\u00e3o especialmente concebidas para 8 bolos lunares com tabuleiros interiores separados, que s\u00e3o razoavelmente dispostos para uma vasta gama de tamanhos de bolos lunares e garantem que os produtos s\u00e3o colocados de forma est\u00e1vel.<\/p>\n\n\n\n<p><strong>Personaliza\u00e7\u00e3o flex\u00edvel:<\/strong> As nossas caixas r\u00edgidas personalizadas oferecem servi\u00e7os de personaliza\u00e7\u00e3o multidimensional em termos de tamanho, cor, log\u00f3tipo, forro, etc., para satisfazer as necessidades individuais das marcas e criar solu\u00e7\u00f5es de embalagem exclusivas.<\/p>\n<\/div>\n\n\n\n<div class=\"wp-block-column is-layout-flow wp-block-column-is-layout-flow\">\n<figure class=\"wp-block-image size-full\"><img decoding=\"async\" width=\"3024\" height=\"3024\" src=\"https:\/\/www.yishengpack.com\/wp-content\/uploads\/2025\/03\/custom-rigid-boxes-collapsible-mooncake-boxes-wholesale-8-pieces_1.webp\" alt=\"caixas r\u00edgidas personalizadas caixas colaps\u00e1veis para bolos de lua - venda por grosso - 8 pe\u00e7as_1\" class=\"wp-image-1218\" srcset=\"https:\/\/www.yishengpack.com\/wp-content\/uploads\/2025\/03\/custom-rigid-boxes-collapsible-mooncake-boxes-wholesale-8-pieces_1.webp 3024w, https:\/\/www.yishengpack.com\/wp-content\/uploads\/2025\/03\/custom-rigid-boxes-collapsible-mooncake-boxes-wholesale-8-pieces_1-300x300.webp 300w, https:\/\/www.yishengpack.com\/wp-content\/uploads\/2025\/03\/custom-rigid-boxes-collapsible-mooncake-boxes-wholesale-8-pieces_1-150x150.webp 150w, https:\/\/www.yishengpack.com\/wp-content\/uploads\/2025\/03\/custom-rigid-boxes-collapsible-mooncake-boxes-wholesale-8-pieces_1-768x768.webp 768w, https:\/\/www.yishengpack.com\/wp-content\/uploads\/2025\/03\/custom-rigid-boxes-collapsible-mooncake-boxes-wholesale-8-pieces_1-12x12.webp 12w, https:\/\/www.yishengpack.com\/wp-content\/uploads\/2025\/03\/custom-rigid-boxes-collapsible-mooncake-boxes-wholesale-8-pieces_1-1200x1200.webp 1200w, https:\/\/www.yishengpack.com\/wp-content\/uploads\/2025\/03\/custom-rigid-boxes-collapsible-mooncake-boxes-wholesale-8-pieces_1-600x600.webp 600w, https:\/\/www.yishengpack.com\/wp-content\/uploads\/2025\/03\/custom-rigid-boxes-collapsible-mooncake-boxes-wholesale-8-pieces_1-100x100.webp 100w\" sizes=\"(max-width: 3024px) 100vw, 3024px\" \/><\/figure>\n<\/div>\n<\/div>\n\n\n\n<div class=\"wp-block-columns is-layout-flex wp-container-core-columns-is-layout-9d6595d7 wp-block-columns-is-layout-flex\">\n<div class=\"wp-block-column is-layout-flow wp-block-column-is-layout-flow\">\n<div class=\"wp-block-buttons has-custom-font-size has-small-font-size is-content-justification-center is-layout-flex wp-container-core-buttons-is-layout-16018d1d wp-block-buttons-is-layout-flex\">\n<div class=\"wp-block-button has-custom-width wp-block-button__width-75\"><a class=\"wp-block-button__link has-background has-small-font-size has-custom-font-size wp-element-button\" href=\"https:\/\/www.yishengpack.com\/pt\/custom-printed-box\/\" style=\"background:linear-gradient(135deg,rgb(254,205,165) 0%,rgb(254,45,45) 0%,rgb(94,15,15) 0%,rgb(94,15,15) 100%)\" target=\"_blank\" rel=\"noreferrer noopener\"><strong>Explorar caixas impressas personalizadas<\/strong><\/a><\/div>\n<\/div>\n<\/div>\n\n\n\n<div class=\"wp-block-column is-layout-flow wp-block-column-is-layout-flow\">\n<div class=\"wp-block-buttons has-custom-font-size has-small-font-size is-content-justification-center is-layout-flex wp-container-core-buttons-is-layout-16018d1d wp-block-buttons-is-layout-flex\">\n<div class=\"wp-block-button has-custom-width wp-block-button__width-75\"><a class=\"wp-block-button__link has-background has-small-font-size has-custom-font-size wp-element-button\" href=\"https:\/\/www.yishengpack.com\/pt\/custom-product-boxes-types\/\" style=\"background:linear-gradient(135deg,rgb(254,205,165) 0%,rgb(254,45,45) 0%,rgb(94,15,15) 0%,rgb(94,15,15) 100%)\" target=\"_blank\" rel=\"noreferrer noopener\"><strong>Explore os tipos de caixas personalizadas<\/strong><\/a><\/div>\n<\/div>\n<\/div>\n<\/div>","protected":false},"excerpt":{"rendered":"<p>Bem-vindo a comprar as nossas caixas r\u00edgidas personalizadas. Oferecemos caixas de bolo de lua por atacado, projetadas para pacotes de 8 pe\u00e7as, combinando textura de alta qualidade e praticidade. Estrutura dobr\u00e1vel para f\u00e1cil armazenamento, materiais dur\u00e1veis para garantir o transporte seguro, suportar uma variedade de artesanato requintado e personaliza\u00e7\u00e3o personalizada, ajudar as marcas a criar uma embalagem de presente de feriado \u00fanica e inesquec\u00edvel!<\/p>\n<h2>Destaques das caixas r\u00edgidas personalizadas<\/h2>\n<ul>\n<li>Vendido como um conjunto (grossista)<\/li>\n<li>Especifica\u00e7\u00f5es personaliz\u00e1veis (4\/6\/8)<\/li>\n<li>V\u00e1rios tipos de caixas dispon\u00edveis<\/li>\n<li>Materiais amigos do ambiente<\/li>\n<li>Personaliza\u00e7\u00e3o topo de gama<\/li>\n<li>Processos de impress\u00e3o avan\u00e7ados<\/li>\n<li>Sacos de papel personalizados a condizer<\/li>\n<li>Grande variedade de cores<\/li>\n<\/ul>","protected":false},"featured_media":1217,"comment_status":"closed","ping_status":"closed","template":"","meta":{"_acf_changed":false},"box-type":[55,57],"product_brand":[],"product_cat":[19,41,46,33,44],"product_tag":[],"class_list":{"0":"post-1216","1":"product","2":"type-product","3":"status-publish","4":"has-post-thumbnail","6":"box-type-custom-foldable-boxes","7":"box-type-custom-rigid-box-with-lid","8":"product_cat-luxury-gift-boxes-wholesale","9":"product_cat-candy-gift-boxes-wholesale","10":"product_cat-wholesale-paper-boxes","11":"product_cat-food-packaging-boxes-wholesale","12":"product_cat-custom-snack-box","14":"first","15":"instock","16":"shipping-taxable","17":"product-type-simple"},"acf":[],"_links":{"self":[{"href":"https:\/\/www.yishengpack.com\/pt\/wp-json\/wp\/v2\/product\/1216","targetHints":{"allow":["GET"]}}],"collection":[{"href":"https:\/\/www.yishengpack.com\/pt\/wp-json\/wp\/v2\/product"}],"about":[{"href":"https:\/\/www.yishengpack.com\/pt\/wp-json\/wp\/v2\/types\/product"}],"replies":[{"embeddable":true,"href":"https:\/\/www.yishengpack.com\/pt\/wp-json\/wp\/v2\/comments?post=1216"}],"wp:featuredmedia":[{"embeddable":true,"href":"https:\/\/www.yishengpack.com\/pt\/wp-json\/wp\/v2\/media\/1217"}],"wp:attachment":[{"href":"https:\/\/www.yishengpack.com\/pt\/wp-json\/wp\/v2\/media?parent=1216"}],"wp:term":[{"taxonomy":"box-type","embeddable":true,"href":"https:\/\/www.yishengpack.com\/pt\/wp-json\/wp\/v2\/box-type?post=1216"},{"taxonomy":"product_brand","embeddable":true,"href":"https:\/\/www.yishengpack.com\/pt\/wp-json\/wp\/v2\/product_brand?post=1216"},{"taxonomy":"product_cat","embeddable":true,"href":"https:\/\/www.yishengpack.com\/pt\/wp-json\/wp\/v2\/product_cat?post=1216"},{"taxonomy":"product_tag","embeddable":true,"href":"https:\/\/www.yishengpack.com\/pt\/wp-json\/wp\/v2\/product_tag?post=1216"}],"curies":[{"name":"wp","href":"https:\/\/api.w.org\/{rel}","templated":true}]}}