{"id":1181,"date":"2025-03-07T07:15:29","date_gmt":"2025-03-07T07:15:29","guid":{"rendered":"https:\/\/www.yishengpack.com\/?post_type=product&#038;p=1181"},"modified":"2026-01-04T07:49:23","modified_gmt":"2026-01-04T07:49:23","slug":"custom-bakery-packaging","status":"publish","type":"product","link":"https:\/\/www.yishengpack.com\/pt\/product\/custom-bakery-packaging\/","title":{"rendered":"Embalagens personalizadas para padaria, caixas para pastelaria com pega por atacado"},"content":{"rendered":"<div class=\"wp-block-columns is-layout-flex wp-container-core-columns-is-layout-9d6595d7 wp-block-columns-is-layout-flex\">\n<div class=\"wp-block-column is-layout-flow wp-block-column-is-layout-flow\">\n<h3 class=\"wp-block-heading\">Features of Custom Bakery Packaging<\/h3>\n\n\n\n<p><strong>Custom Design: <\/strong>This custom bakery packaging is available in a variety of styles, sizes, and printing options to fit your brand image just perfectly.<\/p>\n\n\n\n<p><strong>Material de alta qualidade: <\/strong>Our wholesale pastry boxes are made from food-grade paper material, which makes them safe, durable, and eco-friendly.<\/p>\n\n\n\n<p><strong>Easy to carry: <\/strong>Custom bakery packaging comes with a firm handle, making it so much easier for customers to carry, adding much convenience.<\/p>\n\n\n\n<p><strong>Moisture and Oil Resistant:<\/strong> These wholesale pastry boxes are highly resistant to moisture and oil, thus keeping the food inside fresh.<\/p>\n\n\n\n<p><strong>Multi-Purpose Use:<\/strong> This custom bakery packaging is versatile for all types of bakery products, such as cakes, cookies, bread, and desserts, and will fit all types and sizes of food.<\/p>\n<\/div>\n\n\n\n<div class=\"wp-block-column is-layout-flow wp-block-column-is-layout-flow\">\n<figure class=\"wp-block-image size-full\"><img decoding=\"async\" width=\"700\" height=\"700\" src=\"https:\/\/www.yishengpack.com\/wp-content\/uploads\/2025\/03\/custom-bakery-packaging-wholesale-pastry-boxes-with-handles-1.webp\" alt=\"embalagens-personalizadas-para-padarias-caixas-para-pastelaria-com-al\u00e7as-por-atacado (1)\" class=\"wp-image-1182\" srcset=\"https:\/\/www.yishengpack.com\/wp-content\/uploads\/2025\/03\/custom-bakery-packaging-wholesale-pastry-boxes-with-handles-1.webp 700w, https:\/\/www.yishengpack.com\/wp-content\/uploads\/2025\/03\/custom-bakery-packaging-wholesale-pastry-boxes-with-handles-1-300x300.webp 300w, https:\/\/www.yishengpack.com\/wp-content\/uploads\/2025\/03\/custom-bakery-packaging-wholesale-pastry-boxes-with-handles-1-150x150.webp 150w, https:\/\/www.yishengpack.com\/wp-content\/uploads\/2025\/03\/custom-bakery-packaging-wholesale-pastry-boxes-with-handles-1-12x12.webp 12w, https:\/\/www.yishengpack.com\/wp-content\/uploads\/2025\/03\/custom-bakery-packaging-wholesale-pastry-boxes-with-handles-1-600x600.webp 600w, https:\/\/www.yishengpack.com\/wp-content\/uploads\/2025\/03\/custom-bakery-packaging-wholesale-pastry-boxes-with-handles-1-100x100.webp 100w\" sizes=\"(max-width: 700px) 100vw, 700px\" \/><\/figure>\n<\/div>\n<\/div>\n\n\n\n<div class=\"wp-block-columns is-layout-flex wp-container-core-columns-is-layout-9d6595d7 wp-block-columns-is-layout-flex\">\n<div class=\"wp-block-column is-layout-flow wp-block-column-is-layout-flow\">\n<figure class=\"wp-block-image size-full\"><img decoding=\"async\" width=\"500\" height=\"550\" src=\"https:\/\/www.yishengpack.com\/wp-content\/uploads\/2025\/03\/custom-bakery-packaging-wholesale-pastry-boxes-with-handles-2.webp\" alt=\"embalagens de pastelaria personalizadas para venda por grosso - caixas de pastelaria com pegas (2)\" class=\"wp-image-1183\" srcset=\"https:\/\/www.yishengpack.com\/wp-content\/uploads\/2025\/03\/custom-bakery-packaging-wholesale-pastry-boxes-with-handles-2.webp 500w, https:\/\/www.yishengpack.com\/wp-content\/uploads\/2025\/03\/custom-bakery-packaging-wholesale-pastry-boxes-with-handles-2-273x300.webp 273w, https:\/\/www.yishengpack.com\/wp-content\/uploads\/2025\/03\/custom-bakery-packaging-wholesale-pastry-boxes-with-handles-2-11x12.webp 11w\" sizes=\"(max-width: 500px) 100vw, 500px\" \/><\/figure>\n\n\n\n<div class=\"wp-block-buttons has-custom-font-size has-small-font-size is-content-justification-center is-layout-flex wp-container-core-buttons-is-layout-16018d1d wp-block-buttons-is-layout-flex\">\n<div class=\"wp-block-button has-custom-width wp-block-button__width-75\"><a class=\"wp-block-button__link has-background has-small-font-size has-custom-font-size wp-element-button\" href=\"https:\/\/www.yishengpack.com\/pt\/custom-printed-box\/\" style=\"background:linear-gradient(135deg,rgb(254,205,165) 0%,rgb(254,45,45) 0%,rgb(94,15,15) 0%,rgb(94,15,15) 100%)\" target=\"_blank\" rel=\"noreferrer noopener\"><strong>Explorar caixas impressas personalizadas<\/strong><\/a><\/div>\n<\/div>\n<\/div>\n\n\n\n<div class=\"wp-block-column is-layout-flow wp-block-column-is-layout-flow\">\n<figure class=\"wp-block-image size-full\"><img decoding=\"async\" width=\"720\" height=\"720\" src=\"https:\/\/www.yishengpack.com\/wp-content\/uploads\/2025\/03\/custom-bakery-packaging-wholesale-pastry-boxes-with-handles-3.webp\" alt=\"embalagens-personalizadas-para-padarias-caixas-para-pastelaria-com-al\u00e7as-por-atacado (3)\" class=\"wp-image-1184\" srcset=\"https:\/\/www.yishengpack.com\/wp-content\/uploads\/2025\/03\/custom-bakery-packaging-wholesale-pastry-boxes-with-handles-3.webp 720w, https:\/\/www.yishengpack.com\/wp-content\/uploads\/2025\/03\/custom-bakery-packaging-wholesale-pastry-boxes-with-handles-3-300x300.webp 300w, https:\/\/www.yishengpack.com\/wp-content\/uploads\/2025\/03\/custom-bakery-packaging-wholesale-pastry-boxes-with-handles-3-150x150.webp 150w, https:\/\/www.yishengpack.com\/wp-content\/uploads\/2025\/03\/custom-bakery-packaging-wholesale-pastry-boxes-with-handles-3-12x12.webp 12w, https:\/\/www.yishengpack.com\/wp-content\/uploads\/2025\/03\/custom-bakery-packaging-wholesale-pastry-boxes-with-handles-3-600x600.webp 600w, https:\/\/www.yishengpack.com\/wp-content\/uploads\/2025\/03\/custom-bakery-packaging-wholesale-pastry-boxes-with-handles-3-100x100.webp 100w\" sizes=\"(max-width: 720px) 100vw, 720px\" \/><\/figure>\n\n\n\n<div class=\"wp-block-buttons has-custom-font-size has-small-font-size is-content-justification-center is-layout-flex wp-container-core-buttons-is-layout-16018d1d wp-block-buttons-is-layout-flex\">\n<div class=\"wp-block-button has-custom-width wp-block-button__width-75\"><a class=\"wp-block-button__link has-background has-small-font-size has-custom-font-size wp-element-button\" href=\"https:\/\/www.yishengpack.com\/pt\/custom-product-boxes-types\/\" style=\"background:linear-gradient(135deg,rgb(254,205,165) 0%,rgb(254,45,45) 0%,rgb(94,15,15) 0%,rgb(94,15,15) 100%)\" target=\"_blank\" rel=\"noreferrer noopener\"><strong>Explore os tipos de caixas personalizadas<\/strong><\/a><\/div>\n<\/div>\n<\/div>\n<\/div>","protected":false},"excerpt":{"rendered":"<p>Welcome to our custom bakery packaging. These wholesale pastry boxes are made of food-grade paper material with moisture and oil resistance, perfectly protecting your pastries and keeping them fresh. Equipped with a sturdy handle for easy carrying, it offers a variety of sizes and printing options for a wide range of bakery products, ideal for enhancing your brand image.<\/p>\n<h2>Highlights of Custom Bakery Packaging<\/h2>\n<ul>\n<li>Personaliza\u00e7\u00e3o personalizada<\/li>\n<li>Transparent Window Display<\/li>\n<li>Materiais de primeira qualidade<\/li>\n<li>Trabalho cuidadoso<\/li>\n<li>V\u00e1rias op\u00e7\u00f5es de cores<\/li>\n<li>V\u00e1rios tamanhos de caixas<\/li>\n<li>Armazenamento pr\u00e1tico de alimentos<\/li>\n<li>Protetor e pr\u00e1tico<\/li>\n<\/ul>","protected":false},"featured_media":1183,"comment_status":"closed","ping_status":"closed","template":"","meta":{"_acf_changed":false},"box-type":[55,48,58],"product_brand":[],"product_cat":[32,46,30,33,44],"product_tag":[],"class_list":{"0":"post-1181","1":"product","2":"type-product","3":"status-publish","4":"has-post-thumbnail","6":"box-type-custom-foldable-boxes","7":"box-type-custom-tuck-top-boxes","8":"box-type-custom-window-gift-box","9":"product_cat-bakery-packaging-wholesale","10":"product_cat-wholesale-paper-boxes","11":"product_cat-cake-containers-wholesale","12":"product_cat-food-packaging-boxes-wholesale","13":"product_cat-custom-snack-box","15":"first","16":"instock","17":"shipping-taxable","18":"product-type-simple"},"acf":[],"_links":{"self":[{"href":"https:\/\/www.yishengpack.com\/pt\/wp-json\/wp\/v2\/product\/1181","targetHints":{"allow":["GET"]}}],"collection":[{"href":"https:\/\/www.yishengpack.com\/pt\/wp-json\/wp\/v2\/product"}],"about":[{"href":"https:\/\/www.yishengpack.com\/pt\/wp-json\/wp\/v2\/types\/product"}],"replies":[{"embeddable":true,"href":"https:\/\/www.yishengpack.com\/pt\/wp-json\/wp\/v2\/comments?post=1181"}],"wp:featuredmedia":[{"embeddable":true,"href":"https:\/\/www.yishengpack.com\/pt\/wp-json\/wp\/v2\/media\/1183"}],"wp:attachment":[{"href":"https:\/\/www.yishengpack.com\/pt\/wp-json\/wp\/v2\/media?parent=1181"}],"wp:term":[{"taxonomy":"box-type","embeddable":true,"href":"https:\/\/www.yishengpack.com\/pt\/wp-json\/wp\/v2\/box-type?post=1181"},{"taxonomy":"product_brand","embeddable":true,"href":"https:\/\/www.yishengpack.com\/pt\/wp-json\/wp\/v2\/product_brand?post=1181"},{"taxonomy":"product_cat","embeddable":true,"href":"https:\/\/www.yishengpack.com\/pt\/wp-json\/wp\/v2\/product_cat?post=1181"},{"taxonomy":"product_tag","embeddable":true,"href":"https:\/\/www.yishengpack.com\/pt\/wp-json\/wp\/v2\/product_tag?post=1181"}],"curies":[{"name":"wp","href":"https:\/\/api.w.org\/{rel}","templated":true}]}}