{"id":1177,"date":"2025-03-06T07:15:34","date_gmt":"2025-03-06T07:15:34","guid":{"rendered":"https:\/\/www.yishengpack.com\/?post_type=product&#038;p=1177"},"modified":"2026-01-04T07:46:25","modified_gmt":"2026-01-04T07:46:25","slug":"custom-cookie-boxes","status":"publish","type":"product","link":"https:\/\/www.yishengpack.com\/pt\/product\/custom-cookie-boxes\/","title":{"rendered":"Caixas de biscoitos personalizadas, caixas dobr\u00e1veis com janela por atacado"},"content":{"rendered":"<div class=\"wp-block-columns is-layout-flex wp-container-core-columns-is-layout-9d6595d7 wp-block-columns-is-layout-flex\">\n<div class=\"wp-block-column is-layout-flow wp-block-column-is-layout-flow\">\n<h3 class=\"wp-block-heading\">Features of Custom Cookie Boxes<\/h3>\n\n\n\n<p><strong>Customized Window Design:<\/strong> Our wholesale folding boxes have customized transparent window design, allowing customers to view the appearance of the cookies directly and creating the impulse of buying.<\/p>\n\n\n\n<p><strong>Material de alta qualidade: <\/strong>These custom cookie boxes are made of high-quality paper material, ensuring the package&#8217;s safety and durability as well as environmental protection.<\/p>\n\n\n\n<p><strong>Foldable for Convenient Storage:<\/strong> The innovative folding mechanism of our wholesale folding boxes makes it space-saving when stored, easy to store and transport, and simple to assemble.<\/p>\n\n\n\n<p><strong>Op\u00e7\u00f5es de personaliza\u00e7\u00e3o vers\u00e1teis: <\/strong>These custom cookie boxes is adaptable with a wide range of sizes, colors, printing styles and company logos to personalize, which is completely in line with the company image.<\/p>\n\n\n\n<p><strong>Secure Sealing Design: <\/strong>These custom cookie boxes adopt precise sealing technology to ensure the cookies are packed tightly and prevent air, dust and moisture from entering, effectively keeping the cookies fresh and hygienic.<\/p>\n<\/div>\n\n\n\n<div class=\"wp-block-column is-layout-flow wp-block-column-is-layout-flow\">\n<figure class=\"wp-block-image size-full\"><img decoding=\"async\" width=\"800\" height=\"800\" src=\"https:\/\/www.yishengpack.com\/wp-content\/uploads\/2025\/03\/custom-cookie-boxes-wholesale-folding-boxes-with-customizable-window-3.webp\" alt=\"caixas para bolachas personalizadas - caixas de dobragem para venda por grosso - com janela personaliz\u00e1vel (3)\" class=\"wp-image-1180\" srcset=\"https:\/\/www.yishengpack.com\/wp-content\/uploads\/2025\/03\/custom-cookie-boxes-wholesale-folding-boxes-with-customizable-window-3.webp 800w, https:\/\/www.yishengpack.com\/wp-content\/uploads\/2025\/03\/custom-cookie-boxes-wholesale-folding-boxes-with-customizable-window-3-300x300.webp 300w, https:\/\/www.yishengpack.com\/wp-content\/uploads\/2025\/03\/custom-cookie-boxes-wholesale-folding-boxes-with-customizable-window-3-150x150.webp 150w, https:\/\/www.yishengpack.com\/wp-content\/uploads\/2025\/03\/custom-cookie-boxes-wholesale-folding-boxes-with-customizable-window-3-768x768.webp 768w, https:\/\/www.yishengpack.com\/wp-content\/uploads\/2025\/03\/custom-cookie-boxes-wholesale-folding-boxes-with-customizable-window-3-12x12.webp 12w, https:\/\/www.yishengpack.com\/wp-content\/uploads\/2025\/03\/custom-cookie-boxes-wholesale-folding-boxes-with-customizable-window-3-600x600.webp 600w, https:\/\/www.yishengpack.com\/wp-content\/uploads\/2025\/03\/custom-cookie-boxes-wholesale-folding-boxes-with-customizable-window-3-100x100.webp 100w\" sizes=\"(max-width: 800px) 100vw, 800px\" \/><\/figure>\n<\/div>\n<\/div>\n\n\n\n<div class=\"wp-block-columns is-layout-flex wp-container-core-columns-is-layout-9d6595d7 wp-block-columns-is-layout-flex\">\n<div class=\"wp-block-column is-layout-flow wp-block-column-is-layout-flow\">\n<figure class=\"wp-block-image size-full\"><img decoding=\"async\" width=\"800\" height=\"800\" src=\"https:\/\/www.yishengpack.com\/wp-content\/uploads\/2025\/03\/custom-cookie-boxes-wholesale-folding-boxes-with-customizable-window-3.webp\" alt=\"caixas para bolachas personalizadas - caixas de dobragem para venda por grosso - com janela personaliz\u00e1vel (3)\" class=\"wp-image-1180\" srcset=\"https:\/\/www.yishengpack.com\/wp-content\/uploads\/2025\/03\/custom-cookie-boxes-wholesale-folding-boxes-with-customizable-window-3.webp 800w, https:\/\/www.yishengpack.com\/wp-content\/uploads\/2025\/03\/custom-cookie-boxes-wholesale-folding-boxes-with-customizable-window-3-300x300.webp 300w, https:\/\/www.yishengpack.com\/wp-content\/uploads\/2025\/03\/custom-cookie-boxes-wholesale-folding-boxes-with-customizable-window-3-150x150.webp 150w, https:\/\/www.yishengpack.com\/wp-content\/uploads\/2025\/03\/custom-cookie-boxes-wholesale-folding-boxes-with-customizable-window-3-768x768.webp 768w, https:\/\/www.yishengpack.com\/wp-content\/uploads\/2025\/03\/custom-cookie-boxes-wholesale-folding-boxes-with-customizable-window-3-12x12.webp 12w, https:\/\/www.yishengpack.com\/wp-content\/uploads\/2025\/03\/custom-cookie-boxes-wholesale-folding-boxes-with-customizable-window-3-600x600.webp 600w, https:\/\/www.yishengpack.com\/wp-content\/uploads\/2025\/03\/custom-cookie-boxes-wholesale-folding-boxes-with-customizable-window-3-100x100.webp 100w\" sizes=\"(max-width: 800px) 100vw, 800px\" \/><\/figure>\n\n\n\n<div class=\"wp-block-buttons has-custom-font-size has-small-font-size is-content-justification-center is-layout-flex wp-container-core-buttons-is-layout-16018d1d wp-block-buttons-is-layout-flex\">\n<div class=\"wp-block-button has-custom-width wp-block-button__width-75\"><a class=\"wp-block-button__link has-background has-small-font-size has-custom-font-size wp-element-button\" href=\"https:\/\/www.yishengpack.com\/pt\/custom-printed-box\/\" style=\"background:linear-gradient(135deg,rgb(254,205,165) 0%,rgb(254,45,45) 0%,rgb(94,15,15) 0%,rgb(94,15,15) 100%)\" target=\"_blank\" rel=\"noreferrer noopener\"><strong>Explorar caixas impressas personalizadas<\/strong><\/a><\/div>\n<\/div>\n<\/div>\n\n\n\n<div class=\"wp-block-column is-layout-flow wp-block-column-is-layout-flow\">\n<figure class=\"wp-block-image size-full\"><img decoding=\"async\" width=\"800\" height=\"800\" src=\"https:\/\/www.yishengpack.com\/wp-content\/uploads\/2025\/03\/custom-cookie-boxes-wholesale-folding-boxes-with-customizable-window-2.webp\" alt=\"custom-cookie-boxes-wholesale-folding-boxes-with-customizable-window (2)\" class=\"wp-image-1179\" srcset=\"https:\/\/www.yishengpack.com\/wp-content\/uploads\/2025\/03\/custom-cookie-boxes-wholesale-folding-boxes-with-customizable-window-2.webp 800w, https:\/\/www.yishengpack.com\/wp-content\/uploads\/2025\/03\/custom-cookie-boxes-wholesale-folding-boxes-with-customizable-window-2-300x300.webp 300w, https:\/\/www.yishengpack.com\/wp-content\/uploads\/2025\/03\/custom-cookie-boxes-wholesale-folding-boxes-with-customizable-window-2-150x150.webp 150w, https:\/\/www.yishengpack.com\/wp-content\/uploads\/2025\/03\/custom-cookie-boxes-wholesale-folding-boxes-with-customizable-window-2-768x768.webp 768w, https:\/\/www.yishengpack.com\/wp-content\/uploads\/2025\/03\/custom-cookie-boxes-wholesale-folding-boxes-with-customizable-window-2-12x12.webp 12w, https:\/\/www.yishengpack.com\/wp-content\/uploads\/2025\/03\/custom-cookie-boxes-wholesale-folding-boxes-with-customizable-window-2-600x600.webp 600w, https:\/\/www.yishengpack.com\/wp-content\/uploads\/2025\/03\/custom-cookie-boxes-wholesale-folding-boxes-with-customizable-window-2-100x100.webp 100w\" sizes=\"(max-width: 800px) 100vw, 800px\" \/><\/figure>\n\n\n\n<div class=\"wp-block-buttons has-custom-font-size has-small-font-size is-content-justification-center is-layout-flex wp-container-core-buttons-is-layout-16018d1d wp-block-buttons-is-layout-flex\">\n<div class=\"wp-block-button has-custom-width wp-block-button__width-75\"><a class=\"wp-block-button__link has-background has-small-font-size has-custom-font-size wp-element-button\" href=\"https:\/\/www.yishengpack.com\/pt\/custom-product-boxes-types\/\" style=\"background:linear-gradient(135deg,rgb(254,205,165) 0%,rgb(254,45,45) 0%,rgb(94,15,15) 0%,rgb(94,15,15) 100%)\" target=\"_blank\" rel=\"noreferrer noopener\"><strong>Explore os tipos de caixas personalizadas<\/strong><\/a><\/div>\n<\/div>\n<\/div>\n<\/div>","protected":false},"excerpt":{"rendered":"<p>Welcome to our wholesale folding boxes. These custom cookie boxes feature a foldable design for easy storage and transportation and offer a window option for consumers to see the product at a glance. This package not only enhances the product&#8217;s appearance but also the consumer shopping experience, so it will be a wonderful choice for your business.<\/p>\n<h2>Highlights of Custom Cookie Boxes<\/h2>\n<ul>\n<li>Personaliza\u00e7\u00e3o topo de gama<\/li>\n<li>Food-Safe Premium Materials<\/li>\n<li>Design dobr\u00e1vel<\/li>\n<li>Processos de impress\u00e3o avan\u00e7ados<\/li>\n<li>V\u00e1rios tamanhos de caixas<\/li>\n<li>V\u00e1rias op\u00e7\u00f5es de cores<\/li>\n<li>Clear Windows Design<\/li>\n<\/ul>","protected":false},"featured_media":1178,"comment_status":"closed","ping_status":"closed","template":"","meta":{"_acf_changed":false},"box-type":[55,62,58],"product_brand":[],"product_cat":[33,46,44],"product_tag":[],"class_list":{"0":"post-1177","1":"product","2":"type-product","3":"status-publish","4":"has-post-thumbnail","6":"box-type-custom-foldable-boxes","7":"box-type-custom-tear-open-box","8":"box-type-custom-window-gift-box","9":"product_cat-food-packaging-boxes-wholesale","10":"product_cat-wholesale-paper-boxes","11":"product_cat-custom-snack-box","13":"first","14":"instock","15":"shipping-taxable","16":"product-type-simple"},"acf":[],"_links":{"self":[{"href":"https:\/\/www.yishengpack.com\/pt\/wp-json\/wp\/v2\/product\/1177","targetHints":{"allow":["GET"]}}],"collection":[{"href":"https:\/\/www.yishengpack.com\/pt\/wp-json\/wp\/v2\/product"}],"about":[{"href":"https:\/\/www.yishengpack.com\/pt\/wp-json\/wp\/v2\/types\/product"}],"replies":[{"embeddable":true,"href":"https:\/\/www.yishengpack.com\/pt\/wp-json\/wp\/v2\/comments?post=1177"}],"wp:featuredmedia":[{"embeddable":true,"href":"https:\/\/www.yishengpack.com\/pt\/wp-json\/wp\/v2\/media\/1178"}],"wp:attachment":[{"href":"https:\/\/www.yishengpack.com\/pt\/wp-json\/wp\/v2\/media?parent=1177"}],"wp:term":[{"taxonomy":"box-type","embeddable":true,"href":"https:\/\/www.yishengpack.com\/pt\/wp-json\/wp\/v2\/box-type?post=1177"},{"taxonomy":"product_brand","embeddable":true,"href":"https:\/\/www.yishengpack.com\/pt\/wp-json\/wp\/v2\/product_brand?post=1177"},{"taxonomy":"product_cat","embeddable":true,"href":"https:\/\/www.yishengpack.com\/pt\/wp-json\/wp\/v2\/product_cat?post=1177"},{"taxonomy":"product_tag","embeddable":true,"href":"https:\/\/www.yishengpack.com\/pt\/wp-json\/wp\/v2\/product_tag?post=1177"}],"curies":[{"name":"wp","href":"https:\/\/api.w.org\/{rel}","templated":true}]}}