{"id":1174,"date":"2025-03-06T03:49:55","date_gmt":"2025-03-06T03:49:55","guid":{"rendered":"https:\/\/www.yishengpack.com\/?post_type=product&#038;p=1174"},"modified":"2026-01-04T07:42:45","modified_gmt":"2026-01-04T07:42:45","slug":"cookie-boxes-wholesale","status":"publish","type":"product","link":"https:\/\/www.yishengpack.com\/pt\/product\/cookie-boxes-wholesale\/","title":{"rendered":"Caixas de biscoitos por atacado, caixas dobr\u00e1veis de produtos personalizados"},"content":{"rendered":"<div class=\"wp-block-columns is-layout-flex wp-container-core-columns-is-layout-9d6595d7 wp-block-columns-is-layout-flex\">\n<div class=\"wp-block-column is-layout-flow wp-block-column-is-layout-flow\">\n<h3 class=\"wp-block-heading\">Features of Cookie Boxes Wholesale<\/h3>\n\n\n\n<p><strong>High Quality Material: <\/strong>These cookie boxes wholesale are made of sturdy and durable paper material, which ensures the box&#8217;s stability and safety as well as its role in effectively keeping the cookies fresh.<\/p>\n\n\n\n<p><strong>Customaztion Design:<\/strong> Our custom product boxes support a variety of printing, color, size and pattern customizations to meet brand needs and market positioning.<\/p>\n\n\n\n<p><strong>Eco-Foldable:<\/strong> This foldable design cookie boxes wholesale is easy to keep and transport, space-saving, and environmentally-friendly materials, in line with the conditions of green development.<\/p>\n\n\n\n<p><strong>Widely Used:<\/strong> Our custom product boxes are suitable for the packaging of various bakery foods, especially cookies, candies, pastries and other small-sized foods.<\/p>\n\n\n\n<p><strong>Beautiful and Exquisite: <\/strong>These cookie boxes wholesale appearance is beautifully designed, in line with modern aesthetics, to enhance the attractiveness of the product and customer experience.<\/p>\n<\/div>\n\n\n\n<div class=\"wp-block-column is-layout-flow wp-block-column-is-layout-flow\">\n<figure class=\"wp-block-image size-full\"><img decoding=\"async\" width=\"2400\" height=\"2400\" src=\"https:\/\/www.yishengpack.com\/wp-content\/uploads\/2025\/03\/high-quality-cookie-boxes-wholesale-custom-bakery-boxes-foldable-2.webp\" alt=\"caixas-de-bolachas-de-alta-qualidade-por-grossista-caixas-de-produtos-personalizadas-dobr\u00e1veis (2)\" class=\"wp-image-1176\" srcset=\"https:\/\/www.yishengpack.com\/wp-content\/uploads\/2025\/03\/high-quality-cookie-boxes-wholesale-custom-bakery-boxes-foldable-2.webp 2400w, https:\/\/www.yishengpack.com\/wp-content\/uploads\/2025\/03\/high-quality-cookie-boxes-wholesale-custom-bakery-boxes-foldable-2-300x300.webp 300w, https:\/\/www.yishengpack.com\/wp-content\/uploads\/2025\/03\/high-quality-cookie-boxes-wholesale-custom-bakery-boxes-foldable-2-150x150.webp 150w, https:\/\/www.yishengpack.com\/wp-content\/uploads\/2025\/03\/high-quality-cookie-boxes-wholesale-custom-bakery-boxes-foldable-2-768x768.webp 768w, https:\/\/www.yishengpack.com\/wp-content\/uploads\/2025\/03\/high-quality-cookie-boxes-wholesale-custom-bakery-boxes-foldable-2-12x12.webp 12w, https:\/\/www.yishengpack.com\/wp-content\/uploads\/2025\/03\/high-quality-cookie-boxes-wholesale-custom-bakery-boxes-foldable-2-1200x1200.webp 1200w, https:\/\/www.yishengpack.com\/wp-content\/uploads\/2025\/03\/high-quality-cookie-boxes-wholesale-custom-bakery-boxes-foldable-2-600x600.webp 600w, https:\/\/www.yishengpack.com\/wp-content\/uploads\/2025\/03\/high-quality-cookie-boxes-wholesale-custom-bakery-boxes-foldable-2-100x100.webp 100w\" sizes=\"(max-width: 2400px) 100vw, 2400px\" \/><\/figure>\n<\/div>\n<\/div>\n\n\n\n<div class=\"wp-block-columns is-layout-flex wp-container-core-columns-is-layout-9d6595d7 wp-block-columns-is-layout-flex\">\n<div class=\"wp-block-column is-layout-flow wp-block-column-is-layout-flow\">\n<figure class=\"wp-block-image size-full\"><img decoding=\"async\" width=\"2400\" height=\"2400\" src=\"https:\/\/www.yishengpack.com\/wp-content\/uploads\/2025\/03\/high-quality-cookie-boxes-wholesale-custom-bakery-boxes-foldable-2.webp\" alt=\"caixas-de-bolachas-de-alta-qualidade-por-grossista-caixas-de-produtos-personalizadas-dobr\u00e1veis (2)\" class=\"wp-image-1176\" srcset=\"https:\/\/www.yishengpack.com\/wp-content\/uploads\/2025\/03\/high-quality-cookie-boxes-wholesale-custom-bakery-boxes-foldable-2.webp 2400w, https:\/\/www.yishengpack.com\/wp-content\/uploads\/2025\/03\/high-quality-cookie-boxes-wholesale-custom-bakery-boxes-foldable-2-300x300.webp 300w, https:\/\/www.yishengpack.com\/wp-content\/uploads\/2025\/03\/high-quality-cookie-boxes-wholesale-custom-bakery-boxes-foldable-2-150x150.webp 150w, https:\/\/www.yishengpack.com\/wp-content\/uploads\/2025\/03\/high-quality-cookie-boxes-wholesale-custom-bakery-boxes-foldable-2-768x768.webp 768w, https:\/\/www.yishengpack.com\/wp-content\/uploads\/2025\/03\/high-quality-cookie-boxes-wholesale-custom-bakery-boxes-foldable-2-12x12.webp 12w, https:\/\/www.yishengpack.com\/wp-content\/uploads\/2025\/03\/high-quality-cookie-boxes-wholesale-custom-bakery-boxes-foldable-2-1200x1200.webp 1200w, https:\/\/www.yishengpack.com\/wp-content\/uploads\/2025\/03\/high-quality-cookie-boxes-wholesale-custom-bakery-boxes-foldable-2-600x600.webp 600w, https:\/\/www.yishengpack.com\/wp-content\/uploads\/2025\/03\/high-quality-cookie-boxes-wholesale-custom-bakery-boxes-foldable-2-100x100.webp 100w\" sizes=\"(max-width: 2400px) 100vw, 2400px\" \/><\/figure>\n\n\n\n<div class=\"wp-block-buttons has-custom-font-size has-small-font-size is-content-justification-center is-layout-flex wp-container-core-buttons-is-layout-16018d1d wp-block-buttons-is-layout-flex\">\n<div class=\"wp-block-button has-custom-width wp-block-button__width-75\"><a class=\"wp-block-button__link has-background has-small-font-size has-custom-font-size wp-element-button\" href=\"https:\/\/www.yishengpack.com\/pt\/custom-printed-box\/\" style=\"background:linear-gradient(135deg,rgb(254,205,165) 0%,rgb(254,45,45) 0%,rgb(94,15,15) 0%,rgb(94,15,15) 100%)\" target=\"_blank\" rel=\"noreferrer noopener\"><strong>Explorar caixas impressas personalizadas<\/strong><\/a><\/div>\n<\/div>\n<\/div>\n\n\n\n<div class=\"wp-block-column is-layout-flow wp-block-column-is-layout-flow\">\n<figure class=\"wp-block-image size-full\"><img decoding=\"async\" width=\"612\" height=\"612\" src=\"https:\/\/www.yishengpack.com\/wp-content\/uploads\/2025\/03\/high-quality-cookie-boxes-wholesale-custom-bakery-boxes-foldable-1.webp\" alt=\"caixas para bolachas de alta qualidade - venda por grosso - caixas para produtos personalizados - dobr\u00e1veis (1)\" class=\"wp-image-1175\" srcset=\"https:\/\/www.yishengpack.com\/wp-content\/uploads\/2025\/03\/high-quality-cookie-boxes-wholesale-custom-bakery-boxes-foldable-1.webp 612w, https:\/\/www.yishengpack.com\/wp-content\/uploads\/2025\/03\/high-quality-cookie-boxes-wholesale-custom-bakery-boxes-foldable-1-300x300.webp 300w, https:\/\/www.yishengpack.com\/wp-content\/uploads\/2025\/03\/high-quality-cookie-boxes-wholesale-custom-bakery-boxes-foldable-1-150x150.webp 150w, https:\/\/www.yishengpack.com\/wp-content\/uploads\/2025\/03\/high-quality-cookie-boxes-wholesale-custom-bakery-boxes-foldable-1-12x12.webp 12w, https:\/\/www.yishengpack.com\/wp-content\/uploads\/2025\/03\/high-quality-cookie-boxes-wholesale-custom-bakery-boxes-foldable-1-600x600.webp 600w, https:\/\/www.yishengpack.com\/wp-content\/uploads\/2025\/03\/high-quality-cookie-boxes-wholesale-custom-bakery-boxes-foldable-1-100x100.webp 100w\" sizes=\"(max-width: 612px) 100vw, 612px\" \/><\/figure>\n\n\n\n<div class=\"wp-block-buttons has-custom-font-size has-small-font-size is-content-justification-center is-layout-flex wp-container-core-buttons-is-layout-16018d1d wp-block-buttons-is-layout-flex\">\n<div class=\"wp-block-button has-custom-width wp-block-button__width-75\"><a class=\"wp-block-button__link has-background has-small-font-size has-custom-font-size wp-element-button\" href=\"https:\/\/www.yishengpack.com\/pt\/custom-product-boxes-types\/\" style=\"background:linear-gradient(135deg,rgb(254,205,165) 0%,rgb(254,45,45) 0%,rgb(94,15,15) 0%,rgb(94,15,15) 100%)\" target=\"_blank\" rel=\"noreferrer noopener\"><strong>Explore os tipos de caixas personalizadas<\/strong><\/a><\/div>\n<\/div>\n<\/div>\n<\/div>\n\n\n\n<p><\/p>","protected":false},"excerpt":{"rendered":"<p>Nossas caixas de biscoito dobr\u00e1veis de alta qualidade por atacado s\u00e3o feitas de materiais de papel resistentes e oferecem uma ampla gama de op\u00e7\u00f5es de design personalizadas para todos os tipos de embalagens de produtos de biscoito. Seja usada para promo\u00e7\u00e3o da marca ou para atender \u00e0s necessidades de atacado a granel, esta caixa fornece prote\u00e7\u00e3o confi\u00e1vel para seus produtos e aumenta a competitividade do mercado.<\/p>\n<h2>Highlights of Cookie Boxes Wholesale<\/h2>\n<ul>\n<li>Personaliza\u00e7\u00e3o topo de gama<\/li>\n<li>Food-Safe Premium Materials<\/li>\n<li>Design dobr\u00e1vel<\/li>\n<li>Processos de impress\u00e3o avan\u00e7ados<\/li>\n<li>V\u00e1rios tamanhos de caixas<\/li>\n<li>V\u00e1rias op\u00e7\u00f5es de cores<\/li>\n<\/ul>","protected":false},"featured_media":1175,"comment_status":"closed","ping_status":"closed","template":"","meta":{"_acf_changed":false},"box-type":[55,62,48],"product_brand":[],"product_cat":[33,46,44],"product_tag":[],"class_list":{"0":"post-1174","1":"product","2":"type-product","3":"status-publish","4":"has-post-thumbnail","6":"box-type-custom-foldable-boxes","7":"box-type-custom-tear-open-box","8":"box-type-custom-tuck-top-boxes","9":"product_cat-food-packaging-boxes-wholesale","10":"product_cat-wholesale-paper-boxes","11":"product_cat-custom-snack-box","13":"first","14":"instock","15":"shipping-taxable","16":"product-type-simple"},"acf":[],"_links":{"self":[{"href":"https:\/\/www.yishengpack.com\/pt\/wp-json\/wp\/v2\/product\/1174","targetHints":{"allow":["GET"]}}],"collection":[{"href":"https:\/\/www.yishengpack.com\/pt\/wp-json\/wp\/v2\/product"}],"about":[{"href":"https:\/\/www.yishengpack.com\/pt\/wp-json\/wp\/v2\/types\/product"}],"replies":[{"embeddable":true,"href":"https:\/\/www.yishengpack.com\/pt\/wp-json\/wp\/v2\/comments?post=1174"}],"wp:featuredmedia":[{"embeddable":true,"href":"https:\/\/www.yishengpack.com\/pt\/wp-json\/wp\/v2\/media\/1175"}],"wp:attachment":[{"href":"https:\/\/www.yishengpack.com\/pt\/wp-json\/wp\/v2\/media?parent=1174"}],"wp:term":[{"taxonomy":"box-type","embeddable":true,"href":"https:\/\/www.yishengpack.com\/pt\/wp-json\/wp\/v2\/box-type?post=1174"},{"taxonomy":"product_brand","embeddable":true,"href":"https:\/\/www.yishengpack.com\/pt\/wp-json\/wp\/v2\/product_brand?post=1174"},{"taxonomy":"product_cat","embeddable":true,"href":"https:\/\/www.yishengpack.com\/pt\/wp-json\/wp\/v2\/product_cat?post=1174"},{"taxonomy":"product_tag","embeddable":true,"href":"https:\/\/www.yishengpack.com\/pt\/wp-json\/wp\/v2\/product_tag?post=1174"}],"curies":[{"name":"wp","href":"https:\/\/api.w.org\/{rel}","templated":true}]}}