{"id":935,"date":"2025-01-21T09:21:43","date_gmt":"2025-01-21T09:21:43","guid":{"rendered":"https:\/\/www.yishengpack.com\/?post_type=product&#038;p=935"},"modified":"2026-01-04T07:32:35","modified_gmt":"2026-01-04T07:32:35","slug":"wholesale-paper-charcuterie-boxes","status":"publish","type":"product","link":"https:\/\/www.yishengpack.com\/fr\/produit\/wholesale-paper-charcuterie-boxes\/","title":{"rendered":"Bo\u00eete \u00e0 charcuterie en papier en gros, bo\u00eete \u00e0 p\u00e2tisserie carr\u00e9e en vrac"},"content":{"rendered":"<div class=\"wp-block-columns is-layout-flex wp-container-core-columns-is-layout-9d6595d7 wp-block-columns-is-layout-flex\">\n<div class=\"wp-block-column is-layout-flow wp-block-column-is-layout-flow\">\n<h3 class=\"wp-block-heading\">Features of Wholesale Paper Charcuterie Boxes <\/h3>\n\n\n\n<p><strong>Greaseproof paper material:<\/strong> Special greaseproof paper is used in our wholesale paper charcuterie boxes, which can effectively avoid greasy penetration and keep the food in the package clean and tidy for greasy and moist food.<\/p>\n\n\n\n<p><br><strong>Eco-friendly and recyclable: <\/strong>Our bakery box bulk is made of eco-friendly paper material, harmless and healthy, which caters to the demand for sustainable development and can be recycled. It&#8217;s suitable for environmentally conscious consumers.<\/p>\n\n\n\n<p><br><strong>Multi-purpose design: <\/strong>These square wholesale Paper Charcuterie Boxes can be widely used for food packaging, such as a variety of cured meat platters, baked goods, snacks, etc., and are flexible enough to adapt to different catering occasions and needs.<\/p>\n\n\n\n<p><strong>Good Breathability: <\/strong>Paper material does well in maintaining breathability through this bulk bakery box of baked goodies to keep foods fresh, which will prevent spoilage and ensure proper taste.<\/p>\n<\/div>\n\n\n\n<div class=\"wp-block-column is-layout-flow wp-block-column-is-layout-flow\">\n<figure class=\"wp-block-image size-full\"><img decoding=\"async\" width=\"800\" height=\"800\" src=\"https:\/\/www.yishengpack.com\/wp-content\/uploads\/2025\/01\/Wholesale-Paper-Charcuterie-Boxes-Square-Greaseproof-Bakery-Box-Bulk-4.webp\" alt=\"Wholesale Paper Charcuterie Boxes, Square Greaseproof Bakery Box Bulk (4)\" class=\"wp-image-940\" srcset=\"https:\/\/www.yishengpack.com\/wp-content\/uploads\/2025\/01\/Wholesale-Paper-Charcuterie-Boxes-Square-Greaseproof-Bakery-Box-Bulk-4.webp 800w, https:\/\/www.yishengpack.com\/wp-content\/uploads\/2025\/01\/Wholesale-Paper-Charcuterie-Boxes-Square-Greaseproof-Bakery-Box-Bulk-4-300x300.webp 300w, https:\/\/www.yishengpack.com\/wp-content\/uploads\/2025\/01\/Wholesale-Paper-Charcuterie-Boxes-Square-Greaseproof-Bakery-Box-Bulk-4-150x150.webp 150w, https:\/\/www.yishengpack.com\/wp-content\/uploads\/2025\/01\/Wholesale-Paper-Charcuterie-Boxes-Square-Greaseproof-Bakery-Box-Bulk-4-768x768.webp 768w, https:\/\/www.yishengpack.com\/wp-content\/uploads\/2025\/01\/Wholesale-Paper-Charcuterie-Boxes-Square-Greaseproof-Bakery-Box-Bulk-4-12x12.webp 12w, https:\/\/www.yishengpack.com\/wp-content\/uploads\/2025\/01\/Wholesale-Paper-Charcuterie-Boxes-Square-Greaseproof-Bakery-Box-Bulk-4-600x600.webp 600w, https:\/\/www.yishengpack.com\/wp-content\/uploads\/2025\/01\/Wholesale-Paper-Charcuterie-Boxes-Square-Greaseproof-Bakery-Box-Bulk-4-100x100.webp 100w\" sizes=\"(max-width: 800px) 100vw, 800px\" \/><\/figure>\n<\/div>\n<\/div>\n\n\n\n<div class=\"wp-block-columns is-layout-flex wp-container-core-columns-is-layout-9d6595d7 wp-block-columns-is-layout-flex\">\n<div class=\"wp-block-column is-layout-flow wp-block-column-is-layout-flow\">\n<figure class=\"wp-block-image size-full\"><img decoding=\"async\" width=\"800\" height=\"800\" src=\"https:\/\/www.yishengpack.com\/wp-content\/uploads\/2025\/01\/Wholesale-Baking-Packaging-Square-Disposable-Paper-Charcuterie-Boxes-6.webp\" alt=\"Bo\u00eetes \u00e0 charcuterie carr\u00e9es en papier jetables pour la boulangerie (6)\" class=\"wp-image-932\" srcset=\"https:\/\/www.yishengpack.com\/wp-content\/uploads\/2025\/01\/Wholesale-Baking-Packaging-Square-Disposable-Paper-Charcuterie-Boxes-6.webp 800w, https:\/\/www.yishengpack.com\/wp-content\/uploads\/2025\/01\/Wholesale-Baking-Packaging-Square-Disposable-Paper-Charcuterie-Boxes-6-300x300.webp 300w, https:\/\/www.yishengpack.com\/wp-content\/uploads\/2025\/01\/Wholesale-Baking-Packaging-Square-Disposable-Paper-Charcuterie-Boxes-6-150x150.webp 150w, https:\/\/www.yishengpack.com\/wp-content\/uploads\/2025\/01\/Wholesale-Baking-Packaging-Square-Disposable-Paper-Charcuterie-Boxes-6-768x768.webp 768w, https:\/\/www.yishengpack.com\/wp-content\/uploads\/2025\/01\/Wholesale-Baking-Packaging-Square-Disposable-Paper-Charcuterie-Boxes-6-12x12.webp 12w, https:\/\/www.yishengpack.com\/wp-content\/uploads\/2025\/01\/Wholesale-Baking-Packaging-Square-Disposable-Paper-Charcuterie-Boxes-6-600x600.webp 600w, https:\/\/www.yishengpack.com\/wp-content\/uploads\/2025\/01\/Wholesale-Baking-Packaging-Square-Disposable-Paper-Charcuterie-Boxes-6-100x100.webp 100w\" sizes=\"(max-width: 800px) 100vw, 800px\" \/><\/figure>\n\n\n\n<div class=\"wp-block-buttons has-custom-font-size has-small-font-size is-content-justification-center is-layout-flex wp-container-core-buttons-is-layout-16018d1d wp-block-buttons-is-layout-flex\">\n<div class=\"wp-block-button has-custom-width wp-block-button__width-75\"><a class=\"wp-block-button__link has-background has-small-font-size has-custom-font-size wp-element-button\" href=\"https:\/\/www.yishengpack.com\/fr\/custom-box-inserts-accessories\/\" style=\"background:linear-gradient(135deg,rgb(254,205,165) 0%,rgb(254,45,45) 0%,rgb(94,15,15) 0%,rgb(94,15,15) 100%)\" target=\"_blank\" rel=\"noreferrer noopener\"><strong>Explorer les bo\u00eetes personnalis\u00e9es<\/strong><\/a><\/div>\n<\/div>\n<\/div>\n\n\n\n<div class=\"wp-block-column is-layout-flow wp-block-column-is-layout-flow\">\n<figure class=\"wp-block-image size-full\"><img decoding=\"async\" width=\"800\" height=\"800\" src=\"https:\/\/www.yishengpack.com\/wp-content\/uploads\/2025\/01\/KraftWhite-Card-Bakery-Boxes-Wholesale-Dessert-Packaging-with-Clear-Lid-4.webp\" alt=\"KraftBo\u00eetes \u00e0 p\u00e2tisserie en carton blanc Emballage Dessert en gros avec couvercle transparent (4)\" class=\"wp-image-921\" srcset=\"https:\/\/www.yishengpack.com\/wp-content\/uploads\/2025\/01\/KraftWhite-Card-Bakery-Boxes-Wholesale-Dessert-Packaging-with-Clear-Lid-4.webp 800w, https:\/\/www.yishengpack.com\/wp-content\/uploads\/2025\/01\/KraftWhite-Card-Bakery-Boxes-Wholesale-Dessert-Packaging-with-Clear-Lid-4-300x300.webp 300w, https:\/\/www.yishengpack.com\/wp-content\/uploads\/2025\/01\/KraftWhite-Card-Bakery-Boxes-Wholesale-Dessert-Packaging-with-Clear-Lid-4-150x150.webp 150w, https:\/\/www.yishengpack.com\/wp-content\/uploads\/2025\/01\/KraftWhite-Card-Bakery-Boxes-Wholesale-Dessert-Packaging-with-Clear-Lid-4-768x768.webp 768w, https:\/\/www.yishengpack.com\/wp-content\/uploads\/2025\/01\/KraftWhite-Card-Bakery-Boxes-Wholesale-Dessert-Packaging-with-Clear-Lid-4-12x12.webp 12w, https:\/\/www.yishengpack.com\/wp-content\/uploads\/2025\/01\/KraftWhite-Card-Bakery-Boxes-Wholesale-Dessert-Packaging-with-Clear-Lid-4-600x600.webp 600w, https:\/\/www.yishengpack.com\/wp-content\/uploads\/2025\/01\/KraftWhite-Card-Bakery-Boxes-Wholesale-Dessert-Packaging-with-Clear-Lid-4-100x100.webp 100w\" sizes=\"(max-width: 800px) 100vw, 800px\" \/><\/figure>\n\n\n\n<div class=\"wp-block-buttons has-custom-font-size has-small-font-size is-content-justification-center is-layout-flex wp-container-core-buttons-is-layout-16018d1d wp-block-buttons-is-layout-flex\">\n<div class=\"wp-block-button has-custom-width wp-block-button__width-75\"><a class=\"wp-block-button__link has-background has-small-font-size has-custom-font-size wp-element-button\" href=\"https:\/\/www.yishengpack.com\/fr\/custom-product-boxes-types\/\" style=\"background:linear-gradient(135deg,rgb(254,205,165) 0%,rgb(254,45,45) 0%,rgb(94,15,15) 0%,rgb(94,15,15) 100%)\" target=\"_blank\" rel=\"noreferrer noopener\"><strong>Explorer les types de bo\u00eetes personnalis\u00e9es<\/strong><\/a><\/div>\n<\/div>\n<\/div>\n<\/div>","protected":false},"excerpt":{"rendered":"<p>Welcome to purchase wholesale paper charcuterie boxes are made from greaseproof paper material. This bulk bakery box can effectively avoid greasy penetration, keeping food clean and tidy. The square design is suitable for all kinds of food packaging, and the good air permeability helps keep the food packaged.<\/p>\n<h2>Highlights of Wholesale Paper Charcuterie Boxes<\/h2>\n<ul>\n<li>Personnalisation totale autoris\u00e9e<\/li>\n<li>Mat\u00e9riaux \u00e9cologiques<\/li>\n<li>Une fabrication solide<\/li>\n<li>Plusieurs types de bo\u00eetes<\/li>\n<li>S\u00e9lections de couleurs vives<\/li>\n<li>Diff\u00e9rentes tailles<\/li>\n<li>Services OEM\/ODM<\/li>\n<\/ul>","protected":false},"featured_media":939,"comment_status":"closed","ping_status":"closed","template":"","meta":{"_acf_changed":false},"box-type":[64],"product_brand":[],"product_cat":[46,30,31,32,33,45],"product_tag":[],"class_list":{"0":"post-935","1":"product","2":"type-product","3":"status-publish","4":"has-post-thumbnail","6":"box-type-custom-clear-lid-paper-boxes","7":"product_cat-wholesale-paper-boxes","8":"product_cat-cake-containers-wholesale","9":"product_cat-wholesale-charcuterie-boxes","10":"product_cat-bakery-packaging-wholesale","11":"product_cat-food-packaging-boxes-wholesale","12":"product_cat-bulk-disposable-food-containers","14":"first","15":"instock","16":"shipping-taxable","17":"product-type-simple"},"acf":[],"_links":{"self":[{"href":"https:\/\/www.yishengpack.com\/fr\/wp-json\/wp\/v2\/product\/935","targetHints":{"allow":["GET"]}}],"collection":[{"href":"https:\/\/www.yishengpack.com\/fr\/wp-json\/wp\/v2\/product"}],"about":[{"href":"https:\/\/www.yishengpack.com\/fr\/wp-json\/wp\/v2\/types\/product"}],"replies":[{"embeddable":true,"href":"https:\/\/www.yishengpack.com\/fr\/wp-json\/wp\/v2\/comments?post=935"}],"wp:featuredmedia":[{"embeddable":true,"href":"https:\/\/www.yishengpack.com\/fr\/wp-json\/wp\/v2\/media\/939"}],"wp:attachment":[{"href":"https:\/\/www.yishengpack.com\/fr\/wp-json\/wp\/v2\/media?parent=935"}],"wp:term":[{"taxonomy":"box-type","embeddable":true,"href":"https:\/\/www.yishengpack.com\/fr\/wp-json\/wp\/v2\/box-type?post=935"},{"taxonomy":"product_brand","embeddable":true,"href":"https:\/\/www.yishengpack.com\/fr\/wp-json\/wp\/v2\/product_brand?post=935"},{"taxonomy":"product_cat","embeddable":true,"href":"https:\/\/www.yishengpack.com\/fr\/wp-json\/wp\/v2\/product_cat?post=935"},{"taxonomy":"product_tag","embeddable":true,"href":"https:\/\/www.yishengpack.com\/fr\/wp-json\/wp\/v2\/product_tag?post=935"}],"curies":[{"name":"wp","href":"https:\/\/api.w.org\/{rel}","templated":true}]}}