{"id":917,"date":"2025-01-21T06:14:45","date_gmt":"2025-01-21T06:14:45","guid":{"rendered":"https:\/\/www.yishengpack.com\/?post_type=product&#038;p=917"},"modified":"2026-01-04T07:23:40","modified_gmt":"2026-01-04T07:23:40","slug":"bakery-boxes-wholesale","status":"publish","type":"product","link":"https:\/\/www.yishengpack.com\/fr\/produit\/bakery-boxes-wholesale\/","title":{"rendered":"Bo\u00eetes \u00e0 p\u00e2tisserie kraft en gros, emballages pour desserts avec couvercle"},"content":{"rendered":"<div class=\"wp-block-columns is-layout-flex wp-container-core-columns-is-layout-9d6595d7 wp-block-columns-is-layout-flex\">\n<div class=\"wp-block-column is-layout-flow wp-block-column-is-layout-flow\">\n<h3 class=\"wp-block-heading\">Features of Bakery Boxes Wholesale<\/h3>\n\n\n\n<p><strong>Conception simple :<\/strong> l'aspect simple des bo\u00eetes \u00e0 p\u00e2tisserie, en kraft ou en carton blanc, r\u00e9pond \u00e0 une esth\u00e9tique moderne et convient \u00e0 un large \u00e9ventail d'occasions.<\/p>\n\n\n\n<p><strong>Transparent Couvercle : <\/strong>Un couvercle en plastique transparent permet de voir les aliments \u00e0 l'int\u00e9rieur de la bo\u00eete, d'am\u00e9liorer l'attrait visuel et de prot\u00e9ger efficacement les desserts de toute contamination ext\u00e9rieure.<\/p>\n\n\n\n<p><strong>Polyvalent : <\/strong>Non seulement pour l'emballage quotidien, mais aussi pour les f\u00eates, les anniversaires et les emballages cadeaux, et largement utilis\u00e9s dans l'industrie de la boulangerie et de la restauration.<\/p>\n\n\n\n<p><strong>Large application :<\/strong> applicable \u00e0 tous les emballages de desserts, comme les g\u00e2teaux, les biscuits, les macarons, etc. Il est parfait pour les boulangeries, les restaurants et les d\u00e9taillants.<\/p>\n\n\n\n<p><strong>Bonne structure :<\/strong> Bonne r\u00e9sistance \u00e0 la compression, avec une protection exceptionnelle, ces bo\u00eetes \u00e0 p\u00e2tisserie sont faites pour garder les desserts intacts m\u00eame apr\u00e8s une longue p\u00e9riode de stockage ou de transport.<\/p>\n<\/div>\n\n\n\n<div class=\"wp-block-column is-layout-flow wp-block-column-is-layout-flow\">\n<figure class=\"wp-block-image size-full\"><img decoding=\"async\" width=\"800\" height=\"800\" src=\"https:\/\/www.yishengpack.com\/wp-content\/uploads\/2025\/01\/KraftWhite-Card-Bakery-Boxes-Wholesale-Dessert-Packaging-with-Clear-Lid-5.webp\" alt=\"KraftBo\u00eetes \u00e0 p\u00e2tisserie en carton blanc Emballage Dessert en gros avec couvercle transparent (5)\" class=\"wp-image-922\" srcset=\"https:\/\/www.yishengpack.com\/wp-content\/uploads\/2025\/01\/KraftWhite-Card-Bakery-Boxes-Wholesale-Dessert-Packaging-with-Clear-Lid-5.webp 800w, https:\/\/www.yishengpack.com\/wp-content\/uploads\/2025\/01\/KraftWhite-Card-Bakery-Boxes-Wholesale-Dessert-Packaging-with-Clear-Lid-5-300x300.webp 300w, https:\/\/www.yishengpack.com\/wp-content\/uploads\/2025\/01\/KraftWhite-Card-Bakery-Boxes-Wholesale-Dessert-Packaging-with-Clear-Lid-5-150x150.webp 150w, https:\/\/www.yishengpack.com\/wp-content\/uploads\/2025\/01\/KraftWhite-Card-Bakery-Boxes-Wholesale-Dessert-Packaging-with-Clear-Lid-5-768x768.webp 768w, https:\/\/www.yishengpack.com\/wp-content\/uploads\/2025\/01\/KraftWhite-Card-Bakery-Boxes-Wholesale-Dessert-Packaging-with-Clear-Lid-5-12x12.webp 12w, https:\/\/www.yishengpack.com\/wp-content\/uploads\/2025\/01\/KraftWhite-Card-Bakery-Boxes-Wholesale-Dessert-Packaging-with-Clear-Lid-5-600x600.webp 600w, https:\/\/www.yishengpack.com\/wp-content\/uploads\/2025\/01\/KraftWhite-Card-Bakery-Boxes-Wholesale-Dessert-Packaging-with-Clear-Lid-5-100x100.webp 100w\" sizes=\"(max-width: 800px) 100vw, 800px\" \/><\/figure>\n<\/div>\n<\/div>\n\n\n\n<div class=\"wp-block-columns is-layout-flex wp-container-core-columns-is-layout-9d6595d7 wp-block-columns-is-layout-flex\">\n<div class=\"wp-block-column is-layout-flow wp-block-column-is-layout-flow\">\n<figure class=\"wp-block-image size-full\"><img decoding=\"async\" width=\"800\" height=\"800\" src=\"https:\/\/www.yishengpack.com\/wp-content\/uploads\/2025\/01\/KraftWhite-Card-Bakery-Boxes-Wholesale-Dessert-Packaging-with-Clear-Lid-1.webp\" alt=\"Bo\u00eetes \u00e0 p\u00e2tisserie en carton Kraft&amp;blanc Emballage Dessert en gros avec couvercle transparent (1)\" class=\"wp-image-918\" srcset=\"https:\/\/www.yishengpack.com\/wp-content\/uploads\/2025\/01\/KraftWhite-Card-Bakery-Boxes-Wholesale-Dessert-Packaging-with-Clear-Lid-1.webp 800w, https:\/\/www.yishengpack.com\/wp-content\/uploads\/2025\/01\/KraftWhite-Card-Bakery-Boxes-Wholesale-Dessert-Packaging-with-Clear-Lid-1-300x300.webp 300w, https:\/\/www.yishengpack.com\/wp-content\/uploads\/2025\/01\/KraftWhite-Card-Bakery-Boxes-Wholesale-Dessert-Packaging-with-Clear-Lid-1-150x150.webp 150w, https:\/\/www.yishengpack.com\/wp-content\/uploads\/2025\/01\/KraftWhite-Card-Bakery-Boxes-Wholesale-Dessert-Packaging-with-Clear-Lid-1-768x768.webp 768w, https:\/\/www.yishengpack.com\/wp-content\/uploads\/2025\/01\/KraftWhite-Card-Bakery-Boxes-Wholesale-Dessert-Packaging-with-Clear-Lid-1-12x12.webp 12w, https:\/\/www.yishengpack.com\/wp-content\/uploads\/2025\/01\/KraftWhite-Card-Bakery-Boxes-Wholesale-Dessert-Packaging-with-Clear-Lid-1-600x600.webp 600w, https:\/\/www.yishengpack.com\/wp-content\/uploads\/2025\/01\/KraftWhite-Card-Bakery-Boxes-Wholesale-Dessert-Packaging-with-Clear-Lid-1-100x100.webp 100w\" sizes=\"(max-width: 800px) 100vw, 800px\" \/><\/figure>\n\n\n\n<div class=\"wp-block-buttons has-custom-font-size has-small-font-size is-content-justification-center is-layout-flex wp-container-core-buttons-is-layout-16018d1d wp-block-buttons-is-layout-flex\">\n<div class=\"wp-block-button has-custom-width wp-block-button__width-75\"><a class=\"wp-block-button__link has-background has-small-font-size has-custom-font-size wp-element-button\" href=\"https:\/\/www.yishengpack.com\/fr\/custom-box-inserts-accessories\/\" style=\"background:linear-gradient(135deg,rgb(254,205,165) 0%,rgb(254,45,45) 0%,rgb(94,15,15) 0%,rgb(94,15,15) 100%)\" target=\"_blank\" rel=\"noreferrer noopener\"><strong>Explore Custom Boxes Inserts<\/strong><\/a><\/div>\n<\/div>\n<\/div>\n\n\n\n<div class=\"wp-block-column is-layout-flow wp-block-column-is-layout-flow\">\n<figure class=\"wp-block-image size-full\"><img decoding=\"async\" width=\"800\" height=\"800\" src=\"https:\/\/www.yishengpack.com\/wp-content\/uploads\/2025\/01\/KraftWhite-Card-Bakery-Boxes-Wholesale-Dessert-Packaging-with-Clear-Lid-4.webp\" alt=\"KraftBo\u00eetes \u00e0 p\u00e2tisserie en carton blanc Emballage Dessert en gros avec couvercle transparent (4)\" class=\"wp-image-921\" srcset=\"https:\/\/www.yishengpack.com\/wp-content\/uploads\/2025\/01\/KraftWhite-Card-Bakery-Boxes-Wholesale-Dessert-Packaging-with-Clear-Lid-4.webp 800w, https:\/\/www.yishengpack.com\/wp-content\/uploads\/2025\/01\/KraftWhite-Card-Bakery-Boxes-Wholesale-Dessert-Packaging-with-Clear-Lid-4-300x300.webp 300w, https:\/\/www.yishengpack.com\/wp-content\/uploads\/2025\/01\/KraftWhite-Card-Bakery-Boxes-Wholesale-Dessert-Packaging-with-Clear-Lid-4-150x150.webp 150w, https:\/\/www.yishengpack.com\/wp-content\/uploads\/2025\/01\/KraftWhite-Card-Bakery-Boxes-Wholesale-Dessert-Packaging-with-Clear-Lid-4-768x768.webp 768w, https:\/\/www.yishengpack.com\/wp-content\/uploads\/2025\/01\/KraftWhite-Card-Bakery-Boxes-Wholesale-Dessert-Packaging-with-Clear-Lid-4-12x12.webp 12w, https:\/\/www.yishengpack.com\/wp-content\/uploads\/2025\/01\/KraftWhite-Card-Bakery-Boxes-Wholesale-Dessert-Packaging-with-Clear-Lid-4-600x600.webp 600w, https:\/\/www.yishengpack.com\/wp-content\/uploads\/2025\/01\/KraftWhite-Card-Bakery-Boxes-Wholesale-Dessert-Packaging-with-Clear-Lid-4-100x100.webp 100w\" sizes=\"(max-width: 800px) 100vw, 800px\" \/><\/figure>\n\n\n\n<div class=\"wp-block-buttons has-custom-font-size has-small-font-size is-content-justification-center is-layout-flex wp-container-core-buttons-is-layout-16018d1d wp-block-buttons-is-layout-flex\">\n<div class=\"wp-block-button has-custom-width wp-block-button__width-75\"><a class=\"wp-block-button__link has-background has-small-font-size has-custom-font-size wp-element-button\" href=\"https:\/\/www.yishengpack.com\/fr\/custom-product-boxes-types\/\" style=\"background:linear-gradient(135deg,rgb(254,205,165) 0%,rgb(254,45,45) 0%,rgb(94,15,15) 0%,rgb(94,15,15) 100%)\" target=\"_blank\" rel=\"noreferrer noopener\"><strong>Explorer les types de bo\u00eetes personnalis\u00e9es<\/strong><\/a><\/div>\n<\/div>\n<\/div>\n<\/div>","protected":false},"excerpt":{"rendered":"<p>Nos bo\u00eetes \u00e0 p\u00e2tisserie en papier kraft et en carton blanc de qualit\u00e9 grossiste sont dot\u00e9es d'un couvercle transparent et sont parfaites pour pr\u00e9senter vos desserts. Elles sont parfaites pour les boulangers, les caf\u00e9s et les confiseries \u00e0 la recherche d'une solution d'emballage de desserts de haute qualit\u00e9 et respectueuse de l'environnement. Achetez en gros \u00e0 des prix avantageux et donnez \u00e0 vos desserts l'aspect et la protection parfaits gr\u00e2ce \u00e0 nos bo\u00eetes \u00e0 p\u00e2tisserie durables et \u00e9l\u00e9gantes.<\/p>\n<h2>Highlights of Kraft Bakery Boxes Wholesale<\/h2>\n<ul>\n<li>Personnalisation totale autoris\u00e9e<\/li>\n<li>Mat\u00e9riaux \u00e9cologiques<\/li>\n<li>Une fabrication solide<\/li>\n<li>Plusieurs types de bo\u00eetes<\/li>\n<li>S\u00e9lections de couleurs vives<\/li>\n<li>Emballage pratique<\/li>\n<\/ul>","protected":false},"featured_media":920,"comment_status":"closed","ping_status":"closed","template":"","meta":{"_acf_changed":false},"box-type":[64],"product_brand":[],"product_cat":[30,46,31,33,71,45],"product_tag":[],"class_list":{"0":"post-917","1":"product","2":"type-product","3":"status-publish","4":"has-post-thumbnail","6":"box-type-custom-clear-lid-paper-boxes","7":"product_cat-cake-containers-wholesale","8":"product_cat-wholesale-paper-boxes","9":"product_cat-wholesale-charcuterie-boxes","10":"product_cat-food-packaging-boxes-wholesale","11":"product_cat-custom-takeout-boxes","12":"product_cat-bulk-disposable-food-containers","14":"first","15":"instock","16":"shipping-taxable","17":"product-type-simple"},"acf":[],"_links":{"self":[{"href":"https:\/\/www.yishengpack.com\/fr\/wp-json\/wp\/v2\/product\/917","targetHints":{"allow":["GET"]}}],"collection":[{"href":"https:\/\/www.yishengpack.com\/fr\/wp-json\/wp\/v2\/product"}],"about":[{"href":"https:\/\/www.yishengpack.com\/fr\/wp-json\/wp\/v2\/types\/product"}],"replies":[{"embeddable":true,"href":"https:\/\/www.yishengpack.com\/fr\/wp-json\/wp\/v2\/comments?post=917"}],"wp:featuredmedia":[{"embeddable":true,"href":"https:\/\/www.yishengpack.com\/fr\/wp-json\/wp\/v2\/media\/920"}],"wp:attachment":[{"href":"https:\/\/www.yishengpack.com\/fr\/wp-json\/wp\/v2\/media?parent=917"}],"wp:term":[{"taxonomy":"box-type","embeddable":true,"href":"https:\/\/www.yishengpack.com\/fr\/wp-json\/wp\/v2\/box-type?post=917"},{"taxonomy":"product_brand","embeddable":true,"href":"https:\/\/www.yishengpack.com\/fr\/wp-json\/wp\/v2\/product_brand?post=917"},{"taxonomy":"product_cat","embeddable":true,"href":"https:\/\/www.yishengpack.com\/fr\/wp-json\/wp\/v2\/product_cat?post=917"},{"taxonomy":"product_tag","embeddable":true,"href":"https:\/\/www.yishengpack.com\/fr\/wp-json\/wp\/v2\/product_tag?post=917"}],"curies":[{"name":"wp","href":"https:\/\/api.w.org\/{rel}","templated":true}]}}