{"id":909,"date":"2025-01-21T02:50:12","date_gmt":"2025-01-21T02:50:12","guid":{"rendered":"https:\/\/www.yishengpack.com\/?post_type=product&#038;p=909"},"modified":"2025-12-13T07:26:19","modified_gmt":"2025-12-13T07:26:19","slug":"wholesale-rectangle-cake-box-plastic","status":"publish","type":"product","link":"https:\/\/www.yishengpack.com\/fr\/produit\/wholesale-rectangle-cake-box-plastic\/","title":{"rendered":"Bo\u00eete \u00e0 g\u00e2teau rectangulaire en plastique, plateau blanc avec couvercle, vente en gros"},"content":{"rendered":"<div class=\"wp-block-columns is-layout-flex wp-container-core-columns-is-layout-9d6595d7 wp-block-columns-is-layout-flex\">\n<div class=\"wp-block-column is-layout-flow wp-block-column-is-layout-flow\">\n<h3 class=\"wp-block-heading\">Caract\u00e9ristiques de la bo\u00eete \u00e0 g\u00e2teaux rectangulaire en plastique (grossiste)<\/h3>\n\n\n\n<p><strong>Rectangulaire Design :<\/strong> Cette bo\u00eete \u00e0 g\u00e2teaux rectangulaire en plastique offre plus d'espace pour emballer tous les types de g\u00e2teaux et de desserts.<\/p>\n\n\n\n<p><strong>Plateau blanc : <\/strong>Cette bo\u00eete \u00e0 g\u00e2teaux rectangulaire en plastique avec plateau blanc a une apparence simple et g\u00e9n\u00e9reuse, qui r\u00e9pond aux besoins de la plupart des occasions.<\/p>\n\n\n\n<p><strong>Facile \u00e0 afficher :<\/strong> Le couvercle transparent permet de pr\u00e9senter directement les aliments, de conserver leur fra\u00eecheur, d'attirer l'attention des clients et d'accro\u00eetre leur d\u00e9sir d'acheter.<\/p>\n\n\n\n<p><strong>Respectueux de l'environnement et s\u00fbr :<\/strong> Cette bo\u00eete \u00e0 g\u00e2teaux rectangulaire en plastique est fabriqu\u00e9e en PET de qualit\u00e9 alimentaire, s\u00fbr et non toxique pour garantir la qualit\u00e9 des aliments.<\/p>\n\n\n\n<p><strong>Options de personnalisation :<\/strong> Le logo ou les \u00e9l\u00e9ments de l'autocollant peuvent \u00eatre personnalis\u00e9s en fonction des besoins pour renforcer l'image de la marque.<\/p>\n<\/div>\n\n\n\n<div class=\"wp-block-column is-layout-flow wp-block-column-is-layout-flow\">\n<figure class=\"wp-block-image size-full\"><img decoding=\"async\" width=\"800\" height=\"800\" src=\"https:\/\/www.yishengpack.com\/wp-content\/uploads\/2025\/01\/Wholesale-Rectangle-Cake-Box-Plastic-White-Tray-with-Clear-Lid-6.webp\" alt=\"Wholesale Rectangle Cake Box Plastic White Tray with Clear Lid (6)\" class=\"wp-image-915\" srcset=\"https:\/\/www.yishengpack.com\/wp-content\/uploads\/2025\/01\/Wholesale-Rectangle-Cake-Box-Plastic-White-Tray-with-Clear-Lid-6.webp 800w, https:\/\/www.yishengpack.com\/wp-content\/uploads\/2025\/01\/Wholesale-Rectangle-Cake-Box-Plastic-White-Tray-with-Clear-Lid-6-300x300.webp 300w, https:\/\/www.yishengpack.com\/wp-content\/uploads\/2025\/01\/Wholesale-Rectangle-Cake-Box-Plastic-White-Tray-with-Clear-Lid-6-150x150.webp 150w, https:\/\/www.yishengpack.com\/wp-content\/uploads\/2025\/01\/Wholesale-Rectangle-Cake-Box-Plastic-White-Tray-with-Clear-Lid-6-768x768.webp 768w, https:\/\/www.yishengpack.com\/wp-content\/uploads\/2025\/01\/Wholesale-Rectangle-Cake-Box-Plastic-White-Tray-with-Clear-Lid-6-12x12.webp 12w, https:\/\/www.yishengpack.com\/wp-content\/uploads\/2025\/01\/Wholesale-Rectangle-Cake-Box-Plastic-White-Tray-with-Clear-Lid-6-600x600.webp 600w, https:\/\/www.yishengpack.com\/wp-content\/uploads\/2025\/01\/Wholesale-Rectangle-Cake-Box-Plastic-White-Tray-with-Clear-Lid-6-100x100.webp 100w\" sizes=\"(max-width: 800px) 100vw, 800px\" \/><\/figure>\n<\/div>\n<\/div>","protected":false},"excerpt":{"rendered":"<p>Cette bo\u00eete \u00e0 g\u00e2teaux rectangulaire en plastique blanc avec couvercle transparent permet de pr\u00e9senter et de prot\u00e9ger facilement les aliments. Il pr\u00e9vient efficacement la contamination et conserve la fra\u00eecheur des aliments. Parfaite pour un usage commercial ou domestique, elle constitue une solution d'emballage id\u00e9ale et rentable, en particulier pour l'emballage et la pr\u00e9sentation de desserts en gros.<\/p>\n<h2>Bo\u00eete \u00e0 g\u00e2teaux rectangulaire en plastique Sp\u00e9cifications :<\/h2>\n<table width=\"528\">\n<tbody>\n<tr>\n<td width=\"215\">Fabricant :<\/td>\n<td colspan=\"2\" width=\"313\">Yisheng<\/td>\n<\/tr>\n<tr>\n<td>Mod\u00e8le :<\/td>\n<td colspan=\"2\">H-18<\/td>\n<\/tr>\n<tr>\n<td>Mat\u00e9riau :\u00a0<\/td>\n<td colspan=\"2\">PET<\/td>\n<\/tr>\n<tr>\n<td>Couleur :\u00a0<\/td>\n<td colspan=\"2\">Blanc avec couvercle transparent<\/td>\n<\/tr>\n<tr>\n<td>Taille :\u00a0<\/td>\n<td colspan=\"2\" width=\"313\">17cm*11.4cm*5cm<\/td>\n<\/tr>\n<tr>\n<td>Poids :\u00a0<\/td>\n<td colspan=\"2\" width=\"313\">29,6g\/pc<\/td>\n<\/tr>\n<tr>\n<td>Forme :\u00a0<\/td>\n<td colspan=\"2\" width=\"313\">Rectangle<\/td>\n<\/tr>\n<tr>\n<td>Emballage :\u00a0<\/td>\n<td colspan=\"2\">100pcs\/sac<\/td>\n<\/tr>\n<tr>\n<td>MOQ :\u00a0<\/td>\n<td colspan=\"2\">800pcs<\/td>\n<\/tr>\n<tr>\n<td>OEM&amp;ODM :\u00a0<\/td>\n<td colspan=\"2\">Sur mesure, Bienvenue OEM&amp;ODM<\/td>\n<\/tr>\n<tr>\n<td>Exemple\uff1a<\/td>\n<td colspan=\"2\">10 pcs \u00e9chantillons gratuits peuvent \u00eatre demand\u00e9s<\/td>\n<\/tr>\n<\/tbody>\n<\/table>\n<p>&nbsp;<\/p>\n<p><script src=\"chrome-extension:\/\/fpelahbljekknahkcaegamhcndkfpfnc\/iFrame.js\" type=\"text\/javascript\"><\/script><\/p>","protected":false},"featured_media":913,"comment_status":"closed","ping_status":"closed","template":"","meta":{"_acf_changed":false},"box-type":[64,61],"product_brand":[],"product_cat":[21,46,30,33,45],"product_tag":[],"class_list":{"0":"post-909","1":"product","2":"type-product","3":"status-publish","4":"has-post-thumbnail","6":"box-type-custom-clear-lid-paper-boxes","7":"box-type-custom-two-piece-boxes","8":"product_cat-plastic-cake-containers-wholesale","9":"product_cat-wholesale-paper-boxes","10":"product_cat-cake-containers-wholesale","11":"product_cat-food-packaging-boxes-wholesale","12":"product_cat-bulk-disposable-food-containers","14":"first","15":"instock","16":"shipping-taxable","17":"product-type-simple"},"acf":[],"_links":{"self":[{"href":"https:\/\/www.yishengpack.com\/fr\/wp-json\/wp\/v2\/product\/909","targetHints":{"allow":["GET"]}}],"collection":[{"href":"https:\/\/www.yishengpack.com\/fr\/wp-json\/wp\/v2\/product"}],"about":[{"href":"https:\/\/www.yishengpack.com\/fr\/wp-json\/wp\/v2\/types\/product"}],"replies":[{"embeddable":true,"href":"https:\/\/www.yishengpack.com\/fr\/wp-json\/wp\/v2\/comments?post=909"}],"wp:featuredmedia":[{"embeddable":true,"href":"https:\/\/www.yishengpack.com\/fr\/wp-json\/wp\/v2\/media\/913"}],"wp:attachment":[{"href":"https:\/\/www.yishengpack.com\/fr\/wp-json\/wp\/v2\/media?parent=909"}],"wp:term":[{"taxonomy":"box-type","embeddable":true,"href":"https:\/\/www.yishengpack.com\/fr\/wp-json\/wp\/v2\/box-type?post=909"},{"taxonomy":"product_brand","embeddable":true,"href":"https:\/\/www.yishengpack.com\/fr\/wp-json\/wp\/v2\/product_brand?post=909"},{"taxonomy":"product_cat","embeddable":true,"href":"https:\/\/www.yishengpack.com\/fr\/wp-json\/wp\/v2\/product_cat?post=909"},{"taxonomy":"product_tag","embeddable":true,"href":"https:\/\/www.yishengpack.com\/fr\/wp-json\/wp\/v2\/product_tag?post=909"}],"curies":[{"name":"wp","href":"https:\/\/api.w.org\/{rel}","templated":true}]}}