{"id":904,"date":"2025-01-21T02:07:54","date_gmt":"2025-01-21T02:07:54","guid":{"rendered":"https:\/\/www.yishengpack.com\/?post_type=product&#038;p=904"},"modified":"2025-12-13T07:11:28","modified_gmt":"2025-12-13T07:11:28","slug":"plastic-dessert-boxes-wholesale","status":"publish","type":"product","link":"https:\/\/www.yishengpack.com\/fr\/produit\/plastic-dessert-boxes-wholesale\/","title":{"rendered":"Bo\u00eetes \u00e0 dessert en plastique Bo\u00eetes d'emballage carr\u00e9es en gros"},"content":{"rendered":"<div class=\"wp-block-columns is-layout-flex wp-container-core-columns-is-layout-9d6595d7 wp-block-columns-is-layout-flex\">\n<div class=\"wp-block-column is-layout-flow wp-block-column-is-layout-flow\">\n<h3 class=\"wp-block-heading\">Caract\u00e9ristiques des bo\u00eetes \u00e0 dessert en plastique<\/h3>\n\n\n\n<p><strong>Conception \u00e0 couvercle transparent : <\/strong>Le couvercle transparent facilite la pr\u00e9sentation des aliments et am\u00e9liore l'attrait visuel.<\/p>\n\n\n\n<p><strong>Mat\u00e9riau de haute qualit\u00e9 :<\/strong> Ces bo\u00eetes \u00e0 dessert en plastique sont fabriqu\u00e9es \u00e0 partir de mat\u00e9riaux durables et sans danger pour les aliments, afin de garantir la fra\u00eecheur et la protection des aliments.<\/p>\n\n\n\n<p><strong>Convient \u00e0 divers sc\u00e9narios :<\/strong> Ces bo\u00eetes \u00e0 dessert en plastique conviennent aux p\u00e2tisseries, aux restaurants, aux emballages cadeaux, ainsi qu'aux f\u00eates, \u00e9v\u00e9nements et autres occasions.<\/p>\n\n\n\n<p><strong>Conception polyvalente des s\u00e9parateurs :<\/strong> Ces bo\u00eetes \u00e0 dessert en plastique sont divis\u00e9es en quatre zones distinctes \u00e0 l'int\u00e9rieur, qui peuvent \u00eatre utilis\u00e9es de mani\u00e8re pratique pour diff\u00e9rents snacks ou desserts, ce qui permet de conserver les aliments frais et bien rang\u00e9s.<\/p>\n\n\n\n<p><strong>Ouverture et fermeture simples :<\/strong> Gr\u00e2ce \u00e0 son design simple \u00e0 ouvrir et \u00e0 fermer, il est facile \u00e0 utiliser et offre une excellente \u00e9tanch\u00e9it\u00e9 pour \u00e9viter tout d\u00e9versement alimentaire.<\/p>\n<\/div>\n\n\n\n<div class=\"wp-block-column is-layout-flow wp-block-column-is-layout-flow\">\n<figure class=\"wp-block-image size-full\"><img decoding=\"async\" width=\"800\" height=\"800\" src=\"https:\/\/www.yishengpack.com\/wp-content\/uploads\/2025\/01\/4pcs-Plastic-Dessert-Boxes-Wholesale-Square-Large-Packaging-Boxes-4.webp\" alt=\"4 pi\u00e8ces Bo\u00eetes \u00e0 dessert en plastique en gros Bo\u00eetes d&#039;emballage carr\u00e9es de grande taille (4)\" class=\"wp-image-908\" srcset=\"https:\/\/www.yishengpack.com\/wp-content\/uploads\/2025\/01\/4pcs-Plastic-Dessert-Boxes-Wholesale-Square-Large-Packaging-Boxes-4.webp 800w, https:\/\/www.yishengpack.com\/wp-content\/uploads\/2025\/01\/4pcs-Plastic-Dessert-Boxes-Wholesale-Square-Large-Packaging-Boxes-4-300x300.webp 300w, https:\/\/www.yishengpack.com\/wp-content\/uploads\/2025\/01\/4pcs-Plastic-Dessert-Boxes-Wholesale-Square-Large-Packaging-Boxes-4-150x150.webp 150w, https:\/\/www.yishengpack.com\/wp-content\/uploads\/2025\/01\/4pcs-Plastic-Dessert-Boxes-Wholesale-Square-Large-Packaging-Boxes-4-768x768.webp 768w, https:\/\/www.yishengpack.com\/wp-content\/uploads\/2025\/01\/4pcs-Plastic-Dessert-Boxes-Wholesale-Square-Large-Packaging-Boxes-4-12x12.webp 12w, https:\/\/www.yishengpack.com\/wp-content\/uploads\/2025\/01\/4pcs-Plastic-Dessert-Boxes-Wholesale-Square-Large-Packaging-Boxes-4-600x600.webp 600w, https:\/\/www.yishengpack.com\/wp-content\/uploads\/2025\/01\/4pcs-Plastic-Dessert-Boxes-Wholesale-Square-Large-Packaging-Boxes-4-100x100.webp 100w\" sizes=\"(max-width: 800px) 100vw, 800px\" \/><\/figure>\n<\/div>\n<\/div>","protected":false},"excerpt":{"rendered":"<p>Fabriqu\u00e9es en PET de haute qualit\u00e9, ces bo\u00eetes \u00e0 dessert carr\u00e9es en plastique de 4 pi\u00e8ces sont des bo\u00eetes carr\u00e9es de grande capacit\u00e9 con\u00e7ues pour les desserts et les en-cas, qui conviennent aux boulangeries, aux restaurants, aux caf\u00e9s et \u00e0 d'autres lieux. Cette bo\u00eete d'emballage peut \u00eatre personnalis\u00e9e afin d'am\u00e9liorer l'image de marque. Id\u00e9ale pour une vari\u00e9t\u00e9 d'entreprises.<\/p>\n<h2>Bo\u00eetes \u00e0 dessert en plastique en gros Sp\u00e9cifications :<\/h2>\n<table width=\"528\">\n<tbody>\n<tr>\n<td width=\"215\">Fabricant :<\/td>\n<td colspan=\"2\" width=\"313\">Yisheng<\/td>\n<\/tr>\n<tr>\n<td>Mod\u00e8le :<\/td>\n<td colspan=\"2\">J-138<\/td>\n<\/tr>\n<tr>\n<td>Mat\u00e9riau :\u00a0<\/td>\n<td colspan=\"2\">PET<\/td>\n<\/tr>\n<tr>\n<td>Couleur :\u00a0<\/td>\n<td colspan=\"2\">Transparent, Noir<\/td>\n<\/tr>\n<tr>\n<td>Taille :\u00a0<\/td>\n<td colspan=\"2\" width=\"313\">15.4cm*15.4cm*5cm<\/td>\n<\/tr>\n<tr>\n<td>Poids :\u00a0<\/td>\n<td colspan=\"2\" width=\"313\">23,6g\/pc<\/td>\n<\/tr>\n<tr>\n<td>Forme :\u00a0<\/td>\n<td colspan=\"2\" width=\"313\">Carr\u00e9<\/td>\n<\/tr>\n<tr>\n<td>Emballage :\u00a0<\/td>\n<td colspan=\"2\">50pcs<\/td>\n<\/tr>\n<tr>\n<td>MOQ :\u00a0<\/td>\n<td colspan=\"2\">1200pcs<\/td>\n<\/tr>\n<tr>\n<td>OEM&amp;ODM :\u00a0<\/td>\n<td colspan=\"2\">Sur mesure, Bienvenue OEM&amp;ODM<\/td>\n<\/tr>\n<tr>\n<td>Exemple\uff1a<\/td>\n<td colspan=\"2\">10 pcs \u00e9chantillons gratuits peuvent \u00eatre demand\u00e9s<\/td>\n<\/tr>\n<\/tbody>\n<\/table>\n<p><script src=\"chrome-extension:\/\/fpelahbljekknahkcaegamhcndkfpfnc\/iFrame.js\" type=\"text\/javascript\"><\/script><\/p>","protected":false},"featured_media":906,"comment_status":"closed","ping_status":"closed","template":"","meta":{"_acf_changed":false},"box-type":[64,61],"product_brand":[],"product_cat":[21,46,30,33,45],"product_tag":[],"class_list":{"0":"post-904","1":"product","2":"type-product","3":"status-publish","4":"has-post-thumbnail","6":"box-type-custom-clear-lid-paper-boxes","7":"box-type-custom-two-piece-boxes","8":"product_cat-plastic-cake-containers-wholesale","9":"product_cat-wholesale-paper-boxes","10":"product_cat-cake-containers-wholesale","11":"product_cat-food-packaging-boxes-wholesale","12":"product_cat-bulk-disposable-food-containers","14":"first","15":"instock","16":"shipping-taxable","17":"product-type-simple"},"acf":[],"_links":{"self":[{"href":"https:\/\/www.yishengpack.com\/fr\/wp-json\/wp\/v2\/product\/904","targetHints":{"allow":["GET"]}}],"collection":[{"href":"https:\/\/www.yishengpack.com\/fr\/wp-json\/wp\/v2\/product"}],"about":[{"href":"https:\/\/www.yishengpack.com\/fr\/wp-json\/wp\/v2\/types\/product"}],"replies":[{"embeddable":true,"href":"https:\/\/www.yishengpack.com\/fr\/wp-json\/wp\/v2\/comments?post=904"}],"wp:featuredmedia":[{"embeddable":true,"href":"https:\/\/www.yishengpack.com\/fr\/wp-json\/wp\/v2\/media\/906"}],"wp:attachment":[{"href":"https:\/\/www.yishengpack.com\/fr\/wp-json\/wp\/v2\/media?parent=904"}],"wp:term":[{"taxonomy":"box-type","embeddable":true,"href":"https:\/\/www.yishengpack.com\/fr\/wp-json\/wp\/v2\/box-type?post=904"},{"taxonomy":"product_brand","embeddable":true,"href":"https:\/\/www.yishengpack.com\/fr\/wp-json\/wp\/v2\/product_brand?post=904"},{"taxonomy":"product_cat","embeddable":true,"href":"https:\/\/www.yishengpack.com\/fr\/wp-json\/wp\/v2\/product_cat?post=904"},{"taxonomy":"product_tag","embeddable":true,"href":"https:\/\/www.yishengpack.com\/fr\/wp-json\/wp\/v2\/product_tag?post=904"}],"curies":[{"name":"wp","href":"https:\/\/api.w.org\/{rel}","templated":true}]}}