{"id":421,"date":"2025-01-20T10:35:18","date_gmt":"2025-01-20T10:35:18","guid":{"rendered":"https:\/\/www.yishengpack.com\/?post_type=product&#038;p=421"},"modified":"2025-12-13T06:57:46","modified_gmt":"2025-12-13T06:57:46","slug":"wholesale-dessert-boxes-4-divided","status":"publish","type":"product","link":"https:\/\/www.yishengpack.com\/fr\/produit\/wholesale-dessert-boxes-4-divided\/","title":{"rendered":"Bo\u00eetes \u00e0 dessert en gros, emballage \u00e0 4 compartiments avec couvercle transparent"},"content":{"rendered":"<div class=\"wp-block-columns is-layout-flex wp-container-core-columns-is-layout-9d6595d7 wp-block-columns-is-layout-flex\">\n<div class=\"wp-block-column is-layout-flow wp-block-column-is-layout-flow\">\n<h3 class=\"wp-block-heading\">Caract\u00e9ristiques des bo\u00eetes \u00e0 dessert en gros<\/h3>\n\n\n\n<p><strong>Conception de s\u00e9paration \u00e0 4 compartiments :<\/strong> L'int\u00e9rieur des bo\u00eetes \u00e0 dessert en gros est divis\u00e9 en quatre compartiments distincts, ce qui permet de s\u00e9parer facilement les diff\u00e9rents types de desserts ou d'en-cas.<\/p>\n\n\n\n<p><strong>Conception \u00e0 couvercle transparent : <\/strong>Le couvercle transparent des bo\u00eetes \u00e0 dessert en gros facilite la pr\u00e9sentation du contenu des aliments et am\u00e9liore l'attrait visuel.<\/p>\n\n\n\n<p><strong>Mat\u00e9riau de haute qualit\u00e9 :<\/strong> Ces bo\u00eetes \u00e0 dessert en gros sont fabriqu\u00e9es dans un mat\u00e9riau durable et sans danger pour les aliments afin de garantir la fra\u00eecheur et la protection des aliments.<\/p>\n\n\n\n<p><strong>Convient \u00e0 divers sc\u00e9narios :<\/strong> Convient aux p\u00e2tisseries, restaurants, emballages cadeaux, ainsi qu'aux f\u00eates, \u00e9v\u00e9nements et autres occasions.<\/p>\n\n\n\n<p><strong>Emballage pratique : <\/strong>Cette bo\u00eete \u00e0 dessert est facile \u00e0 transporter et \u00e0 stocker, tout en pr\u00e9servant l'int\u00e9grit\u00e9 et la fra\u00eecheur des aliments.<\/p>\n<\/div>\n\n\n\n<div class=\"wp-block-column is-layout-flow wp-block-column-is-layout-flow\">\n<figure class=\"wp-block-image size-full\"><img decoding=\"async\" width=\"800\" height=\"800\" src=\"https:\/\/www.yishengpack.com\/wp-content\/uploads\/2025\/01\/Wholesale-Dessert-Boxes-4-Divided-Snack-Packaging-with-Clear-Lid-4.webp\" alt=\"Bo\u00eetes \u00e0 Dessert en Gros 4 Emballages Snack Divis\u00e9s avec Couvercle Transparent (4)\" class=\"wp-image-902\" srcset=\"https:\/\/www.yishengpack.com\/wp-content\/uploads\/2025\/01\/Wholesale-Dessert-Boxes-4-Divided-Snack-Packaging-with-Clear-Lid-4.webp 800w, https:\/\/www.yishengpack.com\/wp-content\/uploads\/2025\/01\/Wholesale-Dessert-Boxes-4-Divided-Snack-Packaging-with-Clear-Lid-4-300x300.webp 300w, https:\/\/www.yishengpack.com\/wp-content\/uploads\/2025\/01\/Wholesale-Dessert-Boxes-4-Divided-Snack-Packaging-with-Clear-Lid-4-150x150.webp 150w, https:\/\/www.yishengpack.com\/wp-content\/uploads\/2025\/01\/Wholesale-Dessert-Boxes-4-Divided-Snack-Packaging-with-Clear-Lid-4-768x768.webp 768w, https:\/\/www.yishengpack.com\/wp-content\/uploads\/2025\/01\/Wholesale-Dessert-Boxes-4-Divided-Snack-Packaging-with-Clear-Lid-4-12x12.webp 12w, https:\/\/www.yishengpack.com\/wp-content\/uploads\/2025\/01\/Wholesale-Dessert-Boxes-4-Divided-Snack-Packaging-with-Clear-Lid-4-600x600.webp 600w, https:\/\/www.yishengpack.com\/wp-content\/uploads\/2025\/01\/Wholesale-Dessert-Boxes-4-Divided-Snack-Packaging-with-Clear-Lid-4-100x100.webp 100w\" sizes=\"(max-width: 800px) 100vw, 800px\" \/><\/figure>\n<\/div>\n<\/div>","protected":false},"excerpt":{"rendered":"<p>Ces bo\u00eetes \u00e0 dessert en gros sont divis\u00e9es en quatre sections, parfaites pour emballer de petits en-cas ou des desserts. Les couvercles transparents permettent de pr\u00e9senter votre g\u00e2teau et de garantir la fra\u00eecheur et l'hygi\u00e8ne des aliments. La conception des s\u00e9parateurs permet d'\u00e9viter le contact entre les diff\u00e9rents aliments et de conserver le go\u00fbt et la forme d'origine de chaque en-cas. N'h\u00e9sitez pas \u00e0 contacter Yisheng pour des prix de gros !<\/p>\n<h2>Bo\u00eetes \u00e0 dessert en gros Sp\u00e9cifications :<\/h2>\n<table width=\"528\">\n<tbody>\n<tr>\n<td width=\"215\">Fabricant :<\/td>\n<td colspan=\"2\" width=\"313\">Yisheng<\/td>\n<\/tr>\n<tr>\n<td>Mod\u00e8le :<\/td>\n<td colspan=\"2\">J-134<\/td>\n<\/tr>\n<tr>\n<td>Mat\u00e9riau :\u00a0<\/td>\n<td colspan=\"2\">PET<\/td>\n<\/tr>\n<tr>\n<td>Couleur :\u00a0<\/td>\n<td colspan=\"2\">Transparent, Noir<\/td>\n<\/tr>\n<tr>\n<td>Taille :\u00a0<\/td>\n<td colspan=\"2\" width=\"313\">12,5cm*12,5cm*5cm<\/td>\n<\/tr>\n<tr>\n<td>Poids :\u00a0<\/td>\n<td colspan=\"2\" width=\"313\">12,3g\/pc<\/td>\n<\/tr>\n<tr>\n<td>Forme :\u00a0<\/td>\n<td colspan=\"2\" width=\"313\">Carr\u00e9<\/td>\n<\/tr>\n<tr>\n<td>Emballage :\u00a0<\/td>\n<td colspan=\"2\">50pcs<\/td>\n<\/tr>\n<tr>\n<td>MOQ :\u00a0<\/td>\n<td colspan=\"2\">2400pcs<\/td>\n<\/tr>\n<tr>\n<td>OEM&amp;ODM :\u00a0<\/td>\n<td colspan=\"2\">Sur mesure, Bienvenue OEM&amp;ODM<\/td>\n<\/tr>\n<tr>\n<td>Exemple\uff1a<\/td>\n<td colspan=\"2\">10 pcs \u00e9chantillons gratuits peuvent \u00eatre demand\u00e9s<\/td>\n<\/tr>\n<\/tbody>\n<\/table>\n<p><script src=\"chrome-extension:\/\/fpelahbljekknahkcaegamhcndkfpfnc\/iFrame.js\" type=\"text\/javascript\"><\/script><\/p>","protected":false},"featured_media":900,"comment_status":"closed","ping_status":"closed","template":"","meta":{"_acf_changed":false},"box-type":[64,61],"product_brand":[],"product_cat":[30,46,21,33,45],"product_tag":[],"class_list":{"0":"post-421","1":"product","2":"type-product","3":"status-publish","4":"has-post-thumbnail","6":"box-type-custom-clear-lid-paper-boxes","7":"box-type-custom-two-piece-boxes","8":"product_cat-cake-containers-wholesale","9":"product_cat-wholesale-paper-boxes","10":"product_cat-plastic-cake-containers-wholesale","11":"product_cat-food-packaging-boxes-wholesale","12":"product_cat-bulk-disposable-food-containers","14":"first","15":"instock","16":"shipping-taxable","17":"product-type-simple"},"acf":[],"_links":{"self":[{"href":"https:\/\/www.yishengpack.com\/fr\/wp-json\/wp\/v2\/product\/421","targetHints":{"allow":["GET"]}}],"collection":[{"href":"https:\/\/www.yishengpack.com\/fr\/wp-json\/wp\/v2\/product"}],"about":[{"href":"https:\/\/www.yishengpack.com\/fr\/wp-json\/wp\/v2\/types\/product"}],"replies":[{"embeddable":true,"href":"https:\/\/www.yishengpack.com\/fr\/wp-json\/wp\/v2\/comments?post=421"}],"wp:featuredmedia":[{"embeddable":true,"href":"https:\/\/www.yishengpack.com\/fr\/wp-json\/wp\/v2\/media\/900"}],"wp:attachment":[{"href":"https:\/\/www.yishengpack.com\/fr\/wp-json\/wp\/v2\/media?parent=421"}],"wp:term":[{"taxonomy":"box-type","embeddable":true,"href":"https:\/\/www.yishengpack.com\/fr\/wp-json\/wp\/v2\/box-type?post=421"},{"taxonomy":"product_brand","embeddable":true,"href":"https:\/\/www.yishengpack.com\/fr\/wp-json\/wp\/v2\/product_brand?post=421"},{"taxonomy":"product_cat","embeddable":true,"href":"https:\/\/www.yishengpack.com\/fr\/wp-json\/wp\/v2\/product_cat?post=421"},{"taxonomy":"product_tag","embeddable":true,"href":"https:\/\/www.yishengpack.com\/fr\/wp-json\/wp\/v2\/product_tag?post=421"}],"curies":[{"name":"wp","href":"https:\/\/api.w.org\/{rel}","templated":true}]}}