{"id":3674,"date":"2026-03-18T08:52:08","date_gmt":"2026-03-18T08:52:08","guid":{"rendered":"https:\/\/www.yishengpack.com\/?post_type=product&#038;p=3674"},"modified":"2026-03-18T08:52:09","modified_gmt":"2026-03-18T08:52:09","slug":"premium-custom-chocolate-boxes-packaging-wholesale-lid-and-base-rigid-gift-boxes-with-printed-logo","status":"publish","type":"product","link":"https:\/\/www.yishengpack.com\/fr\/produit\/premium-custom-chocolate-boxes-packaging-wholesale-lid-and-base-rigid-gift-boxes-with-printed-logo\/","title":{"rendered":"Bo\u00eetes \u00e0 Chocolat Personnalis\u00e9es Premium, Bo\u00eetes Cadeaux Rigides avec Couvercle et Base en Gros avec Logo Imprim\u00e9"},"content":{"rendered":"<div class=\"wp-block-columns is-layout-flex wp-container-core-columns-is-layout-9d6595d7 wp-block-columns-is-layout-flex\">\n<div class=\"wp-block-column is-layout-flow wp-block-column-is-layout-flow\">\n<h3 class=\"wp-block-heading\">Caract\u00e9ristiques des bo\u00eetes \u00e0 chocolat personnalis\u00e9es<\/h3>\n\n\n\n<p><strong>Compartiments \u00e0 chocolat ajust\u00e9s avec pr\u00e9cision :<\/strong> Ces bo\u00eetes de chocolat sont dot\u00e9es de cavit\u00e9s moul\u00e9es sur mesure qui enveloppent chaque truffe et praline individuellement, emp\u00eachant tout mouvement et pr\u00e9servant les d\u00e9tails complexes des chocolats artisanaux lors du transport et de la pr\u00e9sentation.<\/p>\n\n\n\n<p><strong>Doublure protectrice de qualit\u00e9 alimentaire :<\/strong> Chaque bo\u00eete est doubl\u00e9e d'un papier de soie sans acide et r\u00e9sistant aux graisses, qui prot\u00e8ge les surfaces du chocolat de l'humidit\u00e9 et des taches, garantissant ainsi une pr\u00e9sentation impeccable de la production jusqu'aux mains du client.<\/p>\n\n\n\n<p><strong>Ensemble de cadeaux coordonn\u00e9s :<\/strong> Chaque bo\u00eete de chocolat s'accompagne d'un sac cadeau de luxe assorti, dot\u00e9 de poign\u00e9es en ruban et d'un marquage compl\u00e9mentaires, formant ainsi un ensemble coh\u00e9rent de cadeaux haut de gamme pour les f\u00eates et les occasions sp\u00e9ciales.<\/p>\n\n\n\n<p><strong>Logistique de l'emballage plat sans effort :<\/strong> Con\u00e7ues avec une structure rigide pliable, ces bo\u00eetes de chocolat s'exp\u00e9dient et se stockent compl\u00e8tement \u00e0 plat, ce qui r\u00e9duit l'encombrement de l'entrep\u00f4t et les frais d'exp\u00e9dition internationale pour les commandes en nombre.<\/p>\n\n\n\n<p><strong>Int\u00e9gration d'une marque sur mesure :<\/strong> Qu'il s'agisse de logos estampill\u00e9s, de couleurs ext\u00e9rieures assorties ou de messages int\u00e9rieurs personnalis\u00e9s, ces bo\u00eetes sont enti\u00e8rement personnalisables et s'adaptent parfaitement \u00e0 l'identit\u00e9 et \u00e0 l'esth\u00e9tique uniques de votre marque de chocolat.<\/p>\n<\/div>\n\n\n\n<div class=\"wp-block-column is-layout-flow wp-block-column-is-layout-flow\">\n<figure class=\"wp-block-image size-full\"><img decoding=\"async\" width=\"2560\" height=\"2560\" src=\"https:\/\/www.yishengpack.com\/wp-content\/uploads\/2026\/03\/Premium-Custom-Chocolate-Boxes-Packaging-Wholesale-Lid-and-Base-Rigid-Gift-Boxes-with-Printed-Logo-2.webp\" alt=\"premium-custom-chocolate-boxes-packaging-wholesale-lid-and-base-rigid-gift-boxes-with-printed-logo-2\" class=\"wp-image-3676\" srcset=\"https:\/\/www.yishengpack.com\/wp-content\/uploads\/2026\/03\/Premium-Custom-Chocolate-Boxes-Packaging-Wholesale-Lid-and-Base-Rigid-Gift-Boxes-with-Printed-Logo-2.webp 2560w, https:\/\/www.yishengpack.com\/wp-content\/uploads\/2026\/03\/Premium-Custom-Chocolate-Boxes-Packaging-Wholesale-Lid-and-Base-Rigid-Gift-Boxes-with-Printed-Logo-2-300x300.webp 300w, https:\/\/www.yishengpack.com\/wp-content\/uploads\/2026\/03\/Premium-Custom-Chocolate-Boxes-Packaging-Wholesale-Lid-and-Base-Rigid-Gift-Boxes-with-Printed-Logo-2-150x150.webp 150w, https:\/\/www.yishengpack.com\/wp-content\/uploads\/2026\/03\/Premium-Custom-Chocolate-Boxes-Packaging-Wholesale-Lid-and-Base-Rigid-Gift-Boxes-with-Printed-Logo-2-768x768.webp 768w, https:\/\/www.yishengpack.com\/wp-content\/uploads\/2026\/03\/Premium-Custom-Chocolate-Boxes-Packaging-Wholesale-Lid-and-Base-Rigid-Gift-Boxes-with-Printed-Logo-2-12x12.webp 12w, https:\/\/www.yishengpack.com\/wp-content\/uploads\/2026\/03\/Premium-Custom-Chocolate-Boxes-Packaging-Wholesale-Lid-and-Base-Rigid-Gift-Boxes-with-Printed-Logo-2-1200x1200.webp 1200w, https:\/\/www.yishengpack.com\/wp-content\/uploads\/2026\/03\/Premium-Custom-Chocolate-Boxes-Packaging-Wholesale-Lid-and-Base-Rigid-Gift-Boxes-with-Printed-Logo-2-600x600.webp 600w, https:\/\/www.yishengpack.com\/wp-content\/uploads\/2026\/03\/Premium-Custom-Chocolate-Boxes-Packaging-Wholesale-Lid-and-Base-Rigid-Gift-Boxes-with-Printed-Logo-2-100x100.webp 100w\" sizes=\"(max-width: 2560px) 100vw, 2560px\" \/><\/figure>\n<\/div>\n<\/div>\n\n\n\n<p><\/p>","protected":false},"excerpt":{"rendered":"<p>Bienvenue sur le site d'achat de nos bo\u00eetes-cadeaux personnalis\u00e9es avec couvercle et base. D\u00e9couvrez notre \u00e9l\u00e9gante collection de deux pi\u00e8ces, id\u00e9ale pour les chocolats de qualit\u00e9 sup\u00e9rieure, les confections artisanales et les occasions sp\u00e9ciales de faire des cadeaux. Avec une structure rigide \u00e9l\u00e9gante, des plateaux compartiment\u00e9s s\u00fbrs pour les aliments et des pochettes cadeaux coordonn\u00e9es, c'est une pr\u00e9sentation raffin\u00e9e et une protection attentionn\u00e9e qui sont combin\u00e9es. Des dimensions aux palettes de couleurs vives, en passant par les rubans de satin, les logos estampill\u00e9s et la papeterie assortie, chaque d\u00e9tail est enti\u00e8rement personnalisable pour refl\u00e9ter le charme unique de votre marque. Laissez-nous vous aider \u00e0 faire en sorte que vos produits sucr\u00e9s fassent une impression durable, en toute beaut\u00e9 et de mani\u00e8re m\u00e9morable.<\/p>\n<h2>Points forts des bo\u00eetes cadeaux \u00e0 couvercle et \u00e0 base en gros<\/h2>\n<ul>\n<li>Service complet de marquage personnalis\u00e9<\/li>\n<li>Mat\u00e9riaux de premi\u00e8re qualit\u00e9<\/li>\n<li>Impression exquise<\/li>\n<li>Solutions personnalisables en termes de taille et de profondeur<\/li>\n<li>Diverses options de couleurs<\/li>\n<li>Design r\u00e9utilisable et recyclable<\/li>\n<li>Taille personnalis\u00e9e pour le nombre de chocolats<\/li>\n<li>Structure protectrice r\u00e9sistante \u00e0 l'\u00e9crasement<\/li>\n<\/ul>\n<p>&nbsp;<\/p>","protected":false},"featured_media":3675,"comment_status":"closed","ping_status":"closed","template":"","meta":{"_acf_changed":false},"box-type":[57,61],"product_brand":[],"product_cat":[19,41,68,46,33],"product_tag":[],"class_list":{"0":"post-3674","1":"product","2":"type-product","3":"status-publish","4":"has-post-thumbnail","6":"box-type-custom-rigid-box-with-lid","7":"box-type-custom-two-piece-boxes","8":"product_cat-luxury-gift-boxes-wholesale","9":"product_cat-candy-gift-boxes-wholesale","10":"product_cat-custom-dates-box","11":"product_cat-wholesale-paper-boxes","12":"product_cat-food-packaging-boxes-wholesale","14":"first","15":"instock","16":"shipping-taxable","17":"product-type-simple"},"acf":[],"_links":{"self":[{"href":"https:\/\/www.yishengpack.com\/fr\/wp-json\/wp\/v2\/product\/3674","targetHints":{"allow":["GET"]}}],"collection":[{"href":"https:\/\/www.yishengpack.com\/fr\/wp-json\/wp\/v2\/product"}],"about":[{"href":"https:\/\/www.yishengpack.com\/fr\/wp-json\/wp\/v2\/types\/product"}],"replies":[{"embeddable":true,"href":"https:\/\/www.yishengpack.com\/fr\/wp-json\/wp\/v2\/comments?post=3674"}],"wp:featuredmedia":[{"embeddable":true,"href":"https:\/\/www.yishengpack.com\/fr\/wp-json\/wp\/v2\/media\/3675"}],"wp:attachment":[{"href":"https:\/\/www.yishengpack.com\/fr\/wp-json\/wp\/v2\/media?parent=3674"}],"wp:term":[{"taxonomy":"box-type","embeddable":true,"href":"https:\/\/www.yishengpack.com\/fr\/wp-json\/wp\/v2\/box-type?post=3674"},{"taxonomy":"product_brand","embeddable":true,"href":"https:\/\/www.yishengpack.com\/fr\/wp-json\/wp\/v2\/product_brand?post=3674"},{"taxonomy":"product_cat","embeddable":true,"href":"https:\/\/www.yishengpack.com\/fr\/wp-json\/wp\/v2\/product_cat?post=3674"},{"taxonomy":"product_tag","embeddable":true,"href":"https:\/\/www.yishengpack.com\/fr\/wp-json\/wp\/v2\/product_tag?post=3674"}],"curies":[{"name":"wp","href":"https:\/\/api.w.org\/{rel}","templated":true}]}}