{"id":3477,"date":"2026-02-04T16:52:19","date_gmt":"2026-02-04T16:52:19","guid":{"rendered":"https:\/\/www.yishengpack.com\/?post_type=product&#038;p=3477"},"modified":"2026-02-04T16:52:20","modified_gmt":"2026-02-04T16:52:20","slug":"magnetic-rigid-boxes-wholesale","status":"publish","type":"product","link":"https:\/\/www.yishengpack.com\/fr\/produit\/magnetic-rigid-boxes-wholesale\/","title":{"rendered":"Bo\u00eetes rigides magn\u00e9tiques Wholesale, OEM Bo\u00eete cadeau dates du Ramadan"},"content":{"rendered":"<div class=\"wp-block-columns is-layout-flex wp-container-core-columns-is-layout-9d6595d7 wp-block-columns-is-layout-flex\">\n<div class=\"wp-block-column is-layout-flow wp-block-column-is-layout-flow\">\n<h3 class=\"wp-block-heading\">Caract\u00e9ristiques des bo\u00eetes magn\u00e9tiques rigides en gros<\/h3>\n\n\n\n<p><strong>Fermeture magn\u00e9tique s\u00e9curis\u00e9e : <\/strong>Ces bo\u00eetes magn\u00e9tiques rigides en gros avec un joint magn\u00e9tique cach\u00e9 peuvent \u00eatre ferm\u00e9es en toute s\u00e9curit\u00e9, doucement et fermement, elles am\u00e9liorent \u00e9galement la sensation de haut niveau de d\u00e9ballage pour les chocolats, les dattes ou les gourmandises.<\/p>\n\n\n\n<p><strong>Plateaux diviseurs personnalisables et s\u00e9curis\u00e9s pour les aliments :<\/strong> Ces bo\u00eetes magn\u00e9tiques rigides sont livr\u00e9es en gros avec des intercalaires en papier alimentaire d\u00e9coup\u00e9s avec pr\u00e9cision et faits sur mesure. La bo\u00eete permet de s\u00e9parer et de stabiliser les dates individuelles ou les vari\u00e9t\u00e9s farcies afin qu'elles ne se d\u00e9placent pas pendant que chaque pi\u00e8ce est \u00e9l\u00e9gamment expos\u00e9e.<\/p>\n\n\n\n<p><strong>Construction rigide et durable : <\/strong>Ces bo\u00eetes magn\u00e9tiques rigides sont fabriqu\u00e9es \u00e0 partir d'un carton \u00e9pais et r\u00e9sistant \u00e0 la d\u00e9chirure. Elles conservent leur forme pendant le transport et le stockage, prot\u00e9geant ainsi le contenu contre les dommages tout en conservant un aspect haut de gamme.<\/p>\n\n\n\n<p><strong>Combinaisons vibrantes de couleurs et de feuilles :<\/strong> Notre bo\u00eete cadeau personnalis\u00e9e de dattes du ramadan est disponible dans des couleurs \u00e9nergiques de premi\u00e8re qualit\u00e9 (orange vif, bordeaux riche, sarcelle), qui enrichissent encore le produit avec des embellissements en feuille d'or, parfaits pour les cadeaux.<\/p>\n\n\n\n<p><strong>Personnalisation ax\u00e9e sur la marque :<\/strong> Notre bo\u00eete cadeau personnalis\u00e9e pour les dates du Ramadan est enti\u00e8rement adaptable en termes de dimensions, de disposition des intercalaires et de marquage de surface. Les bo\u00eetes permettent aux marques d'aligner l'emballage sur leur identit\u00e9 esth\u00e9tique pour les f\u00eates, le Ramadan ou les occasions d'entreprise.<\/p>\n<\/div>\n\n\n\n<div class=\"wp-block-column is-layout-flow wp-block-column-is-layout-flow\">\n<figure class=\"wp-block-image size-full\"><img decoding=\"async\" width=\"2048\" height=\"2048\" src=\"https:\/\/www.yishengpack.com\/wp-content\/uploads\/2026\/01\/Bulk-Luxury-Rigid-Magnetic-Gift-Boxes-Wholesale-Custom-Dates-Chocolate-Boxes-Packaging-2.webp\" alt=\"magnetic-rigid-boxes-wholesale-oem-ramadan-dates-gift-box-2\" class=\"wp-image-3479\" srcset=\"https:\/\/www.yishengpack.com\/wp-content\/uploads\/2026\/01\/Bulk-Luxury-Rigid-Magnetic-Gift-Boxes-Wholesale-Custom-Dates-Chocolate-Boxes-Packaging-2.webp 2048w, https:\/\/www.yishengpack.com\/wp-content\/uploads\/2026\/01\/Bulk-Luxury-Rigid-Magnetic-Gift-Boxes-Wholesale-Custom-Dates-Chocolate-Boxes-Packaging-2-300x300.webp 300w, https:\/\/www.yishengpack.com\/wp-content\/uploads\/2026\/01\/Bulk-Luxury-Rigid-Magnetic-Gift-Boxes-Wholesale-Custom-Dates-Chocolate-Boxes-Packaging-2-150x150.webp 150w, https:\/\/www.yishengpack.com\/wp-content\/uploads\/2026\/01\/Bulk-Luxury-Rigid-Magnetic-Gift-Boxes-Wholesale-Custom-Dates-Chocolate-Boxes-Packaging-2-768x768.webp 768w, https:\/\/www.yishengpack.com\/wp-content\/uploads\/2026\/01\/Bulk-Luxury-Rigid-Magnetic-Gift-Boxes-Wholesale-Custom-Dates-Chocolate-Boxes-Packaging-2-12x12.webp 12w, https:\/\/www.yishengpack.com\/wp-content\/uploads\/2026\/01\/Bulk-Luxury-Rigid-Magnetic-Gift-Boxes-Wholesale-Custom-Dates-Chocolate-Boxes-Packaging-2-1200x1200.webp 1200w, https:\/\/www.yishengpack.com\/wp-content\/uploads\/2026\/01\/Bulk-Luxury-Rigid-Magnetic-Gift-Boxes-Wholesale-Custom-Dates-Chocolate-Boxes-Packaging-2-600x600.webp 600w, https:\/\/www.yishengpack.com\/wp-content\/uploads\/2026\/01\/Bulk-Luxury-Rigid-Magnetic-Gift-Boxes-Wholesale-Custom-Dates-Chocolate-Boxes-Packaging-2-100x100.webp 100w\" sizes=\"(max-width: 2048px) 100vw, 2048px\" \/><\/figure>\n<\/div>\n<\/div>\n\n\n\n<div class=\"wp-block-columns is-layout-flex wp-container-core-columns-is-layout-9d6595d7 wp-block-columns-is-layout-flex\">\n<div class=\"wp-block-column is-layout-flow wp-block-column-is-layout-flow\">\n<figure class=\"wp-block-image size-full\"><img decoding=\"async\" width=\"2048\" height=\"2048\" src=\"https:\/\/www.yishengpack.com\/wp-content\/uploads\/2026\/01\/Bulk-Luxury-Rigid-Magnetic-Gift-Boxes-Wholesale-Custom-Dates-Chocolate-Boxes-Packaging-6.webp\" alt=\"magnetic-rigid-boxes-wholesale-oem-ramadan-dates-gift-box-6\" class=\"wp-image-3483\" srcset=\"https:\/\/www.yishengpack.com\/wp-content\/uploads\/2026\/01\/Bulk-Luxury-Rigid-Magnetic-Gift-Boxes-Wholesale-Custom-Dates-Chocolate-Boxes-Packaging-6.webp 2048w, https:\/\/www.yishengpack.com\/wp-content\/uploads\/2026\/01\/Bulk-Luxury-Rigid-Magnetic-Gift-Boxes-Wholesale-Custom-Dates-Chocolate-Boxes-Packaging-6-300x300.webp 300w, https:\/\/www.yishengpack.com\/wp-content\/uploads\/2026\/01\/Bulk-Luxury-Rigid-Magnetic-Gift-Boxes-Wholesale-Custom-Dates-Chocolate-Boxes-Packaging-6-150x150.webp 150w, https:\/\/www.yishengpack.com\/wp-content\/uploads\/2026\/01\/Bulk-Luxury-Rigid-Magnetic-Gift-Boxes-Wholesale-Custom-Dates-Chocolate-Boxes-Packaging-6-768x768.webp 768w, https:\/\/www.yishengpack.com\/wp-content\/uploads\/2026\/01\/Bulk-Luxury-Rigid-Magnetic-Gift-Boxes-Wholesale-Custom-Dates-Chocolate-Boxes-Packaging-6-12x12.webp 12w, https:\/\/www.yishengpack.com\/wp-content\/uploads\/2026\/01\/Bulk-Luxury-Rigid-Magnetic-Gift-Boxes-Wholesale-Custom-Dates-Chocolate-Boxes-Packaging-6-1200x1200.webp 1200w, https:\/\/www.yishengpack.com\/wp-content\/uploads\/2026\/01\/Bulk-Luxury-Rigid-Magnetic-Gift-Boxes-Wholesale-Custom-Dates-Chocolate-Boxes-Packaging-6-600x600.webp 600w, https:\/\/www.yishengpack.com\/wp-content\/uploads\/2026\/01\/Bulk-Luxury-Rigid-Magnetic-Gift-Boxes-Wholesale-Custom-Dates-Chocolate-Boxes-Packaging-6-100x100.webp 100w\" sizes=\"(max-width: 2048px) 100vw, 2048px\" \/><\/figure>\n\n\n\n<div class=\"wp-block-buttons has-custom-font-size has-small-font-size is-content-justification-center is-layout-flex wp-container-core-buttons-is-layout-16018d1d wp-block-buttons-is-layout-flex\">\n<div class=\"wp-block-button has-custom-width wp-block-button__width-75\"><a class=\"wp-block-button__link has-background has-small-font-size has-custom-font-size wp-element-button\" href=\"https:\/\/www.yishengpack.com\/fr\/custom-printed-box\/\" style=\"background:linear-gradient(135deg,rgb(254,205,165) 0%,rgb(254,45,45) 0%,rgb(94,15,15) 0%,rgb(94,15,15) 100%)\" target=\"_blank\" rel=\"noreferrer noopener\"><strong>D\u00e9couvrez les bo\u00eetes imprim\u00e9es personnalis\u00e9es<\/strong><\/a><\/div>\n<\/div>\n<\/div>\n\n\n\n<div class=\"wp-block-column is-layout-flow wp-block-column-is-layout-flow\">\n<figure class=\"wp-block-image size-full\"><img decoding=\"async\" width=\"2048\" height=\"2048\" src=\"https:\/\/www.yishengpack.com\/wp-content\/uploads\/2026\/01\/Bulk-Luxury-Rigid-Magnetic-Gift-Boxes-Wholesale-Custom-Dates-Chocolate-Boxes-Packaging-7.webp\" alt=\"magnetic-rigid-boxes-wholesale-oem-ramadan-dates-gift-box-7\" class=\"wp-image-3484\" srcset=\"https:\/\/www.yishengpack.com\/wp-content\/uploads\/2026\/01\/Bulk-Luxury-Rigid-Magnetic-Gift-Boxes-Wholesale-Custom-Dates-Chocolate-Boxes-Packaging-7.webp 2048w, https:\/\/www.yishengpack.com\/wp-content\/uploads\/2026\/01\/Bulk-Luxury-Rigid-Magnetic-Gift-Boxes-Wholesale-Custom-Dates-Chocolate-Boxes-Packaging-7-300x300.webp 300w, https:\/\/www.yishengpack.com\/wp-content\/uploads\/2026\/01\/Bulk-Luxury-Rigid-Magnetic-Gift-Boxes-Wholesale-Custom-Dates-Chocolate-Boxes-Packaging-7-150x150.webp 150w, https:\/\/www.yishengpack.com\/wp-content\/uploads\/2026\/01\/Bulk-Luxury-Rigid-Magnetic-Gift-Boxes-Wholesale-Custom-Dates-Chocolate-Boxes-Packaging-7-768x768.webp 768w, https:\/\/www.yishengpack.com\/wp-content\/uploads\/2026\/01\/Bulk-Luxury-Rigid-Magnetic-Gift-Boxes-Wholesale-Custom-Dates-Chocolate-Boxes-Packaging-7-12x12.webp 12w, https:\/\/www.yishengpack.com\/wp-content\/uploads\/2026\/01\/Bulk-Luxury-Rigid-Magnetic-Gift-Boxes-Wholesale-Custom-Dates-Chocolate-Boxes-Packaging-7-1200x1200.webp 1200w, https:\/\/www.yishengpack.com\/wp-content\/uploads\/2026\/01\/Bulk-Luxury-Rigid-Magnetic-Gift-Boxes-Wholesale-Custom-Dates-Chocolate-Boxes-Packaging-7-600x600.webp 600w, https:\/\/www.yishengpack.com\/wp-content\/uploads\/2026\/01\/Bulk-Luxury-Rigid-Magnetic-Gift-Boxes-Wholesale-Custom-Dates-Chocolate-Boxes-Packaging-7-100x100.webp 100w\" sizes=\"(max-width: 2048px) 100vw, 2048px\" \/><\/figure>\n\n\n\n<div class=\"wp-block-buttons has-custom-font-size has-small-font-size is-content-justification-center is-layout-flex wp-container-core-buttons-is-layout-16018d1d wp-block-buttons-is-layout-flex\">\n<div class=\"wp-block-button has-custom-width wp-block-button__width-75\"><a class=\"wp-block-button__link has-background has-small-font-size has-custom-font-size wp-element-button\" href=\"https:\/\/www.yishengpack.com\/fr\/custom-product-boxes-types\/\" style=\"background:linear-gradient(135deg,rgb(254,205,165) 0%,rgb(254,45,45) 0%,rgb(94,15,15) 0%,rgb(94,15,15) 100%)\" target=\"_blank\" rel=\"noreferrer noopener\"><strong>Explorer les types de bo\u00eetes personnalis\u00e9es<\/strong><\/a><\/div>\n<\/div>\n<\/div>\n<\/div>","protected":false},"excerpt":{"rendered":"<p>Nous vous invitons \u00e0 acheter en gros nos bo\u00eetes rigides magn\u00e9tiques, qui se caract\u00e9risent par un design rigide et raffin\u00e9, des impressions d\u00e9licates sur papier et un mat\u00e9riau en papier de qualit\u00e9 alimentaire avec des int\u00e9rieurs s\u00e9curis\u00e9s. Elles allient une esth\u00e9tique sophistiqu\u00e9e \u00e0 une protection fiable de vos friandises. Elles sont id\u00e9ales pour emballer des dattes fourr\u00e9es de qualit\u00e9 sup\u00e9rieure, des chocolats assortis ou des coffrets cadeaux gourmands. Capacit\u00e9 de production stable et contr\u00f4le de qualit\u00e9 constant pour les commandes B2B \u00e0 grand volume.<\/p>\n<h2>Points forts des bo\u00eetes magn\u00e9tiques rigides de luxe en gros<\/h2>\n<ul>\n<li>Personnalisation<\/li>\n<li>Couvercle anti-poussi\u00e8re<\/li>\n<li>Carton \u00e9co-recyclable<\/li>\n<li>Un savoir-faire exquis<\/li>\n<li>Plusieurs types de bo\u00eetes<\/li>\n<li>Options mini et grand format<\/li>\n<li>Service de couleurs personnalis\u00e9es<\/li>\n<li>Construction l\u00e9g\u00e8re et robuste<\/li>\n<\/ul>","protected":false},"featured_media":3478,"comment_status":"closed","ping_status":"closed","template":"","meta":{"_acf_changed":false},"box-type":[54,57],"product_brand":[],"product_cat":[19,41,68],"product_tag":[],"class_list":{"0":"post-3477","1":"product","2":"type-product","3":"status-publish","4":"has-post-thumbnail","6":"box-type-custom-magnetic-closure-boxes","7":"box-type-custom-rigid-box-with-lid","8":"product_cat-luxury-gift-boxes-wholesale","9":"product_cat-candy-gift-boxes-wholesale","10":"product_cat-custom-dates-box","12":"first","13":"instock","14":"shipping-taxable","15":"product-type-simple"},"acf":[],"_links":{"self":[{"href":"https:\/\/www.yishengpack.com\/fr\/wp-json\/wp\/v2\/product\/3477","targetHints":{"allow":["GET"]}}],"collection":[{"href":"https:\/\/www.yishengpack.com\/fr\/wp-json\/wp\/v2\/product"}],"about":[{"href":"https:\/\/www.yishengpack.com\/fr\/wp-json\/wp\/v2\/types\/product"}],"replies":[{"embeddable":true,"href":"https:\/\/www.yishengpack.com\/fr\/wp-json\/wp\/v2\/comments?post=3477"}],"wp:featuredmedia":[{"embeddable":true,"href":"https:\/\/www.yishengpack.com\/fr\/wp-json\/wp\/v2\/media\/3478"}],"wp:attachment":[{"href":"https:\/\/www.yishengpack.com\/fr\/wp-json\/wp\/v2\/media?parent=3477"}],"wp:term":[{"taxonomy":"box-type","embeddable":true,"href":"https:\/\/www.yishengpack.com\/fr\/wp-json\/wp\/v2\/box-type?post=3477"},{"taxonomy":"product_brand","embeddable":true,"href":"https:\/\/www.yishengpack.com\/fr\/wp-json\/wp\/v2\/product_brand?post=3477"},{"taxonomy":"product_cat","embeddable":true,"href":"https:\/\/www.yishengpack.com\/fr\/wp-json\/wp\/v2\/product_cat?post=3477"},{"taxonomy":"product_tag","embeddable":true,"href":"https:\/\/www.yishengpack.com\/fr\/wp-json\/wp\/v2\/product_tag?post=3477"}],"curies":[{"name":"wp","href":"https:\/\/api.w.org\/{rel}","templated":true}]}}