{"id":3469,"date":"2026-02-04T10:28:51","date_gmt":"2026-02-04T10:28:51","guid":{"rendered":"https:\/\/www.yishengpack.com\/?post_type=product&#038;p=3469"},"modified":"2026-02-04T10:28:52","modified_gmt":"2026-02-04T10:28:52","slug":"wholesale-stuffed-dates-gift-boxes","status":"publish","type":"product","link":"https:\/\/www.yishengpack.com\/fr\/produit\/wholesale-stuffed-dates-gift-boxes\/","title":{"rendered":"Bo\u00eetes cadeaux en gros pour dattes farcies, bo\u00eetes \u00e0 couvercle et \u00e0 base avec logo personnalis\u00e9"},"content":{"rendered":"<div class=\"wp-block-columns is-layout-flex wp-container-core-columns-is-layout-9d6595d7 wp-block-columns-is-layout-flex\">\n<div class=\"wp-block-column is-layout-flow wp-block-column-is-layout-flow\">\n<h3 class=\"wp-block-heading\">Caract\u00e9ristiques des bo\u00eetes-cadeaux de dattes fourr\u00e9es en gros<\/h3>\n\n\n\n<p><strong>D\u00e9corations luxueuses en feuille d'or : <\/strong>Ces bo\u00eetes-cadeaux de dattes farcies en gros pr\u00e9sentent un gaufrage complexe en feuille d'or, des motifs botaniques et un emplacement de logo personnalis\u00e9, cr\u00e9ant une pr\u00e9sentation haut de gamme et festive id\u00e9ale pour les dattes et les gourmandises.<\/p>\n\n\n\n<p><strong>Stockage \u00e0 plat pour un gain de place :<\/strong> Ces bo\u00eetes-cadeaux de dattes farcies sont aplaties pour l'exp\u00e9dition et le stockage afin de minimiser les co\u00fbts logistiques. Leur construction en carton rigide leur permet de r\u00e9sister au transport.<\/p>\n\n\n\n<p><strong>Dimensions et configurations des plateaux int\u00e9rieurs flexibles :<\/strong> Les dimensions personnalis\u00e9es du couvercle et de la bo\u00eete de base sont disponibles pour diff\u00e9rentes quantit\u00e9s et dispositions de dates farcies, y compris des conceptions \u00e0 une seule couche ou \u00e0 plusieurs compartiments pour emp\u00eacher le mouvement du produit.<\/p>\n\n\n\n<p><strong>Options de marquage enti\u00e8rement personnalisables :<\/strong> Ces bo\u00eetes cadeaux de dattes farcies en gros sont enti\u00e8rement adaptables en termes de dimensions, de disposition des s\u00e9parateurs et de finitions de surface. Les bo\u00eetes permettent aux marques d'aligner l'emballage sur leur identit\u00e9 esth\u00e9tique pour les f\u00eates, les mariages ou les cadeaux d'entreprise.<\/p>\n\n\n\n<p><strong>Id\u00e9al pour les commandes en gros et les commandes OEM : <\/strong>Nos bo\u00eetes cadeaux de dattes farcies en gros peuvent offrir le prix direct de l'usine, le moq est bas pour la personnalisation, et nous pouvons garantir la qualit\u00e9 pour la production de masse pour les affaires b2b.<\/p>\n<\/div>\n\n\n\n<div class=\"wp-block-column is-layout-flow wp-block-column-is-layout-flow\">\n<figure class=\"wp-block-image size-full\"><img decoding=\"async\" width=\"2048\" height=\"2048\" src=\"https:\/\/www.yishengpack.com\/wp-content\/uploads\/2026\/01\/Wholesale-Premium-Lid-and-Base-Dates-Packaging-Boxes-Custom-Luxury-Gift-Boxes-with-Logo-Design-2.webp\" alt=\"grossiste-bo\u00eetes-cadeaux-dates-\u00e9toff\u00e9es-couvercle-et-bo\u00eete-de-base-personnalis\u00e9e-2\" class=\"wp-image-3471\" srcset=\"https:\/\/www.yishengpack.com\/wp-content\/uploads\/2026\/01\/Wholesale-Premium-Lid-and-Base-Dates-Packaging-Boxes-Custom-Luxury-Gift-Boxes-with-Logo-Design-2.webp 2048w, https:\/\/www.yishengpack.com\/wp-content\/uploads\/2026\/01\/Wholesale-Premium-Lid-and-Base-Dates-Packaging-Boxes-Custom-Luxury-Gift-Boxes-with-Logo-Design-2-300x300.webp 300w, https:\/\/www.yishengpack.com\/wp-content\/uploads\/2026\/01\/Wholesale-Premium-Lid-and-Base-Dates-Packaging-Boxes-Custom-Luxury-Gift-Boxes-with-Logo-Design-2-150x150.webp 150w, https:\/\/www.yishengpack.com\/wp-content\/uploads\/2026\/01\/Wholesale-Premium-Lid-and-Base-Dates-Packaging-Boxes-Custom-Luxury-Gift-Boxes-with-Logo-Design-2-768x768.webp 768w, https:\/\/www.yishengpack.com\/wp-content\/uploads\/2026\/01\/Wholesale-Premium-Lid-and-Base-Dates-Packaging-Boxes-Custom-Luxury-Gift-Boxes-with-Logo-Design-2-12x12.webp 12w, https:\/\/www.yishengpack.com\/wp-content\/uploads\/2026\/01\/Wholesale-Premium-Lid-and-Base-Dates-Packaging-Boxes-Custom-Luxury-Gift-Boxes-with-Logo-Design-2-1200x1200.webp 1200w, https:\/\/www.yishengpack.com\/wp-content\/uploads\/2026\/01\/Wholesale-Premium-Lid-and-Base-Dates-Packaging-Boxes-Custom-Luxury-Gift-Boxes-with-Logo-Design-2-600x600.webp 600w, https:\/\/www.yishengpack.com\/wp-content\/uploads\/2026\/01\/Wholesale-Premium-Lid-and-Base-Dates-Packaging-Boxes-Custom-Luxury-Gift-Boxes-with-Logo-Design-2-100x100.webp 100w\" sizes=\"(max-width: 2048px) 100vw, 2048px\" \/><\/figure>\n<\/div>\n<\/div>\n\n\n\n<div class=\"wp-block-columns is-layout-flex wp-container-core-columns-is-layout-9d6595d7 wp-block-columns-is-layout-flex\">\n<div class=\"wp-block-column is-layout-flow wp-block-column-is-layout-flow\">\n<figure class=\"wp-block-image size-full\"><img decoding=\"async\" width=\"2048\" height=\"2048\" src=\"https:\/\/www.yishengpack.com\/wp-content\/uploads\/2026\/01\/Wholesale-Premium-Lid-and-Base-Dates-Packaging-Boxes-Custom-Luxury-Gift-Boxes-with-Logo-Design-4.webp\" alt=\"grossiste-bo\u00eetes-cadeaux-dates rembourr\u00e9es-couvercle-et-bo\u00eete-de-base-personnalis\u00e9e-4\" class=\"wp-image-3473\" srcset=\"https:\/\/www.yishengpack.com\/wp-content\/uploads\/2026\/01\/Wholesale-Premium-Lid-and-Base-Dates-Packaging-Boxes-Custom-Luxury-Gift-Boxes-with-Logo-Design-4.webp 2048w, https:\/\/www.yishengpack.com\/wp-content\/uploads\/2026\/01\/Wholesale-Premium-Lid-and-Base-Dates-Packaging-Boxes-Custom-Luxury-Gift-Boxes-with-Logo-Design-4-300x300.webp 300w, https:\/\/www.yishengpack.com\/wp-content\/uploads\/2026\/01\/Wholesale-Premium-Lid-and-Base-Dates-Packaging-Boxes-Custom-Luxury-Gift-Boxes-with-Logo-Design-4-150x150.webp 150w, https:\/\/www.yishengpack.com\/wp-content\/uploads\/2026\/01\/Wholesale-Premium-Lid-and-Base-Dates-Packaging-Boxes-Custom-Luxury-Gift-Boxes-with-Logo-Design-4-768x768.webp 768w, https:\/\/www.yishengpack.com\/wp-content\/uploads\/2026\/01\/Wholesale-Premium-Lid-and-Base-Dates-Packaging-Boxes-Custom-Luxury-Gift-Boxes-with-Logo-Design-4-12x12.webp 12w, https:\/\/www.yishengpack.com\/wp-content\/uploads\/2026\/01\/Wholesale-Premium-Lid-and-Base-Dates-Packaging-Boxes-Custom-Luxury-Gift-Boxes-with-Logo-Design-4-1200x1200.webp 1200w, https:\/\/www.yishengpack.com\/wp-content\/uploads\/2026\/01\/Wholesale-Premium-Lid-and-Base-Dates-Packaging-Boxes-Custom-Luxury-Gift-Boxes-with-Logo-Design-4-600x600.webp 600w, https:\/\/www.yishengpack.com\/wp-content\/uploads\/2026\/01\/Wholesale-Premium-Lid-and-Base-Dates-Packaging-Boxes-Custom-Luxury-Gift-Boxes-with-Logo-Design-4-100x100.webp 100w\" sizes=\"(max-width: 2048px) 100vw, 2048px\" \/><\/figure>\n\n\n\n<div class=\"wp-block-buttons has-custom-font-size has-small-font-size is-content-justification-center is-layout-flex wp-container-core-buttons-is-layout-16018d1d wp-block-buttons-is-layout-flex\">\n<div class=\"wp-block-button has-custom-width wp-block-button__width-75\"><a class=\"wp-block-button__link has-background has-small-font-size has-custom-font-size wp-element-button\" href=\"https:\/\/www.yishengpack.com\/fr\/custom-printed-box\/\" style=\"background:linear-gradient(135deg,rgb(254,205,165) 0%,rgb(254,45,45) 0%,rgb(94,15,15) 0%,rgb(94,15,15) 100%)\" target=\"_blank\" rel=\"noreferrer noopener\"><strong>D\u00e9couvrez les bo\u00eetes imprim\u00e9es personnalis\u00e9es<\/strong><\/a><\/div>\n<\/div>\n<\/div>\n\n\n\n<div class=\"wp-block-column is-layout-flow wp-block-column-is-layout-flow\">\n<figure class=\"wp-block-image size-full\"><img decoding=\"async\" width=\"2048\" height=\"2048\" src=\"https:\/\/www.yishengpack.com\/wp-content\/uploads\/2026\/01\/Wholesale-Premium-Lid-and-Base-Dates-Packaging-Boxes-Custom-Luxury-Gift-Boxes-with-Logo-Design-3.webp\" alt=\"grossiste-bo\u00eetes-cadeaux-dates-\u00e9toff\u00e9es-couvercle-et-bo\u00eete-de-base-personnalis\u00e9e-3\" class=\"wp-image-3472\" srcset=\"https:\/\/www.yishengpack.com\/wp-content\/uploads\/2026\/01\/Wholesale-Premium-Lid-and-Base-Dates-Packaging-Boxes-Custom-Luxury-Gift-Boxes-with-Logo-Design-3.webp 2048w, https:\/\/www.yishengpack.com\/wp-content\/uploads\/2026\/01\/Wholesale-Premium-Lid-and-Base-Dates-Packaging-Boxes-Custom-Luxury-Gift-Boxes-with-Logo-Design-3-300x300.webp 300w, https:\/\/www.yishengpack.com\/wp-content\/uploads\/2026\/01\/Wholesale-Premium-Lid-and-Base-Dates-Packaging-Boxes-Custom-Luxury-Gift-Boxes-with-Logo-Design-3-150x150.webp 150w, https:\/\/www.yishengpack.com\/wp-content\/uploads\/2026\/01\/Wholesale-Premium-Lid-and-Base-Dates-Packaging-Boxes-Custom-Luxury-Gift-Boxes-with-Logo-Design-3-768x768.webp 768w, https:\/\/www.yishengpack.com\/wp-content\/uploads\/2026\/01\/Wholesale-Premium-Lid-and-Base-Dates-Packaging-Boxes-Custom-Luxury-Gift-Boxes-with-Logo-Design-3-12x12.webp 12w, https:\/\/www.yishengpack.com\/wp-content\/uploads\/2026\/01\/Wholesale-Premium-Lid-and-Base-Dates-Packaging-Boxes-Custom-Luxury-Gift-Boxes-with-Logo-Design-3-1200x1200.webp 1200w, https:\/\/www.yishengpack.com\/wp-content\/uploads\/2026\/01\/Wholesale-Premium-Lid-and-Base-Dates-Packaging-Boxes-Custom-Luxury-Gift-Boxes-with-Logo-Design-3-600x600.webp 600w, https:\/\/www.yishengpack.com\/wp-content\/uploads\/2026\/01\/Wholesale-Premium-Lid-and-Base-Dates-Packaging-Boxes-Custom-Luxury-Gift-Boxes-with-Logo-Design-3-100x100.webp 100w\" sizes=\"(max-width: 2048px) 100vw, 2048px\" \/><\/figure>\n\n\n\n<div class=\"wp-block-buttons has-custom-font-size has-small-font-size is-content-justification-center is-layout-flex wp-container-core-buttons-is-layout-16018d1d wp-block-buttons-is-layout-flex\">\n<div class=\"wp-block-button has-custom-width wp-block-button__width-75\"><a class=\"wp-block-button__link has-background has-small-font-size has-custom-font-size wp-element-button\" href=\"https:\/\/www.yishengpack.com\/fr\/custom-box-inserts-accessories\/\" style=\"background:linear-gradient(135deg,rgb(254,205,165) 0%,rgb(254,45,45) 0%,rgb(94,15,15) 0%,rgb(94,15,15) 100%)\" target=\"_blank\" rel=\"noreferrer noopener\"><strong>D\u00e9couvrez les encarts personnalis\u00e9s<\/strong><\/a><\/div>\n<\/div>\n<\/div>\n<\/div>","protected":false},"excerpt":{"rendered":"<p>Nous vous invitons \u00e0 acheter notre bo\u00eete cadeau de dattes farcies en gros avec un couvercle et un design de base personnalis\u00e9s, offrant un emballage rigide de premi\u00e8re qualit\u00e9 pour les cadeaux du Ramadan, les emballages de l'A\u00efd, les cadeaux d'entreprise et les marques de dattes en chocolat haut de gamme. Enti\u00e8rement personnalisable avec l'impression du logo, les tailles, les finitions et les inserts de qualit\u00e9 alimentaire, id\u00e9al pour les solutions d'emballage en gros, OEM et marque priv\u00e9e.<\/p>\n<h2>Points forts des bo\u00eetes-cadeaux de dattes fourr\u00e9es en gros<\/h2>\n<ul>\n<li>Personnalisation de haut niveau<\/li>\n<li>Formes d'insertion personnalis\u00e9es<\/li>\n<li>Mat\u00e9riaux recyclables respectueux de l'environnement<\/li>\n<li>Des proc\u00e9d\u00e9s d'impression riches<\/li>\n<li>Un travail artisanal m\u00e9ticuleux<\/li>\n<li>Plusieurs types de bo\u00eetes<\/li>\n<li>Diverses options de couleurs<\/li>\n<li>Construction rigide renforc\u00e9e<\/li>\n<\/ul>\n<p>&nbsp;<\/p>","protected":false},"featured_media":3470,"comment_status":"closed","ping_status":"closed","template":"","meta":{"_acf_changed":false},"box-type":[55,57,61],"product_brand":[],"product_cat":[46,19,41,68,33,44],"product_tag":[],"class_list":{"0":"post-3469","1":"product","2":"type-product","3":"status-publish","4":"has-post-thumbnail","6":"box-type-custom-foldable-boxes","7":"box-type-custom-rigid-box-with-lid","8":"box-type-custom-two-piece-boxes","9":"product_cat-wholesale-paper-boxes","10":"product_cat-luxury-gift-boxes-wholesale","11":"product_cat-candy-gift-boxes-wholesale","12":"product_cat-custom-dates-box","13":"product_cat-food-packaging-boxes-wholesale","14":"product_cat-custom-snack-box","16":"first","17":"instock","18":"shipping-taxable","19":"product-type-simple"},"acf":[],"_links":{"self":[{"href":"https:\/\/www.yishengpack.com\/fr\/wp-json\/wp\/v2\/product\/3469","targetHints":{"allow":["GET"]}}],"collection":[{"href":"https:\/\/www.yishengpack.com\/fr\/wp-json\/wp\/v2\/product"}],"about":[{"href":"https:\/\/www.yishengpack.com\/fr\/wp-json\/wp\/v2\/types\/product"}],"replies":[{"embeddable":true,"href":"https:\/\/www.yishengpack.com\/fr\/wp-json\/wp\/v2\/comments?post=3469"}],"wp:featuredmedia":[{"embeddable":true,"href":"https:\/\/www.yishengpack.com\/fr\/wp-json\/wp\/v2\/media\/3470"}],"wp:attachment":[{"href":"https:\/\/www.yishengpack.com\/fr\/wp-json\/wp\/v2\/media?parent=3469"}],"wp:term":[{"taxonomy":"box-type","embeddable":true,"href":"https:\/\/www.yishengpack.com\/fr\/wp-json\/wp\/v2\/box-type?post=3469"},{"taxonomy":"product_brand","embeddable":true,"href":"https:\/\/www.yishengpack.com\/fr\/wp-json\/wp\/v2\/product_brand?post=3469"},{"taxonomy":"product_cat","embeddable":true,"href":"https:\/\/www.yishengpack.com\/fr\/wp-json\/wp\/v2\/product_cat?post=3469"},{"taxonomy":"product_tag","embeddable":true,"href":"https:\/\/www.yishengpack.com\/fr\/wp-json\/wp\/v2\/product_tag?post=3469"}],"curies":[{"name":"wp","href":"https:\/\/api.w.org\/{rel}","templated":true}]}}