{"id":3461,"date":"2026-02-04T09:54:11","date_gmt":"2026-02-04T09:54:11","guid":{"rendered":"https:\/\/www.yishengpack.com\/?post_type=product&#038;p=3461"},"modified":"2026-02-04T09:54:13","modified_gmt":"2026-02-04T09:54:13","slug":"custom-magnetic-rigid-boxes","status":"publish","type":"product","link":"https:\/\/www.yishengpack.com\/fr\/produit\/custom-magnetic-rigid-boxes\/","title":{"rendered":"Bo\u00eetes rigides magn\u00e9tiques personnalis\u00e9es avec insert, bo\u00eetes cadeaux pour dates en vrac"},"content":{"rendered":"<div class=\"wp-block-columns is-layout-flex wp-container-core-columns-is-layout-9d6595d7 wp-block-columns-is-layout-flex\">\n<div class=\"wp-block-column is-layout-flow wp-block-column-is-layout-flow\">\n<h3 class=\"wp-block-heading\">Features of Custom Magnetic Rigid Boxes<\/h3>\n\n\n\n<p><strong>Fermeture magn\u00e9tique :<\/strong> These custom magnetic rigid boxes feature a hidden magnetic closure that ensures a smooth, secure seal, delivering a refined, upscale unboxing experience for dates, chocolates, and gourmet snacks.<\/p>\n\n\n\n<p><strong>Protective Compartment Layouts:<\/strong> These custom magnetic rigid boxes are equipped with food-safe paper or foam dividers. The boxes keep individual dates or assorted treats separated and stabilized, preventing shifting and ensuring each item arrives intact.<\/p>\n\n\n\n<p><strong>Matching Gift Bag Sets: <\/strong>These custom magnetic rigid boxes are available with coordinated paper gift bags (as seen in the sage green design), the boxes form polished, ready-to-gift bundles that elevate presentation for holidays, Ramadan, or corporate gifting.<\/p>\n\n\n\n<p><strong>Premium Dual-Tone Aesthetics<\/strong>: Our wholesale dates gift box offers sophisticated color pairings (sage green + gold, matte gray + warm beige, cream + metallic accents) with tactile finishes like matte lamination, enhancing the luxury feel.<\/p>\n\n\n\n<p><strong>Surface wear-resistant treatment: <\/strong>These custom magnetic rigid boxes offer optional matte film, scratch-resistant film, and anti-fingerprint coating, suitable for high-frequency contact retail scenarios, ensuring the cleanliness of terminal shelf displays and brand image.<\/p>\n\n\n\n<p><strong>Fully Adaptable Customization:<\/strong> Our wholesale dates gift box fully customizable in dimensions, divider configurations, and surface branding; the boxes adapt to diverse gift items (from dates to chocolates) and align with unique brand identities.<\/p>\n<\/div>\n\n\n\n<div class=\"wp-block-column is-layout-flow wp-block-column-is-layout-flow\">\n<figure class=\"wp-block-image size-full\"><img decoding=\"async\" width=\"2048\" height=\"2048\" src=\"https:\/\/www.yishengpack.com\/wp-content\/uploads\/2026\/01\/Custom-Luxury-Gift-Boxes-with-Inserts-Wholesale-Rigid-Magnetic-Dates-Chocolate-Boxes-Packaging-2.webp\" alt=\"custom-magnetic-rigid-boxes-with-insert-bulk-dates-gift-box-2\" class=\"wp-image-3463\" srcset=\"https:\/\/www.yishengpack.com\/wp-content\/uploads\/2026\/01\/Custom-Luxury-Gift-Boxes-with-Inserts-Wholesale-Rigid-Magnetic-Dates-Chocolate-Boxes-Packaging-2.webp 2048w, https:\/\/www.yishengpack.com\/wp-content\/uploads\/2026\/01\/Custom-Luxury-Gift-Boxes-with-Inserts-Wholesale-Rigid-Magnetic-Dates-Chocolate-Boxes-Packaging-2-300x300.webp 300w, https:\/\/www.yishengpack.com\/wp-content\/uploads\/2026\/01\/Custom-Luxury-Gift-Boxes-with-Inserts-Wholesale-Rigid-Magnetic-Dates-Chocolate-Boxes-Packaging-2-150x150.webp 150w, https:\/\/www.yishengpack.com\/wp-content\/uploads\/2026\/01\/Custom-Luxury-Gift-Boxes-with-Inserts-Wholesale-Rigid-Magnetic-Dates-Chocolate-Boxes-Packaging-2-768x768.webp 768w, https:\/\/www.yishengpack.com\/wp-content\/uploads\/2026\/01\/Custom-Luxury-Gift-Boxes-with-Inserts-Wholesale-Rigid-Magnetic-Dates-Chocolate-Boxes-Packaging-2-12x12.webp 12w, https:\/\/www.yishengpack.com\/wp-content\/uploads\/2026\/01\/Custom-Luxury-Gift-Boxes-with-Inserts-Wholesale-Rigid-Magnetic-Dates-Chocolate-Boxes-Packaging-2-1200x1200.webp 1200w, https:\/\/www.yishengpack.com\/wp-content\/uploads\/2026\/01\/Custom-Luxury-Gift-Boxes-with-Inserts-Wholesale-Rigid-Magnetic-Dates-Chocolate-Boxes-Packaging-2-600x600.webp 600w, https:\/\/www.yishengpack.com\/wp-content\/uploads\/2026\/01\/Custom-Luxury-Gift-Boxes-with-Inserts-Wholesale-Rigid-Magnetic-Dates-Chocolate-Boxes-Packaging-2-100x100.webp 100w\" sizes=\"(max-width: 2048px) 100vw, 2048px\" \/><\/figure>\n<\/div>\n<\/div>\n\n\n\n<div class=\"wp-block-columns is-layout-flex wp-container-core-columns-is-layout-9d6595d7 wp-block-columns-is-layout-flex\">\n<div class=\"wp-block-column is-layout-flow wp-block-column-is-layout-flow\">\n<figure class=\"wp-block-image size-full\"><img decoding=\"async\" width=\"2048\" height=\"2048\" src=\"https:\/\/www.yishengpack.com\/wp-content\/uploads\/2026\/01\/Custom-Luxury-Gift-Boxes-with-Inserts-Wholesale-Rigid-Magnetic-Dates-Chocolate-Boxes-Packaging-5.webp\" alt=\"custom-magnetic-rigid-boxes-with-insert-bulk-dates-gift-box-5\" class=\"wp-image-3466\" srcset=\"https:\/\/www.yishengpack.com\/wp-content\/uploads\/2026\/01\/Custom-Luxury-Gift-Boxes-with-Inserts-Wholesale-Rigid-Magnetic-Dates-Chocolate-Boxes-Packaging-5.webp 2048w, https:\/\/www.yishengpack.com\/wp-content\/uploads\/2026\/01\/Custom-Luxury-Gift-Boxes-with-Inserts-Wholesale-Rigid-Magnetic-Dates-Chocolate-Boxes-Packaging-5-300x300.webp 300w, https:\/\/www.yishengpack.com\/wp-content\/uploads\/2026\/01\/Custom-Luxury-Gift-Boxes-with-Inserts-Wholesale-Rigid-Magnetic-Dates-Chocolate-Boxes-Packaging-5-150x150.webp 150w, https:\/\/www.yishengpack.com\/wp-content\/uploads\/2026\/01\/Custom-Luxury-Gift-Boxes-with-Inserts-Wholesale-Rigid-Magnetic-Dates-Chocolate-Boxes-Packaging-5-768x768.webp 768w, https:\/\/www.yishengpack.com\/wp-content\/uploads\/2026\/01\/Custom-Luxury-Gift-Boxes-with-Inserts-Wholesale-Rigid-Magnetic-Dates-Chocolate-Boxes-Packaging-5-12x12.webp 12w, https:\/\/www.yishengpack.com\/wp-content\/uploads\/2026\/01\/Custom-Luxury-Gift-Boxes-with-Inserts-Wholesale-Rigid-Magnetic-Dates-Chocolate-Boxes-Packaging-5-1200x1200.webp 1200w, https:\/\/www.yishengpack.com\/wp-content\/uploads\/2026\/01\/Custom-Luxury-Gift-Boxes-with-Inserts-Wholesale-Rigid-Magnetic-Dates-Chocolate-Boxes-Packaging-5-600x600.webp 600w, https:\/\/www.yishengpack.com\/wp-content\/uploads\/2026\/01\/Custom-Luxury-Gift-Boxes-with-Inserts-Wholesale-Rigid-Magnetic-Dates-Chocolate-Boxes-Packaging-5-100x100.webp 100w\" sizes=\"(max-width: 2048px) 100vw, 2048px\" \/><\/figure>\n\n\n\n<div class=\"wp-block-buttons has-custom-font-size has-small-font-size is-content-justification-center is-layout-flex wp-container-core-buttons-is-layout-16018d1d wp-block-buttons-is-layout-flex\">\n<div class=\"wp-block-button has-custom-width wp-block-button__width-75\"><a class=\"wp-block-button__link has-background has-small-font-size has-custom-font-size wp-element-button\" href=\"https:\/\/www.yishengpack.com\/fr\/custom-printed-box\/\" style=\"background:linear-gradient(135deg,rgb(254,205,165) 0%,rgb(254,45,45) 0%,rgb(94,15,15) 0%,rgb(94,15,15) 100%)\" target=\"_blank\" rel=\"noreferrer noopener\"><strong>D\u00e9couvrez les bo\u00eetes imprim\u00e9es personnalis\u00e9es<\/strong><\/a><\/div>\n<\/div>\n<\/div>\n\n\n\n<div class=\"wp-block-column is-layout-flow wp-block-column-is-layout-flow\">\n<figure class=\"wp-block-image size-full\"><img decoding=\"async\" width=\"2048\" height=\"2048\" src=\"https:\/\/www.yishengpack.com\/wp-content\/uploads\/2026\/01\/Custom-Luxury-Gift-Boxes-with-Inserts-Wholesale-Rigid-Magnetic-Dates-Chocolate-Boxes-Packaging-6.webp\" alt=\"custom-magnetic-rigid-boxes-with-insert-bulk-dates-gift-box-6\" class=\"wp-image-3467\" srcset=\"https:\/\/www.yishengpack.com\/wp-content\/uploads\/2026\/01\/Custom-Luxury-Gift-Boxes-with-Inserts-Wholesale-Rigid-Magnetic-Dates-Chocolate-Boxes-Packaging-6.webp 2048w, https:\/\/www.yishengpack.com\/wp-content\/uploads\/2026\/01\/Custom-Luxury-Gift-Boxes-with-Inserts-Wholesale-Rigid-Magnetic-Dates-Chocolate-Boxes-Packaging-6-300x300.webp 300w, https:\/\/www.yishengpack.com\/wp-content\/uploads\/2026\/01\/Custom-Luxury-Gift-Boxes-with-Inserts-Wholesale-Rigid-Magnetic-Dates-Chocolate-Boxes-Packaging-6-150x150.webp 150w, https:\/\/www.yishengpack.com\/wp-content\/uploads\/2026\/01\/Custom-Luxury-Gift-Boxes-with-Inserts-Wholesale-Rigid-Magnetic-Dates-Chocolate-Boxes-Packaging-6-768x768.webp 768w, https:\/\/www.yishengpack.com\/wp-content\/uploads\/2026\/01\/Custom-Luxury-Gift-Boxes-with-Inserts-Wholesale-Rigid-Magnetic-Dates-Chocolate-Boxes-Packaging-6-12x12.webp 12w, https:\/\/www.yishengpack.com\/wp-content\/uploads\/2026\/01\/Custom-Luxury-Gift-Boxes-with-Inserts-Wholesale-Rigid-Magnetic-Dates-Chocolate-Boxes-Packaging-6-1200x1200.webp 1200w, https:\/\/www.yishengpack.com\/wp-content\/uploads\/2026\/01\/Custom-Luxury-Gift-Boxes-with-Inserts-Wholesale-Rigid-Magnetic-Dates-Chocolate-Boxes-Packaging-6-600x600.webp 600w, https:\/\/www.yishengpack.com\/wp-content\/uploads\/2026\/01\/Custom-Luxury-Gift-Boxes-with-Inserts-Wholesale-Rigid-Magnetic-Dates-Chocolate-Boxes-Packaging-6-100x100.webp 100w\" sizes=\"(max-width: 2048px) 100vw, 2048px\" \/><\/figure>\n\n\n\n<div class=\"wp-block-buttons has-custom-font-size has-small-font-size is-content-justification-center is-layout-flex wp-container-core-buttons-is-layout-16018d1d wp-block-buttons-is-layout-flex\">\n<div class=\"wp-block-button has-custom-width wp-block-button__width-75\"><a class=\"wp-block-button__link has-background has-small-font-size has-custom-font-size wp-element-button\" href=\"https:\/\/www.yishengpack.com\/fr\/custom-box-inserts-accessories\/\" style=\"background:linear-gradient(135deg,rgb(254,205,165) 0%,rgb(254,45,45) 0%,rgb(94,15,15) 0%,rgb(94,15,15) 100%)\" target=\"_blank\" rel=\"noreferrer noopener\"><strong>D\u00e9couvrez les encarts personnalis\u00e9s<\/strong><\/a><\/div>\n<\/div>\n<\/div>\n<\/div>","protected":false},"excerpt":{"rendered":"<p>Nous vous invitons \u00e0 acheter nos bo\u00eetes rigides magn\u00e9tiques personnalis\u00e9es avec inserts, con\u00e7ues pour l'emballage de cadeaux de dattes en gros. Fabriqu\u00e9es avec un carton rigide durable et une fermeture magn\u00e9tique de premi\u00e8re qualit\u00e9, ces bo\u00eetes cadeaux de luxe pour les dattes peuvent \u00eatre enti\u00e8rement personnalis\u00e9es (OEM\/ODM), y compris la taille, les inserts et l'impression du logo. Id\u00e9ales pour les marques de dattes, les importateurs et les grossistes en emballage \u00e0 la recherche de solutions de bo\u00eetes cadeaux en vrac haut de gamme.<\/p>\n<h2>Points forts des bo\u00eetes rigides magn\u00e9tiques personnalis\u00e9es<\/h2>\n<ul>\n<li>Fermeture magn\u00e9tique du couvercle<\/li>\n<li>Personnalisation haut de gamme<\/li>\n<li>Am\u00e9nagements \u00e0 compartiments multiples<\/li>\n<li>Carton \u00e9co-recyclable<\/li>\n<li>Conception d'une impression \u00e0 th\u00e8me personnalis\u00e9e<\/li>\n<li>Plusieurs tailles de bo\u00eetes<\/li>\n<li>Correspondance des couleurs sur mesure<\/li>\n<li>Construction l\u00e9g\u00e8re et luxueuse<\/li>\n<\/ul>\n<p>&nbsp;<\/p>\n<p>&nbsp;<\/p>","protected":false},"featured_media":3462,"comment_status":"closed","ping_status":"closed","template":"","meta":{"_acf_changed":false},"box-type":[54,57],"product_brand":[],"product_cat":[19,41,68],"product_tag":[],"class_list":{"0":"post-3461","1":"product","2":"type-product","3":"status-publish","4":"has-post-thumbnail","6":"box-type-custom-magnetic-closure-boxes","7":"box-type-custom-rigid-box-with-lid","8":"product_cat-luxury-gift-boxes-wholesale","9":"product_cat-candy-gift-boxes-wholesale","10":"product_cat-custom-dates-box","12":"first","13":"instock","14":"shipping-taxable","15":"product-type-simple"},"acf":[],"_links":{"self":[{"href":"https:\/\/www.yishengpack.com\/fr\/wp-json\/wp\/v2\/product\/3461","targetHints":{"allow":["GET"]}}],"collection":[{"href":"https:\/\/www.yishengpack.com\/fr\/wp-json\/wp\/v2\/product"}],"about":[{"href":"https:\/\/www.yishengpack.com\/fr\/wp-json\/wp\/v2\/types\/product"}],"replies":[{"embeddable":true,"href":"https:\/\/www.yishengpack.com\/fr\/wp-json\/wp\/v2\/comments?post=3461"}],"wp:featuredmedia":[{"embeddable":true,"href":"https:\/\/www.yishengpack.com\/fr\/wp-json\/wp\/v2\/media\/3462"}],"wp:attachment":[{"href":"https:\/\/www.yishengpack.com\/fr\/wp-json\/wp\/v2\/media?parent=3461"}],"wp:term":[{"taxonomy":"box-type","embeddable":true,"href":"https:\/\/www.yishengpack.com\/fr\/wp-json\/wp\/v2\/box-type?post=3461"},{"taxonomy":"product_brand","embeddable":true,"href":"https:\/\/www.yishengpack.com\/fr\/wp-json\/wp\/v2\/product_brand?post=3461"},{"taxonomy":"product_cat","embeddable":true,"href":"https:\/\/www.yishengpack.com\/fr\/wp-json\/wp\/v2\/product_cat?post=3461"},{"taxonomy":"product_tag","embeddable":true,"href":"https:\/\/www.yishengpack.com\/fr\/wp-json\/wp\/v2\/product_tag?post=3461"}],"curies":[{"name":"wp","href":"https:\/\/api.w.org\/{rel}","templated":true}]}}