{"id":3427,"date":"2026-01-26T02:36:22","date_gmt":"2026-01-26T02:36:22","guid":{"rendered":"https:\/\/www.yishengpack.com\/?post_type=product&#038;p=3427"},"modified":"2026-01-26T03:09:27","modified_gmt":"2026-01-26T03:09:27","slug":"chocolate-dates-gift-boxes-bulk","status":"publish","type":"product","link":"https:\/\/www.yishengpack.com\/fr\/produit\/chocolate-dates-gift-boxes-bulk\/","title":{"rendered":"Bo\u00eetes cadeaux magn\u00e9tiques en chocolat en vrac, bo\u00eetes rigides personnalis\u00e9es"},"content":{"rendered":"<div class=\"wp-block-columns is-layout-flex wp-container-core-columns-is-layout-9d6595d7 wp-block-columns-is-layout-flex\">\n<div class=\"wp-block-column is-layout-flow wp-block-column-is-layout-flow\">\n<h3 class=\"wp-block-heading\">Caract\u00e9ristiques des bo\u00eetes cadeaux magn\u00e9tiques \u00e0 base de dattes en chocolat en vrac<\/h3>\n\n\n\n<p><strong>Premium Magnetic Structure :<\/strong> Ces bo\u00eetes-cadeaux au chocolat et aux dattes sont dot\u00e9es d'un couvercle magn\u00e9tique dissimul\u00e9 qui permet une ouverture et une fermeture en douceur, stables et durables, am\u00e9liorant ainsi l'exp\u00e9rience de d\u00e9ballage et rehaussant de mani\u00e8re significative la sensation de qualit\u00e9 sup\u00e9rieure de la bo\u00eete-cadeau au chocolat et aux dattes. Convient pour les f\u00eates, les cadeaux d'affaires et le march\u00e9 de la vente au d\u00e9tail haut de gamme.<\/p>\n\n\n\n<p><strong>Carton \u00e9pais et robuste : <\/strong>Ces bo\u00eetes-cadeaux magn\u00e9tiques de dattes au chocolat sont fabriqu\u00e9es \u00e0 partir d'un carton gris tr\u00e8s r\u00e9sistant soigneusement s\u00e9lectionn\u00e9 et lamin\u00e9. La structure robuste est r\u00e9sistante \u00e0 la d\u00e9formation et prot\u00e8ge efficacement les chocolats et les dattes pendant le transport, l'exposition et le stockage, r\u00e9duisant ainsi les risques apr\u00e8s-vente.<\/p>\n\n\n\n<p><strong>Impression personnalis\u00e9e tout au long du processus :<\/strong> Ces bo\u00eetes en carton personnalis\u00e9es pr\u00e9sentent des finitions m\u00e9talliques de haute qualit\u00e9 et divers traitements de surface tels que le marquage \u00e0 chaud, le marquage argent\u00e9, le vernissage UV, le gaufrage et le d\u00e9bossage, r\u00e9pondant ainsi aux besoins de personnalisation des marques de chocolat haut de gamme, des bo\u00eetes cadeaux de date et du march\u00e9 du Moyen-Orient.<\/p>\n\n\n\n<p><strong>Plateaux \u00e0 compartiments d\u00e9coup\u00e9s avec pr\u00e9cision :<\/strong> Ces bo\u00eetes cadeaux magn\u00e9tiques en vrac sont \u00e9quip\u00e9es de s\u00e9parateurs en papier personnalis\u00e9s qui maintiennent les friandises individuelles (comme les chocolats ou les dattes farcies) s\u00e9par\u00e9es et bien en place, \u00e9vitant ainsi qu'elles ne se d\u00e9placent et mettant magnifiquement en valeur chaque article.<\/p>\n\n\n\n<p><strong>Approvisionnement direct en gros :<\/strong> Bo\u00eetes cadeaux magn\u00e9tiques en vrac, prix stables, d\u00e9lais de livraison contr\u00f4lables, adapt\u00e9es aux achats en vrac, aux projets de bo\u00eetes cadeaux festives et \u00e0 la coop\u00e9ration \u00e0 long terme avec les marques. Les services OEM\/ODM sont pris en charge, ce qui est id\u00e9al pour les propri\u00e9taires de marques et les distributeurs effectuant des achats \u00e0 grande \u00e9chelle.<\/p>\n\n\n\n<p><strong>Applicabilit\u00e9 multi-sc\u00e9narios :<\/strong> Ces bo\u00eetes en carton rigide personnalis\u00e9es couvrent un large march\u00e9 et conviennent \u00e0 l'emballage de bo\u00eetes-cadeaux en chocolat, de bo\u00eetes-cadeaux haut de gamme, de bo\u00eetes-cadeaux pour le Ramadan, l'A\u00efd, No\u00ebl et le Nouvel An, ainsi qu'\u00e0 l'emballage de cadeaux d'affaires personnalis\u00e9s.<\/p>\n<\/div>\n\n\n\n<div class=\"wp-block-column is-layout-flow wp-block-column-is-layout-flow\">\n<figure class=\"wp-block-image size-full\"><img decoding=\"async\" width=\"2048\" height=\"2048\" src=\"https:\/\/www.yishengpack.com\/wp-content\/uploads\/2026\/01\/Premium-Custom-Luxury-Gift-Boxes-Rigid-Magnetic-Dates-Chocolate-Packaging-Boxes-Wholesale-2.webp\" alt=\"magn\u00e9tique-chocolat-dates-bo\u00eetes-cadeaux-bulk-custom-rigid-box-2\" class=\"wp-image-3429\" srcset=\"https:\/\/www.yishengpack.com\/wp-content\/uploads\/2026\/01\/Premium-Custom-Luxury-Gift-Boxes-Rigid-Magnetic-Dates-Chocolate-Packaging-Boxes-Wholesale-2.webp 2048w, https:\/\/www.yishengpack.com\/wp-content\/uploads\/2026\/01\/Premium-Custom-Luxury-Gift-Boxes-Rigid-Magnetic-Dates-Chocolate-Packaging-Boxes-Wholesale-2-300x300.webp 300w, https:\/\/www.yishengpack.com\/wp-content\/uploads\/2026\/01\/Premium-Custom-Luxury-Gift-Boxes-Rigid-Magnetic-Dates-Chocolate-Packaging-Boxes-Wholesale-2-150x150.webp 150w, https:\/\/www.yishengpack.com\/wp-content\/uploads\/2026\/01\/Premium-Custom-Luxury-Gift-Boxes-Rigid-Magnetic-Dates-Chocolate-Packaging-Boxes-Wholesale-2-768x768.webp 768w, https:\/\/www.yishengpack.com\/wp-content\/uploads\/2026\/01\/Premium-Custom-Luxury-Gift-Boxes-Rigid-Magnetic-Dates-Chocolate-Packaging-Boxes-Wholesale-2-12x12.webp 12w, https:\/\/www.yishengpack.com\/wp-content\/uploads\/2026\/01\/Premium-Custom-Luxury-Gift-Boxes-Rigid-Magnetic-Dates-Chocolate-Packaging-Boxes-Wholesale-2-1200x1200.webp 1200w, https:\/\/www.yishengpack.com\/wp-content\/uploads\/2026\/01\/Premium-Custom-Luxury-Gift-Boxes-Rigid-Magnetic-Dates-Chocolate-Packaging-Boxes-Wholesale-2-600x600.webp 600w, https:\/\/www.yishengpack.com\/wp-content\/uploads\/2026\/01\/Premium-Custom-Luxury-Gift-Boxes-Rigid-Magnetic-Dates-Chocolate-Packaging-Boxes-Wholesale-2-100x100.webp 100w\" sizes=\"(max-width: 2048px) 100vw, 2048px\" \/><\/figure>\n<\/div>\n<\/div>\n\n\n\n<div class=\"wp-block-columns is-layout-flex wp-container-core-columns-is-layout-9d6595d7 wp-block-columns-is-layout-flex\">\n<div class=\"wp-block-column is-layout-flow wp-block-column-is-layout-flow\">\n<figure class=\"wp-block-image size-full\"><img decoding=\"async\" width=\"2048\" height=\"2048\" src=\"https:\/\/www.yishengpack.com\/wp-content\/uploads\/2026\/01\/Premium-Custom-Luxury-Gift-Boxes-Rigid-Magnetic-Dates-Chocolate-Packaging-Boxes-Wholesale-6.webp\" alt=\"premium-custom-luxury-gift-boxes-rigid-magnetic-dates-chocolate-packaging-boxes-wholesale-6\" class=\"wp-image-3433\" srcset=\"https:\/\/www.yishengpack.com\/wp-content\/uploads\/2026\/01\/Premium-Custom-Luxury-Gift-Boxes-Rigid-Magnetic-Dates-Chocolate-Packaging-Boxes-Wholesale-6.webp 2048w, https:\/\/www.yishengpack.com\/wp-content\/uploads\/2026\/01\/Premium-Custom-Luxury-Gift-Boxes-Rigid-Magnetic-Dates-Chocolate-Packaging-Boxes-Wholesale-6-300x300.webp 300w, https:\/\/www.yishengpack.com\/wp-content\/uploads\/2026\/01\/Premium-Custom-Luxury-Gift-Boxes-Rigid-Magnetic-Dates-Chocolate-Packaging-Boxes-Wholesale-6-150x150.webp 150w, https:\/\/www.yishengpack.com\/wp-content\/uploads\/2026\/01\/Premium-Custom-Luxury-Gift-Boxes-Rigid-Magnetic-Dates-Chocolate-Packaging-Boxes-Wholesale-6-768x768.webp 768w, https:\/\/www.yishengpack.com\/wp-content\/uploads\/2026\/01\/Premium-Custom-Luxury-Gift-Boxes-Rigid-Magnetic-Dates-Chocolate-Packaging-Boxes-Wholesale-6-12x12.webp 12w, https:\/\/www.yishengpack.com\/wp-content\/uploads\/2026\/01\/Premium-Custom-Luxury-Gift-Boxes-Rigid-Magnetic-Dates-Chocolate-Packaging-Boxes-Wholesale-6-1200x1200.webp 1200w, https:\/\/www.yishengpack.com\/wp-content\/uploads\/2026\/01\/Premium-Custom-Luxury-Gift-Boxes-Rigid-Magnetic-Dates-Chocolate-Packaging-Boxes-Wholesale-6-600x600.webp 600w, https:\/\/www.yishengpack.com\/wp-content\/uploads\/2026\/01\/Premium-Custom-Luxury-Gift-Boxes-Rigid-Magnetic-Dates-Chocolate-Packaging-Boxes-Wholesale-6-100x100.webp 100w\" sizes=\"(max-width: 2048px) 100vw, 2048px\" \/><\/figure>\n\n\n\n<div class=\"wp-block-buttons has-custom-font-size has-small-font-size is-content-justification-center is-layout-flex wp-container-core-buttons-is-layout-16018d1d wp-block-buttons-is-layout-flex\">\n<div class=\"wp-block-button has-custom-width wp-block-button__width-75\"><a class=\"wp-block-button__link has-background has-small-font-size has-custom-font-size wp-element-button\" href=\"https:\/\/www.yishengpack.com\/fr\/custom-printed-box\/\" style=\"background:linear-gradient(135deg,rgb(254,205,165) 0%,rgb(254,45,45) 0%,rgb(94,15,15) 0%,rgb(94,15,15) 100%)\" target=\"_blank\" rel=\"noreferrer noopener\"><strong>D\u00e9couvrez les bo\u00eetes imprim\u00e9es personnalis\u00e9es<\/strong><\/a><\/div>\n<\/div>\n<\/div>\n\n\n\n<div class=\"wp-block-column is-layout-flow wp-block-column-is-layout-flow\">\n<figure class=\"wp-block-image size-full\"><img decoding=\"async\" width=\"966\" height=\"966\" src=\"https:\/\/www.yishengpack.com\/wp-content\/uploads\/2026\/01\/Premium-Custom-Luxury-Gift-Boxes-Rigid-Magnetic-Dates-Chocolate-Packaging-Boxes-Wholesale-5.webp\" alt=\"premium-custom-luxury-gift-boxes-rigid-magnetic-dates-chocolate-packaging-boxes-wholesale-5\" class=\"wp-image-3432\" srcset=\"https:\/\/www.yishengpack.com\/wp-content\/uploads\/2026\/01\/Premium-Custom-Luxury-Gift-Boxes-Rigid-Magnetic-Dates-Chocolate-Packaging-Boxes-Wholesale-5.webp 966w, https:\/\/www.yishengpack.com\/wp-content\/uploads\/2026\/01\/Premium-Custom-Luxury-Gift-Boxes-Rigid-Magnetic-Dates-Chocolate-Packaging-Boxes-Wholesale-5-300x300.webp 300w, https:\/\/www.yishengpack.com\/wp-content\/uploads\/2026\/01\/Premium-Custom-Luxury-Gift-Boxes-Rigid-Magnetic-Dates-Chocolate-Packaging-Boxes-Wholesale-5-150x150.webp 150w, https:\/\/www.yishengpack.com\/wp-content\/uploads\/2026\/01\/Premium-Custom-Luxury-Gift-Boxes-Rigid-Magnetic-Dates-Chocolate-Packaging-Boxes-Wholesale-5-768x768.webp 768w, https:\/\/www.yishengpack.com\/wp-content\/uploads\/2026\/01\/Premium-Custom-Luxury-Gift-Boxes-Rigid-Magnetic-Dates-Chocolate-Packaging-Boxes-Wholesale-5-12x12.webp 12w, https:\/\/www.yishengpack.com\/wp-content\/uploads\/2026\/01\/Premium-Custom-Luxury-Gift-Boxes-Rigid-Magnetic-Dates-Chocolate-Packaging-Boxes-Wholesale-5-600x600.webp 600w, https:\/\/www.yishengpack.com\/wp-content\/uploads\/2026\/01\/Premium-Custom-Luxury-Gift-Boxes-Rigid-Magnetic-Dates-Chocolate-Packaging-Boxes-Wholesale-5-100x100.webp 100w\" sizes=\"(max-width: 966px) 100vw, 966px\" \/><\/figure>\n\n\n\n<div class=\"wp-block-buttons has-custom-font-size has-small-font-size is-content-justification-center is-layout-flex wp-container-core-buttons-is-layout-16018d1d wp-block-buttons-is-layout-flex\">\n<div class=\"wp-block-button has-custom-width wp-block-button__width-75\"><a class=\"wp-block-button__link has-background has-small-font-size has-custom-font-size wp-element-button\" href=\"https:\/\/www.yishengpack.com\/fr\/custom-box-inserts-accessories\/\" style=\"background:linear-gradient(135deg,rgb(254,205,165) 0%,rgb(254,45,45) 0%,rgb(94,15,15) 0%,rgb(94,15,15) 100%)\" target=\"_blank\" rel=\"noreferrer noopener\"><strong>D\u00e9couvrez les encarts personnalis\u00e9s<\/strong><\/a><\/div>\n<\/div>\n<\/div>\n<\/div>","protected":false},"excerpt":{"rendered":"<p>Nous vous invitons \u00e0 acheter nos bo\u00eetes cadeaux magn\u00e9tiques en vrac, fabriqu\u00e9es en carton rigide de premi\u00e8re qualit\u00e9 et dot\u00e9es d'une fermeture magn\u00e9tique de luxe. Elles sont enti\u00e8rement personnalis\u00e9es avec le logo, la taille, l'encart et la finition de la surface. Id\u00e9ales pour l'emballage de chocolat et de dattes, les bo\u00eetes-cadeaux pour les festivals et la vente au d\u00e9tail haut de gamme. Fourniture directe \u00e0 l'usine, prise en charge des OEM et ODM, avec une qualit\u00e9 stable pour les commandes en vrac.<\/p>\n<h2>Points forts des bo\u00eetes cadeaux magn\u00e9tiques \u00e0 base de dattes en chocolat en vrac<\/h2>\n<ul>\n<li>Bo\u00eete cadeau de luxe r\u00e9utilisable<\/li>\n<li>Fermeture s\u00e9curis\u00e9e \u00e0 l'\u00e9preuve de la poussi\u00e8re<\/li>\n<li>Personnalisation compl\u00e8te<\/li>\n<li>Mat\u00e9riaux de qualit\u00e9 alimentaire<\/li>\n<li>Impression exquise<\/li>\n<li>Taille sur mesure<\/li>\n<li>Tons de couleurs riches et r\u00e9galiennes<\/li>\n<li>Jeux d'intercalaires assortis<\/li>\n<\/ul>\n<p>&nbsp;<\/p>","protected":false},"featured_media":3428,"comment_status":"closed","ping_status":"closed","template":"","meta":{"_acf_changed":false},"box-type":[54,57],"product_brand":[],"product_cat":[19,41,68],"product_tag":[],"class_list":{"0":"post-3427","1":"product","2":"type-product","3":"status-publish","4":"has-post-thumbnail","6":"box-type-custom-magnetic-closure-boxes","7":"box-type-custom-rigid-box-with-lid","8":"product_cat-luxury-gift-boxes-wholesale","9":"product_cat-candy-gift-boxes-wholesale","10":"product_cat-custom-dates-box","12":"first","13":"instock","14":"shipping-taxable","15":"product-type-simple"},"acf":[],"_links":{"self":[{"href":"https:\/\/www.yishengpack.com\/fr\/wp-json\/wp\/v2\/product\/3427","targetHints":{"allow":["GET"]}}],"collection":[{"href":"https:\/\/www.yishengpack.com\/fr\/wp-json\/wp\/v2\/product"}],"about":[{"href":"https:\/\/www.yishengpack.com\/fr\/wp-json\/wp\/v2\/types\/product"}],"replies":[{"embeddable":true,"href":"https:\/\/www.yishengpack.com\/fr\/wp-json\/wp\/v2\/comments?post=3427"}],"wp:featuredmedia":[{"embeddable":true,"href":"https:\/\/www.yishengpack.com\/fr\/wp-json\/wp\/v2\/media\/3428"}],"wp:attachment":[{"href":"https:\/\/www.yishengpack.com\/fr\/wp-json\/wp\/v2\/media?parent=3427"}],"wp:term":[{"taxonomy":"box-type","embeddable":true,"href":"https:\/\/www.yishengpack.com\/fr\/wp-json\/wp\/v2\/box-type?post=3427"},{"taxonomy":"product_brand","embeddable":true,"href":"https:\/\/www.yishengpack.com\/fr\/wp-json\/wp\/v2\/product_brand?post=3427"},{"taxonomy":"product_cat","embeddable":true,"href":"https:\/\/www.yishengpack.com\/fr\/wp-json\/wp\/v2\/product_cat?post=3427"},{"taxonomy":"product_tag","embeddable":true,"href":"https:\/\/www.yishengpack.com\/fr\/wp-json\/wp\/v2\/product_tag?post=3427"}],"curies":[{"name":"wp","href":"https:\/\/api.w.org\/{rel}","templated":true}]}}