{"id":3275,"date":"2026-01-04T06:55:11","date_gmt":"2026-01-04T06:55:11","guid":{"rendered":"https:\/\/www.yishengpack.com\/?post_type=product&#038;p=3275"},"modified":"2026-01-04T06:55:13","modified_gmt":"2026-01-04T06:55:13","slug":"custom-food-packaging-boxes","status":"publish","type":"product","link":"https:\/\/www.yishengpack.com\/fr\/produit\/custom-food-packaging-boxes\/","title":{"rendered":"Bo\u00eetes d'emballage alimentaire personnalis\u00e9es, bo\u00eetes \u00e0 bento pour sauces et trempettes"},"content":{"rendered":"<div class=\"wp-block-columns is-layout-flex wp-container-core-columns-is-layout-9d6595d7 wp-block-columns-is-layout-flex\">\n<div class=\"wp-block-column is-layout-flow wp-block-column-is-layout-flow\">\n<h3 class=\"wp-block-heading\">Caract\u00e9ristiques des bo\u00eetes d'emballage alimentaire personnalis\u00e9es<\/h3>\n\n\n\n<p><strong>Am\u00e9nagement compartiment\u00e9 optimisant l'espace :<\/strong> Ces bo\u00eetes d'emballage alimentaire personnalis\u00e9es sont dot\u00e9es de cloisons int\u00e9rieures d\u00e9coup\u00e9es avec pr\u00e9cision, qui permettent de ranger soigneusement les snacks, les p\u00e2tisseries ou les petits aliments, sans m\u00e9lange de saveurs ni pr\u00e9sentation d\u00e9sordonn\u00e9e.<\/p>\n\n\n\n<p><strong>Construction robuste en papier pliable :<\/strong> Ces bo\u00eetes d'emballage alimentaire personnalis\u00e9es sont fabriqu\u00e9es \u00e0 partir de papier alimentaire durable. Elles se plient \u00e0 plat pour un stockage et un transport \u00e9conomiques, puis s'assemblent facilement pour former des contenants rigides et stables, parfaits pour contenir toutes sortes de friandises.<\/p>\n\n\n\n<p><strong>Solutions d'emballage alimentaire polyvalentes :<\/strong> Nos bo\u00eetes en papier vendues en gros comprennent des bo\u00eetes \u00e0 beignets, des contenants \u00e0 cupcakes (avec plateaux int\u00e9rieurs), des contenants \u00e0 sauce et \u00e0 trempette, ainsi que des bo\u00eetes \u00e0 bento afin de r\u00e9pondre aux besoins de divers aliments et sc\u00e9narios d'utilisation.<\/p>\n\n\n\n<p><strong>Esth\u00e9tique minimaliste aux tons coordonn\u00e9s :<\/strong> Ces bo\u00eetes d'emballage alimentaire personnalis\u00e9es, avec leurs couleurs \u00e9pur\u00e9es et harmonieuses, allient simplicit\u00e9 et attrait visuel, rehaussant ainsi la pr\u00e9sentation de tout ensemble alimentaire de type bento.<\/p>\n\n\n\n<p><strong>Configurations Bento personnalisables :<\/strong> Nos bo\u00eetes en papier vendues en gros sont enti\u00e8rement personnalisables en termes de taille des compartiments, dimensions, couleurs et image de marque (logos\/graphiques). Ces bo\u00eetes \u00e0 bento en papier s'adaptent \u00e0 des assortiments alimentaires sp\u00e9cifiques et \u00e0 l'identit\u00e9 des marques.<\/p>\n\n\n\n<p><strong>Vente en gros et approvisionnement en vrac :<\/strong> Cible les boulangeries, les cha\u00eenes de restaurants, les plateformes de livraison de repas, les propri\u00e9taires de marques alimentaires et les grossistes en emballages, en soutenant la production de masse OEM\/ODM.<\/p>\n<\/div>\n\n\n\n<div class=\"wp-block-column is-layout-flow wp-block-column-is-layout-flow\">\n<figure class=\"wp-block-image size-full\"><img decoding=\"async\" width=\"1328\" height=\"1328\" src=\"https:\/\/www.yishengpack.com\/wp-content\/uploads\/2026\/01\/Wholesale-Donuts-Cupcake-Containers-Customize-Sauce-Dip-Bento-Boxes-with-Inserts-2.webp\" alt=\"bo\u00eetes-d&#039;emballage-alimentaire-sur-mesure-sauces-trempettes-bo\u00eetes-bento-fourniture-2\" class=\"wp-image-3277\" srcset=\"https:\/\/www.yishengpack.com\/wp-content\/uploads\/2026\/01\/Wholesale-Donuts-Cupcake-Containers-Customize-Sauce-Dip-Bento-Boxes-with-Inserts-2.webp 1328w, https:\/\/www.yishengpack.com\/wp-content\/uploads\/2026\/01\/Wholesale-Donuts-Cupcake-Containers-Customize-Sauce-Dip-Bento-Boxes-with-Inserts-2-300x300.webp 300w, https:\/\/www.yishengpack.com\/wp-content\/uploads\/2026\/01\/Wholesale-Donuts-Cupcake-Containers-Customize-Sauce-Dip-Bento-Boxes-with-Inserts-2-150x150.webp 150w, https:\/\/www.yishengpack.com\/wp-content\/uploads\/2026\/01\/Wholesale-Donuts-Cupcake-Containers-Customize-Sauce-Dip-Bento-Boxes-with-Inserts-2-768x768.webp 768w, https:\/\/www.yishengpack.com\/wp-content\/uploads\/2026\/01\/Wholesale-Donuts-Cupcake-Containers-Customize-Sauce-Dip-Bento-Boxes-with-Inserts-2-12x12.webp 12w, https:\/\/www.yishengpack.com\/wp-content\/uploads\/2026\/01\/Wholesale-Donuts-Cupcake-Containers-Customize-Sauce-Dip-Bento-Boxes-with-Inserts-2-1200x1200.webp 1200w, https:\/\/www.yishengpack.com\/wp-content\/uploads\/2026\/01\/Wholesale-Donuts-Cupcake-Containers-Customize-Sauce-Dip-Bento-Boxes-with-Inserts-2-600x600.webp 600w, https:\/\/www.yishengpack.com\/wp-content\/uploads\/2026\/01\/Wholesale-Donuts-Cupcake-Containers-Customize-Sauce-Dip-Bento-Boxes-with-Inserts-2-100x100.webp 100w\" sizes=\"(max-width: 1328px) 100vw, 1328px\" \/><\/figure>\n<\/div>\n<\/div>\n\n\n\n<div class=\"wp-block-columns is-layout-flex wp-container-core-columns-is-layout-9d6595d7 wp-block-columns-is-layout-flex\">\n<div class=\"wp-block-column is-layout-flow wp-block-column-is-layout-flow\">\n<figure class=\"wp-block-image size-full\"><img decoding=\"async\" width=\"1328\" height=\"1328\" src=\"https:\/\/www.yishengpack.com\/wp-content\/uploads\/2026\/01\/Wholesale-Donuts-Cupcake-Containers-Customize-Sauce-Dip-Bento-Boxes-with-Inserts-6.webp\" alt=\"bo\u00eetes-d&#039;emballage-alimentaire-personnalis\u00e9es-sauces-trempettes-bo\u00eetes-bento-fourniture-6\" class=\"wp-image-3281\" srcset=\"https:\/\/www.yishengpack.com\/wp-content\/uploads\/2026\/01\/Wholesale-Donuts-Cupcake-Containers-Customize-Sauce-Dip-Bento-Boxes-with-Inserts-6.webp 1328w, https:\/\/www.yishengpack.com\/wp-content\/uploads\/2026\/01\/Wholesale-Donuts-Cupcake-Containers-Customize-Sauce-Dip-Bento-Boxes-with-Inserts-6-300x300.webp 300w, https:\/\/www.yishengpack.com\/wp-content\/uploads\/2026\/01\/Wholesale-Donuts-Cupcake-Containers-Customize-Sauce-Dip-Bento-Boxes-with-Inserts-6-150x150.webp 150w, https:\/\/www.yishengpack.com\/wp-content\/uploads\/2026\/01\/Wholesale-Donuts-Cupcake-Containers-Customize-Sauce-Dip-Bento-Boxes-with-Inserts-6-768x768.webp 768w, https:\/\/www.yishengpack.com\/wp-content\/uploads\/2026\/01\/Wholesale-Donuts-Cupcake-Containers-Customize-Sauce-Dip-Bento-Boxes-with-Inserts-6-12x12.webp 12w, https:\/\/www.yishengpack.com\/wp-content\/uploads\/2026\/01\/Wholesale-Donuts-Cupcake-Containers-Customize-Sauce-Dip-Bento-Boxes-with-Inserts-6-1200x1200.webp 1200w, https:\/\/www.yishengpack.com\/wp-content\/uploads\/2026\/01\/Wholesale-Donuts-Cupcake-Containers-Customize-Sauce-Dip-Bento-Boxes-with-Inserts-6-600x600.webp 600w, https:\/\/www.yishengpack.com\/wp-content\/uploads\/2026\/01\/Wholesale-Donuts-Cupcake-Containers-Customize-Sauce-Dip-Bento-Boxes-with-Inserts-6-100x100.webp 100w\" sizes=\"(max-width: 1328px) 100vw, 1328px\" \/><\/figure>\n\n\n\n<div class=\"wp-block-buttons has-custom-font-size has-small-font-size is-content-justification-center is-layout-flex wp-container-core-buttons-is-layout-16018d1d wp-block-buttons-is-layout-flex\">\n<div class=\"wp-block-button has-custom-width wp-block-button__width-75\"><a class=\"wp-block-button__link has-background has-small-font-size has-custom-font-size wp-element-button\" href=\"https:\/\/www.yishengpack.com\/fr\/custom-printed-box\/\" style=\"background:linear-gradient(135deg,rgb(254,205,165) 0%,rgb(254,45,45) 0%,rgb(94,15,15) 0%,rgb(94,15,15) 100%)\" target=\"_blank\" rel=\"noreferrer noopener\"><strong>D\u00e9couvrez les bo\u00eetes imprim\u00e9es personnalis\u00e9es<\/strong><\/a><\/div>\n<\/div>\n<\/div>\n\n\n\n<div class=\"wp-block-column is-layout-flow wp-block-column-is-layout-flow\">\n<figure class=\"wp-block-image size-full\"><img decoding=\"async\" width=\"1328\" height=\"1328\" src=\"https:\/\/www.yishengpack.com\/wp-content\/uploads\/2026\/01\/Wholesale-Donuts-Cupcake-Containers-Customize-Sauce-Dip-Bento-Boxes-with-Inserts-7.webp\" alt=\"bo\u00eetes-d&#039;emballage-alimentaire-sur-mesure-sauces-trempettes-bo\u00eetes-bento-fourniture-7\" class=\"wp-image-3282\" srcset=\"https:\/\/www.yishengpack.com\/wp-content\/uploads\/2026\/01\/Wholesale-Donuts-Cupcake-Containers-Customize-Sauce-Dip-Bento-Boxes-with-Inserts-7.webp 1328w, https:\/\/www.yishengpack.com\/wp-content\/uploads\/2026\/01\/Wholesale-Donuts-Cupcake-Containers-Customize-Sauce-Dip-Bento-Boxes-with-Inserts-7-300x300.webp 300w, https:\/\/www.yishengpack.com\/wp-content\/uploads\/2026\/01\/Wholesale-Donuts-Cupcake-Containers-Customize-Sauce-Dip-Bento-Boxes-with-Inserts-7-150x150.webp 150w, https:\/\/www.yishengpack.com\/wp-content\/uploads\/2026\/01\/Wholesale-Donuts-Cupcake-Containers-Customize-Sauce-Dip-Bento-Boxes-with-Inserts-7-768x768.webp 768w, https:\/\/www.yishengpack.com\/wp-content\/uploads\/2026\/01\/Wholesale-Donuts-Cupcake-Containers-Customize-Sauce-Dip-Bento-Boxes-with-Inserts-7-12x12.webp 12w, https:\/\/www.yishengpack.com\/wp-content\/uploads\/2026\/01\/Wholesale-Donuts-Cupcake-Containers-Customize-Sauce-Dip-Bento-Boxes-with-Inserts-7-1200x1200.webp 1200w, https:\/\/www.yishengpack.com\/wp-content\/uploads\/2026\/01\/Wholesale-Donuts-Cupcake-Containers-Customize-Sauce-Dip-Bento-Boxes-with-Inserts-7-600x600.webp 600w, https:\/\/www.yishengpack.com\/wp-content\/uploads\/2026\/01\/Wholesale-Donuts-Cupcake-Containers-Customize-Sauce-Dip-Bento-Boxes-with-Inserts-7-100x100.webp 100w\" sizes=\"(max-width: 1328px) 100vw, 1328px\" \/><\/figure>\n\n\n\n<div class=\"wp-block-buttons has-custom-font-size has-small-font-size is-content-justification-center is-layout-flex wp-container-core-buttons-is-layout-16018d1d wp-block-buttons-is-layout-flex\">\n<div class=\"wp-block-button has-custom-width wp-block-button__width-75\"><a class=\"wp-block-button__link has-background has-small-font-size has-custom-font-size wp-element-button\" href=\"https:\/\/www.yishengpack.com\/fr\/custom-product-boxes-types\/\" style=\"background:linear-gradient(135deg,rgb(254,205,165) 0%,rgb(254,45,45) 0%,rgb(94,15,15) 0%,rgb(94,15,15) 100%)\" target=\"_blank\" rel=\"noreferrer noopener\"><strong>Explorer les types de bo\u00eetes personnalis\u00e9es<\/strong><\/a><\/div>\n<\/div>\n<\/div>\n<\/div>","protected":false},"excerpt":{"rendered":"<div class=\"auto-hide-last-sibling-br paragraph-pP9ZLC paragraph-element br-paragraph-space\">\n<p>Bienvenue pour acheter nos bo\u00eetes d'emballage alimentaire personnalis\u00e9es et nos bo\u00eetes en papier pour sauces et bentos, con\u00e7ues pour les boulangeries, les marques alimentaires et les entreprises de restauration. Fabriqu\u00e9es \u00e0 partir de mat\u00e9riaux en papier de qualit\u00e9 alimentaire, ces bo\u00eetes d'emballage imprim\u00e9es sur mesure offrent une r\u00e9sistance \u00e0 la graisse, des inserts s\u00e9curis\u00e9s et des dimensions flexibles pour les commandes en gros. Elles sont id\u00e9ales pour les f\u00eates, l'emballage de collations, les plats \u00e0 emporter et les applications commerciales de restauration.<\/p>\n<h2>Points forts des bo\u00eetes d'emballage alimentaire personnalis\u00e9es<\/h2>\n<ul>\n<li>Personnalisation<\/li>\n<li>Choix de mat\u00e9riaux \u00e9cologiques<\/li>\n<li>Rev\u00eatement int\u00e9rieur alimentaire<\/li>\n<li>Nombreux proc\u00e9d\u00e9s d'impression<\/li>\n<li>Couleurs multiples<\/li>\n<li>Options de capacit\u00e9 polyvalentes<\/li>\n<li>Diff\u00e9rents types de bo\u00eetes<\/li>\n<li>Inserts de compartiments personnalisables<\/li>\n<\/ul>\n<\/div>","protected":false},"featured_media":3276,"comment_status":"closed","ping_status":"closed","template":"","meta":{"_acf_changed":false},"box-type":[55],"product_brand":[],"product_cat":[46,30,32,33,71,44,45],"product_tag":[],"class_list":{"0":"post-3275","1":"product","2":"type-product","3":"status-publish","4":"has-post-thumbnail","6":"box-type-custom-foldable-boxes","7":"product_cat-wholesale-paper-boxes","8":"product_cat-cake-containers-wholesale","9":"product_cat-bakery-packaging-wholesale","10":"product_cat-food-packaging-boxes-wholesale","11":"product_cat-custom-takeout-boxes","12":"product_cat-custom-snack-box","13":"product_cat-bulk-disposable-food-containers","15":"first","16":"instock","17":"shipping-taxable","18":"product-type-simple"},"acf":[],"_links":{"self":[{"href":"https:\/\/www.yishengpack.com\/fr\/wp-json\/wp\/v2\/product\/3275","targetHints":{"allow":["GET"]}}],"collection":[{"href":"https:\/\/www.yishengpack.com\/fr\/wp-json\/wp\/v2\/product"}],"about":[{"href":"https:\/\/www.yishengpack.com\/fr\/wp-json\/wp\/v2\/types\/product"}],"replies":[{"embeddable":true,"href":"https:\/\/www.yishengpack.com\/fr\/wp-json\/wp\/v2\/comments?post=3275"}],"wp:featuredmedia":[{"embeddable":true,"href":"https:\/\/www.yishengpack.com\/fr\/wp-json\/wp\/v2\/media\/3276"}],"wp:attachment":[{"href":"https:\/\/www.yishengpack.com\/fr\/wp-json\/wp\/v2\/media?parent=3275"}],"wp:term":[{"taxonomy":"box-type","embeddable":true,"href":"https:\/\/www.yishengpack.com\/fr\/wp-json\/wp\/v2\/box-type?post=3275"},{"taxonomy":"product_brand","embeddable":true,"href":"https:\/\/www.yishengpack.com\/fr\/wp-json\/wp\/v2\/product_brand?post=3275"},{"taxonomy":"product_cat","embeddable":true,"href":"https:\/\/www.yishengpack.com\/fr\/wp-json\/wp\/v2\/product_cat?post=3275"},{"taxonomy":"product_tag","embeddable":true,"href":"https:\/\/www.yishengpack.com\/fr\/wp-json\/wp\/v2\/product_tag?post=3275"}],"curies":[{"name":"wp","href":"https:\/\/api.w.org\/{rel}","templated":true}]}}