{"id":3255,"date":"2026-01-04T01:51:03","date_gmt":"2026-01-04T01:51:03","guid":{"rendered":"https:\/\/www.yishengpack.com\/?post_type=product&#038;p=3255"},"modified":"2026-01-04T01:51:04","modified_gmt":"2026-01-04T01:51:04","slug":"chocolate-dates-gift-boxes-wholesale","status":"publish","type":"product","link":"https:\/\/www.yishengpack.com\/fr\/produit\/chocolate-dates-gift-boxes-wholesale\/","title":{"rendered":"Bo\u00eetes cadeaux de dattes au chocolat en gros, bo\u00eetes magn\u00e9tiques personnalis\u00e9es"},"content":{"rendered":"<div class=\"wp-block-columns is-layout-flex wp-container-core-columns-is-layout-9d6595d7 wp-block-columns-is-layout-flex\">\n<div class=\"wp-block-column is-layout-flow wp-block-column-is-layout-flow\">\n<h3 class=\"wp-block-heading\">Caract\u00e9ristiques des coffrets cadeaux de dattes au chocolat en gros<\/h3>\n\n\n\n<p><strong>Joint magn\u00e9tique pour un luxe sans effort : <\/strong>Ces coffrets cadeaux de dattes au chocolat vendus en gros sont dot\u00e9s d'une fermeture magn\u00e9tique propre qui se referme herm\u00e9tiquement, offrant une exp\u00e9rience de d\u00e9ballage haut de gamme et sans frustration, ce qui en fait un emballage id\u00e9al pour offrir en cadeau.<\/p>\n\n\n\n<p><strong>Con\u00e7u pour l'emballage des dattes au chocolat :<\/strong> Ces bo\u00eetes \u00e0 fermeture magn\u00e9tique personnalis\u00e9es peuvent \u00eatre dimensionn\u00e9es et leur structure interne peut \u00eatre personnalis\u00e9e en fonction de la quantit\u00e9 et des sp\u00e9cifications des chocolats, garantissant ainsi une pr\u00e9sentation soign\u00e9e, esth\u00e9tique et stable des produits.<\/p>\n\n\n\n<p><strong>Inserts personnalis\u00e9s disponibles :<\/strong> Ces bo\u00eetes cadeaux de dattes au chocolat en gros comprennent des inserts optionnels en pulpe moul\u00e9e, en papier, en EVA, floqu\u00e9 ou en PET, pour une ou plusieurs dattes, afin d'am\u00e9liorer la protection et l'effet visuel.<\/p>\n\n\n\n<p><strong>Sac cadeau personnalisable assorti :<\/strong> Ces coffrets cadeaux de dattes au chocolat vendus en gros comprennent un sac cadeau en papier assorti enti\u00e8rement personnalisable (avec des rubans d\u00e9coratifs en option), adapt\u00e9 au design du coffret pour offrir un cadeau coh\u00e9rent et \u00e0 l'image de la marque.<\/p>\n\n\n\n<p><strong>Construction en papier haut de gamme : <\/strong>Ces bo\u00eetes \u00e0 fermeture magn\u00e9tique personnalis\u00e9es sont fabriqu\u00e9es \u00e0 partir de papier de haute qualit\u00e9, alliant durabilit\u00e9 et aspect raffin\u00e9 et agr\u00e9able au toucher. Nous proposons des services de personnalisation complets, de la conception structurelle \u00e0 la production en s\u00e9rie, en passant par l'\u00e9chantillonnage.<\/p>\n\n\n\n<p><strong>Options de palette de couleurs polyvalentes :<\/strong> Ces bo\u00eetes \u00e0 fermeture magn\u00e9tique personnalis\u00e9es sont disponibles dans des teintes riches et \u00e9l\u00e9gantes (bordeaux, bleu marine, vert sauge) \u2014 personnalisables pour s'harmoniser avec les th\u00e8mes saisonniers ou l'esth\u00e9tique de la marque.<\/p>\n<\/div>\n\n\n\n<div class=\"wp-block-column is-layout-flow wp-block-column-is-layout-flow\">\n<figure class=\"wp-block-image size-full\"><img decoding=\"async\" width=\"2048\" height=\"2048\" src=\"https:\/\/www.yishengpack.com\/wp-content\/uploads\/2025\/12\/Wholesale-Luxury-Dates-Gift-Boxes-Customized-Magnetic-Boxes-for-Dates-Chocolate-Packing-2.webp\" alt=\"bo\u00eetes-cadeaux-chocolat-dattes-vente-en-gros-bo\u00eetes-magn\u00e9tiques-personnalis\u00e9es-2\" class=\"wp-image-3257\" srcset=\"https:\/\/www.yishengpack.com\/wp-content\/uploads\/2025\/12\/Wholesale-Luxury-Dates-Gift-Boxes-Customized-Magnetic-Boxes-for-Dates-Chocolate-Packing-2.webp 2048w, https:\/\/www.yishengpack.com\/wp-content\/uploads\/2025\/12\/Wholesale-Luxury-Dates-Gift-Boxes-Customized-Magnetic-Boxes-for-Dates-Chocolate-Packing-2-300x300.webp 300w, https:\/\/www.yishengpack.com\/wp-content\/uploads\/2025\/12\/Wholesale-Luxury-Dates-Gift-Boxes-Customized-Magnetic-Boxes-for-Dates-Chocolate-Packing-2-150x150.webp 150w, https:\/\/www.yishengpack.com\/wp-content\/uploads\/2025\/12\/Wholesale-Luxury-Dates-Gift-Boxes-Customized-Magnetic-Boxes-for-Dates-Chocolate-Packing-2-768x768.webp 768w, https:\/\/www.yishengpack.com\/wp-content\/uploads\/2025\/12\/Wholesale-Luxury-Dates-Gift-Boxes-Customized-Magnetic-Boxes-for-Dates-Chocolate-Packing-2-12x12.webp 12w, https:\/\/www.yishengpack.com\/wp-content\/uploads\/2025\/12\/Wholesale-Luxury-Dates-Gift-Boxes-Customized-Magnetic-Boxes-for-Dates-Chocolate-Packing-2-1200x1200.webp 1200w, https:\/\/www.yishengpack.com\/wp-content\/uploads\/2025\/12\/Wholesale-Luxury-Dates-Gift-Boxes-Customized-Magnetic-Boxes-for-Dates-Chocolate-Packing-2-600x600.webp 600w, https:\/\/www.yishengpack.com\/wp-content\/uploads\/2025\/12\/Wholesale-Luxury-Dates-Gift-Boxes-Customized-Magnetic-Boxes-for-Dates-Chocolate-Packing-2-100x100.webp 100w\" sizes=\"(max-width: 2048px) 100vw, 2048px\" \/><\/figure>\n<\/div>\n<\/div>\n\n\n\n<div class=\"wp-block-columns is-layout-flex wp-container-core-columns-is-layout-9d6595d7 wp-block-columns-is-layout-flex\">\n<div class=\"wp-block-column is-layout-flow wp-block-column-is-layout-flow\">\n<figure class=\"wp-block-image size-full\"><img decoding=\"async\" width=\"2048\" height=\"2048\" src=\"https:\/\/www.yishengpack.com\/wp-content\/uploads\/2025\/12\/Wholesale-Luxury-Dates-Gift-Boxes-Customized-Magnetic-Boxes-for-Dates-Chocolate-Packing-4.webp\" alt=\"bo\u00eetes-cadeaux-chocolat-dattes-vente-en-gros-bo\u00eetes-magn\u00e9tiques-personnalis\u00e9es-4\" class=\"wp-image-3259\" srcset=\"https:\/\/www.yishengpack.com\/wp-content\/uploads\/2025\/12\/Wholesale-Luxury-Dates-Gift-Boxes-Customized-Magnetic-Boxes-for-Dates-Chocolate-Packing-4.webp 2048w, https:\/\/www.yishengpack.com\/wp-content\/uploads\/2025\/12\/Wholesale-Luxury-Dates-Gift-Boxes-Customized-Magnetic-Boxes-for-Dates-Chocolate-Packing-4-300x300.webp 300w, https:\/\/www.yishengpack.com\/wp-content\/uploads\/2025\/12\/Wholesale-Luxury-Dates-Gift-Boxes-Customized-Magnetic-Boxes-for-Dates-Chocolate-Packing-4-150x150.webp 150w, https:\/\/www.yishengpack.com\/wp-content\/uploads\/2025\/12\/Wholesale-Luxury-Dates-Gift-Boxes-Customized-Magnetic-Boxes-for-Dates-Chocolate-Packing-4-768x768.webp 768w, https:\/\/www.yishengpack.com\/wp-content\/uploads\/2025\/12\/Wholesale-Luxury-Dates-Gift-Boxes-Customized-Magnetic-Boxes-for-Dates-Chocolate-Packing-4-12x12.webp 12w, https:\/\/www.yishengpack.com\/wp-content\/uploads\/2025\/12\/Wholesale-Luxury-Dates-Gift-Boxes-Customized-Magnetic-Boxes-for-Dates-Chocolate-Packing-4-1200x1200.webp 1200w, https:\/\/www.yishengpack.com\/wp-content\/uploads\/2025\/12\/Wholesale-Luxury-Dates-Gift-Boxes-Customized-Magnetic-Boxes-for-Dates-Chocolate-Packing-4-600x600.webp 600w, https:\/\/www.yishengpack.com\/wp-content\/uploads\/2025\/12\/Wholesale-Luxury-Dates-Gift-Boxes-Customized-Magnetic-Boxes-for-Dates-Chocolate-Packing-4-100x100.webp 100w\" sizes=\"(max-width: 2048px) 100vw, 2048px\" \/><\/figure>\n\n\n\n<div class=\"wp-block-buttons has-custom-font-size has-small-font-size is-content-justification-center is-layout-flex wp-container-core-buttons-is-layout-16018d1d wp-block-buttons-is-layout-flex\">\n<div class=\"wp-block-button has-custom-width wp-block-button__width-75\"><a class=\"wp-block-button__link has-background has-small-font-size has-custom-font-size wp-element-button\" href=\"https:\/\/www.yishengpack.com\/fr\/custom-printed-box\/\" style=\"background:linear-gradient(135deg,rgb(254,205,165) 0%,rgb(254,45,45) 0%,rgb(94,15,15) 0%,rgb(94,15,15) 100%)\" target=\"_blank\" rel=\"noreferrer noopener\"><strong>D\u00e9couvrez les bo\u00eetes imprim\u00e9es personnalis\u00e9es<\/strong><\/a><\/div>\n<\/div>\n<\/div>\n\n\n\n<div class=\"wp-block-column is-layout-flow wp-block-column-is-layout-flow\">\n<figure class=\"wp-block-image size-full\"><img decoding=\"async\" width=\"2048\" height=\"2048\" src=\"https:\/\/www.yishengpack.com\/wp-content\/uploads\/2025\/12\/Wholesale-Luxury-Dates-Gift-Boxes-Customized-Magnetic-Boxes-for-Dates-Chocolate-Packing-7.webp\" alt=\"bo\u00eetes-cadeaux-chocolat-dattes-vente-en-gros-bo\u00eetes-magn\u00e9tiques-personnalis\u00e9es-7\" class=\"wp-image-3262\" srcset=\"https:\/\/www.yishengpack.com\/wp-content\/uploads\/2025\/12\/Wholesale-Luxury-Dates-Gift-Boxes-Customized-Magnetic-Boxes-for-Dates-Chocolate-Packing-7.webp 2048w, https:\/\/www.yishengpack.com\/wp-content\/uploads\/2025\/12\/Wholesale-Luxury-Dates-Gift-Boxes-Customized-Magnetic-Boxes-for-Dates-Chocolate-Packing-7-300x300.webp 300w, https:\/\/www.yishengpack.com\/wp-content\/uploads\/2025\/12\/Wholesale-Luxury-Dates-Gift-Boxes-Customized-Magnetic-Boxes-for-Dates-Chocolate-Packing-7-150x150.webp 150w, https:\/\/www.yishengpack.com\/wp-content\/uploads\/2025\/12\/Wholesale-Luxury-Dates-Gift-Boxes-Customized-Magnetic-Boxes-for-Dates-Chocolate-Packing-7-768x768.webp 768w, https:\/\/www.yishengpack.com\/wp-content\/uploads\/2025\/12\/Wholesale-Luxury-Dates-Gift-Boxes-Customized-Magnetic-Boxes-for-Dates-Chocolate-Packing-7-12x12.webp 12w, https:\/\/www.yishengpack.com\/wp-content\/uploads\/2025\/12\/Wholesale-Luxury-Dates-Gift-Boxes-Customized-Magnetic-Boxes-for-Dates-Chocolate-Packing-7-1200x1200.webp 1200w, https:\/\/www.yishengpack.com\/wp-content\/uploads\/2025\/12\/Wholesale-Luxury-Dates-Gift-Boxes-Customized-Magnetic-Boxes-for-Dates-Chocolate-Packing-7-600x600.webp 600w, https:\/\/www.yishengpack.com\/wp-content\/uploads\/2025\/12\/Wholesale-Luxury-Dates-Gift-Boxes-Customized-Magnetic-Boxes-for-Dates-Chocolate-Packing-7-100x100.webp 100w\" sizes=\"(max-width: 2048px) 100vw, 2048px\" \/><\/figure>\n\n\n\n<div class=\"wp-block-buttons has-custom-font-size has-small-font-size is-content-justification-center is-layout-flex wp-container-core-buttons-is-layout-16018d1d wp-block-buttons-is-layout-flex\">\n<div class=\"wp-block-button has-custom-width wp-block-button__width-75\"><a class=\"wp-block-button__link has-background has-small-font-size has-custom-font-size wp-element-button\" href=\"https:\/\/www.yishengpack.com\/fr\/custom-box-inserts-accessories\/\" style=\"background:linear-gradient(135deg,rgb(254,205,165) 0%,rgb(254,45,45) 0%,rgb(94,15,15) 0%,rgb(94,15,15) 100%)\" target=\"_blank\" rel=\"noreferrer noopener\"><strong>D\u00e9couvrez les encarts personnalis\u00e9s<\/strong><\/a><\/div>\n<\/div>\n<\/div>\n<\/div>","protected":false},"excerpt":{"rendered":"<div class=\"auto-hide-last-sibling-br paragraph-pP9ZLC paragraph-element br-paragraph-space\">\n<p>Bienvenue pour acheter en gros nos coffrets cadeaux de dattes au chocolat avec fermeture magn\u00e9tique personnalis\u00e9e, id\u00e9aux pour les emballages alimentaires et cadeaux haut de gamme. Ces coffrets cadeaux magn\u00e9tiques personnalis\u00e9s se caract\u00e9risent par une structure rigide et pliable, des mat\u00e9riaux adapt\u00e9s au contact alimentaire, des inserts personnalisables et des finitions d'impression haut de gamme. Parfaits pour les commandes en gros, les marques de distributeur et les solutions d'emballage OEM pour les dattes au chocolat, les confiseries et les cadeaux alimentaires de luxe. Coffrets cadeaux de luxe personnalis\u00e9s pour dattes.<\/p>\n<h2>Points forts des coffrets cadeaux de dattes au chocolat en gros<\/h2>\n<ul>\n<li>Fermeture magn\u00e9tique s\u00e9curis\u00e9e<\/li>\n<li>Personnalisation<\/li>\n<li>Mat\u00e9riaux imperm\u00e9ables<\/li>\n<li>Un savoir-faire exquis<\/li>\n<li>Options de dimensionnement polyvalentes<\/li>\n<li>Choix de plusieurs couleurs<\/li>\n<li>D\u00e9tails de doublure luxueux<\/li>\n<li>Conception structurelle durable<\/li>\n<\/ul>\n<\/div>","protected":false},"featured_media":3256,"comment_status":"closed","ping_status":"closed","template":"","meta":{"_acf_changed":false},"box-type":[54,57],"product_brand":[],"product_cat":[46,19,41,68,33,44],"product_tag":[],"class_list":{"0":"post-3255","1":"product","2":"type-product","3":"status-publish","4":"has-post-thumbnail","6":"box-type-custom-magnetic-closure-boxes","7":"box-type-custom-rigid-box-with-lid","8":"product_cat-wholesale-paper-boxes","9":"product_cat-luxury-gift-boxes-wholesale","10":"product_cat-candy-gift-boxes-wholesale","11":"product_cat-custom-dates-box","12":"product_cat-food-packaging-boxes-wholesale","13":"product_cat-custom-snack-box","15":"first","16":"instock","17":"shipping-taxable","18":"product-type-simple"},"acf":[],"_links":{"self":[{"href":"https:\/\/www.yishengpack.com\/fr\/wp-json\/wp\/v2\/product\/3255","targetHints":{"allow":["GET"]}}],"collection":[{"href":"https:\/\/www.yishengpack.com\/fr\/wp-json\/wp\/v2\/product"}],"about":[{"href":"https:\/\/www.yishengpack.com\/fr\/wp-json\/wp\/v2\/types\/product"}],"replies":[{"embeddable":true,"href":"https:\/\/www.yishengpack.com\/fr\/wp-json\/wp\/v2\/comments?post=3255"}],"wp:featuredmedia":[{"embeddable":true,"href":"https:\/\/www.yishengpack.com\/fr\/wp-json\/wp\/v2\/media\/3256"}],"wp:attachment":[{"href":"https:\/\/www.yishengpack.com\/fr\/wp-json\/wp\/v2\/media?parent=3255"}],"wp:term":[{"taxonomy":"box-type","embeddable":true,"href":"https:\/\/www.yishengpack.com\/fr\/wp-json\/wp\/v2\/box-type?post=3255"},{"taxonomy":"product_brand","embeddable":true,"href":"https:\/\/www.yishengpack.com\/fr\/wp-json\/wp\/v2\/product_brand?post=3255"},{"taxonomy":"product_cat","embeddable":true,"href":"https:\/\/www.yishengpack.com\/fr\/wp-json\/wp\/v2\/product_cat?post=3255"},{"taxonomy":"product_tag","embeddable":true,"href":"https:\/\/www.yishengpack.com\/fr\/wp-json\/wp\/v2\/product_tag?post=3255"}],"curies":[{"name":"wp","href":"https:\/\/api.w.org\/{rel}","templated":true}]}}