{"id":3246,"date":"2026-01-03T10:30:27","date_gmt":"2026-01-03T10:30:27","guid":{"rendered":"https:\/\/www.yishengpack.com\/?post_type=product&#038;p=3246"},"modified":"2026-01-03T10:30:28","modified_gmt":"2026-01-03T10:30:28","slug":"wholesale-dates-gift-boxes","status":"publish","type":"product","link":"https:\/\/www.yishengpack.com\/fr\/produit\/wholesale-dates-gift-boxes\/","title":{"rendered":"Bo\u00eetes-cadeaux haut de gamme pour dattes, bo\u00eetes magn\u00e9tiques sur mesure"},"content":{"rendered":"<div class=\"wp-block-columns is-layout-flex wp-container-core-columns-is-layout-9d6595d7 wp-block-columns-is-layout-flex\">\n<div class=\"wp-block-column is-layout-flow wp-block-column-is-layout-flow\">\n<h3 class=\"wp-block-heading\">Caract\u00e9ristiques des coffrets cadeaux de dattes en gros<\/h3>\n\n\n\n<p><strong>Fermeture magn\u00e9tique sophistiqu\u00e9e :<\/strong> Ces coffrets cadeaux haut de gamme contenant des dattes en gros sont dot\u00e9s d'une fermeture magn\u00e9tique sans couture qui se referme de mani\u00e8re s\u00e9curis\u00e9e, offrant une exp\u00e9rience d'ouverture et de fermeture luxueuse et sans effort, id\u00e9ale pour les cadeaux haut de gamme.<\/p>\n\n\n\n<p><strong>Plateau int\u00e9rieur personnalisable et adapt\u00e9 au contact alimentaire :<\/strong> Ces coffrets cadeaux de dattes de luxe vendus en gros sont livr\u00e9s avec un plateau en papier alimentaire amovible (pour les dattes, les bonbons ou les petites friandises), personnalis\u00e9 pour s'adapter aux formes distinctives des produits et aux styles de marque.<\/p>\n\n\n\n<p><strong>Structure rigide en papier : <\/strong>Nos bo\u00eetes magn\u00e9tiques sur mesure sont fabriqu\u00e9es \u00e0 partir de carton \u00e9pais et r\u00e9sistant. Elles conservent leur forme impeccable, ce qui est id\u00e9al pour prot\u00e9ger les contenus fragiles tout en leur conf\u00e9rant un aspect haut de gamme.<\/p>\n\n\n\n<p><strong>D\u00e9tails emboss\u00e9s et dor\u00e9s raffin\u00e9s :<\/strong> Nos bo\u00eetes magn\u00e9tiques sur mesure peuvent \u00eatre personnalis\u00e9es avec des motifs en relief et des accents dor\u00e9s sur le papier ext\u00e9rieur, ajoutant une touche d'\u00e9l\u00e9gance artisanale, en accord avec l'esth\u00e9tique culturelle ou celle de la marque.<\/p>\n\n\n\n<p><strong>Taille polyvalente et adaptabilit\u00e9 des inserts : <\/strong>Ces coffrets cadeaux haut de gamme pour dattes en gros sont enti\u00e8rement personnalisables en termes de dimensions. Les bo\u00eetes en papier magn\u00e9tique peuvent accueillir des inserts interchangeables (pour des confiseries, des petits cadeaux) afin de r\u00e9pondre \u00e0 divers besoins en mati\u00e8re de produits, avec des options de personnalisation sur mesure.<\/p>\n<\/div>\n\n\n\n<div class=\"wp-block-column is-layout-flow wp-block-column-is-layout-flow\">\n<figure class=\"wp-block-image size-full\"><img decoding=\"async\" width=\"1304\" height=\"1304\" src=\"https:\/\/www.yishengpack.com\/wp-content\/uploads\/2025\/12\/Premium-Magnetic-Dates-Packaging-Gift-Boxes-Wholesale-Custom-Size-Boxes-1-2.webp\" alt=\"bo\u00eetes-cadeaux-dates-de-premium-en-gros-taille-personnalis\u00e9e-bo\u00eete-magn\u00e9tique-2\" class=\"wp-image-3248\" srcset=\"https:\/\/www.yishengpack.com\/wp-content\/uploads\/2025\/12\/Premium-Magnetic-Dates-Packaging-Gift-Boxes-Wholesale-Custom-Size-Boxes-1-2.webp 1304w, https:\/\/www.yishengpack.com\/wp-content\/uploads\/2025\/12\/Premium-Magnetic-Dates-Packaging-Gift-Boxes-Wholesale-Custom-Size-Boxes-1-2-300x300.webp 300w, https:\/\/www.yishengpack.com\/wp-content\/uploads\/2025\/12\/Premium-Magnetic-Dates-Packaging-Gift-Boxes-Wholesale-Custom-Size-Boxes-1-2-150x150.webp 150w, https:\/\/www.yishengpack.com\/wp-content\/uploads\/2025\/12\/Premium-Magnetic-Dates-Packaging-Gift-Boxes-Wholesale-Custom-Size-Boxes-1-2-768x768.webp 768w, https:\/\/www.yishengpack.com\/wp-content\/uploads\/2025\/12\/Premium-Magnetic-Dates-Packaging-Gift-Boxes-Wholesale-Custom-Size-Boxes-1-2-12x12.webp 12w, https:\/\/www.yishengpack.com\/wp-content\/uploads\/2025\/12\/Premium-Magnetic-Dates-Packaging-Gift-Boxes-Wholesale-Custom-Size-Boxes-1-2-1200x1200.webp 1200w, https:\/\/www.yishengpack.com\/wp-content\/uploads\/2025\/12\/Premium-Magnetic-Dates-Packaging-Gift-Boxes-Wholesale-Custom-Size-Boxes-1-2-600x600.webp 600w, https:\/\/www.yishengpack.com\/wp-content\/uploads\/2025\/12\/Premium-Magnetic-Dates-Packaging-Gift-Boxes-Wholesale-Custom-Size-Boxes-1-2-100x100.webp 100w\" sizes=\"(max-width: 1304px) 100vw, 1304px\" \/><\/figure>\n<\/div>\n<\/div>\n\n\n\n<div class=\"wp-block-columns is-layout-flex wp-container-core-columns-is-layout-9d6595d7 wp-block-columns-is-layout-flex\">\n<div class=\"wp-block-column is-layout-flow wp-block-column-is-layout-flow\">\n<figure class=\"wp-block-image size-full\"><img decoding=\"async\" width=\"1253\" height=\"1253\" src=\"https:\/\/www.yishengpack.com\/wp-content\/uploads\/2025\/12\/Premium-Magnetic-Dates-Packaging-Gift-Boxes-Wholesale-Custom-Size-Boxes-3.webp\" alt=\"bo\u00eetes-cadeaux-dates-de-premium-en-gros-taille-personnalis\u00e9e-bo\u00eete-magn\u00e9tique-3\" class=\"wp-image-3249\" srcset=\"https:\/\/www.yishengpack.com\/wp-content\/uploads\/2025\/12\/Premium-Magnetic-Dates-Packaging-Gift-Boxes-Wholesale-Custom-Size-Boxes-3.webp 1253w, https:\/\/www.yishengpack.com\/wp-content\/uploads\/2025\/12\/Premium-Magnetic-Dates-Packaging-Gift-Boxes-Wholesale-Custom-Size-Boxes-3-300x300.webp 300w, https:\/\/www.yishengpack.com\/wp-content\/uploads\/2025\/12\/Premium-Magnetic-Dates-Packaging-Gift-Boxes-Wholesale-Custom-Size-Boxes-3-150x150.webp 150w, https:\/\/www.yishengpack.com\/wp-content\/uploads\/2025\/12\/Premium-Magnetic-Dates-Packaging-Gift-Boxes-Wholesale-Custom-Size-Boxes-3-768x768.webp 768w, https:\/\/www.yishengpack.com\/wp-content\/uploads\/2025\/12\/Premium-Magnetic-Dates-Packaging-Gift-Boxes-Wholesale-Custom-Size-Boxes-3-12x12.webp 12w, https:\/\/www.yishengpack.com\/wp-content\/uploads\/2025\/12\/Premium-Magnetic-Dates-Packaging-Gift-Boxes-Wholesale-Custom-Size-Boxes-3-1200x1200.webp 1200w, https:\/\/www.yishengpack.com\/wp-content\/uploads\/2025\/12\/Premium-Magnetic-Dates-Packaging-Gift-Boxes-Wholesale-Custom-Size-Boxes-3-600x600.webp 600w, https:\/\/www.yishengpack.com\/wp-content\/uploads\/2025\/12\/Premium-Magnetic-Dates-Packaging-Gift-Boxes-Wholesale-Custom-Size-Boxes-3-100x100.webp 100w\" sizes=\"(max-width: 1253px) 100vw, 1253px\" \/><\/figure>\n\n\n\n<div class=\"wp-block-buttons has-custom-font-size has-small-font-size is-content-justification-center is-layout-flex wp-container-core-buttons-is-layout-16018d1d wp-block-buttons-is-layout-flex\">\n<div class=\"wp-block-button has-custom-width wp-block-button__width-75\"><a class=\"wp-block-button__link has-background has-small-font-size has-custom-font-size wp-element-button\" href=\"https:\/\/www.yishengpack.com\/fr\/custom-printed-box\/\" style=\"background:linear-gradient(135deg,rgb(254,205,165) 0%,rgb(254,45,45) 0%,rgb(94,15,15) 0%,rgb(94,15,15) 100%)\" target=\"_blank\" rel=\"noreferrer noopener\"><strong>D\u00e9couvrez les bo\u00eetes imprim\u00e9es personnalis\u00e9es<\/strong><\/a><\/div>\n<\/div>\n<\/div>\n\n\n\n<div class=\"wp-block-column is-layout-flow wp-block-column-is-layout-flow\">\n<figure class=\"wp-block-image size-full\"><img decoding=\"async\" width=\"1238\" height=\"1238\" src=\"https:\/\/www.yishengpack.com\/wp-content\/uploads\/2025\/12\/Premium-Magnetic-Dates-Packaging-Gift-Boxes-Wholesale-Custom-Size-Boxes-6.webp\" alt=\"bo\u00eetes-cadeaux-dates-de-premium-en-gros-taille-personnalis\u00e9e-magn\u00e9tiques-6\" class=\"wp-image-3252\" srcset=\"https:\/\/www.yishengpack.com\/wp-content\/uploads\/2025\/12\/Premium-Magnetic-Dates-Packaging-Gift-Boxes-Wholesale-Custom-Size-Boxes-6.webp 1238w, https:\/\/www.yishengpack.com\/wp-content\/uploads\/2025\/12\/Premium-Magnetic-Dates-Packaging-Gift-Boxes-Wholesale-Custom-Size-Boxes-6-300x300.webp 300w, https:\/\/www.yishengpack.com\/wp-content\/uploads\/2025\/12\/Premium-Magnetic-Dates-Packaging-Gift-Boxes-Wholesale-Custom-Size-Boxes-6-150x150.webp 150w, https:\/\/www.yishengpack.com\/wp-content\/uploads\/2025\/12\/Premium-Magnetic-Dates-Packaging-Gift-Boxes-Wholesale-Custom-Size-Boxes-6-768x768.webp 768w, https:\/\/www.yishengpack.com\/wp-content\/uploads\/2025\/12\/Premium-Magnetic-Dates-Packaging-Gift-Boxes-Wholesale-Custom-Size-Boxes-6-12x12.webp 12w, https:\/\/www.yishengpack.com\/wp-content\/uploads\/2025\/12\/Premium-Magnetic-Dates-Packaging-Gift-Boxes-Wholesale-Custom-Size-Boxes-6-1200x1200.webp 1200w, https:\/\/www.yishengpack.com\/wp-content\/uploads\/2025\/12\/Premium-Magnetic-Dates-Packaging-Gift-Boxes-Wholesale-Custom-Size-Boxes-6-600x600.webp 600w, https:\/\/www.yishengpack.com\/wp-content\/uploads\/2025\/12\/Premium-Magnetic-Dates-Packaging-Gift-Boxes-Wholesale-Custom-Size-Boxes-6-100x100.webp 100w\" sizes=\"(max-width: 1238px) 100vw, 1238px\" \/><\/figure>\n\n\n\n<div class=\"wp-block-buttons has-custom-font-size has-small-font-size is-content-justification-center is-layout-flex wp-container-core-buttons-is-layout-16018d1d wp-block-buttons-is-layout-flex\">\n<div class=\"wp-block-button has-custom-width wp-block-button__width-75\"><a class=\"wp-block-button__link has-background has-small-font-size has-custom-font-size wp-element-button\" href=\"https:\/\/www.yishengpack.com\/fr\/custom-box-inserts-accessories\/\" style=\"background:linear-gradient(135deg,rgb(254,205,165) 0%,rgb(254,45,45) 0%,rgb(94,15,15) 0%,rgb(94,15,15) 100%)\" target=\"_blank\" rel=\"noreferrer noopener\"><strong>D\u00e9couvrez les encarts personnalis\u00e9s<\/strong><\/a><\/div>\n<\/div>\n<\/div>\n<\/div>","protected":false},"excerpt":{"rendered":"<div class=\"auto-hide-last-sibling-br paragraph-pP9ZLC paragraph-element br-paragraph-space\">\n<p>Bienvenue pour acheter nos coffrets cadeaux haut de gamme pour dattes en gros, avec fermeture magn\u00e9tique sur mesure, con\u00e7us pour l'emballage de dattes et de fruits secs de luxe. Ces coffrets rigides \u00e0 fermeture magn\u00e9tique se caract\u00e9risent par leur construction durable, leur pr\u00e9sentation \u00e9l\u00e9gante et leurs options de personnalisation compl\u00e8tes, notamment l'impression, les finitions et les inserts. Id\u00e9aux pour les commandes en gros, ils sont largement utilis\u00e9s pour les cadeaux du Ramadan, les emballages de vente au d\u00e9tail et les coffrets cadeaux alimentaires de marque.<\/p>\n<h2>Points forts des coffrets cadeaux de dattes en gros<\/h2>\n<ul>\n<li>Construction rigide renforc\u00e9e<\/li>\n<li>Personnalisation haut de gamme<\/li>\n<li>Mat\u00e9riaux \u00e9cologiques<\/li>\n<li>Diverses manipulations d'impression<\/li>\n<li>Un savoir-faire exquis<\/li>\n<li>Plusieurs types de bo\u00eetes<\/li>\n<li>Des silhouettes minimalistes mais opulentes<\/li>\n<li>Doublure int\u00e9rieure haut de gamme sans danger pour les aliments<\/li>\n<\/ul>\n<\/div>","protected":false},"featured_media":3247,"comment_status":"closed","ping_status":"closed","template":"","meta":{"_acf_changed":false},"box-type":[54,57],"product_brand":[],"product_cat":[19,41,68,46,33,44],"product_tag":[],"class_list":{"0":"post-3246","1":"product","2":"type-product","3":"status-publish","4":"has-post-thumbnail","6":"box-type-custom-magnetic-closure-boxes","7":"box-type-custom-rigid-box-with-lid","8":"product_cat-luxury-gift-boxes-wholesale","9":"product_cat-candy-gift-boxes-wholesale","10":"product_cat-custom-dates-box","11":"product_cat-wholesale-paper-boxes","12":"product_cat-food-packaging-boxes-wholesale","13":"product_cat-custom-snack-box","15":"first","16":"instock","17":"shipping-taxable","18":"product-type-simple"},"acf":[],"_links":{"self":[{"href":"https:\/\/www.yishengpack.com\/fr\/wp-json\/wp\/v2\/product\/3246","targetHints":{"allow":["GET"]}}],"collection":[{"href":"https:\/\/www.yishengpack.com\/fr\/wp-json\/wp\/v2\/product"}],"about":[{"href":"https:\/\/www.yishengpack.com\/fr\/wp-json\/wp\/v2\/types\/product"}],"replies":[{"embeddable":true,"href":"https:\/\/www.yishengpack.com\/fr\/wp-json\/wp\/v2\/comments?post=3246"}],"wp:featuredmedia":[{"embeddable":true,"href":"https:\/\/www.yishengpack.com\/fr\/wp-json\/wp\/v2\/media\/3247"}],"wp:attachment":[{"href":"https:\/\/www.yishengpack.com\/fr\/wp-json\/wp\/v2\/media?parent=3246"}],"wp:term":[{"taxonomy":"box-type","embeddable":true,"href":"https:\/\/www.yishengpack.com\/fr\/wp-json\/wp\/v2\/box-type?post=3246"},{"taxonomy":"product_brand","embeddable":true,"href":"https:\/\/www.yishengpack.com\/fr\/wp-json\/wp\/v2\/product_brand?post=3246"},{"taxonomy":"product_cat","embeddable":true,"href":"https:\/\/www.yishengpack.com\/fr\/wp-json\/wp\/v2\/product_cat?post=3246"},{"taxonomy":"product_tag","embeddable":true,"href":"https:\/\/www.yishengpack.com\/fr\/wp-json\/wp\/v2\/product_tag?post=3246"}],"curies":[{"name":"wp","href":"https:\/\/api.w.org\/{rel}","templated":true}]}}