{"id":3228,"date":"2026-01-04T03:46:41","date_gmt":"2026-01-04T03:46:41","guid":{"rendered":"https:\/\/www.yishengpack.com\/?post_type=product&#038;p=3228"},"modified":"2026-01-04T03:46:42","modified_gmt":"2026-01-04T03:46:42","slug":"wholesale-chocolate-candy-boxes","status":"publish","type":"product","link":"https:\/\/www.yishengpack.com\/fr\/produit\/wholesale-chocolate-candy-boxes\/","title":{"rendered":"Bo\u00eetes de chocolats en gros, fourniture de bo\u00eetes-cadeaux magn\u00e9tiques"},"content":{"rendered":"<div class=\"wp-block-columns is-layout-flex wp-container-core-columns-is-layout-9d6595d7 wp-block-columns-is-layout-flex\">\n<div class=\"wp-block-column is-layout-flow wp-block-column-is-layout-flow\">\n<h3 class=\"wp-block-heading\">Caract\u00e9ristiques des bo\u00eetes de chocolats vendues en gros<\/h3>\n\n\n\n<p><strong>Structure \u00e0 couvercle rabattable \u00e0 joint magn\u00e9tique :<\/strong> Ces bo\u00eetes de chocolats vendues en gros int\u00e8grent un joint magn\u00e9tique cach\u00e9 dans leur conception \u00e0 couvercle rabattable. Le couvercle se ferme solidement d'un simple clic pour un look \u00e9l\u00e9gant et harmonieux, tandis que le mouvement fluide d'ouverture am\u00e9liore l'exp\u00e9rience de d\u00e9ballage.<\/p>\n\n\n\n<p><strong>Accents de couleur et de d\u00e9coration luxueux : <\/strong>Ces coffrets cadeaux magn\u00e9tiques haut de gamme sont propos\u00e9s dans des teintes sophistiqu\u00e9es (bleu tendre, corail, \u00e9meraude) et agr\u00e9ment\u00e9s de d\u00e9tails tels que des motifs m\u00e9tallis\u00e9s ou des fen\u00eatres transparentes. Ces \u00e9l\u00e9ments renforcent le caract\u00e8re haut de gamme du coffret.<\/p>\n\n\n\n<p><strong>Personnalisation align\u00e9e sur la marque : <\/strong>Ces coffrets cadeaux magn\u00e9tiques haut de gamme sont enti\u00e8rement personnalisables pour votre marque. Ajustez la taille, ajoutez des logos en relief ou des graphiques imprim\u00e9s, choisissez les finitions de surface (mat, brillant) et modifiez la disposition des inserts en fonction des besoins du produit.<\/p>\n\n\n\n<p><strong>Plusieurs tailles et options d'insertion personnalis\u00e9es :<\/strong> Ces bo\u00eetes de chocolats vendues en gros peuvent \u00eatre personnalis\u00e9es avec diff\u00e9rentes tailles disponibles, avec des inserts en EVA, en p\u00e2te moul\u00e9e, en carton ou en PET, adapt\u00e9s \u00e0 l'emballage de chocolats individuels, multiples ou combin\u00e9s.<\/p>\n\n\n\n<p><strong>Convient pour la vente en gros et l'approvisionnement en vrac : <\/strong>Fourniture directe d'usine de bo\u00eetes de chocolats en gros, capacit\u00e9 de production stable, prise en charge des commandes volumineuses, convient aux propri\u00e9taires de marques de chocolat, aux fabricants de confiseries, aux entreprises de cadeaux et aux distributeurs.<\/p>\n<\/div>\n\n\n\n<div class=\"wp-block-column is-layout-flow wp-block-column-is-layout-flow\">\n<figure class=\"wp-block-image size-full\"><img decoding=\"async\" width=\"1838\" height=\"1838\" src=\"https:\/\/www.yishengpack.com\/wp-content\/uploads\/2025\/12\/Hot-Sale-Gift-Box-Wholesaler-Luxury-Custom-Chocolate-Packaging-Box-2.webp\" alt=\"bo\u00eetes-de-chocolats-en-gros-bo\u00eetes-cadeaux-magn\u00e9tiques-fourniture-2\" class=\"wp-image-3230\" srcset=\"https:\/\/www.yishengpack.com\/wp-content\/uploads\/2025\/12\/Hot-Sale-Gift-Box-Wholesaler-Luxury-Custom-Chocolate-Packaging-Box-2.webp 1838w, https:\/\/www.yishengpack.com\/wp-content\/uploads\/2025\/12\/Hot-Sale-Gift-Box-Wholesaler-Luxury-Custom-Chocolate-Packaging-Box-2-300x300.webp 300w, https:\/\/www.yishengpack.com\/wp-content\/uploads\/2025\/12\/Hot-Sale-Gift-Box-Wholesaler-Luxury-Custom-Chocolate-Packaging-Box-2-150x150.webp 150w, https:\/\/www.yishengpack.com\/wp-content\/uploads\/2025\/12\/Hot-Sale-Gift-Box-Wholesaler-Luxury-Custom-Chocolate-Packaging-Box-2-768x768.webp 768w, https:\/\/www.yishengpack.com\/wp-content\/uploads\/2025\/12\/Hot-Sale-Gift-Box-Wholesaler-Luxury-Custom-Chocolate-Packaging-Box-2-12x12.webp 12w, https:\/\/www.yishengpack.com\/wp-content\/uploads\/2025\/12\/Hot-Sale-Gift-Box-Wholesaler-Luxury-Custom-Chocolate-Packaging-Box-2-1200x1200.webp 1200w, https:\/\/www.yishengpack.com\/wp-content\/uploads\/2025\/12\/Hot-Sale-Gift-Box-Wholesaler-Luxury-Custom-Chocolate-Packaging-Box-2-600x600.webp 600w, https:\/\/www.yishengpack.com\/wp-content\/uploads\/2025\/12\/Hot-Sale-Gift-Box-Wholesaler-Luxury-Custom-Chocolate-Packaging-Box-2-100x100.webp 100w\" sizes=\"(max-width: 1838px) 100vw, 1838px\" \/><\/figure>\n<\/div>\n<\/div>\n\n\n\n<div class=\"wp-block-columns is-layout-flex wp-container-core-columns-is-layout-9d6595d7 wp-block-columns-is-layout-flex\">\n<div class=\"wp-block-column is-layout-flow wp-block-column-is-layout-flow\">\n<figure class=\"wp-block-image size-full\"><img decoding=\"async\" width=\"4096\" height=\"4096\" src=\"https:\/\/www.yishengpack.com\/wp-content\/uploads\/2025\/12\/Hot-Sale-Gift-Box-Wholesaler-Luxury-Custom-Chocolate-Packaging-Box-6.webp\" alt=\"bo\u00eetes-de-chocolats-en-gros-bo\u00eetes-cadeaux-magn\u00e9tiques-fourniture-6\" class=\"wp-image-3234\" srcset=\"https:\/\/www.yishengpack.com\/wp-content\/uploads\/2025\/12\/Hot-Sale-Gift-Box-Wholesaler-Luxury-Custom-Chocolate-Packaging-Box-6.webp 4096w, https:\/\/www.yishengpack.com\/wp-content\/uploads\/2025\/12\/Hot-Sale-Gift-Box-Wholesaler-Luxury-Custom-Chocolate-Packaging-Box-6-300x300.webp 300w, https:\/\/www.yishengpack.com\/wp-content\/uploads\/2025\/12\/Hot-Sale-Gift-Box-Wholesaler-Luxury-Custom-Chocolate-Packaging-Box-6-150x150.webp 150w, https:\/\/www.yishengpack.com\/wp-content\/uploads\/2025\/12\/Hot-Sale-Gift-Box-Wholesaler-Luxury-Custom-Chocolate-Packaging-Box-6-768x768.webp 768w, https:\/\/www.yishengpack.com\/wp-content\/uploads\/2025\/12\/Hot-Sale-Gift-Box-Wholesaler-Luxury-Custom-Chocolate-Packaging-Box-6-12x12.webp 12w, https:\/\/www.yishengpack.com\/wp-content\/uploads\/2025\/12\/Hot-Sale-Gift-Box-Wholesaler-Luxury-Custom-Chocolate-Packaging-Box-6-1200x1200.webp 1200w, https:\/\/www.yishengpack.com\/wp-content\/uploads\/2025\/12\/Hot-Sale-Gift-Box-Wholesaler-Luxury-Custom-Chocolate-Packaging-Box-6-600x600.webp 600w, https:\/\/www.yishengpack.com\/wp-content\/uploads\/2025\/12\/Hot-Sale-Gift-Box-Wholesaler-Luxury-Custom-Chocolate-Packaging-Box-6-100x100.webp 100w\" sizes=\"(max-width: 4096px) 100vw, 4096px\" \/><\/figure>\n\n\n\n<div class=\"wp-block-buttons has-custom-font-size has-small-font-size is-content-justification-center is-layout-flex wp-container-core-buttons-is-layout-16018d1d wp-block-buttons-is-layout-flex\">\n<div class=\"wp-block-button has-custom-width wp-block-button__width-75\"><a class=\"wp-block-button__link has-background has-small-font-size has-custom-font-size wp-element-button\" href=\"https:\/\/www.yishengpack.com\/fr\/custom-printed-box\/\" style=\"background:linear-gradient(135deg,rgb(254,205,165) 0%,rgb(254,45,45) 0%,rgb(94,15,15) 0%,rgb(94,15,15) 100%)\" target=\"_blank\" rel=\"noreferrer noopener\"><strong>D\u00e9couvrez les bo\u00eetes imprim\u00e9es personnalis\u00e9es<\/strong><\/a><\/div>\n<\/div>\n<\/div>\n\n\n\n<div class=\"wp-block-column is-layout-flow wp-block-column-is-layout-flow\">\n<figure class=\"wp-block-image size-full\"><img decoding=\"async\" width=\"2048\" height=\"2048\" src=\"https:\/\/www.yishengpack.com\/wp-content\/uploads\/2025\/12\/Hot-Sale-Gift-Box-Wholesaler-Luxury-Custom-Chocolate-Packaging-Box-7.webp\" alt=\"bo\u00eetes-de-chocolats-en-gros-bo\u00eetes-cadeaux-magn\u00e9tiques-fourniture-7\" class=\"wp-image-3235\" srcset=\"https:\/\/www.yishengpack.com\/wp-content\/uploads\/2025\/12\/Hot-Sale-Gift-Box-Wholesaler-Luxury-Custom-Chocolate-Packaging-Box-7.webp 2048w, https:\/\/www.yishengpack.com\/wp-content\/uploads\/2025\/12\/Hot-Sale-Gift-Box-Wholesaler-Luxury-Custom-Chocolate-Packaging-Box-7-300x300.webp 300w, https:\/\/www.yishengpack.com\/wp-content\/uploads\/2025\/12\/Hot-Sale-Gift-Box-Wholesaler-Luxury-Custom-Chocolate-Packaging-Box-7-150x150.webp 150w, https:\/\/www.yishengpack.com\/wp-content\/uploads\/2025\/12\/Hot-Sale-Gift-Box-Wholesaler-Luxury-Custom-Chocolate-Packaging-Box-7-768x768.webp 768w, https:\/\/www.yishengpack.com\/wp-content\/uploads\/2025\/12\/Hot-Sale-Gift-Box-Wholesaler-Luxury-Custom-Chocolate-Packaging-Box-7-12x12.webp 12w, https:\/\/www.yishengpack.com\/wp-content\/uploads\/2025\/12\/Hot-Sale-Gift-Box-Wholesaler-Luxury-Custom-Chocolate-Packaging-Box-7-1200x1200.webp 1200w, https:\/\/www.yishengpack.com\/wp-content\/uploads\/2025\/12\/Hot-Sale-Gift-Box-Wholesaler-Luxury-Custom-Chocolate-Packaging-Box-7-600x600.webp 600w, https:\/\/www.yishengpack.com\/wp-content\/uploads\/2025\/12\/Hot-Sale-Gift-Box-Wholesaler-Luxury-Custom-Chocolate-Packaging-Box-7-100x100.webp 100w\" sizes=\"(max-width: 2048px) 100vw, 2048px\" \/><\/figure>\n\n\n\n<div class=\"wp-block-buttons has-custom-font-size has-small-font-size is-content-justification-center is-layout-flex wp-container-core-buttons-is-layout-16018d1d wp-block-buttons-is-layout-flex\">\n<div class=\"wp-block-button has-custom-width wp-block-button__width-75\"><a class=\"wp-block-button__link has-background has-small-font-size has-custom-font-size wp-element-button\" href=\"https:\/\/www.yishengpack.com\/fr\/custom-product-boxes-types\/\" style=\"background:linear-gradient(135deg,rgb(254,205,165) 0%,rgb(254,45,45) 0%,rgb(94,15,15) 0%,rgb(94,15,15) 100%)\" target=\"_blank\" rel=\"noreferrer noopener\"><strong>Explorer les types de bo\u00eetes personnalis\u00e9es<\/strong><\/a><\/div>\n<\/div>\n<\/div>\n<\/div>","protected":false},"excerpt":{"rendered":"<div data-page-id=\"XCEWfL77Gdj3N4cTPBOcY7TrnCh\" data-lark-html-role=\"root\" data-docx-has-block-data=\"false\">\n<div class=\"ace-line ace-line old-record-id-OuF1fnArGd9seVcLcH6cI33Wnzd\">\n<p>Bienvenue pour acheter nos bo\u00eetes de chocolats en gros avec leur luxueux emballage magn\u00e9tique, con\u00e7ues pour les confiseries haut de gamme. Ces bo\u00eetes rigides \u00e0 fermeture magn\u00e9tique offrent une s\u00e9curit\u00e9 alimentaire, des tailles personnalisables, des inserts et des finitions d'impression haut de gamme. Id\u00e9ales pour les commandes en gros, elles am\u00e9liorent la pr\u00e9sentation de la marque tout en offrant une protection fiable, parfaite pour les marques de chocolat, les fabricants de bonbons et les fournisseurs d'emballages cadeaux.<\/p>\n<h2>Points forts des bo\u00eetes de chocolats en gros<\/h2>\n<ul>\n<li>Conception de fermeture magn\u00e9tique<\/li>\n<li>Personnalisation haut de gamme<\/li>\n<li>Mat\u00e9riaux imperm\u00e9ables<\/li>\n<li>Des proc\u00e9d\u00e9s d'impression riches<\/li>\n<li>Plusieurs tailles de bo\u00eetes<\/li>\n<li>Grande vari\u00e9t\u00e9 de couleurs<\/li>\n<li>Int\u00e9rieur doubl\u00e9 haut de gamme<\/li>\n<li>Construction robuste<\/li>\n<\/ul>\n<\/div>\n<\/div>","protected":false},"featured_media":3229,"comment_status":"closed","ping_status":"closed","template":"","meta":{"_acf_changed":false},"box-type":[54,57],"product_brand":[],"product_cat":[19,41,68,46,33,44],"product_tag":[],"class_list":{"0":"post-3228","1":"product","2":"type-product","3":"status-publish","4":"has-post-thumbnail","6":"box-type-custom-magnetic-closure-boxes","7":"box-type-custom-rigid-box-with-lid","8":"product_cat-luxury-gift-boxes-wholesale","9":"product_cat-candy-gift-boxes-wholesale","10":"product_cat-custom-dates-box","11":"product_cat-wholesale-paper-boxes","12":"product_cat-food-packaging-boxes-wholesale","13":"product_cat-custom-snack-box","15":"first","16":"instock","17":"shipping-taxable","18":"product-type-simple"},"acf":[],"_links":{"self":[{"href":"https:\/\/www.yishengpack.com\/fr\/wp-json\/wp\/v2\/product\/3228","targetHints":{"allow":["GET"]}}],"collection":[{"href":"https:\/\/www.yishengpack.com\/fr\/wp-json\/wp\/v2\/product"}],"about":[{"href":"https:\/\/www.yishengpack.com\/fr\/wp-json\/wp\/v2\/types\/product"}],"replies":[{"embeddable":true,"href":"https:\/\/www.yishengpack.com\/fr\/wp-json\/wp\/v2\/comments?post=3228"}],"wp:featuredmedia":[{"embeddable":true,"href":"https:\/\/www.yishengpack.com\/fr\/wp-json\/wp\/v2\/media\/3229"}],"wp:attachment":[{"href":"https:\/\/www.yishengpack.com\/fr\/wp-json\/wp\/v2\/media?parent=3228"}],"wp:term":[{"taxonomy":"box-type","embeddable":true,"href":"https:\/\/www.yishengpack.com\/fr\/wp-json\/wp\/v2\/box-type?post=3228"},{"taxonomy":"product_brand","embeddable":true,"href":"https:\/\/www.yishengpack.com\/fr\/wp-json\/wp\/v2\/product_brand?post=3228"},{"taxonomy":"product_cat","embeddable":true,"href":"https:\/\/www.yishengpack.com\/fr\/wp-json\/wp\/v2\/product_cat?post=3228"},{"taxonomy":"product_tag","embeddable":true,"href":"https:\/\/www.yishengpack.com\/fr\/wp-json\/wp\/v2\/product_tag?post=3228"}],"curies":[{"name":"wp","href":"https:\/\/api.w.org\/{rel}","templated":true}]}}