{"id":3219,"date":"2026-01-04T02:26:43","date_gmt":"2026-01-04T02:26:43","guid":{"rendered":"https:\/\/www.yishengpack.com\/?post_type=product&#038;p=3219"},"modified":"2026-01-04T02:26:45","modified_gmt":"2026-01-04T02:26:45","slug":"custom-lid-and-base-boxes","status":"publish","type":"product","link":"https:\/\/www.yishengpack.com\/fr\/produit\/custom-lid-and-base-boxes\/","title":{"rendered":"Bo\u00eetes de luxe personnalis\u00e9es avec couvercle et socle, bo\u00eetes-cadeaux Dates en gros"},"content":{"rendered":"<div class=\"wp-block-columns is-layout-flex wp-container-core-columns-is-layout-9d6595d7 wp-block-columns-is-layout-flex\">\n<div class=\"wp-block-column is-layout-flow wp-block-column-is-layout-flow\">\n<h3 class=\"wp-block-heading\">Caract\u00e9ristiques des bo\u00eetes \u00e0 couvercle et \u00e0 fond personnalis\u00e9s<\/h3>\n\n\n\n<p><strong>Conception haut de gamme \u00e0 couvercle relevable : <\/strong>Ces bo\u00eetes personnalis\u00e9es avec couvercle et base adoptent une structure \u00e9l\u00e9gante \u00e0 couvercle relevable. Le couvercle repose \u00e0 plat sur la base pour une silhouette raffin\u00e9e, tandis que l'ouverture fluide et sans obstacle met \u00e9l\u00e9gamment en valeur le contenu.<\/p>\n\n\n\n<p><strong>Compartiments sur mesure adapt\u00e9s aux aliments : <\/strong>Ces bo\u00eetes personnalis\u00e9es avec couvercle et base sont dot\u00e9es de compartiments int\u00e9rieurs adapt\u00e9s et sans danger pour les aliments. Elles sont con\u00e7ues pour accueillir des chocolats, des dattes fourr\u00e9es ou des confiseries, garantissant ainsi que les articles restent intacts et pr\u00e9sent\u00e9s de mani\u00e8re soign\u00e9e.<\/p>\n\n\n\n<p><strong>Bo\u00eete rigide de luxe :<\/strong> Ces bo\u00eetes \u00e0 couvercle et base personnalis\u00e9es sont fabriqu\u00e9es \u00e0 partir de carton gris \u00e9paissi ou de papier d'emballage ext\u00e9rieur de qualit\u00e9 alimentaire. Elles sont r\u00e9sistantes \u00e0 la pression et durables, adapt\u00e9es au transport longue distance et \u00e0 l'exportation en vrac.<\/p>\n\n\n\n<p><strong>Couleurs luxueuses et d\u00e9tails m\u00e9tallis\u00e9s : <\/strong>Nos coffrets cadeaux chocolat en gros sont disponibles dans les plus belles couleurs, notamment bleu roi, \u00e9meraude et cr\u00e8me. Ils sont rehauss\u00e9s de touches m\u00e9talliques, telles que des motifs en relief ou des logos de marque, qui ajoutent une touche de sophistication et une touche de couleur.<\/p>\n\n\n\n<p><strong>Personnalisation ax\u00e9e sur la marque :<\/strong> Nos coffrets cadeaux chocolat en gros sont enti\u00e8rement personnalisables. Personnalisez leur taille, ajoutez des logos en relief ou des motifs m\u00e9tallis\u00e9s, choisissez entre diff\u00e9rentes finitions de surface, mates ou brillantes, et compl\u00e9tez votre emballage avec des articles assortis tels que des sacs cadeaux ou des \u00e9tiquettes afin de transmettre au mieux le message de votre marque.<\/p>\n\n\n\n<p><strong>Id\u00e9al pour le march\u00e9 mondial des cadeaux :<\/strong> Nos coffrets cadeaux chocolat en gros sont particuli\u00e8rement adapt\u00e9s aux coffrets cadeaux pour les f\u00eates, aux coffrets cadeaux chocolat, au Ramadan, \u00e0 l'A\u00efd al-Fitr, aux march\u00e9s des cadeaux festifs et d'affaires.<\/p>\n<\/div>\n\n\n\n<div class=\"wp-block-column is-layout-flow wp-block-column-is-layout-flow\">\n<figure class=\"wp-block-image size-full\"><img decoding=\"async\" width=\"2048\" height=\"2048\" src=\"https:\/\/www.yishengpack.com\/wp-content\/uploads\/2025\/12\/Wholesale-Box-Manufacturers-Customize-Luxury-Dates-Chocolate-Package-Gift-Box-2.webp\" alt=\"bo\u00eetes-de-luxe-avec-couvercle-et-fond-personnalis\u00e9s-bo\u00eetes-cadeaux-avec-dates-vente-en-gros-2\" class=\"wp-image-3221\" srcset=\"https:\/\/www.yishengpack.com\/wp-content\/uploads\/2025\/12\/Wholesale-Box-Manufacturers-Customize-Luxury-Dates-Chocolate-Package-Gift-Box-2.webp 2048w, https:\/\/www.yishengpack.com\/wp-content\/uploads\/2025\/12\/Wholesale-Box-Manufacturers-Customize-Luxury-Dates-Chocolate-Package-Gift-Box-2-300x300.webp 300w, https:\/\/www.yishengpack.com\/wp-content\/uploads\/2025\/12\/Wholesale-Box-Manufacturers-Customize-Luxury-Dates-Chocolate-Package-Gift-Box-2-150x150.webp 150w, https:\/\/www.yishengpack.com\/wp-content\/uploads\/2025\/12\/Wholesale-Box-Manufacturers-Customize-Luxury-Dates-Chocolate-Package-Gift-Box-2-768x768.webp 768w, https:\/\/www.yishengpack.com\/wp-content\/uploads\/2025\/12\/Wholesale-Box-Manufacturers-Customize-Luxury-Dates-Chocolate-Package-Gift-Box-2-12x12.webp 12w, https:\/\/www.yishengpack.com\/wp-content\/uploads\/2025\/12\/Wholesale-Box-Manufacturers-Customize-Luxury-Dates-Chocolate-Package-Gift-Box-2-1200x1200.webp 1200w, https:\/\/www.yishengpack.com\/wp-content\/uploads\/2025\/12\/Wholesale-Box-Manufacturers-Customize-Luxury-Dates-Chocolate-Package-Gift-Box-2-600x600.webp 600w, https:\/\/www.yishengpack.com\/wp-content\/uploads\/2025\/12\/Wholesale-Box-Manufacturers-Customize-Luxury-Dates-Chocolate-Package-Gift-Box-2-100x100.webp 100w\" sizes=\"(max-width: 2048px) 100vw, 2048px\" \/><\/figure>\n<\/div>\n<\/div>\n\n\n\n<div class=\"wp-block-columns is-layout-flex wp-container-core-columns-is-layout-9d6595d7 wp-block-columns-is-layout-flex\">\n<div class=\"wp-block-column is-layout-flow wp-block-column-is-layout-flow\">\n<figure class=\"wp-block-image size-full\"><img decoding=\"async\" width=\"2048\" height=\"2048\" src=\"https:\/\/www.yishengpack.com\/wp-content\/uploads\/2025\/12\/Wholesale-Box-Manufacturers-Customize-Luxury-Dates-Chocolate-Package-Gift-Box-4.webp\" alt=\"bo\u00eetes-de-luxe-avec-couvercle-et-fond-personnalis\u00e9s-bo\u00eetes-cadeaux-avec-dates-vente-en-gros-4\" class=\"wp-image-3223\" srcset=\"https:\/\/www.yishengpack.com\/wp-content\/uploads\/2025\/12\/Wholesale-Box-Manufacturers-Customize-Luxury-Dates-Chocolate-Package-Gift-Box-4.webp 2048w, https:\/\/www.yishengpack.com\/wp-content\/uploads\/2025\/12\/Wholesale-Box-Manufacturers-Customize-Luxury-Dates-Chocolate-Package-Gift-Box-4-300x300.webp 300w, https:\/\/www.yishengpack.com\/wp-content\/uploads\/2025\/12\/Wholesale-Box-Manufacturers-Customize-Luxury-Dates-Chocolate-Package-Gift-Box-4-150x150.webp 150w, https:\/\/www.yishengpack.com\/wp-content\/uploads\/2025\/12\/Wholesale-Box-Manufacturers-Customize-Luxury-Dates-Chocolate-Package-Gift-Box-4-768x768.webp 768w, https:\/\/www.yishengpack.com\/wp-content\/uploads\/2025\/12\/Wholesale-Box-Manufacturers-Customize-Luxury-Dates-Chocolate-Package-Gift-Box-4-12x12.webp 12w, https:\/\/www.yishengpack.com\/wp-content\/uploads\/2025\/12\/Wholesale-Box-Manufacturers-Customize-Luxury-Dates-Chocolate-Package-Gift-Box-4-1200x1200.webp 1200w, https:\/\/www.yishengpack.com\/wp-content\/uploads\/2025\/12\/Wholesale-Box-Manufacturers-Customize-Luxury-Dates-Chocolate-Package-Gift-Box-4-600x600.webp 600w, https:\/\/www.yishengpack.com\/wp-content\/uploads\/2025\/12\/Wholesale-Box-Manufacturers-Customize-Luxury-Dates-Chocolate-Package-Gift-Box-4-100x100.webp 100w\" sizes=\"(max-width: 2048px) 100vw, 2048px\" \/><\/figure>\n\n\n\n<div class=\"wp-block-buttons has-custom-font-size has-small-font-size is-content-justification-center is-layout-flex wp-container-core-buttons-is-layout-16018d1d wp-block-buttons-is-layout-flex\">\n<div class=\"wp-block-button has-custom-width wp-block-button__width-75\"><a class=\"wp-block-button__link has-background has-small-font-size has-custom-font-size wp-element-button\" href=\"https:\/\/www.yishengpack.com\/fr\/custom-printed-box\/\" style=\"background:linear-gradient(135deg,rgb(254,205,165) 0%,rgb(254,45,45) 0%,rgb(94,15,15) 0%,rgb(94,15,15) 100%)\" target=\"_blank\" rel=\"noreferrer noopener\"><strong>D\u00e9couvrez les bo\u00eetes imprim\u00e9es personnalis\u00e9es<\/strong><\/a><\/div>\n<\/div>\n<\/div>\n\n\n\n<div class=\"wp-block-column is-layout-flow wp-block-column-is-layout-flow\">\n<figure class=\"wp-block-image size-full\"><img decoding=\"async\" width=\"2048\" height=\"2048\" src=\"https:\/\/www.yishengpack.com\/wp-content\/uploads\/2025\/12\/Wholesale-Box-Manufacturers-Customize-Luxury-Dates-Chocolate-Package-Gift-Box-7.webp\" alt=\"bo\u00eetes-de-luxe-avec-couvercle-et-fond-personnalis\u00e9s-bo\u00eetes-cadeaux-avec-dates-vente-en-gros-7\" class=\"wp-image-3226\" srcset=\"https:\/\/www.yishengpack.com\/wp-content\/uploads\/2025\/12\/Wholesale-Box-Manufacturers-Customize-Luxury-Dates-Chocolate-Package-Gift-Box-7.webp 2048w, https:\/\/www.yishengpack.com\/wp-content\/uploads\/2025\/12\/Wholesale-Box-Manufacturers-Customize-Luxury-Dates-Chocolate-Package-Gift-Box-7-300x300.webp 300w, https:\/\/www.yishengpack.com\/wp-content\/uploads\/2025\/12\/Wholesale-Box-Manufacturers-Customize-Luxury-Dates-Chocolate-Package-Gift-Box-7-150x150.webp 150w, https:\/\/www.yishengpack.com\/wp-content\/uploads\/2025\/12\/Wholesale-Box-Manufacturers-Customize-Luxury-Dates-Chocolate-Package-Gift-Box-7-768x768.webp 768w, https:\/\/www.yishengpack.com\/wp-content\/uploads\/2025\/12\/Wholesale-Box-Manufacturers-Customize-Luxury-Dates-Chocolate-Package-Gift-Box-7-12x12.webp 12w, https:\/\/www.yishengpack.com\/wp-content\/uploads\/2025\/12\/Wholesale-Box-Manufacturers-Customize-Luxury-Dates-Chocolate-Package-Gift-Box-7-1200x1200.webp 1200w, https:\/\/www.yishengpack.com\/wp-content\/uploads\/2025\/12\/Wholesale-Box-Manufacturers-Customize-Luxury-Dates-Chocolate-Package-Gift-Box-7-600x600.webp 600w, https:\/\/www.yishengpack.com\/wp-content\/uploads\/2025\/12\/Wholesale-Box-Manufacturers-Customize-Luxury-Dates-Chocolate-Package-Gift-Box-7-100x100.webp 100w\" sizes=\"(max-width: 2048px) 100vw, 2048px\" \/><\/figure>\n\n\n\n<div class=\"wp-block-buttons has-custom-font-size has-small-font-size is-content-justification-center is-layout-flex wp-container-core-buttons-is-layout-16018d1d wp-block-buttons-is-layout-flex\">\n<div class=\"wp-block-button has-custom-width wp-block-button__width-75\"><a class=\"wp-block-button__link has-background has-small-font-size has-custom-font-size wp-element-button\" href=\"https:\/\/www.yishengpack.com\/fr\/custom-box-inserts-accessories\/\" style=\"background:linear-gradient(135deg,rgb(254,205,165) 0%,rgb(254,45,45) 0%,rgb(94,15,15) 0%,rgb(94,15,15) 100%)\" target=\"_blank\" rel=\"noreferrer noopener\"><strong>D\u00e9couvrez les encarts personnalis\u00e9s<\/strong><\/a><\/div>\n<\/div>\n<\/div>\n<\/div>","protected":false},"excerpt":{"rendered":"<p>Bienvenue pour acheter nos bo\u00eetes de luxe personnalis\u00e9es avec couvercle et base pour l'emballage cadeau de dattes et de chocolats, con\u00e7ues pour la vente en gros et la personnalisation de marque. Ces bo\u00eetes-cadeaux rigides haut de gamme offrent une structure durable, une pr\u00e9sentation \u00e9l\u00e9gante et des impressions et inserts personnalis\u00e9s flexibles. Id\u00e9ales pour les commandes en gros, elles am\u00e9liorent la valeur du produit tout en r\u00e9pondant aux besoins des marques de dattes, des fabricants de chocolats et des grossistes en bo\u00eetes-cadeaux sur les march\u00e9s mondiaux.<\/p>\n<h2>Points forts des bo\u00eetes \u00e0 couvercle et \u00e0 fond personnalis\u00e9s<\/h2>\n<ul>\n<li>Personnalisation<\/li>\n<li>Am\u00e9nagement int\u00e9rieur ax\u00e9 sur la gastronomie<\/li>\n<li>Mat\u00e9riaux \u00e9cologiques<\/li>\n<li>Finitions textur\u00e9es haut de gamme<\/li>\n<li>Impression sophistiqu\u00e9e<\/li>\n<li>Plusieurs tailles de bo\u00eetes<\/li>\n<li>Grande vari\u00e9t\u00e9 de couleurs<\/li>\n<li>Construction haut de gamme durable<\/li>\n<\/ul>","protected":false},"featured_media":3220,"comment_status":"closed","ping_status":"closed","template":"","meta":{"_acf_changed":false},"box-type":[55,57,61],"product_brand":[],"product_cat":[46,19,41,68,33,44],"product_tag":[],"class_list":{"0":"post-3219","1":"product","2":"type-product","3":"status-publish","4":"has-post-thumbnail","6":"box-type-custom-foldable-boxes","7":"box-type-custom-rigid-box-with-lid","8":"box-type-custom-two-piece-boxes","9":"product_cat-wholesale-paper-boxes","10":"product_cat-luxury-gift-boxes-wholesale","11":"product_cat-candy-gift-boxes-wholesale","12":"product_cat-custom-dates-box","13":"product_cat-food-packaging-boxes-wholesale","14":"product_cat-custom-snack-box","16":"first","17":"instock","18":"shipping-taxable","19":"product-type-simple"},"acf":[],"_links":{"self":[{"href":"https:\/\/www.yishengpack.com\/fr\/wp-json\/wp\/v2\/product\/3219","targetHints":{"allow":["GET"]}}],"collection":[{"href":"https:\/\/www.yishengpack.com\/fr\/wp-json\/wp\/v2\/product"}],"about":[{"href":"https:\/\/www.yishengpack.com\/fr\/wp-json\/wp\/v2\/types\/product"}],"replies":[{"embeddable":true,"href":"https:\/\/www.yishengpack.com\/fr\/wp-json\/wp\/v2\/comments?post=3219"}],"wp:featuredmedia":[{"embeddable":true,"href":"https:\/\/www.yishengpack.com\/fr\/wp-json\/wp\/v2\/media\/3220"}],"wp:attachment":[{"href":"https:\/\/www.yishengpack.com\/fr\/wp-json\/wp\/v2\/media?parent=3219"}],"wp:term":[{"taxonomy":"box-type","embeddable":true,"href":"https:\/\/www.yishengpack.com\/fr\/wp-json\/wp\/v2\/box-type?post=3219"},{"taxonomy":"product_brand","embeddable":true,"href":"https:\/\/www.yishengpack.com\/fr\/wp-json\/wp\/v2\/product_brand?post=3219"},{"taxonomy":"product_cat","embeddable":true,"href":"https:\/\/www.yishengpack.com\/fr\/wp-json\/wp\/v2\/product_cat?post=3219"},{"taxonomy":"product_tag","embeddable":true,"href":"https:\/\/www.yishengpack.com\/fr\/wp-json\/wp\/v2\/product_tag?post=3219"}],"curies":[{"name":"wp","href":"https:\/\/api.w.org\/{rel}","templated":true}]}}