{"id":3122,"date":"2025-12-13T03:01:46","date_gmt":"2025-12-13T03:01:46","guid":{"rendered":"https:\/\/www.yishengpack.com\/?post_type=product&#038;p=3122"},"modified":"2025-12-13T03:01:47","modified_gmt":"2025-12-13T03:01:47","slug":"wholesale-chocolate-boxes","status":"publish","type":"product","link":"https:\/\/www.yishengpack.com\/fr\/produit\/wholesale-chocolate-boxes\/","title":{"rendered":"Bo\u00eetes \u00e0 chocolat de qualit\u00e9 alimentaire avec fermeture magn\u00e9tique, vendues en gros"},"content":{"rendered":"<div class=\"wp-block-columns is-layout-flex wp-container-core-columns-is-layout-9d6595d7 wp-block-columns-is-layout-flex\">\n<div class=\"wp-block-column is-layout-flow wp-block-column-is-layout-flow\">\n<h3 class=\"wp-block-heading\">Caract\u00e9ristiques des bo\u00eetes cadeaux d'emballage de chocolat personnalis\u00e9es<\/h3>\n\n\n\n<p><strong>D\u00e9ballage du couvercle magn\u00e9tique :<\/strong> Ces bo\u00eetes de chocolat en gros utilisent une fermeture magn\u00e9tique cach\u00e9e pour s\u00e9curiser le couvercle, ce qui permet une ouverture douce et silencieuse qui donne l'impression d'\u00eatre de premi\u00e8re qualit\u00e9 - apportant une touche de luxe subtile au moment de la r\u00e9v\u00e9lation de la friandise.<\/p>\n\n\n\n<p><strong>Inserts alimentaires personnalisables : <\/strong>Ces bo\u00eetes de chocolat en gros sont dot\u00e9es de plateaux int\u00e9rieurs de qualit\u00e9 alimentaire sur mesure (dans diff\u00e9rentes formes\/tailles de compartiments) qui se glissent directement dans la bo\u00eete et permettent d'organiser, de prot\u00e9ger et de pr\u00e9senter vos chocolats ou vos confiseries de mani\u00e8re id\u00e9ale.<\/p>\n\n\n\n<p><strong>Options ext\u00e9rieures textur\u00e9es audacieuses :<\/strong> Ces bo\u00eetes de chocolat en gros pr\u00e9sentent de beaux motifs textur\u00e9s (tels que le marbre floconneux, le fil de fer barbel\u00e9), compl\u00e9t\u00e9s par une feuille de finition dor\u00e9e, ce qui donne \u00e0 l'emballage ext\u00e9rieur de la bo\u00eete un aspect tr\u00e8s luxueux et attrayant.<\/p>\n\n\n\n<p><strong>Taille polyvalente pour les assortiments de friandises :<\/strong> Les bo\u00eetes cadeaux personnalis\u00e9es \u00e0 fermeture magn\u00e9tique et \u00e0 structure rectangulaire spacieuse peuvent accueillir des chocolats de diff\u00e9rentes tailles (des truffes aux pralines) ou des assortiments de confiseries mixtes, s'adaptant ainsi \u00e0 divers besoins en mati\u00e8re de cadeaux.<\/p>\n\n\n\n<p><strong>Personnalisation int\u00e9gr\u00e9e \u00e0 la marque :<\/strong> L'ext\u00e9rieur (impression du logo, gaufrage) et les sacs en papier assortis (pour les cadeaux group\u00e9s) des bo\u00eetes cadeaux \u00e0 fermeture magn\u00e9tique personnalis\u00e9es peuvent \u00eatre adapt\u00e9s \u00e0 l'esth\u00e9tique de la marque, unifiant ainsi l'identit\u00e9 de l'emballage pour tous les produits.<\/p>\n<\/div>\n\n\n\n<div class=\"wp-block-column is-layout-flow wp-block-column-is-layout-flow\">\n<figure class=\"wp-block-image size-full\"><img decoding=\"async\" width=\"3024\" height=\"3024\" src=\"https:\/\/www.yishengpack.com\/wp-content\/uploads\/2025\/12\/Food-Grade-Custom-Logo-Chocolate-Packaging-Gift-Boxes-Luxury-Black-Chocolate-Boxes-Wholesale-2.webp\" alt=\"food-grade-wholesale-chocolate-boxes-with-magnetic-closure-2\" class=\"wp-image-3124\" srcset=\"https:\/\/www.yishengpack.com\/wp-content\/uploads\/2025\/12\/Food-Grade-Custom-Logo-Chocolate-Packaging-Gift-Boxes-Luxury-Black-Chocolate-Boxes-Wholesale-2.webp 3024w, https:\/\/www.yishengpack.com\/wp-content\/uploads\/2025\/12\/Food-Grade-Custom-Logo-Chocolate-Packaging-Gift-Boxes-Luxury-Black-Chocolate-Boxes-Wholesale-2-300x300.webp 300w, https:\/\/www.yishengpack.com\/wp-content\/uploads\/2025\/12\/Food-Grade-Custom-Logo-Chocolate-Packaging-Gift-Boxes-Luxury-Black-Chocolate-Boxes-Wholesale-2-150x150.webp 150w, https:\/\/www.yishengpack.com\/wp-content\/uploads\/2025\/12\/Food-Grade-Custom-Logo-Chocolate-Packaging-Gift-Boxes-Luxury-Black-Chocolate-Boxes-Wholesale-2-768x768.webp 768w, https:\/\/www.yishengpack.com\/wp-content\/uploads\/2025\/12\/Food-Grade-Custom-Logo-Chocolate-Packaging-Gift-Boxes-Luxury-Black-Chocolate-Boxes-Wholesale-2-12x12.webp 12w, https:\/\/www.yishengpack.com\/wp-content\/uploads\/2025\/12\/Food-Grade-Custom-Logo-Chocolate-Packaging-Gift-Boxes-Luxury-Black-Chocolate-Boxes-Wholesale-2-1200x1200.webp 1200w, https:\/\/www.yishengpack.com\/wp-content\/uploads\/2025\/12\/Food-Grade-Custom-Logo-Chocolate-Packaging-Gift-Boxes-Luxury-Black-Chocolate-Boxes-Wholesale-2-600x600.webp 600w, https:\/\/www.yishengpack.com\/wp-content\/uploads\/2025\/12\/Food-Grade-Custom-Logo-Chocolate-Packaging-Gift-Boxes-Luxury-Black-Chocolate-Boxes-Wholesale-2-100x100.webp 100w\" sizes=\"(max-width: 3024px) 100vw, 3024px\" \/><\/figure>\n<\/div>\n<\/div>\n\n\n\n<div class=\"wp-block-columns is-layout-flex wp-container-core-columns-is-layout-9d6595d7 wp-block-columns-is-layout-flex\">\n<div class=\"wp-block-column is-layout-flow wp-block-column-is-layout-flow\">\n<figure class=\"wp-block-image size-full\"><img decoding=\"async\" width=\"2048\" height=\"2048\" src=\"https:\/\/www.yishengpack.com\/wp-content\/uploads\/2025\/12\/Food-Grade-Custom-Logo-Chocolate-Packaging-Gift-Boxes-Luxury-Black-Chocolate-Boxes-Wholesale-7.webp\" alt=\"food-grade-wholesale-chocolate-boxes-with-magnetic-closure-7\" class=\"wp-image-3129\" srcset=\"https:\/\/www.yishengpack.com\/wp-content\/uploads\/2025\/12\/Food-Grade-Custom-Logo-Chocolate-Packaging-Gift-Boxes-Luxury-Black-Chocolate-Boxes-Wholesale-7.webp 2048w, https:\/\/www.yishengpack.com\/wp-content\/uploads\/2025\/12\/Food-Grade-Custom-Logo-Chocolate-Packaging-Gift-Boxes-Luxury-Black-Chocolate-Boxes-Wholesale-7-300x300.webp 300w, https:\/\/www.yishengpack.com\/wp-content\/uploads\/2025\/12\/Food-Grade-Custom-Logo-Chocolate-Packaging-Gift-Boxes-Luxury-Black-Chocolate-Boxes-Wholesale-7-150x150.webp 150w, https:\/\/www.yishengpack.com\/wp-content\/uploads\/2025\/12\/Food-Grade-Custom-Logo-Chocolate-Packaging-Gift-Boxes-Luxury-Black-Chocolate-Boxes-Wholesale-7-768x768.webp 768w, https:\/\/www.yishengpack.com\/wp-content\/uploads\/2025\/12\/Food-Grade-Custom-Logo-Chocolate-Packaging-Gift-Boxes-Luxury-Black-Chocolate-Boxes-Wholesale-7-12x12.webp 12w, https:\/\/www.yishengpack.com\/wp-content\/uploads\/2025\/12\/Food-Grade-Custom-Logo-Chocolate-Packaging-Gift-Boxes-Luxury-Black-Chocolate-Boxes-Wholesale-7-1200x1200.webp 1200w, https:\/\/www.yishengpack.com\/wp-content\/uploads\/2025\/12\/Food-Grade-Custom-Logo-Chocolate-Packaging-Gift-Boxes-Luxury-Black-Chocolate-Boxes-Wholesale-7-600x600.webp 600w, https:\/\/www.yishengpack.com\/wp-content\/uploads\/2025\/12\/Food-Grade-Custom-Logo-Chocolate-Packaging-Gift-Boxes-Luxury-Black-Chocolate-Boxes-Wholesale-7-100x100.webp 100w\" sizes=\"(max-width: 2048px) 100vw, 2048px\" \/><\/figure>\n\n\n\n<div class=\"wp-block-buttons has-custom-font-size has-small-font-size is-content-justification-center is-layout-flex wp-container-core-buttons-is-layout-16018d1d wp-block-buttons-is-layout-flex\">\n<div class=\"wp-block-button has-custom-width wp-block-button__width-75\"><a class=\"wp-block-button__link has-background has-small-font-size has-custom-font-size wp-element-button\" href=\"https:\/\/www.yishengpack.com\/fr\/custom-printed-box\/\" style=\"background:linear-gradient(135deg,rgb(254,205,165) 0%,rgb(254,45,45) 0%,rgb(94,15,15) 0%,rgb(94,15,15) 100%)\" target=\"_blank\" rel=\"noreferrer noopener\"><strong>D\u00e9couvrez les bo\u00eetes imprim\u00e9es personnalis\u00e9es<\/strong><\/a><\/div>\n<\/div>\n<\/div>\n\n\n\n<div class=\"wp-block-column is-layout-flow wp-block-column-is-layout-flow\">\n<figure class=\"wp-block-image size-full\"><img decoding=\"async\" width=\"2048\" height=\"2048\" src=\"https:\/\/www.yishengpack.com\/wp-content\/uploads\/2025\/12\/Food-Grade-Custom-Logo-Chocolate-Packaging-Gift-Boxes-Luxury-Black-Chocolate-Boxes-Wholesale-5.webp\" alt=\"food-grade-wholesale-chocolate-boxes-with-magnetic-closure-5\" class=\"wp-image-3127\" srcset=\"https:\/\/www.yishengpack.com\/wp-content\/uploads\/2025\/12\/Food-Grade-Custom-Logo-Chocolate-Packaging-Gift-Boxes-Luxury-Black-Chocolate-Boxes-Wholesale-5.webp 2048w, https:\/\/www.yishengpack.com\/wp-content\/uploads\/2025\/12\/Food-Grade-Custom-Logo-Chocolate-Packaging-Gift-Boxes-Luxury-Black-Chocolate-Boxes-Wholesale-5-300x300.webp 300w, https:\/\/www.yishengpack.com\/wp-content\/uploads\/2025\/12\/Food-Grade-Custom-Logo-Chocolate-Packaging-Gift-Boxes-Luxury-Black-Chocolate-Boxes-Wholesale-5-150x150.webp 150w, https:\/\/www.yishengpack.com\/wp-content\/uploads\/2025\/12\/Food-Grade-Custom-Logo-Chocolate-Packaging-Gift-Boxes-Luxury-Black-Chocolate-Boxes-Wholesale-5-768x768.webp 768w, https:\/\/www.yishengpack.com\/wp-content\/uploads\/2025\/12\/Food-Grade-Custom-Logo-Chocolate-Packaging-Gift-Boxes-Luxury-Black-Chocolate-Boxes-Wholesale-5-12x12.webp 12w, https:\/\/www.yishengpack.com\/wp-content\/uploads\/2025\/12\/Food-Grade-Custom-Logo-Chocolate-Packaging-Gift-Boxes-Luxury-Black-Chocolate-Boxes-Wholesale-5-1200x1200.webp 1200w, https:\/\/www.yishengpack.com\/wp-content\/uploads\/2025\/12\/Food-Grade-Custom-Logo-Chocolate-Packaging-Gift-Boxes-Luxury-Black-Chocolate-Boxes-Wholesale-5-600x600.webp 600w, https:\/\/www.yishengpack.com\/wp-content\/uploads\/2025\/12\/Food-Grade-Custom-Logo-Chocolate-Packaging-Gift-Boxes-Luxury-Black-Chocolate-Boxes-Wholesale-5-100x100.webp 100w\" sizes=\"(max-width: 2048px) 100vw, 2048px\" \/><\/figure>\n\n\n\n<div class=\"wp-block-buttons has-custom-font-size has-small-font-size is-content-justification-center is-layout-flex wp-container-core-buttons-is-layout-16018d1d wp-block-buttons-is-layout-flex\">\n<div class=\"wp-block-button has-custom-width wp-block-button__width-75\"><a class=\"wp-block-button__link has-background has-small-font-size has-custom-font-size wp-element-button\" href=\"https:\/\/www.yishengpack.com\/fr\/custom-box-inserts-accessories\/\" style=\"background:linear-gradient(135deg,rgb(254,205,165) 0%,rgb(254,45,45) 0%,rgb(94,15,15) 0%,rgb(94,15,15) 100%)\" target=\"_blank\" rel=\"noreferrer noopener\"><strong>D\u00e9couvrez les encarts personnalis\u00e9s<\/strong><\/a><\/div>\n<\/div>\n<\/div>\n<\/div>","protected":false},"excerpt":{"rendered":"<p>Nous vous invitons \u00e0 acheter nos bo\u00eetes \u00e0 chocolat en gros, dot\u00e9es d'une finition noire mate, d'accents d\u00e9coratifs raffin\u00e9s comme des d\u00e9tails dor\u00e9s et d'int\u00e9rieurs spacieux et polyvalents, parfaites pour contenir des chocolats de qualit\u00e9 sup\u00e9rieure, des truffes aux confiseries envelopp\u00e9es de papier d'aluminium, en tant qu'\u00e9l\u00e9gants coffrets cadeaux ou pr\u00e9sentoirs de vente au d\u00e9tail. La personnalisation OEM\/ODM permet de r\u00e9pondre aux besoins sp\u00e9cifiques des propri\u00e9taires de marques et des usines.<\/p>\n<h2>Points forts des bo\u00eetes de chocolat en gros<\/h2>\n<ul>\n<li>Conception de fermeture magn\u00e9tique<\/li>\n<li>Compatibilit\u00e9 avec le chocolat<\/li>\n<li>Personnalisation<\/li>\n<li>Mat\u00e9riaux \u00e9cologiques<\/li>\n<li>Des proc\u00e9d\u00e9s d'impression riches<\/li>\n<li>Plusieurs tailles de bo\u00eetes<\/li>\n<li>Diverses options de couleurs<\/li>\n<li>Ensemble de sacs cadeaux assortis<\/li>\n<\/ul>","protected":false},"featured_media":3123,"comment_status":"closed","ping_status":"closed","template":"","meta":{"_acf_changed":false},"box-type":[54,57],"product_brand":[],"product_cat":[46,19,41,68,33,44],"product_tag":[],"class_list":{"0":"post-3122","1":"product","2":"type-product","3":"status-publish","4":"has-post-thumbnail","6":"box-type-custom-magnetic-closure-boxes","7":"box-type-custom-rigid-box-with-lid","8":"product_cat-wholesale-paper-boxes","9":"product_cat-luxury-gift-boxes-wholesale","10":"product_cat-candy-gift-boxes-wholesale","11":"product_cat-custom-dates-box","12":"product_cat-food-packaging-boxes-wholesale","13":"product_cat-custom-snack-box","15":"first","16":"instock","17":"shipping-taxable","18":"product-type-simple"},"acf":[],"_links":{"self":[{"href":"https:\/\/www.yishengpack.com\/fr\/wp-json\/wp\/v2\/product\/3122","targetHints":{"allow":["GET"]}}],"collection":[{"href":"https:\/\/www.yishengpack.com\/fr\/wp-json\/wp\/v2\/product"}],"about":[{"href":"https:\/\/www.yishengpack.com\/fr\/wp-json\/wp\/v2\/types\/product"}],"replies":[{"embeddable":true,"href":"https:\/\/www.yishengpack.com\/fr\/wp-json\/wp\/v2\/comments?post=3122"}],"wp:featuredmedia":[{"embeddable":true,"href":"https:\/\/www.yishengpack.com\/fr\/wp-json\/wp\/v2\/media\/3123"}],"wp:attachment":[{"href":"https:\/\/www.yishengpack.com\/fr\/wp-json\/wp\/v2\/media?parent=3122"}],"wp:term":[{"taxonomy":"box-type","embeddable":true,"href":"https:\/\/www.yishengpack.com\/fr\/wp-json\/wp\/v2\/box-type?post=3122"},{"taxonomy":"product_brand","embeddable":true,"href":"https:\/\/www.yishengpack.com\/fr\/wp-json\/wp\/v2\/product_brand?post=3122"},{"taxonomy":"product_cat","embeddable":true,"href":"https:\/\/www.yishengpack.com\/fr\/wp-json\/wp\/v2\/product_cat?post=3122"},{"taxonomy":"product_tag","embeddable":true,"href":"https:\/\/www.yishengpack.com\/fr\/wp-json\/wp\/v2\/product_tag?post=3122"}],"curies":[{"name":"wp","href":"https:\/\/api.w.org\/{rel}","templated":true}]}}